{"id":166,"date":"2021-05-10T15:32:15","date_gmt":"2021-05-10T13:32:15","guid":{"rendered":"https:\/\/eleves.escl.fr\/wp\/recettes\/?page_id=166"},"modified":"2021-05-26T09:42:44","modified_gmt":"2021-05-26T07:42:44","slug":"aperitifs","status":"publish","type":"page","link":"https:\/\/eleves.escl.fr\/wp\/recettes\/aperitifs\/","title":{"rendered":"Ap\u00e9ritifs"},"content":{"rendered":"<p style=\"text-align: center\"><a href=\"https:\/\/eleves.escl.fr\/wp\/recettes\/aperitifs\/cake-au-jambon\/\">Cake au jambon<\/a><\/p>\n<p style=\"text-align: center\"><a href=\"https:\/\/eleves.escl.fr\/wp\/recettes\/aperitifs\/croissants-aperitifs-facon-pizza\/\">Croissants ap\u00e9ritifs fa\u00e7on pizza<\/a><\/p>\n<p style=\"text-align: center\"><a href=\"https:\/\/eleves.escl.fr\/wp\/recettes\/aperitifs\/croquettes-de-poulet-au-fromage\/\">Croquettes de poulet au fromage<\/a><\/p>\n<p style=\"text-align: center\"><a href=\"https:\/\/eleves.escl.fr\/wp\/recettes\/aperitifs\/cookies-poivrons\/\">Cookies poivrons<\/a><\/p>\n<p style=\"text-align: center\"><a href=\"https:\/\/eleves.escl.fr\/wp\/recettes\/aperitifs\/feuilletes-saucisses\/\">Feuillet\u00e9 saucisses<\/a><\/p>\n<p style=\"text-align: center\"><a href=\"https:\/\/eleves.escl.fr\/wp\/recettes\/aperitifs\/petites-tomates-damour-pour-laperitif\/\">Petites tomates d&rsquo;amour<\/a><\/p>\n<p style=\"text-align: center\"><a href=\"https:\/\/eleves.escl.fr\/wp\/recettes\/toasts-saumon-fume-mascarpone\/\">Toasts saumon fum\u00e9, mascarpone<\/a><\/p>\n<p style=\"text-align: center\"><a href=\"https:\/\/eleves.escl.fr\/wp\/recettes\/aperitifs\/baguette-farcie\/\">Baguette farcie<\/a><\/p>\n<p style=\"text-align: center\"><a href=\"https:\/\/eleves.escl.fr\/wp\/recettes\/roules-feuilletes-au-saumon-fume\/\">Roul\u00e9s feuillet\u00e9s au saumon fum\u00e9<\/a><\/p>\n<p style=\"text-align: center\"><a href=\"https:\/\/eleves.escl.fr\/wp\/recettes\/aperitifs\/escargots-feuilletes-au-pesto-et-jambon-fume\/\">Escargots feuillet\u00e9s au pesto et jambon fum\u00e9<\/a><\/p>\n<p style=\"text-align: center\"><a href=\"https:\/\/eleves.escl.fr\/wp\/recettes\/aperitifs\/tzatziki\/\">Tzatziki<\/a><\/p>\n<p style=\"text-align: center\"><a href=\"https:\/\/eleves.escl.fr\/wp\/recettes\/aperitifs\/beignets-de-courgettes-faciles\/\">Beignets de courgettes faciles<\/a><\/p>\n<p style=\"text-align: center\"><a href=\"https:\/\/eleves.escl.fr\/wp\/recettes\/aperitifs\/madeleine-au-camembert\/\">Madeleine au camembert<\/a><\/p>\n<p style=\"text-align: center\"><a href=\"https:\/\/eleves.escl.fr\/wp\/recettes\/aperitifs\/mini-bouchees-au-thon-et-a-la-moutarde\/\">Mini bouch\u00e9es au thon et \u00e0 la moutarde<\/a><\/p>\n<p style=\"text-align: center\"><a href=\"https:\/\/eleves.escl.fr\/wp\/recettes\/verrine-de-crabe-et-dagrumes-meli-melo\/\">Verrine de crabe et d&rsquo;agrumes m\u00e9li m\u00e9lo<\/a><\/p>\n","protected":false},"excerpt":{"rendered":"<p>Cake au jambon Croissants ap\u00e9ritifs fa\u00e7on pizza Croquettes de poulet au fromage Cookies poivrons Feuillet\u00e9 saucisses Petites tomates d&rsquo;amour Toasts saumon fum\u00e9, mascarpone Baguette farcie Roul\u00e9s feuillet\u00e9s au saumon fum\u00e9 Escargots feuillet\u00e9s au pesto et jambon fum\u00e9 Tzatziki Beignets de courgettes faciles Madeleine au camembert Mini bouch\u00e9es au thon et \u00e0 la moutarde Verrine de &hellip; <\/p>\n","protected":false},"author":43,"featured_media":0,"parent":0,"menu_order":0,"comment_status":"closed","ping_status":"closed","template":"","meta":{"footnotes":""},"class_list":["post-166","page","type-page","status-publish","hentry"],"_links":{"self":[{"href":"https:\/\/eleves.escl.fr\/wp\/recettes\/wp-json\/wp\/v2\/pages\/166","targetHints":{"allow":["GET"]}}],"collection":[{"href":"https:\/\/eleves.escl.fr\/wp\/recettes\/wp-json\/wp\/v2\/pages"}],"about":[{"href":"https:\/\/eleves.escl.fr\/wp\/recettes\/wp-json\/wp\/v2\/types\/page"}],"author":[{"embeddable":true,"href":"https:\/\/eleves.escl.fr\/wp\/recettes\/wp-json\/wp\/v2\/users\/43"}],"replies":[{"embeddable":true,"href":"https:\/\/eleves.escl.fr\/wp\/recettes\/wp-json\/wp\/v2\/comments?post=166"}],"version-history":[{"count":20,"href":"https:\/\/eleves.escl.fr\/wp\/recettes\/wp-json\/wp\/v2\/pages\/166\/revisions"}],"predecessor-version":[{"id":1017,"href":"https:\/\/eleves.escl.fr\/wp\/recettes\/wp-json\/wp\/v2\/pages\/166\/revisions\/1017"}],"wp:attachment":[{"href":"https:\/\/eleves.escl.fr\/wp\/recettes\/wp-json\/wp\/v2\/media?parent=166"}],"curies":[{"name":"wp","href":"https:\/\/api.w.org\/{rel}","templated":true}]}}