{"id":37,"date":"2021-05-05T09:04:32","date_gmt":"2021-05-05T07:04:32","guid":{"rendered":"https:\/\/eleves.escl.fr\/wp\/recettes\/?page_id=37"},"modified":"2021-05-26T20:47:23","modified_gmt":"2021-05-26T18:47:23","slug":"accueil","status":"publish","type":"page","link":"https:\/\/eleves.escl.fr\/wp\/recettes\/","title":{"rendered":"Accueil"},"content":{"rendered":"<p style=\"text-align: center\"><strong>Bienvenue<\/strong> sur notre site! Nous sommes 3 \u00e9tudiantes qui adorons la cuisine donc nous avons d\u00e9cid\u00e9s de r\u00e9pertorier pleins d&rsquo;id\u00e9es de<strong> recettes faciles et rapides<\/strong> \u00e0 faire. Vous pouvez trouver de tout! Sucr\u00e9, sal\u00e9, sain, v\u00e9g\u00e9tarien, v\u00e9gan, etc&#8230; Munissez vous de vos ustensiles et <strong>C&rsquo;EST PARTI !<\/strong><\/p>\n<p><img fetchpriority=\"high\" decoding=\"async\" class=\" wp-image-1023 aligncenter\" src=\"https:\/\/eleves.escl.fr\/wp\/recettes\/wp-content\/uploads\/sites\/21\/2021\/05\/tenor.gif\" alt=\"\" width=\"637\" height=\"358\" \/><\/p>\n<p style=\"text-align: center\">\n<p>&nbsp;<\/p>\n<p>&nbsp;<\/p>\n<p>&nbsp;<\/p>\n","protected":false},"excerpt":{"rendered":"<p>Bienvenue sur notre site! Nous sommes 3 \u00e9tudiantes qui adorons la cuisine donc nous avons d\u00e9cid\u00e9s de r\u00e9pertorier pleins d&rsquo;id\u00e9es de recettes faciles et rapides \u00e0 faire. Vous pouvez trouver de tout! Sucr\u00e9, sal\u00e9, sain, v\u00e9g\u00e9tarien, v\u00e9gan, etc&#8230; Munissez vous de vos ustensiles et C&rsquo;EST PARTI ! &nbsp; &nbsp; &nbsp;<\/p>\n","protected":false},"author":49,"featured_media":0,"parent":0,"menu_order":0,"comment_status":"closed","ping_status":"closed","template":"","meta":{"footnotes":""},"class_list":["post-37","page","type-page","status-publish","hentry"],"_links":{"self":[{"href":"https:\/\/eleves.escl.fr\/wp\/recettes\/wp-json\/wp\/v2\/pages\/37","targetHints":{"allow":["GET"]}}],"collection":[{"href":"https:\/\/eleves.escl.fr\/wp\/recettes\/wp-json\/wp\/v2\/pages"}],"about":[{"href":"https:\/\/eleves.escl.fr\/wp\/recettes\/wp-json\/wp\/v2\/types\/page"}],"author":[{"embeddable":true,"href":"https:\/\/eleves.escl.fr\/wp\/recettes\/wp-json\/wp\/v2\/users\/49"}],"replies":[{"embeddable":true,"href":"https:\/\/eleves.escl.fr\/wp\/recettes\/wp-json\/wp\/v2\/comments?post=37"}],"version-history":[{"count":27,"href":"https:\/\/eleves.escl.fr\/wp\/recettes\/wp-json\/wp\/v2\/pages\/37\/revisions"}],"predecessor-version":[{"id":1067,"href":"https:\/\/eleves.escl.fr\/wp\/recettes\/wp-json\/wp\/v2\/pages\/37\/revisions\/1067"}],"wp:attachment":[{"href":"https:\/\/eleves.escl.fr\/wp\/recettes\/wp-json\/wp\/v2\/media?parent=37"}],"curies":[{"name":"wp","href":"https:\/\/api.w.org\/{rel}","templated":true}]}}