{"id":534,"date":"2021-05-21T13:44:24","date_gmt":"2021-05-21T11:44:24","guid":{"rendered":"https:\/\/eleves.escl.fr\/wp\/recettes\/?page_id=534"},"modified":"2021-05-26T08:21:06","modified_gmt":"2021-05-26T06:21:06","slug":"pizza-au-saumon-et-boursin","status":"publish","type":"page","link":"https:\/\/eleves.escl.fr\/wp\/recettes\/recettes-salees\/plats\/pizza-au-saumon-et-boursin\/","title":{"rendered":"Pizza au saumon et Boursin"},"content":{"rendered":"<h4>Une pizza fine au saumon et boursin.<\/h4>\n<p><img fetchpriority=\"high\" decoding=\"async\" class=\"aligncenter\" src=\"https:\/\/img.cuisineaz.com\/660x660\/2019-11-08\/i150866-pizza-au-saumon-fume-et-boursin.jpeg\" alt=\"Recette Pizza au saumon fum\u00e9 et Boursin\" width=\"963\" height=\"963\" \/><\/p>\n<h5>Pour 4 personnes<\/h5>\n<hr \/>\n<ul class=\"grid\">\n<li class=\"is-6 recipe-ingredients-item\" data-id=\"1525\"><span class=\"recipe-ingredients-item-label\">P\u00e2te \u00e0 pizza<\/span><\/li>\n<li class=\"is-6 recipe-ingredients-item\" data-id=\"967\"><span class=\"recipe-ingredients-item-label\">2 boursin<\/span><\/li>\n<li class=\"is-6 recipe-ingredients-item\" data-id=\"668\"><span class=\"recipe-ingredients-item-label\">4 tranches de saumon fum\u00e9<\/span><\/li>\n<li class=\"is-6 recipe-ingredients-item\" data-id=\"31\"><span class=\"recipe-ingredients-item-label\">1 citron press\u00e9<\/span><\/li>\n<li class=\"is-6 recipe-ingredients-item\" data-id=\"2511\"><span class=\"recipe-ingredients-item-label\">6 c. \u00e0 s. de cr\u00e8me fra\u00eeche \u00e9paisse enti\u00e8re<\/span><\/li>\n<li class=\"is-6 recipe-ingredients-item\" data-id=\"671\"><span class=\"recipe-ingredients-item-label\">Sel ou sel fin<\/span><\/li>\n<li class=\"is-6 recipe-ingredients-item\" data-id=\"72\"><span class=\"recipe-ingredients-item-label\">Poivre<\/span><\/li>\n<\/ul>\n<h6 style=\"text-align: center\"><img decoding=\"async\" class=\"aligncenter\" src=\"https:\/\/image.flaticon.com\/icons\/png\/512\/651\/651070.png\" alt=\"Cooking time - Free food and restaurant icons\" width=\"45\" height=\"45\" \/>pr\u00e9paration 5 min &#8211; cuisson 10 min<\/h6>\n<h5><strong>Etape 1-<\/strong><\/h5>\n<p>Faire une pr\u00e9paration cr\u00e8me fraiche + 3\/4 d&rsquo;un boursin, sel et poivre et le demi citron presser, melanger.<\/p>\n<h5><strong>Etape 2-<\/strong><\/h5>\n<p>Etaler celle-ci sur la p\u00e2te\u00a0\u00e0 pizza, ensuite couper des tranches de saumon et possitionner les sur la preparation cr\u00e8me fra\u00eeche\/boursin. Pour finir mettre quelques morceux de boursin sur le saumon puis enfourner la pizza 10 min a 200\u00b0C.<\/p>\n","protected":false},"excerpt":{"rendered":"<p>Une pizza fine au saumon et boursin. Pour 4 personnes P\u00e2te \u00e0 pizza 2 boursin 4 tranches de saumon fum\u00e9 1 citron press\u00e9 6 c. \u00e0 s. de cr\u00e8me fra\u00eeche \u00e9paisse enti\u00e8re Sel ou sel fin Poivre pr\u00e9paration 5 min &#8211; cuisson 10 min Etape 1- Faire une pr\u00e9paration cr\u00e8me fraiche + 3\/4 d&rsquo;un boursin, &hellip; <\/p>\n","protected":false},"author":49,"featured_media":0,"parent":907,"menu_order":0,"comment_status":"closed","ping_status":"closed","template":"","meta":{"footnotes":""},"class_list":["post-534","page","type-page","status-publish","hentry"],"_links":{"self":[{"href":"https:\/\/eleves.escl.fr\/wp\/recettes\/wp-json\/wp\/v2\/pages\/534","targetHints":{"allow":["GET"]}}],"collection":[{"href":"https:\/\/eleves.escl.fr\/wp\/recettes\/wp-json\/wp\/v2\/pages"}],"about":[{"href":"https:\/\/eleves.escl.fr\/wp\/recettes\/wp-json\/wp\/v2\/types\/page"}],"author":[{"embeddable":true,"href":"https:\/\/eleves.escl.fr\/wp\/recettes\/wp-json\/wp\/v2\/users\/49"}],"replies":[{"embeddable":true,"href":"https:\/\/eleves.escl.fr\/wp\/recettes\/wp-json\/wp\/v2\/comments?post=534"}],"version-history":[{"count":5,"href":"https:\/\/eleves.escl.fr\/wp\/recettes\/wp-json\/wp\/v2\/pages\/534\/revisions"}],"predecessor-version":[{"id":806,"href":"https:\/\/eleves.escl.fr\/wp\/recettes\/wp-json\/wp\/v2\/pages\/534\/revisions\/806"}],"up":[{"embeddable":true,"href":"https:\/\/eleves.escl.fr\/wp\/recettes\/wp-json\/wp\/v2\/pages\/907"}],"wp:attachment":[{"href":"https:\/\/eleves.escl.fr\/wp\/recettes\/wp-json\/wp\/v2\/media?parent=534"}],"curies":[{"name":"wp","href":"https:\/\/api.w.org\/{rel}","templated":true}]}}