{"id":671,"date":"2021-05-22T11:39:21","date_gmt":"2021-05-22T09:39:21","guid":{"rendered":"https:\/\/eleves.escl.fr\/wp\/recettes\/?page_id=671"},"modified":"2021-05-26T20:07:39","modified_gmt":"2021-05-26T18:07:39","slug":"mini-bouchees-au-thon-et-a-la-moutarde","status":"publish","type":"page","link":"https:\/\/eleves.escl.fr\/wp\/recettes\/aperitifs\/mini-bouchees-au-thon-et-a-la-moutarde\/","title":{"rendered":"Mini bouch\u00e9es au thon et \u00e0 la moutarde"},"content":{"rendered":"<h4>Des petites bouch\u00e9es l\u00e9g\u00e8res au thon relev\u00e9 par la moutarde et la ciboulette. Parfait pour l&rsquo;ap\u00e9ritif.<\/h4>\n<h4><a href=\"https:\/\/www.750g.com\/mini-bouchees-au-thon-et-a-la-moutarde-r95762.htm\" target=\"_blank\" rel=\"noopener\"><img fetchpriority=\"high\" decoding=\"async\" class=\"aligncenter\" src=\"https:\/\/www.cookomix.com\/wp-content\/uploads\/2016\/07\/bouchees-au-thon-thermomix.jpg\" alt=\"Bouch\u00e9es au thon au Thermomix - Cookomix\" width=\"900\" height=\"600\" \/><\/a><\/h4>\n<h5>Pour 6 personnes<\/h5>\n<hr \/>\n<ul class=\"grid\">\n<li class=\"is-6 recipe-ingredients-item\" data-id=\"176\"><span class=\"recipe-ingredients-item-label\">3 oeufs<\/span><\/li>\n<li class=\"is-6 recipe-ingredients-item\" data-id=\"312\"><span class=\"recipe-ingredients-item-label\">140 g de thon<\/span><\/li>\n<li class=\"is-6 recipe-ingredients-item\" data-id=\"143\"><span class=\"recipe-ingredients-item-label\">2 c. \u00e0 s. de moutarde<\/span><\/li>\n<li class=\"is-6 recipe-ingredients-item\" data-id=\"41\"><span class=\"recipe-ingredients-item-label\">1 c. \u00e0 s. de fromage blanc<\/span><\/li>\n<li class=\"is-6 recipe-ingredients-item\" data-id=\"44\"><span class=\"recipe-ingredients-item-label\">Ciboulette<\/span><\/li>\n<li class=\"is-6 recipe-ingredients-item\" data-id=\"671\"><span class=\"recipe-ingredients-item-label\">Sel ou sel fin<\/span><\/li>\n<li class=\"is-6 recipe-ingredients-item\" data-id=\"72\"><span class=\"recipe-ingredients-item-label\">Poivre<\/span><\/li>\n<\/ul>\n<h6 style=\"text-align: center\"><img decoding=\"async\" class=\"aligncenter\" src=\"https:\/\/image.flaticon.com\/icons\/png\/512\/651\/651070.png\" alt=\"Cooking time - Free food and restaurant icons\" width=\"45\" height=\"45\" \/>pr\u00e9paration 5 min &#8211; cuisson 30 min<\/h6>\n<h5><strong>Etape 1-<\/strong><\/h5>\n<p>Pr\u00e9chauffez votre four \u00e0 210\u00b0C (thermostat 7).<\/p>\n<h5><strong>Etape 2-<\/strong><\/h5>\n<p>Dans un saladier, \u00e9miettez le thon puis ajoutez tous les autres ingr\u00e9dients. M\u00e9langez bien.<\/p>\n<h5><strong>Etape 3-<\/strong><\/h5>\n<p>D\u00e9posez dans des petits moules \u00e0 cakes, muffin ou autres et enfournez pendant 30 minutes, \u00e0 180\u00b0C. D\u00e9gustez froid.<\/p>\n","protected":false},"excerpt":{"rendered":"<p>Des petites bouch\u00e9es l\u00e9g\u00e8res au thon relev\u00e9 par la moutarde et la ciboulette. Parfait pour l&rsquo;ap\u00e9ritif. Pour 6 personnes 3 oeufs 140 g de thon 2 c. \u00e0 s. de moutarde 1 c. \u00e0 s. de fromage blanc Ciboulette Sel ou sel fin Poivre pr\u00e9paration 5 min &#8211; cuisson 30 min Etape 1- Pr\u00e9chauffez votre &hellip; <\/p>\n","protected":false},"author":49,"featured_media":0,"parent":166,"menu_order":0,"comment_status":"closed","ping_status":"closed","template":"","meta":{"footnotes":""},"class_list":["post-671","page","type-page","status-publish","hentry"],"_links":{"self":[{"href":"https:\/\/eleves.escl.fr\/wp\/recettes\/wp-json\/wp\/v2\/pages\/671","targetHints":{"allow":["GET"]}}],"collection":[{"href":"https:\/\/eleves.escl.fr\/wp\/recettes\/wp-json\/wp\/v2\/pages"}],"about":[{"href":"https:\/\/eleves.escl.fr\/wp\/recettes\/wp-json\/wp\/v2\/types\/page"}],"author":[{"embeddable":true,"href":"https:\/\/eleves.escl.fr\/wp\/recettes\/wp-json\/wp\/v2\/users\/49"}],"replies":[{"embeddable":true,"href":"https:\/\/eleves.escl.fr\/wp\/recettes\/wp-json\/wp\/v2\/comments?post=671"}],"version-history":[{"count":5,"href":"https:\/\/eleves.escl.fr\/wp\/recettes\/wp-json\/wp\/v2\/pages\/671\/revisions"}],"predecessor-version":[{"id":1056,"href":"https:\/\/eleves.escl.fr\/wp\/recettes\/wp-json\/wp\/v2\/pages\/671\/revisions\/1056"}],"up":[{"embeddable":true,"href":"https:\/\/eleves.escl.fr\/wp\/recettes\/wp-json\/wp\/v2\/pages\/166"}],"wp:attachment":[{"href":"https:\/\/eleves.escl.fr\/wp\/recettes\/wp-json\/wp\/v2\/media?parent=671"}],"curies":[{"name":"wp","href":"https:\/\/api.w.org\/{rel}","templated":true}]}}