{"id":798,"date":"2021-05-25T17:03:13","date_gmt":"2021-05-25T15:03:13","guid":{"rendered":"https:\/\/eleves.escl.fr\/wp\/recettes\/?page_id=798"},"modified":"2021-05-26T08:18:29","modified_gmt":"2021-05-26T06:18:29","slug":"hot-dog","status":"publish","type":"page","link":"https:\/\/eleves.escl.fr\/wp\/recettes\/recettes-salees\/plats\/hot-dog\/","title":{"rendered":"Hot dog"},"content":{"rendered":"<h4>Hot dog facile et d\u00e9licieux avec un pain moelleux, c&rsquo;est exceptionnel !<\/h4>\n<h4><img fetchpriority=\"high\" decoding=\"async\" class=\"aligncenter\" src=\"https:\/\/img-3.journaldesfemmes.fr\/0gcKnGFFZvGGfNoDQyzfOHndu2I=\/750x\/smart\/7f89fdbac0064efd89ffefe57963f5e4\/recipe-jdf\/10027650.jpg\" alt=\"Recette de Hot dog facile\" width=\"932\" height=\"621\" \/><\/h4>\n<h5>Pour 8 personnes<\/h5>\n<hr \/>\n<ul class=\"grid\">\n<li class=\"is-6 recipe-ingredients-item\" data-id=\"1305\"><span class=\"recipe-ingredients-item-label\">500 g de farine de bl\u00e9 blanche (T55)<\/span><\/li>\n<li class=\"is-6 recipe-ingredients-item\" data-id=\"1256\"><span class=\"recipe-ingredients-item-label\">8 saucisses de Strasbourg<\/span><\/li>\n<li class=\"is-6 recipe-ingredients-item\" data-id=\"34\"><span class=\"recipe-ingredients-item-label\">15 cl de lait<\/span><\/li>\n<li class=\"is-6 recipe-ingredients-item\" data-id=\"63\"><span class=\"recipe-ingredients-item-label\">30 g de beurre en petits morceaux<\/span><\/li>\n<li class=\"is-6 recipe-ingredients-item\" data-id=\"1154\"><span class=\"recipe-ingredients-item-label\">1 jaune d&rsquo;oeuf<\/span><\/li>\n<li class=\"is-6 recipe-ingredients-item\" data-id=\"1524\"><span class=\"recipe-ingredients-item-label\">Gruy\u00e8re r\u00e2p\u00e9<\/span><\/li>\n<li class=\"is-6 recipe-ingredients-item\" data-id=\"1303\"><span class=\"recipe-ingredients-item-label\">1,5 c. \u00e0 c. de levure de boulanger<\/span><\/li>\n<li class=\"is-6 recipe-ingredients-item\" data-id=\"36\"><span class=\"recipe-ingredients-item-label\">1 c. \u00e0 s. de sucre<\/span><\/li>\n<li class=\"is-6 recipe-ingredients-item\" data-id=\"479\"><span class=\"recipe-ingredients-item-label\">15 cl d&rsquo;eau<\/span><\/li>\n<li class=\"is-6 recipe-ingredients-item\" data-id=\"176\"><span class=\"recipe-ingredients-item-label\">1 oeuf<\/span><\/li>\n<li class=\"is-6 recipe-ingredients-item\" data-id=\"671\"><span class=\"recipe-ingredients-item-label\">1,5 c. \u00e0 c. de sel ou sel fin<\/span><\/li>\n<li class=\"is-6 recipe-ingredients-item\" data-id=\"543\"><span class=\"recipe-ingredients-item-label\">Ketchup<\/span><\/li>\n<li class=\"is-6 recipe-ingredients-item\" data-id=\"143\"><span class=\"recipe-ingredients-item-label\">Moutarde<\/span><\/li>\n<\/ul>\n<h6 style=\"text-align: center\"><img decoding=\"async\" class=\"aligncenter\" src=\"https:\/\/image.flaticon.com\/icons\/png\/512\/651\/651070.png\" alt=\"Cooking time - Free food and restaurant icons\" width=\"36\" height=\"36\" \/>pr\u00e9paration 15 min &#8211; cuisson 30 min &#8211; attente 1h<\/h6>\n<h5><strong>Etape 1-<\/strong><\/h5>\n<p>Mettre tous les ingr\u00e9dients de la p\u00e2te dans la machine \u00e0 pain, les liquides en premier et le sel pour finir.<br \/>\nLancer le programme p\u00e2te.<\/p>\n<h5><strong>Etape 2-<\/strong><\/h5>\n<p>A la fin du programme, sortir le p\u00e2ton et l&rsquo;\u00e9taler (n&rsquo;\u00e9crasez pas trop la p\u00e2te).<br \/>\nLe couper en 8 rectangles.<\/p>\n<h5><strong>Etape 3-<\/strong><\/h5>\n<p>Badigeonner ces rectangles de moutarde et les rouler afin de leur donner la forme du hotdog.<\/p>\n<h5><strong>Etape 4-<\/strong><\/h5>\n<p>Laisser lever \u00e0 couvert une bonne heure.<\/p>\n<h5><strong>Etape 5-<\/strong><\/h5>\n<p>Badigeonner chaque hotdog de jaune d&rsquo;oeuf \u00e0 l&rsquo;aide d&rsquo;un pinceau et d\u00e9poser du gruy\u00e8re r\u00e2p\u00e9 sur le dessus.<\/p>\n<h5><strong>Etape 6-<\/strong><\/h5>\n<p>Enfourner dans un four pr\u00e9chauff\u00e9 \u00e0 200 degr\u00e9s pour une demie heure.<\/p>\n","protected":false},"excerpt":{"rendered":"<p>Hot dog facile et d\u00e9licieux avec un pain moelleux, c&rsquo;est exceptionnel ! Pour 8 personnes 500 g de farine de bl\u00e9 blanche (T55) 8 saucisses de Strasbourg 15 cl de lait 30 g de beurre en petits morceaux 1 jaune d&rsquo;oeuf Gruy\u00e8re r\u00e2p\u00e9 1,5 c. \u00e0 c. de levure de boulanger 1 c. \u00e0 s. &hellip; <\/p>\n","protected":false},"author":49,"featured_media":0,"parent":907,"menu_order":0,"comment_status":"closed","ping_status":"closed","template":"","meta":{"footnotes":""},"class_list":["post-798","page","type-page","status-publish","hentry"],"_links":{"self":[{"href":"https:\/\/eleves.escl.fr\/wp\/recettes\/wp-json\/wp\/v2\/pages\/798","targetHints":{"allow":["GET"]}}],"collection":[{"href":"https:\/\/eleves.escl.fr\/wp\/recettes\/wp-json\/wp\/v2\/pages"}],"about":[{"href":"https:\/\/eleves.escl.fr\/wp\/recettes\/wp-json\/wp\/v2\/types\/page"}],"author":[{"embeddable":true,"href":"https:\/\/eleves.escl.fr\/wp\/recettes\/wp-json\/wp\/v2\/users\/49"}],"replies":[{"embeddable":true,"href":"https:\/\/eleves.escl.fr\/wp\/recettes\/wp-json\/wp\/v2\/comments?post=798"}],"version-history":[{"count":3,"href":"https:\/\/eleves.escl.fr\/wp\/recettes\/wp-json\/wp\/v2\/pages\/798\/revisions"}],"predecessor-version":[{"id":815,"href":"https:\/\/eleves.escl.fr\/wp\/recettes\/wp-json\/wp\/v2\/pages\/798\/revisions\/815"}],"up":[{"embeddable":true,"href":"https:\/\/eleves.escl.fr\/wp\/recettes\/wp-json\/wp\/v2\/pages\/907"}],"wp:attachment":[{"href":"https:\/\/eleves.escl.fr\/wp\/recettes\/wp-json\/wp\/v2\/media?parent=798"}],"curies":[{"name":"wp","href":"https:\/\/api.w.org\/{rel}","templated":true}]}}