{"id":820,"date":"2021-05-25T17:21:49","date_gmt":"2021-05-25T15:21:49","guid":{"rendered":"https:\/\/eleves.escl.fr\/wp\/recettes\/?page_id=820"},"modified":"2021-05-26T20:06:20","modified_gmt":"2021-05-26T18:06:20","slug":"madeleine-au-camembert","status":"publish","type":"page","link":"https:\/\/eleves.escl.fr\/wp\/recettes\/aperitifs\/madeleine-au-camembert\/","title":{"rendered":"Madeleine au camembert"},"content":{"rendered":"<h4>Petites madeleines sal\u00e9es , id\u00e9ales pour un ap\u00e9ro plein de convivialit\u00e9.<\/h4>\n<p><a href=\"https:\/\/www.750g.com\/madeleine-au-camembert-r96001.htm\" target=\"_blank\" rel=\"noopener\"><img fetchpriority=\"high\" decoding=\"async\" class=\"aligncenter\" src=\"https:\/\/static.750g.com\/images\/1200-630\/3b7b12fdeab51449bf3dfd8d863764eb\/madeleine-au-camembert.jpg\" alt=\"Recette - Madeleine au camembert en vid\u00e9o\" width=\"1200\" height=\"630\" \/><\/a><\/p>\n<h5>Pour 20 pi\u00e8ces<\/h5>\n<hr \/>\n<ul class=\"grid\">\n<li class=\"is-6 recipe-ingredients-item\" data-id=\"232\"><span class=\"recipe-ingredients-item-label\">80 g de camembert<\/span><\/li>\n<li class=\"is-6 recipe-ingredients-item\" data-id=\"338\"><span class=\"recipe-ingredients-item-label\">80 g de farine<\/span><\/li>\n<li class=\"is-6 recipe-ingredients-item\" data-id=\"1524\"><span class=\"recipe-ingredients-item-label\">15 g de gruy\u00e8re rap\u00e9<\/span><\/li>\n<li class=\"is-6 recipe-ingredients-item\" data-id=\"176\"><span class=\"recipe-ingredients-item-label\">2 oeufs<\/span><\/li>\n<li class=\"is-6 recipe-ingredients-item\" data-id=\"899\"><span class=\"recipe-ingredients-item-label\">5 c. \u00e0 s. d&rsquo;huile<\/span><\/li>\n<li class=\"is-6 recipe-ingredients-item\" data-id=\"558\"><span class=\"recipe-ingredients-item-label\">0,5 sachet de levure<\/span><\/li>\n<li class=\"is-6 recipe-ingredients-item\" data-id=\"671\"><span class=\"recipe-ingredients-item-label\">Sel ou sel fin<\/span><\/li>\n<li class=\"is-6 recipe-ingredients-item\" data-id=\"72\"><span class=\"recipe-ingredients-item-label\">Poivre<\/span><\/li>\n<\/ul>\n<h6 style=\"text-align: center\"><img decoding=\"async\" class=\"aligncenter\" src=\"https:\/\/image.flaticon.com\/icons\/png\/512\/651\/651070.png\" alt=\"Cooking time - Free food and restaurant icons\" width=\"36\" height=\"36\" \/>pr\u00e9paration 10 min &#8211; cuisson 10 min<\/h6>\n<h5><strong>Etape 1-<\/strong><\/h5>\n<p>Pr\u00e9chauffer le four \u00e0 240\u00b0C (Th.8).<\/p>\n<p>S\u00e9parez les blancs des jaunes. Dans un saladier, m\u00e9langez la farine et la levure puis ajoutez les jaunes d&rsquo;oeufs. M\u00e9langez.<\/p>\n<h5><strong>Etape 2-<\/strong><\/h5>\n<p>Fouettez l\u00e9g\u00e8rement \u00e0 la fourchette les blancs d&rsquo;oeufs mais sans les monter. Les ajoutez au m\u00e9lange pr\u00e9c\u00e9dent. Versez l&rsquo;huile et m\u00e9langez au fouet.<\/p>\n<h5><strong>Etape 3-<\/strong><\/h5>\n<p>Ajoutez le gruy\u00e8re, le sel, le poivre et m\u00e9langer \u00e0 nouveau. Ajoutez \u00e0 la p\u00e2te le camembert coup\u00e9 en d\u00e9s.<\/p>\n<p>M\u00e9langez.<\/p>\n<h5><strong>Etape 4-<\/strong><\/h5>\n<p>Versez une cuill\u00e8re \u00e0 soupe de p\u00e2te dans chaque alv\u00e9ole \u00e0 madeleine et les mettre au four \u00e0 240\u00b0C (Th.8) pendant 4 mn puis \u00e0 180\u00b0C (Th.6) pendant 6 mn.<\/p>\n<h5><strong>Etape 5-<\/strong><\/h5>\n<p>V\u00e9rifiez la cuisson. D\u00e9mouler aussit\u00f4t.<\/p>\n<p>&nbsp;<\/p>\n","protected":false},"excerpt":{"rendered":"<p>Petites madeleines sal\u00e9es , id\u00e9ales pour un ap\u00e9ro plein de convivialit\u00e9. Pour 20 pi\u00e8ces 80 g de camembert 80 g de farine 15 g de gruy\u00e8re rap\u00e9 2 oeufs 5 c. \u00e0 s. d&rsquo;huile 0,5 sachet de levure Sel ou sel fin Poivre pr\u00e9paration 10 min &#8211; cuisson 10 min Etape 1- Pr\u00e9chauffer le four &hellip; <\/p>\n","protected":false},"author":49,"featured_media":0,"parent":166,"menu_order":0,"comment_status":"closed","ping_status":"closed","template":"","meta":{"footnotes":""},"class_list":["post-820","page","type-page","status-publish","hentry"],"_links":{"self":[{"href":"https:\/\/eleves.escl.fr\/wp\/recettes\/wp-json\/wp\/v2\/pages\/820","targetHints":{"allow":["GET"]}}],"collection":[{"href":"https:\/\/eleves.escl.fr\/wp\/recettes\/wp-json\/wp\/v2\/pages"}],"about":[{"href":"https:\/\/eleves.escl.fr\/wp\/recettes\/wp-json\/wp\/v2\/types\/page"}],"author":[{"embeddable":true,"href":"https:\/\/eleves.escl.fr\/wp\/recettes\/wp-json\/wp\/v2\/users\/49"}],"replies":[{"embeddable":true,"href":"https:\/\/eleves.escl.fr\/wp\/recettes\/wp-json\/wp\/v2\/comments?post=820"}],"version-history":[{"count":3,"href":"https:\/\/eleves.escl.fr\/wp\/recettes\/wp-json\/wp\/v2\/pages\/820\/revisions"}],"predecessor-version":[{"id":1055,"href":"https:\/\/eleves.escl.fr\/wp\/recettes\/wp-json\/wp\/v2\/pages\/820\/revisions\/1055"}],"up":[{"embeddable":true,"href":"https:\/\/eleves.escl.fr\/wp\/recettes\/wp-json\/wp\/v2\/pages\/166"}],"wp:attachment":[{"href":"https:\/\/eleves.escl.fr\/wp\/recettes\/wp-json\/wp\/v2\/media?parent=820"}],"curies":[{"name":"wp","href":"https:\/\/api.w.org\/{rel}","templated":true}]}}