{"id":851,"date":"2021-05-25T17:48:16","date_gmt":"2021-05-25T15:48:16","guid":{"rendered":"https:\/\/eleves.escl.fr\/wp\/recettes\/?page_id=851"},"modified":"2021-05-26T08:39:02","modified_gmt":"2021-05-26T06:39:02","slug":"tarte-a-la-banane","status":"publish","type":"page","link":"https:\/\/eleves.escl.fr\/wp\/recettes\/recettes-sucrees\/patisserie\/tarte-a-la-banane\/","title":{"rendered":"Tarte \u00e0 la banane"},"content":{"rendered":"<div class=\"grid recipe-chapo\">\n<div class=\"is-12 is-8-tablet is-wysiwyg\">\n<div class=\"\" data-crop-row=\"8\">\n<h4>Une recette ultra facile quand vous avez des bananes qui commencent \u00e0 noircir.<\/h4>\n<p><img fetchpriority=\"high\" decoding=\"async\" class=\"aligncenter\" src=\"https:\/\/static.750g.com\/images\/1200-630\/14a281bc56cd286a41e9cb28b3e30079\/tarte-a-la-banane.jpg\" alt=\"Recette - Tarte \u00e0 la banane en vid\u00e9o\" width=\"1021\" height=\"536\" \/><\/p>\n<h5>Pour 6 personnes<\/h5>\n<hr \/>\n<ul class=\"grid\">\n<li class=\"is-6 recipe-ingredients-item\" data-id=\"36\"><span class=\"recipe-ingredients-item-label\">150 g de sucre<\/span><\/li>\n<li class=\"is-6 recipe-ingredients-item\" data-id=\"338\"><span class=\"recipe-ingredients-item-label\">50 g de farine<\/span><\/li>\n<li class=\"is-6 recipe-ingredients-item\" data-id=\"289\"><span class=\"recipe-ingredients-item-label\">5 bananes<\/span><\/li>\n<li class=\"is-6 recipe-ingredients-item\" data-id=\"326\"><span class=\"recipe-ingredients-item-label\">1 p\u00e2te bris\u00e9e<\/span><\/li>\n<li class=\"is-6 recipe-ingredients-item\" data-id=\"1298\"><span class=\"recipe-ingredients-item-label\">10 cl de cr\u00e8me liquide<\/span><\/li>\n<li class=\"is-6 recipe-ingredients-item\" data-id=\"1154\"><span class=\"recipe-ingredients-item-label\">3 jaunes d&rsquo;oeuf<\/span><\/li>\n<li class=\"is-6 recipe-ingredients-item\" data-id=\"751\"><span class=\"recipe-ingredients-item-label\">1 verre de rhum (un verre \u00e0 liqueur)<\/span><\/li>\n<\/ul>\n<h6 style=\"text-align: center\"><img decoding=\"async\" class=\"aligncenter\" src=\"https:\/\/image.flaticon.com\/icons\/png\/512\/651\/651070.png\" alt=\"Cooking time - Free food and restaurant icons\" width=\"36\" height=\"36\" \/>pr\u00e9paration 10 min &#8211; cuisson 30 min<\/h6>\n<h5><strong>Etape 1-<\/strong><\/h5>\n<p>Etendre la pate dans un moule \u00e0 tarte. Piquer le fond de la pate avec une fourchette.<\/p>\n<h5><strong>Etape 2-<\/strong><\/h5>\n<p>R\u00e9duire en pur\u00e9e 3 bananes. Ajouter la cr\u00e8me, le sucre, les jaunes d&rsquo;oeufs, la farine et le rhum.<\/p>\n<h5><strong>Etape 3-<\/strong><\/h5>\n<p>Bien battre le m\u00e9lange.<\/p>\n<h5><strong>Etape 4-<\/strong><\/h5>\n<p>Etendre le tout sur le fond de la tarte.<\/p>\n<h5><strong>Etape 5-<\/strong><\/h5>\n<p>Garnir avec les rondelles des deux derni\u00e8res bananes.<\/p>\n<h5><strong>Etape 6-<\/strong><\/h5>\n<p>Faire cuire au four environ 30 minutes selon le thermostat du four (170\u00b0C environ).<\/p>\n<\/div>\n<\/div>\n<\/div>\n","protected":false},"excerpt":{"rendered":"<p>Une recette ultra facile quand vous avez des bananes qui commencent \u00e0 noircir. Pour 6 personnes 150 g de sucre 50 g de farine 5 bananes 1 p\u00e2te bris\u00e9e 10 cl de cr\u00e8me liquide 3 jaunes d&rsquo;oeuf 1 verre de rhum (un verre \u00e0 liqueur) pr\u00e9paration 10 min &#8211; cuisson 30 min Etape 1- Etendre &hellip; <\/p>\n","protected":false},"author":49,"featured_media":0,"parent":865,"menu_order":0,"comment_status":"closed","ping_status":"closed","template":"","meta":{"footnotes":""},"class_list":["post-851","page","type-page","status-publish","hentry"],"_links":{"self":[{"href":"https:\/\/eleves.escl.fr\/wp\/recettes\/wp-json\/wp\/v2\/pages\/851","targetHints":{"allow":["GET"]}}],"collection":[{"href":"https:\/\/eleves.escl.fr\/wp\/recettes\/wp-json\/wp\/v2\/pages"}],"about":[{"href":"https:\/\/eleves.escl.fr\/wp\/recettes\/wp-json\/wp\/v2\/types\/page"}],"author":[{"embeddable":true,"href":"https:\/\/eleves.escl.fr\/wp\/recettes\/wp-json\/wp\/v2\/users\/49"}],"replies":[{"embeddable":true,"href":"https:\/\/eleves.escl.fr\/wp\/recettes\/wp-json\/wp\/v2\/comments?post=851"}],"version-history":[{"count":3,"href":"https:\/\/eleves.escl.fr\/wp\/recettes\/wp-json\/wp\/v2\/pages\/851\/revisions"}],"predecessor-version":[{"id":943,"href":"https:\/\/eleves.escl.fr\/wp\/recettes\/wp-json\/wp\/v2\/pages\/851\/revisions\/943"}],"up":[{"embeddable":true,"href":"https:\/\/eleves.escl.fr\/wp\/recettes\/wp-json\/wp\/v2\/pages\/865"}],"wp:attachment":[{"href":"https:\/\/eleves.escl.fr\/wp\/recettes\/wp-json\/wp\/v2\/media?parent=851"}],"curies":[{"name":"wp","href":"https:\/\/api.w.org\/{rel}","templated":true}]}}