{"id":862,"date":"2021-05-25T17:51:58","date_gmt":"2021-05-25T15:51:58","guid":{"rendered":"https:\/\/eleves.escl.fr\/wp\/recettes\/?page_id=862"},"modified":"2021-05-26T08:52:48","modified_gmt":"2021-05-26T06:52:48","slug":"glaces","status":"publish","type":"page","link":"https:\/\/eleves.escl.fr\/wp\/recettes\/recettes-sucrees\/glaces\/","title":{"rendered":"Glaces"},"content":{"rendered":"<p style=\"text-align: center\"><a href=\"https:\/\/eleves.escl.fr\/wp\/recettes\/glace-a-la-vanille-base-creme-anglaise\/\">Glace \u00e0 la vanille base cr\u00e8me anglaise<\/a><\/p>\n<p style=\"text-align: center\"><a href=\"https:\/\/eleves.escl.fr\/wp\/recettes\/recettes-sucrees\/glace-a-la-fraise-maison\/\">Glace \u00e0 la fraise maison<\/a><\/p>\n<p style=\"text-align: center\"><a href=\"https:\/\/eleves.escl.fr\/wp\/recettes\/recettes-sucrees\/glaces\/glace-au-melon\/\">Glace au melon<\/a><\/p>\n<p style=\"text-align: center\"><a href=\"https:\/\/eleves.escl.fr\/wp\/recettes\/recettes-sucrees\/glaces\/sorbet-cassis\/\">Sorbet cassis<\/a><\/p>\n<p style=\"text-align: center\"><a href=\"https:\/\/eleves.escl.fr\/wp\/recettes\/glace-nutella\/\">Glace nutella<\/a><\/p>\n<p style=\"text-align: center\"><a href=\"https:\/\/eleves.escl.fr\/wp\/recettes\/recettes-sucrees\/glaces\/glace-vanille\/\">Glace vanille<\/a><\/p>\n<p style=\"text-align: center\"><a href=\"https:\/\/eleves.escl.fr\/wp\/recettes\/recettes-sucrees\/glaces\/glace-caramel-au-beurre-sale\/\">Glace Caramel au Beurre Sal\u00e9<\/a><\/p>\n","protected":false},"excerpt":{"rendered":"<p>Glace \u00e0 la vanille base cr\u00e8me anglaise Glace \u00e0 la fraise maison Glace au melon Sorbet cassis Glace nutella Glace vanille Glace Caramel au Beurre Sal\u00e9<\/p>\n","protected":false},"author":43,"featured_media":0,"parent":53,"menu_order":0,"comment_status":"closed","ping_status":"closed","template":"","meta":{"footnotes":""},"class_list":["post-862","page","type-page","status-publish","hentry"],"_links":{"self":[{"href":"https:\/\/eleves.escl.fr\/wp\/recettes\/wp-json\/wp\/v2\/pages\/862","targetHints":{"allow":["GET"]}}],"collection":[{"href":"https:\/\/eleves.escl.fr\/wp\/recettes\/wp-json\/wp\/v2\/pages"}],"about":[{"href":"https:\/\/eleves.escl.fr\/wp\/recettes\/wp-json\/wp\/v2\/types\/page"}],"author":[{"embeddable":true,"href":"https:\/\/eleves.escl.fr\/wp\/recettes\/wp-json\/wp\/v2\/users\/43"}],"replies":[{"embeddable":true,"href":"https:\/\/eleves.escl.fr\/wp\/recettes\/wp-json\/wp\/v2\/comments?post=862"}],"version-history":[{"count":9,"href":"https:\/\/eleves.escl.fr\/wp\/recettes\/wp-json\/wp\/v2\/pages\/862\/revisions"}],"predecessor-version":[{"id":965,"href":"https:\/\/eleves.escl.fr\/wp\/recettes\/wp-json\/wp\/v2\/pages\/862\/revisions\/965"}],"up":[{"embeddable":true,"href":"https:\/\/eleves.escl.fr\/wp\/recettes\/wp-json\/wp\/v2\/pages\/53"}],"wp:attachment":[{"href":"https:\/\/eleves.escl.fr\/wp\/recettes\/wp-json\/wp\/v2\/media?parent=862"}],"curies":[{"name":"wp","href":"https:\/\/api.w.org\/{rel}","templated":true}]}}