{"id":865,"date":"2021-05-25T17:52:12","date_gmt":"2021-05-25T15:52:12","guid":{"rendered":"https:\/\/eleves.escl.fr\/wp\/recettes\/?page_id=865"},"modified":"2021-05-26T09:39:03","modified_gmt":"2021-05-26T07:39:03","slug":"patisserie","status":"publish","type":"page","link":"https:\/\/eleves.escl.fr\/wp\/recettes\/recettes-sucrees\/patisserie\/","title":{"rendered":"Patisseries"},"content":{"rendered":"<p style=\"text-align: center\"><a href=\"https:\/\/eleves.escl.fr\/wp\/recettes\/recettes-sucrees\/flan-patissier\/\">Flan p\u00e2tissier<\/a><\/p>\n<p style=\"text-align: center\"><a href=\"https:\/\/eleves.escl.fr\/wp\/recettes\/recettes-sucrees\/beignets-aux-pommes\/\">Beignets aux pommes<\/a><\/p>\n<p style=\"text-align: center\"><a href=\"https:\/\/eleves.escl.fr\/wp\/recettes\/tarte-aux-pommes\/\">Tarte aux pommes<\/a><\/p>\n<p style=\"text-align: center\"><a href=\"https:\/\/eleves.escl.fr\/wp\/recettes\/recettes-sucrees\/tarte-a-la-banane\/\">Tarte \u00e0 la banane<\/a><\/p>\n<p style=\"text-align: center\"><a href=\"https:\/\/eleves.escl.fr\/wp\/recettes\/recettes-sucrees\/tarte-aux-fraises-traditionnelle-a-la-creme-patissiere\/\">Tarte aux fraises traditionnelle \u00e0 la cr\u00e8me<\/a><\/p>\n<p style=\"text-align: center\"><a href=\"https:\/\/eleves.escl.fr\/wp\/recettes\/?page_id=287&amp;preview=true\">Gaufres au sucre<\/a><\/p>\n<p style=\"text-align: center\"><a href=\"https:\/\/eleves.escl.fr\/wp\/recettes\/recettes-sucrees\/patisserie\/donuts\/\">Donuts<\/a><\/p>\n<p style=\"text-align: center\"><a href=\"https:\/\/eleves.escl.fr\/wp\/recettes\/recettes-sucrees\/brioche-au-citron\/\">Brioche au citron<\/a><\/p>\n<p style=\"text-align: center\"><a href=\"https:\/\/eleves.escl.fr\/wp\/recettes\/recettes-sucrees\/macarons-lisses-chocolat\/\">Macarons lisses chocolat<\/a><\/p>\n<p style=\"text-align: center\"><a href=\"https:\/\/eleves.escl.fr\/wp\/recettes\/recettes-sucrees\/patisserie\/macarons-framboises\/\">Macarons Framboises<\/a><\/p>\n","protected":false},"excerpt":{"rendered":"<p>Flan p\u00e2tissier Beignets aux pommes Tarte aux pommes Tarte \u00e0 la banane Tarte aux fraises traditionnelle \u00e0 la cr\u00e8me Gaufres au sucre Donuts Brioche au citron Macarons lisses chocolat Macarons Framboises<\/p>\n","protected":false},"author":43,"featured_media":0,"parent":53,"menu_order":0,"comment_status":"closed","ping_status":"closed","template":"","meta":{"footnotes":""},"class_list":["post-865","page","type-page","status-publish","hentry"],"_links":{"self":[{"href":"https:\/\/eleves.escl.fr\/wp\/recettes\/wp-json\/wp\/v2\/pages\/865","targetHints":{"allow":["GET"]}}],"collection":[{"href":"https:\/\/eleves.escl.fr\/wp\/recettes\/wp-json\/wp\/v2\/pages"}],"about":[{"href":"https:\/\/eleves.escl.fr\/wp\/recettes\/wp-json\/wp\/v2\/types\/page"}],"author":[{"embeddable":true,"href":"https:\/\/eleves.escl.fr\/wp\/recettes\/wp-json\/wp\/v2\/users\/43"}],"replies":[{"embeddable":true,"href":"https:\/\/eleves.escl.fr\/wp\/recettes\/wp-json\/wp\/v2\/comments?post=865"}],"version-history":[{"count":7,"href":"https:\/\/eleves.escl.fr\/wp\/recettes\/wp-json\/wp\/v2\/pages\/865\/revisions"}],"predecessor-version":[{"id":1011,"href":"https:\/\/eleves.escl.fr\/wp\/recettes\/wp-json\/wp\/v2\/pages\/865\/revisions\/1011"}],"up":[{"embeddable":true,"href":"https:\/\/eleves.escl.fr\/wp\/recettes\/wp-json\/wp\/v2\/pages\/53"}],"wp:attachment":[{"href":"https:\/\/eleves.escl.fr\/wp\/recettes\/wp-json\/wp\/v2\/media?parent=865"}],"curies":[{"name":"wp","href":"https:\/\/api.w.org\/{rel}","templated":true}]}}