{"id":997,"date":"2021-05-26T09:28:38","date_gmt":"2021-05-26T07:28:38","guid":{"rendered":"https:\/\/eleves.escl.fr\/wp\/recettes\/?page_id=997"},"modified":"2021-05-26T09:42:55","modified_gmt":"2021-05-26T07:42:55","slug":"hamburger-maison","status":"publish","type":"page","link":"https:\/\/eleves.escl.fr\/wp\/recettes\/recettes-salees\/plats\/hamburger-maison\/","title":{"rendered":"Hamburger maison"},"content":{"rendered":"<h4>Rien de tel qu&rsquo;un burger maison pour r\u00e9galer toute la famille.<\/h4>\n<p><img fetchpriority=\"high\" decoding=\"async\" class=\"aligncenter\" src=\"https:\/\/static.750g.com\/images\/1200-630\/5ca6c52b6fa10fd65b435fb21364dcd5\/burger-recette-simple.jpg\" alt=\"Recette - Hamburger maison en vid\u00e9o\" width=\"842\" height=\"442\" \/><\/p>\n<h5>Pour 4 personnes<\/h5>\n<hr \/>\n<ul class=\"grid\">\n<li class=\"is-6 recipe-ingredients-item\" data-id=\"1267\"><span class=\"recipe-ingredients-item-label\">4 steaks hach\u00e9s<\/span><\/li>\n<li class=\"is-6 recipe-ingredients-item\" data-id=\"1661\"><span class=\"recipe-ingredients-item-label\">4 pains hamburger<\/span><\/li>\n<li class=\"is-6 recipe-ingredients-item\" data-id=\"236\"><span class=\"recipe-ingredients-item-label\">2 oignons<\/span><\/li>\n<li class=\"is-6 recipe-ingredients-item\" data-id=\"60\"><span class=\"recipe-ingredients-item-label\">2 tomates<\/span><\/li>\n<li class=\"is-6 recipe-ingredients-item\" data-id=\"178\"><span class=\"recipe-ingredients-item-label\">Fromage (en option)<\/span><\/li>\n<li class=\"is-6 recipe-ingredients-item\" data-id=\"17\"><span class=\"recipe-ingredients-item-label\">De la salade iceberg ou laitue<\/span><\/li>\n<li class=\"is-6 recipe-ingredients-item\" data-id=\"543\"><span class=\"recipe-ingredients-item-label\">3 c \u00e0 s de ketchup<\/span><\/li>\n<li class=\"is-6 recipe-ingredients-item\" data-id=\"143\"><span class=\"recipe-ingredients-item-label\">2 c \u00e0 s de moutarde<\/span><\/li>\n<li class=\"is-6 recipe-ingredients-item\" data-id=\"\"><span class=\"recipe-ingredients-item-label\">Quelques cornichons sp\u00e9cial sandwich<\/span><\/li>\n<\/ul>\n<h6 style=\"text-align: center\"><img decoding=\"async\" class=\"aligncenter\" src=\"https:\/\/image.flaticon.com\/icons\/png\/512\/651\/651070.png\" alt=\"Cooking time - Free food and restaurant icons\" width=\"45\" height=\"45\" \/>pr\u00e9paration 10 min &#8211; cuisson 10 min<\/h6>\n<h5><strong>Etape 1-<\/strong><\/h5>\n<p>Cuire les steacks hach\u00e9s. Hacher les oignons, les tomates en rondelles et les cornichons en petits cubes.<\/p>\n<h5><strong>Etape 2-<\/strong><\/h5>\n<p>Pr\u00e9parer la sauce en m\u00e9langeant le ketchup et la moutarde.<\/p>\n<h5><strong>Etape 3-<\/strong><\/h5>\n<p>Dans une po\u00eale, chauffer 1 c \u00e0 s d&rsquo;huile d&rsquo;olive et faire revenir les pains hambuger.<\/p>\n<h5><strong>Etape 4-<\/strong><\/h5>\n<p>Monter ensuite les hamburgers : Mettre la sauce sur les deux pains hamburgers, mettre le steak hach\u00e9, mettre le fromage si vous le souhaitez, de l&rsquo;oignon, les rondelles de tomates, les cornichons. Envelopper le tout dans un papier d&rsquo;alu et mettre au four pour 10 minutes.<\/p>\n<h5><strong>Etape 5-<\/strong><\/h5>\n<p>Ajouter la salade avant de servir et servir avec des chips ou des frites.<\/p>\n","protected":false},"excerpt":{"rendered":"<p>Rien de tel qu&rsquo;un burger maison pour r\u00e9galer toute la famille. Pour 4 personnes 4 steaks hach\u00e9s 4 pains hamburger 2 oignons 2 tomates Fromage (en option) De la salade iceberg ou laitue 3 c \u00e0 s de ketchup 2 c \u00e0 s de moutarde Quelques cornichons sp\u00e9cial sandwich pr\u00e9paration 10 min &#8211; cuisson 10 &hellip; <\/p>\n","protected":false},"author":49,"featured_media":0,"parent":907,"menu_order":0,"comment_status":"closed","ping_status":"closed","template":"","meta":{"footnotes":""},"class_list":["post-997","page","type-page","status-publish","hentry"],"_links":{"self":[{"href":"https:\/\/eleves.escl.fr\/wp\/recettes\/wp-json\/wp\/v2\/pages\/997","targetHints":{"allow":["GET"]}}],"collection":[{"href":"https:\/\/eleves.escl.fr\/wp\/recettes\/wp-json\/wp\/v2\/pages"}],"about":[{"href":"https:\/\/eleves.escl.fr\/wp\/recettes\/wp-json\/wp\/v2\/types\/page"}],"author":[{"embeddable":true,"href":"https:\/\/eleves.escl.fr\/wp\/recettes\/wp-json\/wp\/v2\/users\/49"}],"replies":[{"embeddable":true,"href":"https:\/\/eleves.escl.fr\/wp\/recettes\/wp-json\/wp\/v2\/comments?post=997"}],"version-history":[{"count":3,"href":"https:\/\/eleves.escl.fr\/wp\/recettes\/wp-json\/wp\/v2\/pages\/997\/revisions"}],"predecessor-version":[{"id":1019,"href":"https:\/\/eleves.escl.fr\/wp\/recettes\/wp-json\/wp\/v2\/pages\/997\/revisions\/1019"}],"up":[{"embeddable":true,"href":"https:\/\/eleves.escl.fr\/wp\/recettes\/wp-json\/wp\/v2\/pages\/907"}],"wp:attachment":[{"href":"https:\/\/eleves.escl.fr\/wp\/recettes\/wp-json\/wp\/v2\/media?parent=997"}],"curies":[{"name":"wp","href":"https:\/\/api.w.org\/{rel}","templated":true}]}}