{"id":18,"date":"2026-01-06T14:08:41","date_gmt":"2026-01-06T13:08:41","guid":{"rendered":"https:\/\/eleves.escl.fr\/wp2\/archi\/?page_id=18"},"modified":"2026-03-17T14:41:35","modified_gmt":"2026-03-17T13:41:35","slug":"larchitecture","status":"publish","type":"page","link":"https:\/\/eleves.escl.fr\/wp2\/archi\/","title":{"rendered":"L&rsquo;architecture"},"content":{"rendered":"\n<div class=\"wp-block-group alignfull has-global-padding is-layout-constrained wp-container-core-group-is-layout-490fa1db wp-block-group-is-layout-constrained\" style=\"padding-top:var(--wp--preset--spacing--50);padding-right:var(--wp--preset--spacing--50);padding-bottom:var(--wp--preset--spacing--50);padding-left:var(--wp--preset--spacing--50)\">\n<div class=\"wp-block-group has-global-padding is-layout-constrained wp-container-core-group-is-layout-650790e1 wp-block-group-is-layout-constrained\">\n<p class=\"has-text-align-center\">Un&nbsp;<strong>architecte <\/strong>est un professionnel qualifi\u00e9 qui prend en charge toutes les \u00e9tapes de la construction d&rsquo;un b\u00e2timent, de la conception, jusqu&rsquo;\u00e0 la livraison du projet \u00e0 son client, en passant par le suivi scrupuleux des travaux.<\/p>\n\n\n\n<p class=\"has-text-align-center\"><\/p>\n\n\n\n<div style=\"height:1.25rem\" aria-hidden=\"true\" class=\"wp-block-spacer\"><\/div>\n\n\n\n<div class=\"wp-block-buttons is-content-justification-center is-layout-flex wp-container-core-buttons-is-layout-a89b3969 wp-block-buttons-is-layout-flex\">\n<div class=\"wp-block-button\"><a class=\"wp-block-button__link wp-element-button\">\u00c0 propos<\/a><\/div>\n<\/div>\n<\/div>\n\n\n\n<div style=\"height:var(--wp--preset--spacing--30)\" aria-hidden=\"true\" class=\"wp-block-spacer\"><\/div>\n\n\n\n<figure class=\"wp-block-image alignwide size-large is-style-rounded is-style-rounded--1\"><img decoding=\"async\" src=\"https:\/\/eleves.escl.fr\/wp2\/archi\/wp-content\/uploads\/sites\/21\/2026\/02\/photo-architecte-.jpeg\" alt=\"Ext\u00e9rieur du b\u00e2timent \u00e0 Toronto, Canada\"\/><\/figure>\n<\/div>\n\n\n\n<div class=\"wp-block-group alignfull has-base-2-background-color has-background has-global-padding is-layout-constrained wp-container-core-group-is-layout-669513ed wp-block-group-is-layout-constrained\" style=\"margin-top:0;margin-bottom:0;padding-top:var(--wp--preset--spacing--50);padding-right:var(--wp--preset--spacing--50);padding-bottom:var(--wp--preset--spacing--50);padding-left:var(--wp--preset--spacing--50)\">\n<div class=\"wp-block-group is-vertical is-content-justification-center is-layout-flex wp-container-core-group-is-layout-52b864f0 wp-block-group-is-layout-flex\">\n<h2 class=\"wp-block-heading has-text-align-center is-style-asterisk\">Sommaire<\/h2>\n\n\n\n<div style=\"height:0px\" aria-hidden=\"true\" class=\"wp-block-spacer wp-container-content-4f2ccadb\"><\/div>\n\n\n\n<p class=\"has-text-align-center\">Cliquez sur les mots pour d\u00e9couvrir la page<\/p>\n<\/div>\n\n\n\n<div style=\"margin-top:0;margin-bottom:0;height:var(--wp--preset--spacing--40)\" aria-hidden=\"true\" class=\"wp-block-spacer\"><\/div>\n\n\n\n<div class=\"wp-block-columns alignwide is-layout-flex wp-container-core-columns-is-layout-d0bbbce0 wp-block-columns-is-layout-flex\">\n<div class=\"wp-block-column is-layout-flow wp-container-core-column-is-layout-e3d1c41b wp-block-column-is-layout-flow\">\n<h3 class=\"wp-block-heading has-text-align-left is-style-asterisk has-body-font-family has-medium-font-size\" style=\"font-style:normal;font-weight:600\"><a href=\"https:\/\/eleves.escl.fr\/wp2\/archi\/les-etudes\/\" data-type=\"page\" data-id=\"35\">Les \u00e9tudes<\/a><\/h3>\n\n\n\n<p class=\"has-text-align-left\"><\/p>\n<\/div>\n\n\n\n<div class=\"wp-block-column is-layout-flow wp-container-core-column-is-layout-e3d1c41b wp-block-column-is-layout-flow\">\n<h3 class=\"wp-block-heading has-text-align-left is-style-asterisk has-body-font-family has-medium-font-size\" style=\"font-style:normal;font-weight:600\"><a href=\"https:\/\/eleves.escl.fr\/wp2\/archi\/les-competences\/\" data-type=\"page\" data-id=\"37\">Les comp\u00e9tences<\/a><\/h3>\n\n\n\n<p class=\"has-text-align-left\"><\/p>\n<\/div>\n\n\n\n<div class=\"wp-block-column is-layout-flow wp-container-core-column-is-layout-e3d1c41b wp-block-column-is-layout-flow\">\n<h3 class=\"wp-block-heading has-text-align-left is-style-asterisk has-body-font-family has-medium-font-size\" style=\"font-style:normal;font-weight:600\"><a href=\"https:\/\/eleves.escl.fr\/wp2\/archi\/les-branches\/\" data-type=\"page\" data-id=\"39\">Les branches<\/a><\/h3>\n\n\n\n<p class=\"has-text-align-left\"><\/p>\n<\/div>\n<\/div>\n\n\n\n<div class=\"wp-block-columns alignwide is-layout-flex wp-container-core-columns-is-layout-d0bbbce0 wp-block-columns-is-layout-flex\">\n<div class=\"wp-block-column is-layout-flow wp-container-core-column-is-layout-e3d1c41b wp-block-column-is-layout-flow\">\n<h3 class=\"wp-block-heading has-text-align-left is-style-asterisk has-body-font-family has-medium-font-size\" style=\"font-style:normal;font-weight:600\"><a href=\"https:\/\/eleves.escl.fr\/wp2\/archi\/le-salaire\/\" data-type=\"page\" data-id=\"41\">Le salaire<\/a><\/h3>\n\n\n\n<p class=\"has-text-align-left\"><\/p>\n<\/div>\n\n\n\n<div class=\"wp-block-column is-layout-flow wp-container-core-column-is-layout-e3d1c41b wp-block-column-is-layout-flow\">\n<h3 class=\"wp-block-heading has-text-align-left is-style-asterisk has-body-font-family has-medium-font-size\" style=\"font-style:normal;font-weight:600\"><a href=\"https:\/\/eleves.escl.fr\/wp2\/archi\/les-creations\/\" data-type=\"page\" data-id=\"43\">Les cr\u00e9ations<\/a><\/h3>\n\n\n\n<p class=\"has-text-align-left\"><\/p>\n<\/div>\n\n\n\n<div class=\"wp-block-column is-layout-flow wp-container-core-column-is-layout-e3d1c41b wp-block-column-is-layout-flow\">\n<h3 class=\"wp-block-heading has-text-align-left is-style-asterisk has-body-font-family has-medium-font-size\" style=\"font-style:normal;font-weight:600\"><a href=\"https:\/\/eleves.escl.fr\/wp2\/archi\/la-tenue-darchitecte\/\" data-type=\"page\" data-id=\"45\">La tenue d&rsquo;architecte<\/a><\/h3>\n\n\n\n<p class=\"has-text-align-left\"><\/p>\n<\/div>\n<\/div>\n\n\n\n<div style=\"height:var(--wp--preset--spacing--20)\" aria-hidden=\"true\" class=\"wp-block-spacer\"><\/div>\n\n\n\n<div class=\"wp-block-columns alignwide is-layout-flex wp-container-core-columns-is-layout-d0bbbce0 wp-block-columns-is-layout-flex\">\n<div class=\"wp-block-column is-layout-flow wp-container-core-column-is-layout-e3d1c41b wp-block-column-is-layout-flow\">\n<h3 class=\"wp-block-heading has-text-align-left is-style-asterisk has-body-font-family has-medium-font-size\" style=\"font-style:normal;font-weight:600\"><a href=\"https:\/\/eleves.escl.fr\/wp2\/archi\/les-lieux-cibles\/\" data-type=\"page\" data-id=\"47\">Les lieux cibl\u00e9s<\/a><\/h3>\n\n\n\n<p class=\"has-text-align-left\"><\/p>\n<\/div>\n\n\n\n<div class=\"wp-block-column is-layout-flow wp-container-core-column-is-layout-e3d1c41b wp-block-column-is-layout-flow\">\n<h3 class=\"wp-block-heading has-text-align-left is-style-asterisk has-body-font-family has-medium-font-size\" style=\"font-style:normal;font-weight:600\"><a href=\"https:\/\/eleves.escl.fr\/wp2\/archi\/les-collaborateurs\/\" data-type=\"page\" data-id=\"51\">Les collaborateurs<\/a><\/h3>\n\n\n\n<p class=\"has-text-align-left\"><\/p>\n<\/div>\n\n\n\n<div class=\"wp-block-column is-layout-flow wp-container-core-column-is-layout-e3d1c41b wp-block-column-is-layout-flow\">\n<h3 class=\"wp-block-heading has-text-align-left is-style-asterisk has-body-font-family has-medium-font-size\" style=\"font-style:normal;font-weight:600\"><a href=\"https:\/\/eleves.escl.fr\/wp2\/archi\/les-metiers-derives\/\" data-type=\"page\" data-id=\"53\">Les m\u00e9tiers d\u00e9riv\u00e9s<\/a><\/h3>\n\n\n\n<p class=\"has-text-align-left\"><\/p>\n<\/div>\n<\/div>\n<\/div>\n\n\n\n<div class=\"wp-block-group has-global-padding is-layout-constrained wp-container-core-group-is-layout-d89aad35 wp-block-group-is-layout-constrained\" style=\"margin-top:0;margin-bottom:0;padding-top:var(--wp--preset--spacing--50);padding-right:var(--wp--preset--spacing--50);padding-bottom:var(--wp--preset--spacing--50);padding-left:var(--wp--preset--spacing--50)\">\n<script src=\"https:\/\/ajax.googleapis.com\/ajax\/libs\/jquery\/3.3.1\/jquery.min.js\"><\/script>\n<script type=\"text\/javascript\" src=\"https:\/\/cdnjs.cloudflare.com\/ajax\/libs\/maphilight\/1.4.0\/jquery.maphilight.min.js\"><\/script>\n<script type=\"text\/javascript\">\n$(function() {\n$('.map').maphilight();\n});\n<\/script>\n\n<img loading=\"lazy\" decoding=\"async\" src=\"https:\/\/eleves.escl.fr\/wp2\/archi\/wp-content\/uploads\/sites\/21\/2026\/02\/istockphoto-2007948776-612x612-2.jpg\" width=\"612\" height=\"383\" border=\"0\" usemap=\"#map\" class=\"map\" \/>\n\n<map name=\"map\">\n<!-- #$-:Image map file created by GIMP Image Map plug-in -->\n<!-- #$-:GIMP Image Map plug-in by Maurits Rijk -->\n<!-- #$-:Please do not edit lines starting with \"#$\" -->\n<!-- #$VERSION:2.3 -->\n<!-- #$AUTHOR:camille.ponsonnaille -->\n<area shape=\"poly\" coords=\"301,137,296,149,303,145,303,138,299,138\" href=\"https:\/\/eleves.escl.fr\/wp2\/archi\/larchitecture-dans-le-monde\/allemagne\/\" \/>\n<area shape=\"poly\" coords=\"285,178,264,203,264,220,281,238,309,231,322,275,316,289,330,306,358,273,361,245,381,223,366,227,346,187,326,183,327,189,309,183,309,172,284,179\" href=\"https:\/\/eleves.escl.fr\/wp2\/archi\/larchitecture-dans-le-monde\/afrique\/\" \/>\n<area shape=\"poly\" coords=\"489,286,490,310,513,305,527,311,533,323,552,323,559,295,547,276,543,265,539,279,530,269,532,266,523,265,518,273,513,267,503,282\" href=\"https:\/\/eleves.escl.fr\/wp2\/archi\/larchitecture-dans-le-monde\/australie\/\" \/>\n<area shape=\"poly\" coords=\"203,240,181,237,168,257,182,261,198,276,198,312,216,282,220,283,226,267,232,254,218,246,210,247,204,242\" href=\"https:\/\/eleves.escl.fr\/wp2\/archi\/larchitecture-dans-le-monde\/bresil\/\" \/>\n<area shape=\"poly\" coords=\"470,159,448,157,436,146,426,145,426,156,428,162,412,161,408,167,425,169,430,181,449,191,463,190,472,201,492,200,502,184,494,172,489,161,497,157,510,174,513,171,505,159,516,148,517,141,505,139,491,126,486,127,485,139,480,141,490,142,467,154\" href=\"https:\/\/eleves.escl.fr\/wp2\/archi\/larchitecture-dans-le-monde\/chine\/\" \/>\n<area shape=\"poly\" coords=\"292,161,277,162,278,171,284,175,294,173,292,167,298,164,297,161\" href=\"https:\/\/eleves.escl.fr\/wp2\/archi\/larchitecture-dans-le-monde\/espagne\/\" \/>\n<area shape=\"poly\" coords=\"158,160,155,148,128,140,95,141,85,153,89,174,93,182,126,189,152,185,156,195,156,183,167,177,165,169,187,153,187,147,157,157\" href=\"https:\/\/eleves.escl.fr\/wp2\/archi\/larchitecture-dans-le-monde\/etats-unis\/\" \/>\n<area shape=\"poly\" coords=\"291,149,284,150,290,154,290,160,298,161,304,159,302,145,293,145,290,149\" href=\"https:\/\/eleves.escl.fr\/wp2\/archi\/larchitecture-dans-le-monde\/france\/\" \/>\n<area shape=\"poly\" coords=\"324,165,327,172,330,175,331,171,328,164,325,164\" href=\"https:\/\/eleves.escl.fr\/wp2\/archi\/larchitecture-dans-le-monde\/grece\/\" \/>\n<area shape=\"poly\" coords=\"423,184,414,192,413,204,421,203,428,229,432,213,448,199,447,194,427,188,422,184\" href=\"https:\/\/eleves.escl.fr\/wp2\/archi\/larchitecture-dans-le-monde\/inde\/\" \/>\n<area shape=\"poly\" coords=\"306,155,312,153,313,157,321,167,317,168,309,163,305,158\" href=\"https:\/\/eleves.escl.fr\/wp2\/archi\/larchitecture-dans-le-monde\/italie\/\" \/>\n<area shape=\"poly\" coords=\"322,92,311,97,309,111,299,118,302,127,312,123,321,93\" href=\"https:\/\/eleves.escl.fr\/wp2\/archi\/larchitecture-dans-le-monde\/norvege\/\" \/>\n<area shape=\"poly\" coords=\"286,125,278,137,278,141,289,146,295,144,287,126\" href=\"https:\/\/eleves.escl.fr\/wp2\/archi\/larchitecture-dans-le-monde\/royaume-uni\/\" \/>\n<area shape=\"poly\" coords=\"304,149,304,155,312,151,311,147,303,148\" href=\"https:\/\/eleves.escl.fr\/wp2\/archi\/larchitecture-dans-le-monde\/suisse\/\" \/>\n<area shape=\"poly\" coords=\"606,268,597,279,606,286,611,275,606,268\" href=\"https:\/\/eleves.escl.fr\/wp2\/archi\/larchitecture-dans-le-monde\/tahiti\/\" \/>\n<\/map>\n<\/div>\n","protected":false},"excerpt":{"rendered":"<p>Un&nbsp;architecte est un professionnel qualifi\u00e9 qui prend en charge toutes les \u00e9tapes de la construction d&rsquo;un b\u00e2timent, de la conception, jusqu&rsquo;\u00e0 la livraison du projet \u00e0 son client, en passant par le suivi scrupuleux des travaux. Sommaire Cliquez sur les mots pour d\u00e9couvrir la page Les \u00e9tudes Les comp\u00e9tences Les branches Le salaire Les cr\u00e9ations [&hellip;]<\/p>\n","protected":false},"author":38,"featured_media":0,"parent":0,"menu_order":0,"comment_status":"closed","ping_status":"closed","template":"","meta":{"footnotes":""},"class_list":["post-18","page","type-page","status-publish","hentry"],"_links":{"self":[{"href":"https:\/\/eleves.escl.fr\/wp2\/archi\/wp-json\/wp\/v2\/pages\/18","targetHints":{"allow":["GET"]}}],"collection":[{"href":"https:\/\/eleves.escl.fr\/wp2\/archi\/wp-json\/wp\/v2\/pages"}],"about":[{"href":"https:\/\/eleves.escl.fr\/wp2\/archi\/wp-json\/wp\/v2\/types\/page"}],"author":[{"embeddable":true,"href":"https:\/\/eleves.escl.fr\/wp2\/archi\/wp-json\/wp\/v2\/users\/38"}],"replies":[{"embeddable":true,"href":"https:\/\/eleves.escl.fr\/wp2\/archi\/wp-json\/wp\/v2\/comments?post=18"}],"version-history":[{"count":25,"href":"https:\/\/eleves.escl.fr\/wp2\/archi\/wp-json\/wp\/v2\/pages\/18\/revisions"}],"predecessor-version":[{"id":270,"href":"https:\/\/eleves.escl.fr\/wp2\/archi\/wp-json\/wp\/v2\/pages\/18\/revisions\/270"}],"wp:attachment":[{"href":"https:\/\/eleves.escl.fr\/wp2\/archi\/wp-json\/wp\/v2\/media?parent=18"}],"curies":[{"name":"wp","href":"https:\/\/api.w.org\/{rel}","templated":true}]}}