{"id":35,"date":"2026-01-06T14:10:29","date_gmt":"2026-01-06T13:10:29","guid":{"rendered":"https:\/\/eleves.escl.fr\/wp2\/archi\/?page_id=35"},"modified":"2026-02-17T13:54:48","modified_gmt":"2026-02-17T12:54:48","slug":"les-etudes","status":"publish","type":"page","link":"https:\/\/eleves.escl.fr\/wp2\/archi\/larchitecture\/les-etudes\/","title":{"rendered":"Les \u00e9tudes"},"content":{"rendered":"\n<p><strong>Etudes d&rsquo;architecture :<\/strong><\/p>\n\n\n\n<p>Pour devenir architecte, il faut suivre des \u00e9tudes sup\u00e9rieures sp\u00e9cialis\u00e9es. Elles permettent d&rsquo;apprendre \u00e0 concevoir des b\u00e2timents, \u00e0 dessiner des plans, \u00e0 comprendre les r\u00e8gles de constructions et \u00e0 travailler sur des projets concrets.<\/p>\n\n\n\n<p>Les \u00e9tudes durent en g\u00e9n\u00e9ral<strong> 5 ans apr\u00e8s le bac<\/strong> dans une \u00e9cole nationale sup\u00e9rieure d&rsquo;architecture. Elles comprennent des cours de dessin, de construction, d&rsquo;histoire de l&rsquo;architecture, d&rsquo;urbanisme et d&rsquo;\u00e9cologie.<\/p>\n\n\n\n<p><strong>Architecte salari\u00e9 :<\/strong><\/p>\n\n\n\n<p>Pour \u00eatre architecte salari\u00e9, il faut obtenir le dipl\u00f4me d&rsquo;<strong>Etat d&rsquo;architecte<\/strong>    <strong>(bac +5)<\/strong>. Une fois dipl\u00f4m\u00e9, l&rsquo;architecte peut travailler dans une agence sans obligation de s&rsquo;inscrite \u00e0 l&rsquo;Ordre.<\/p>\n\n\n\n<p><strong>Architecte ind\u00e9pendant :<\/strong><\/p>\n\n\n\n<p>Pour exercer en tant qu&rsquo;architecte ind\u00e9pendant, il faut le dipl\u00f4me d&rsquo;Etat + une ann\u00e9e suppl\u00e9mentaire appel\u00e9e <strong>HMONP<\/strong> (habilitation \u00e0 la ma\u00eetrise d&rsquo;oeuvre en son nom propre). Cette formation permet d&rsquo;avoir le droit de signer les projets et de s&rsquo;inscrire \u00e0 l&rsquo;Ordre des architectes.<\/p>\n\n\n\n<p><strong>Architecte d&rsquo;int\u00e9rieur :<\/strong><\/p>\n\n\n\n<p>L&rsquo;architecte d&rsquo;int\u00e9rieur suit des \u00e9tudes diff\u00e9rentes. Il existe des formations de <strong>3 \u00e0 5 ans<\/strong> apr\u00e8s le bac, dans les \u00e9coles sp\u00e9cialis\u00e9es. Ces \u00e9tudes sont centr\u00e9es sur l&rsquo;am\u00e9nagement int\u00e9rieur, le design, la d\u00e9coration et les volumes.  <\/p>\n","protected":false},"excerpt":{"rendered":"<p>Etudes d&rsquo;architecture : Pour devenir architecte, il faut suivre des \u00e9tudes sup\u00e9rieures sp\u00e9cialis\u00e9es. Elles permettent d&rsquo;apprendre \u00e0 concevoir des b\u00e2timents, \u00e0 dessiner des plans, \u00e0 comprendre les r\u00e8gles de constructions et \u00e0 travailler sur des projets concrets. Les \u00e9tudes durent en g\u00e9n\u00e9ral 5 ans apr\u00e8s le bac dans une \u00e9cole nationale sup\u00e9rieure d&rsquo;architecture. Elles comprennent [&hellip;]<\/p>\n","protected":false},"author":38,"featured_media":0,"parent":18,"menu_order":0,"comment_status":"closed","ping_status":"closed","template":"","meta":{"footnotes":""},"class_list":["post-35","page","type-page","status-publish","hentry"],"_links":{"self":[{"href":"https:\/\/eleves.escl.fr\/wp2\/archi\/wp-json\/wp\/v2\/pages\/35","targetHints":{"allow":["GET"]}}],"collection":[{"href":"https:\/\/eleves.escl.fr\/wp2\/archi\/wp-json\/wp\/v2\/pages"}],"about":[{"href":"https:\/\/eleves.escl.fr\/wp2\/archi\/wp-json\/wp\/v2\/types\/page"}],"author":[{"embeddable":true,"href":"https:\/\/eleves.escl.fr\/wp2\/archi\/wp-json\/wp\/v2\/users\/38"}],"replies":[{"embeddable":true,"href":"https:\/\/eleves.escl.fr\/wp2\/archi\/wp-json\/wp\/v2\/comments?post=35"}],"version-history":[{"count":2,"href":"https:\/\/eleves.escl.fr\/wp2\/archi\/wp-json\/wp\/v2\/pages\/35\/revisions"}],"predecessor-version":[{"id":82,"href":"https:\/\/eleves.escl.fr\/wp2\/archi\/wp-json\/wp\/v2\/pages\/35\/revisions\/82"}],"up":[{"embeddable":true,"href":"https:\/\/eleves.escl.fr\/wp2\/archi\/wp-json\/wp\/v2\/pages\/18"}],"wp:attachment":[{"href":"https:\/\/eleves.escl.fr\/wp2\/archi\/wp-json\/wp\/v2\/media?parent=35"}],"curies":[{"name":"wp","href":"https:\/\/api.w.org\/{rel}","templated":true}]}}