{"id":37,"date":"2026-01-06T14:09:48","date_gmt":"2026-01-06T13:09:48","guid":{"rendered":"https:\/\/eleves.escl.fr\/wp2\/archi\/?page_id=37"},"modified":"2026-02-17T13:54:33","modified_gmt":"2026-02-17T12:54:33","slug":"les-competences","status":"publish","type":"page","link":"https:\/\/eleves.escl.fr\/wp2\/archi\/larchitecture\/les-competences\/","title":{"rendered":"Les comp\u00e9tences"},"content":{"rendered":"\n<p>Le m\u00e9tier d&rsquo;architecte repose sur un ensemble de comp\u00e9tences essentielles, nous allons en voir quelques unes :<\/p>\n\n\n\n<ul class=\"wp-block-list\">\n<li>Cr\u00e9ativit\u00e9 et sens esth\u00e9tique                                                               Indispensables pour imaginer des espaces fonctionnels, harmonieux et adapt\u00e9s aux usages.<\/li>\n<\/ul>\n\n\n\n<ul class=\"wp-block-list\">\n<li>Comp\u00e9tences techniques et r\u00e8glementaires                                            N\u00e9cessaires pour garantir la faisabilit\u00e9 des projets, la s\u00e9curit\u00e9 des constructions et le respect des normes en vigueur.<\/li>\n<\/ul>\n\n\n\n<ul class=\"wp-block-list\">\n<li>Organisation et rigueur                                                                       Essentielles pour g\u00e9rer des projets complexes, respecter des d\u00e9lais, les budgets et coordonner les diff\u00e9rentes \u00e9tapes<\/li>\n<\/ul>\n\n\n\n<ul class=\"wp-block-list\">\n<li>Capacit\u00e9 de communication et d&rsquo;\u00e9coute                                                       Permettent de comprendre les besoins des clients, d&rsquo;expliquer les choix architecturaux et de travailler efficacement avec les diff\u00e9rents intervenants.<\/li>\n<\/ul>\n\n\n\n<p><\/p>\n","protected":false},"excerpt":{"rendered":"<p>Le m\u00e9tier d&rsquo;architecte repose sur un ensemble de comp\u00e9tences essentielles, nous allons en voir quelques unes :<\/p>\n","protected":false},"author":38,"featured_media":0,"parent":18,"menu_order":0,"comment_status":"closed","ping_status":"closed","template":"","meta":{"footnotes":""},"class_list":["post-37","page","type-page","status-publish","hentry"],"_links":{"self":[{"href":"https:\/\/eleves.escl.fr\/wp2\/archi\/wp-json\/wp\/v2\/pages\/37","targetHints":{"allow":["GET"]}}],"collection":[{"href":"https:\/\/eleves.escl.fr\/wp2\/archi\/wp-json\/wp\/v2\/pages"}],"about":[{"href":"https:\/\/eleves.escl.fr\/wp2\/archi\/wp-json\/wp\/v2\/types\/page"}],"author":[{"embeddable":true,"href":"https:\/\/eleves.escl.fr\/wp2\/archi\/wp-json\/wp\/v2\/users\/38"}],"replies":[{"embeddable":true,"href":"https:\/\/eleves.escl.fr\/wp2\/archi\/wp-json\/wp\/v2\/comments?post=37"}],"version-history":[{"count":3,"href":"https:\/\/eleves.escl.fr\/wp2\/archi\/wp-json\/wp\/v2\/pages\/37\/revisions"}],"predecessor-version":[{"id":160,"href":"https:\/\/eleves.escl.fr\/wp2\/archi\/wp-json\/wp\/v2\/pages\/37\/revisions\/160"}],"up":[{"embeddable":true,"href":"https:\/\/eleves.escl.fr\/wp2\/archi\/wp-json\/wp\/v2\/pages\/18"}],"wp:attachment":[{"href":"https:\/\/eleves.escl.fr\/wp2\/archi\/wp-json\/wp\/v2\/media?parent=37"}],"curies":[{"name":"wp","href":"https:\/\/api.w.org\/{rel}","templated":true}]}}