{"id":41,"date":"2026-01-06T14:09:18","date_gmt":"2026-01-06T13:09:18","guid":{"rendered":"https:\/\/eleves.escl.fr\/wp2\/archi\/?page_id=41"},"modified":"2026-02-17T13:54:11","modified_gmt":"2026-02-17T12:54:11","slug":"le-salaire","status":"publish","type":"page","link":"https:\/\/eleves.escl.fr\/wp2\/archi\/larchitecture\/le-salaire\/","title":{"rendered":"Le salaire"},"content":{"rendered":"\n<p><strong>Architecte en agence\/salari\u00e9 :<\/strong><\/p>\n\n\n\n<p>L&rsquo;architecte salari\u00e9 travail dans une agence d&rsquo;architecture. En d\u00e9but de carri\u00e8re, il gagne environ <strong>2 200<\/strong> \u00e0 <strong>2 500\u20ac<\/strong> par mois. Avec de l&rsquo;exp\u00e9rience, son salaire peut augmenter jusqu&rsquo;\u00e0 <strong>3 500<\/strong> ou <strong>4 000\u20ac<\/strong> par mois selon les responsabilit\u00e9s et la taille de l&rsquo;agence.<\/p>\n\n\n\n<p><strong>Architecte ind\u00e9pendant :<\/strong><\/p>\n\n\n\n<p>L&rsquo;architecte ind\u00e9pendant travaille \u00e0 son compte. Son salaire varie beaucoup selon le nombre de projets et sa notori\u00e9t\u00e9. Au d\u00e9but, ses revenus peuvent \u00eatre faibles, autour de <strong>1 800<\/strong> \u00e0 <strong>2 500\u20ac<\/strong> par mois, mais ils peuvent d\u00e9passer les <strong>5 000\u20ac<\/strong> par mois lorsqu&rsquo;ils sont bien install\u00e9.<\/p>\n\n\n\n<p><strong>Architecte d&rsquo;int\u00e9rieur :<\/strong><\/p>\n\n\n\n<p>L&rsquo;architecte d&rsquo;int\u00e9rieur con\u00e7oit et am\u00e9nage les espaces int\u00e9rieurs. Son salaire est d&rsquo;environ <strong>2 000<\/strong> \u00e0 <strong>3 500\u20ac<\/strong> par mois, mais il peut \u00eatre plus \u00e9lev\u00e9 pour les professionnels reconnus ou travaillant \u00e0 leur compte.<\/p>\n\n\n\n<p><\/p>\n","protected":false},"excerpt":{"rendered":"<p>Architecte en agence\/salari\u00e9 : L&rsquo;architecte salari\u00e9 travail dans une agence d&rsquo;architecture. En d\u00e9but de carri\u00e8re, il gagne environ 2 200 \u00e0 2 500\u20ac par mois. Avec de l&rsquo;exp\u00e9rience, son salaire peut augmenter jusqu&rsquo;\u00e0 3 500 ou 4 000\u20ac par mois selon les responsabilit\u00e9s et la taille de l&rsquo;agence. Architecte ind\u00e9pendant : L&rsquo;architecte ind\u00e9pendant travaille \u00e0 [&hellip;]<\/p>\n","protected":false},"author":38,"featured_media":0,"parent":18,"menu_order":0,"comment_status":"closed","ping_status":"closed","template":"","meta":{"footnotes":""},"class_list":["post-41","page","type-page","status-publish","hentry"],"_links":{"self":[{"href":"https:\/\/eleves.escl.fr\/wp2\/archi\/wp-json\/wp\/v2\/pages\/41","targetHints":{"allow":["GET"]}}],"collection":[{"href":"https:\/\/eleves.escl.fr\/wp2\/archi\/wp-json\/wp\/v2\/pages"}],"about":[{"href":"https:\/\/eleves.escl.fr\/wp2\/archi\/wp-json\/wp\/v2\/types\/page"}],"author":[{"embeddable":true,"href":"https:\/\/eleves.escl.fr\/wp2\/archi\/wp-json\/wp\/v2\/users\/38"}],"replies":[{"embeddable":true,"href":"https:\/\/eleves.escl.fr\/wp2\/archi\/wp-json\/wp\/v2\/comments?post=41"}],"version-history":[{"count":2,"href":"https:\/\/eleves.escl.fr\/wp2\/archi\/wp-json\/wp\/v2\/pages\/41\/revisions"}],"predecessor-version":[{"id":71,"href":"https:\/\/eleves.escl.fr\/wp2\/archi\/wp-json\/wp\/v2\/pages\/41\/revisions\/71"}],"up":[{"embeddable":true,"href":"https:\/\/eleves.escl.fr\/wp2\/archi\/wp-json\/wp\/v2\/pages\/18"}],"wp:attachment":[{"href":"https:\/\/eleves.escl.fr\/wp2\/archi\/wp-json\/wp\/v2\/media?parent=41"}],"curies":[{"name":"wp","href":"https:\/\/api.w.org\/{rel}","templated":true}]}}