{"id":43,"date":"2026-01-06T14:09:55","date_gmt":"2026-01-06T13:09:55","guid":{"rendered":"https:\/\/eleves.escl.fr\/wp2\/archi\/?page_id=43"},"modified":"2026-02-17T13:54:41","modified_gmt":"2026-02-17T12:54:41","slug":"les-creations","status":"publish","type":"page","link":"https:\/\/eleves.escl.fr\/wp2\/archi\/larchitecture\/les-creations\/","title":{"rendered":"Les cr\u00e9ations"},"content":{"rendered":"\n<p>Les cr\u00e9ations architecturales, chaque projets est con\u00e7u comme une r\u00e9ponse unique \u00e0 un lieu, \u00e0 un usage et \u00e0 une vision. De la premi\u00e8re esquisse jusqu&rsquo;\u00e0 la r\u00e9alisation, ces cr\u00e9ations allient esth\u00e9tique, fonctionnalit\u00e9 et durabilit\u00e9.<\/p>\n\n\n\n<p>Qu&rsquo;il s&rsquo;agisse de logements, de b\u00e2timents publics ou d&rsquo;espaces professionnels, les architectures sont d\u00e9velopp\u00e9es sur mesure, en accordant une attention particuli\u00e8re aux d\u00e9tails, aux mat\u00e9riaux et \u00e0 l&rsquo;int\u00e9gration dans l&rsquo;environnement. Cette d\u00e9marche repose sur l&rsquo;\u00e9coute, l&rsquo;innovation et la volont\u00e9 de cr\u00e9er des espaces durables, adapt\u00e9s aux besoins d&rsquo;aujourd&rsquo;hui et de demain.<\/p>\n\n\n\n<figure class=\"wp-block-image size-full is-resized\"><img loading=\"lazy\" decoding=\"async\" width=\"300\" height=\"168\" src=\"https:\/\/eleves.escl.fr\/wp2\/archi\/wp-content\/uploads\/sites\/21\/2026\/02\/bureau-plan.jpg\" alt=\"\" class=\"wp-image-179\" style=\"aspect-ratio:1.7857948139797069;width:454px;height:auto\" \/><\/figure>\n\n\n\n<figure class=\"wp-block-image size-full is-resized\"><img loading=\"lazy\" decoding=\"async\" width=\"339\" height=\"149\" src=\"https:\/\/eleves.escl.fr\/wp2\/archi\/wp-content\/uploads\/sites\/21\/2026\/02\/logement.jpg\" alt=\"\" class=\"wp-image-181\" style=\"aspect-ratio:2.2753183747725894;width:455px;height:auto\" srcset=\"https:\/\/eleves.escl.fr\/wp2\/archi\/wp-content\/uploads\/sites\/21\/2026\/02\/logement.jpg 339w, https:\/\/eleves.escl.fr\/wp2\/archi\/wp-content\/uploads\/sites\/21\/2026\/02\/logement-300x132.jpg 300w\" sizes=\"auto, (max-width: 339px) 100vw, 339px\" \/><\/figure>\n\n\n\n<figure class=\"wp-block-image size-full is-resized\"><img loading=\"lazy\" decoding=\"async\" width=\"768\" height=\"920\" src=\"https:\/\/eleves.escl.fr\/wp2\/archi\/wp-content\/uploads\/sites\/21\/2026\/02\/plan.jpg\" alt=\"\" class=\"wp-image-182\" style=\"aspect-ratio:0.8347884627521932;width:456px;height:auto\" srcset=\"https:\/\/eleves.escl.fr\/wp2\/archi\/wp-content\/uploads\/sites\/21\/2026\/02\/plan.jpg 768w, https:\/\/eleves.escl.fr\/wp2\/archi\/wp-content\/uploads\/sites\/21\/2026\/02\/plan-250x300.jpg 250w\" sizes=\"auto, (max-width: 768px) 100vw, 768px\" \/><\/figure>\n","protected":false},"excerpt":{"rendered":"<p>Les cr\u00e9ations architecturales, chaque projets est con\u00e7u comme une r\u00e9ponse unique \u00e0 un lieu, \u00e0 un usage et \u00e0 une vision. De la premi\u00e8re esquisse jusqu&rsquo;\u00e0 la r\u00e9alisation, ces cr\u00e9ations allient esth\u00e9tique, fonctionnalit\u00e9 et durabilit\u00e9. Qu&rsquo;il s&rsquo;agisse de logements, de b\u00e2timents publics ou d&rsquo;espaces professionnels, les architectures sont d\u00e9velopp\u00e9es sur mesure, en accordant une attention [&hellip;]<\/p>\n","protected":false},"author":38,"featured_media":0,"parent":18,"menu_order":0,"comment_status":"closed","ping_status":"closed","template":"","meta":{"footnotes":""},"class_list":["post-43","page","type-page","status-publish","hentry"],"_links":{"self":[{"href":"https:\/\/eleves.escl.fr\/wp2\/archi\/wp-json\/wp\/v2\/pages\/43","targetHints":{"allow":["GET"]}}],"collection":[{"href":"https:\/\/eleves.escl.fr\/wp2\/archi\/wp-json\/wp\/v2\/pages"}],"about":[{"href":"https:\/\/eleves.escl.fr\/wp2\/archi\/wp-json\/wp\/v2\/types\/page"}],"author":[{"embeddable":true,"href":"https:\/\/eleves.escl.fr\/wp2\/archi\/wp-json\/wp\/v2\/users\/38"}],"replies":[{"embeddable":true,"href":"https:\/\/eleves.escl.fr\/wp2\/archi\/wp-json\/wp\/v2\/comments?post=43"}],"version-history":[{"count":3,"href":"https:\/\/eleves.escl.fr\/wp2\/archi\/wp-json\/wp\/v2\/pages\/43\/revisions"}],"predecessor-version":[{"id":187,"href":"https:\/\/eleves.escl.fr\/wp2\/archi\/wp-json\/wp\/v2\/pages\/43\/revisions\/187"}],"up":[{"embeddable":true,"href":"https:\/\/eleves.escl.fr\/wp2\/archi\/wp-json\/wp\/v2\/pages\/18"}],"wp:attachment":[{"href":"https:\/\/eleves.escl.fr\/wp2\/archi\/wp-json\/wp\/v2\/media?parent=43"}],"curies":[{"name":"wp","href":"https:\/\/api.w.org\/{rel}","templated":true}]}}