{"id":45,"date":"2026-01-06T14:08:50","date_gmt":"2026-01-06T13:08:50","guid":{"rendered":"https:\/\/eleves.escl.fr\/wp2\/archi\/?page_id=45"},"modified":"2026-02-17T13:53:51","modified_gmt":"2026-02-17T12:53:51","slug":"la-tenue-darchitecte","status":"publish","type":"page","link":"https:\/\/eleves.escl.fr\/wp2\/archi\/larchitecture\/la-tenue-darchitecte\/","title":{"rendered":"La tenue d&rsquo;architecte"},"content":{"rendered":"\n<p class=\"has-text-align-center\"><strong>Tenue de l&rsquo;architecte :<\/strong><\/p>\n\n\n\n<p>La tenue de l&rsquo;architecte doit \u00eatre \u00e0 la fois professionnelle et confortable. Elle d\u00e9pend du lieu de travail : bureau, rendez-vous client, chantier. L&rsquo;architecte doit pouvoir travailler longtemps tout en restant pr\u00e9sentables.<\/p>\n\n\n\n<p><\/p>\n\n\n\n<p class=\"has-text-align-center\"><strong>Tenue architecte salari\u00e9 :<\/strong><\/p>\n\n\n\n<p>En agence, l&rsquo;architecte porte souvent une tenue soign\u00e9e mais simple : pantalon, jean, chemise, pull ou blazer. La tenue est g\u00e9n\u00e9ralement sobre, moderne et adapt\u00e9e au travail sur ordinateur et aux r\u00e9unions.<\/p>\n\n\n\n<p><\/p>\n\n\n\n<p class=\"has-text-align-center\"><strong>Tenue architecte ind\u00e9pendant :<\/strong><\/p>\n\n\n\n<p>L&rsquo;architecte ind\u00e9pendant choisit librement sa tenue. Lors des rendez-vous clients, il privil\u00e9gie une tenue \u00e9l\u00e9gante et professionnelle. Au bureau, une tenue plus d\u00e9contract\u00e9e est possible, tant qu&rsquo;elle reste correcte.<\/p>\n\n\n\n<p><\/p>\n\n\n\n<p class=\"has-text-align-center\"><strong>Tenue sur chantier : <\/strong><\/p>\n\n\n\n<p>Sur un chantier, la s\u00e9curit\u00e9 est prioritaire. L&rsquo;architecte porte des chaussures de s\u00e9curit\u00e9, un casque, parfois un gilet fluorescent et des v\u00eatements r\u00e9sistants. Cette tenue permet de se prot\u00e9ger tout en contr\u00f4lant l&rsquo;avanc\u00e9 des travaux.<\/p>\n\n\n\n<p><\/p>\n\n\n\n<p class=\"has-text-align-center\"><strong>Tenue architecte d&rsquo;int\u00e9rieur : <\/strong><\/p>\n\n\n\n<p>L&rsquo;architecte d&rsquo;int\u00e9rieur adopte souvent une tenue cr\u00e9ative et moderne. Elle reste professionnelle mais peut \u00eatre plus originale, refl\u00e9tant le sens artistique du m\u00e9tier, tout en restant pratique pour les visites de chantiers et les d\u00e9placements.<\/p>\n\n\n\n<p><\/p>\n","protected":false},"excerpt":{"rendered":"<p>Tenue de l&rsquo;architecte : La tenue de l&rsquo;architecte doit \u00eatre \u00e0 la fois professionnelle et confortable. Elle d\u00e9pend du lieu de travail : bureau, rendez-vous client, chantier. L&rsquo;architecte doit pouvoir travailler longtemps tout en restant pr\u00e9sentables. Tenue architecte salari\u00e9 : En agence, l&rsquo;architecte porte souvent une tenue soign\u00e9e mais simple : pantalon, jean, chemise, pull [&hellip;]<\/p>\n","protected":false},"author":38,"featured_media":0,"parent":18,"menu_order":0,"comment_status":"closed","ping_status":"closed","template":"","meta":{"footnotes":""},"class_list":["post-45","page","type-page","status-publish","hentry"],"_links":{"self":[{"href":"https:\/\/eleves.escl.fr\/wp2\/archi\/wp-json\/wp\/v2\/pages\/45","targetHints":{"allow":["GET"]}}],"collection":[{"href":"https:\/\/eleves.escl.fr\/wp2\/archi\/wp-json\/wp\/v2\/pages"}],"about":[{"href":"https:\/\/eleves.escl.fr\/wp2\/archi\/wp-json\/wp\/v2\/types\/page"}],"author":[{"embeddable":true,"href":"https:\/\/eleves.escl.fr\/wp2\/archi\/wp-json\/wp\/v2\/users\/38"}],"replies":[{"embeddable":true,"href":"https:\/\/eleves.escl.fr\/wp2\/archi\/wp-json\/wp\/v2\/comments?post=45"}],"version-history":[{"count":3,"href":"https:\/\/eleves.escl.fr\/wp2\/archi\/wp-json\/wp\/v2\/pages\/45\/revisions"}],"predecessor-version":[{"id":75,"href":"https:\/\/eleves.escl.fr\/wp2\/archi\/wp-json\/wp\/v2\/pages\/45\/revisions\/75"}],"up":[{"embeddable":true,"href":"https:\/\/eleves.escl.fr\/wp2\/archi\/wp-json\/wp\/v2\/pages\/18"}],"wp:attachment":[{"href":"https:\/\/eleves.escl.fr\/wp2\/archi\/wp-json\/wp\/v2\/media?parent=45"}],"curies":[{"name":"wp","href":"https:\/\/api.w.org\/{rel}","templated":true}]}}