{"id":51,"date":"2026-01-06T14:09:38","date_gmt":"2026-01-06T13:09:38","guid":{"rendered":"https:\/\/eleves.escl.fr\/wp2\/archi\/?page_id=51"},"modified":"2026-02-17T13:54:25","modified_gmt":"2026-02-17T12:54:25","slug":"les-collaborateurs","status":"publish","type":"page","link":"https:\/\/eleves.escl.fr\/wp2\/archi\/larchitecture\/les-collaborateurs\/","title":{"rendered":"Les collaborateurs"},"content":{"rendered":"\n<p>L&rsquo;architecte ne travaille pas seul. Il est entour\u00e9 de plusieurs collaborateurs qui participent \u00e0 la conception et \u00e0 la r\u00e9alisation d&rsquo;un projet de construction.<\/p>\n\n\n\n<p>Parmi eux, on trouve les :<\/p>\n\n\n\n<ul class=\"wp-block-list\">\n<li>dessinateurs- projecteurs , qui r\u00e9alisent les plans techniques \u00e0 partir des id\u00e9es de l&rsquo;architecte<\/li>\n\n\n\n<li>architectectes collaborateurs, qui peuvent g\u00e9rer certaines parties du projet sous sa responsabilit\u00e9<\/li>\n<\/ul>\n\n\n\n<p>D&rsquo;autres professionnels interviennent \u00e9galement :<\/p>\n\n\n\n<ul class=\"wp-block-list\">\n<li>ing\u00e9nieurs pour la structure, l&rsquo;acoustique, le thermique<\/li>\n\n\n\n<li>\u00e9conomistes de la construction qui estiment les couts <\/li>\n\n\n\n<li>conducteurs de travaux charg\u00e9s du suivi du chantier <\/li>\n\n\n\n<li>bureaux d&rsquo;\u00e9tudes\/entreprises de construction jouent un role lors de la mise en oeuvre du projet <\/li>\n<\/ul>\n\n\n\n<p>Grace \u00e0 ce travail d&rsquo;\u00e9quipe, l&rsquo;architecte peut concevoir des b\u00e2timents fonctionnels, surs et adapt\u00e9s aux besoin du client.<\/p>\n","protected":false},"excerpt":{"rendered":"<p>L&rsquo;architecte ne travaille pas seul. Il est entour\u00e9 de plusieurs collaborateurs qui participent \u00e0 la conception et \u00e0 la r\u00e9alisation d&rsquo;un projet de construction. Parmi eux, on trouve les : D&rsquo;autres professionnels interviennent \u00e9galement : Grace \u00e0 ce travail d&rsquo;\u00e9quipe, l&rsquo;architecte peut concevoir des b\u00e2timents fonctionnels, surs et adapt\u00e9s aux besoin du client.<\/p>\n","protected":false},"author":38,"featured_media":0,"parent":18,"menu_order":0,"comment_status":"closed","ping_status":"closed","template":"","meta":{"footnotes":""},"class_list":["post-51","page","type-page","status-publish","hentry"],"_links":{"self":[{"href":"https:\/\/eleves.escl.fr\/wp2\/archi\/wp-json\/wp\/v2\/pages\/51","targetHints":{"allow":["GET"]}}],"collection":[{"href":"https:\/\/eleves.escl.fr\/wp2\/archi\/wp-json\/wp\/v2\/pages"}],"about":[{"href":"https:\/\/eleves.escl.fr\/wp2\/archi\/wp-json\/wp\/v2\/types\/page"}],"author":[{"embeddable":true,"href":"https:\/\/eleves.escl.fr\/wp2\/archi\/wp-json\/wp\/v2\/users\/38"}],"replies":[{"embeddable":true,"href":"https:\/\/eleves.escl.fr\/wp2\/archi\/wp-json\/wp\/v2\/comments?post=51"}],"version-history":[{"count":5,"href":"https:\/\/eleves.escl.fr\/wp2\/archi\/wp-json\/wp\/v2\/pages\/51\/revisions"}],"predecessor-version":[{"id":156,"href":"https:\/\/eleves.escl.fr\/wp2\/archi\/wp-json\/wp\/v2\/pages\/51\/revisions\/156"}],"up":[{"embeddable":true,"href":"https:\/\/eleves.escl.fr\/wp2\/archi\/wp-json\/wp\/v2\/pages\/18"}],"wp:attachment":[{"href":"https:\/\/eleves.escl.fr\/wp2\/archi\/wp-json\/wp\/v2\/media?parent=51"}],"curies":[{"name":"wp","href":"https:\/\/api.w.org\/{rel}","templated":true}]}}