{"id":110,"date":"2025-05-17T13:03:05","date_gmt":"2025-05-17T11:03:05","guid":{"rendered":"https:\/\/eleves.escl.fr\/wp2\/bijoux\/?page_id=110"},"modified":"2025-05-20T13:30:05","modified_gmt":"2025-05-20T11:30:05","slug":"fleur-en-resine","status":"publish","type":"page","link":"https:\/\/eleves.escl.fr\/wp2\/bijoux\/fleur-en-resine\/","title":{"rendered":"fleur en r\u00e9sine"},"content":{"rendered":"\n<h2 class=\"wp-block-heading\">Comment mettre des fleurs en r\u00e9sine ?<\/h2>\n\n\n\n<p>Si vous craquez pour des bijoux avec des vraies fleurs prises dans de la\u00a0r\u00e9sine, cette fiche technique est pour vous. De nombreuses cr\u00e9ations v\u00e9g\u00e9tales sont possibles avec des\u00a0fleurs s\u00e9ch\u00e9es, quelles soient aplaties ou en volume, sous forme de perles, cabochons ou en tubes. Vous pouvez vous servir seulement des p\u00e9tales en les agr\u00e9mentant de feuilles d&rsquo;or. Il existe de nombreux\u00a0moules\u00a0pour faire des inclusions mais vous pouvez aussi vous servir juste de\u00a0sertis\u00a0et m\u00eame juste recouvrir votre v\u00e9g\u00e9tal de r\u00e9sine.<\/p>\n\n\n\n<figure class=\"wp-block-image\"><img decoding=\"async\" src=\"https:\/\/www.perlesandco.com\/images\/pratiques2\/images\/Fiches\/resine\/Comment-resiner-des-fleurs\/resiner-des-fleurs-sechees-pinterest.jpg\" alt=\"comment utiliser la r\u00e9sine avec des fleurs\" \/><\/figure>\n\n\n\n<h2 class=\"wp-block-heading\">Quelles fleurs utiliser pour des bijoux ou des d\u00e9corations en r\u00e9sine&nbsp;?<\/h2>\n\n\n\n<p>Tout v\u00e9g\u00e9tal recouvert ou directement plong\u00e9 dans de la r\u00e9sine doit imp\u00e9rativement \u00eatre sec. Si jamais les fleurs fra\u00eeches \u00e9taient plong\u00e9es dans de la r\u00e9sine, elles pourriraient petit \u00e0 petit ou emp\u00eacheraient la r\u00e9sine de catalyser. Vous pouvez trouver des fleurs s\u00e9ch\u00e9es directement pr\u00eates \u00e0 \u00eatre utilis\u00e9es dans la cat\u00e9gorie des v\u00e9g\u00e9taux et stickers, certaines sont plates, d&rsquo;autres ont gard\u00e9 leur forme d&rsquo;origine tout en volume.<\/p>\n\n\n\n<p>Vous pouvez bien sur vous servir des fleurs de votre jardin ou d&rsquo;un bouquet offert. \u00c0 partir du moment o\u00f9 vous les faites s\u00e9cher, il n&rsquo;y aura aucun probl\u00e8me. Le s\u00e9chage peut \u00eatre fait rapidement en posant des v\u00e9g\u00e9taux sur un lit de billes de gel de silice. Vous pouvez suspendre votre bouquet \u00e0 l&rsquo;envers ou encore \u00e9craser vos fleurs dans un livre pendant quelques jours.<\/p>\n\n\n\n<h2 class=\"wp-block-heading\">Les inclusions de fleurs dans des tubes, des perles et des sph\u00e8res<\/h2>\n\n\n\n<h3 class=\"wp-block-heading\">1- Avec de la r\u00e9sine UV et UV led<\/h3>\n\n\n\n<p>D\u00e8s que l&rsquo;on parle de moules pour la r\u00e9sine UV, vous devez vous assurez qu&rsquo;ils soient blanc translucide, sinon la lumi\u00e8re qui permet de catalyser ne pourra pas traverser la mati\u00e8re.<\/p>\n\n\n\n<p>Les v\u00e9g\u00e9taux secs sont tr\u00e8s l\u00e9gers et d\u00e8s que l&rsquo;on met de la r\u00e9sine, ils remontent \u00e0 la surface ce qui peut consid\u00e9rablement g\u00e2cher votre cr\u00e9ation. Pour \u00e9viter cela, mettez d&rsquo;abord quelques gouttes au fond du moule puis d\u2019ins\u00e9rer votre tige ou votre fleur de mani\u00e8re \u00e0 ce qu&rsquo;une partie soit en contact avec la r\u00e9sine, puis faites catalyser sous lampe ou au soleil pour immobiliser une fleur. Vous devez ensuite remplir le contenant jusqu&rsquo;en haut. Ce tutoriel\u00a0pendentif pointe en r\u00e9sine\u00a0vous montrera comment r\u00e9aliser ce genre de cr\u00e9ations.<\/p>\n\n\n\n<h3 class=\"wp-block-heading\">2- Avec de la r\u00e9sine \u00e9poxy bi-composant<\/h3>\n\n\n\n<p>Vous pouvez faire la m\u00eame chose avec cette r\u00e9sine \u00e9poxy mais sachant qu&rsquo;elle met 24 h \u00e0 catalyser cela rallonge consid\u00e9rablement le temps de cr\u00e9ation.<\/p>\n\n\n\n<p>L&rsquo;astuce est d&rsquo;utiliser un objet pour maintenir la tige dans la r\u00e9sine sans quelle remonte. Par exemple maintenez la tige au moyen de b\u00e2tonnets en bois sur la surface du moule pour bloquer la fleur ou la tige comme dans le tutoriel pour faire un presse-papier.<\/p>\n\n\n\n<figure class=\"wp-block-image\"><a href=\"https:\/\/www.perlesandco.com\/tutoriels\/t15501-pendentif-pointe-en-resine-avec-feuille-d-or-et-vegetaux.html\"><img decoding=\"async\" src=\"https:\/\/www.perlesandco.com\/images\/pratiques2\/images\/Fiches\/resine\/Comment-resiner-des-fleurs\/resiner-des-fleurs-sechees-inclusion.jpg\" alt=\"Inclusion de fleurs s\u00e9ch\u00e9es avec moules\" \/><\/a><\/figure>\n\n\n\n<h2 class=\"wp-block-heading\">Quels sont les probl\u00e8mes que l&rsquo;on peut rencontrer avec les inclusions de fleurs&nbsp;?<\/h2>\n\n\n\n<p>1-&nbsp;<em>Apparition de bulles<\/em>, vous devez rapprocher une flamme de la surface de la r\u00e9sine, les bulles se dissiperont.<br>2-&nbsp;<em>Des changements dans les couleurs<\/em>&nbsp;dus aux composants de la r\u00e9sine, la r\u00e9sine UV d\u00e9colore moins les fleurs que la r\u00e9sine \u00e9poxy.<\/p>\n\n\n\n<h2 class=\"wp-block-heading\">R\u00e9siner des fleurs sans moule<\/h2>\n\n\n\n<p>Vous pouvez utiliser des sertis en vous servant d&rsquo;un tapis de modelage en silicone. Placez votre serti en vous assurant qu&rsquo;il ne soit pas bomb\u00e9, il faut que tout le serti soit bien en contact avec le tapis. Placez le serti, coulez un peu de r\u00e9sine, placez votre fleur puis recouvrez de nouveau de r\u00e9sine. Une fois catalys\u00e9 il faudra retourner la cr\u00e9ation et refaire une coul\u00e9e de l&rsquo;autre c\u00f4t\u00e9. Cette technique est bien plus adapt\u00e9e \u00e0 la r\u00e9sine UV car elle est de consistance plus \u00e9paisse que la r\u00e9sine \u00e9poxy. Vous pouvez retrouver plusieurs tutoriels vous montrant ce pas \u00e0 pas comme par exemple cette bague ou encore ce pendentif.<\/p>\n\n\n\n<h3 class=\"wp-block-heading\"><a href=\"https:\/\/www.perlesandco.com\/tutoriels\/t7911-bracelet-vegetal-resine-uv-led.html\"><\/a><\/h3>\n\n\n\n<h2 class=\"wp-block-heading\">R\u00e9siner seulement le v\u00e9g\u00e9tal<\/h2>\n\n\n\n<p>Il est possible de recouvrir une fleur avec de la r\u00e9sine sans que cela soit une inclusion mais plut\u00f4t comme un nappage, un vernis. Vous pouvez utiliser les deux sortes de r\u00e9sines en sachant qu&rsquo;il vaut mieux attendre que la r\u00e9sine \u00e9poxy s&rsquo;\u00e9paississe en attendant 2h apr\u00e8s avoir fait le m\u00e9lange sinon \u00e7a coule partout, la r\u00e9sine \u00e9poxy de nappage peut \u00eatre celle qui convient le mieux plut\u00f4t que la r\u00e9sine d&rsquo;inclusion comme la cristal.<\/p>\n\n\n\n<p>Pour la r\u00e9sine UV elle est assez consistante pour pouvoir recouvrir parfaitement votre fleur sans coulure. Il faudra aussi faire le deuxi\u00e8me cot\u00e9 que ce soit avec la r\u00e9sine UV ou l&rsquo;\u00e9poxy.<\/p>\n\n\n\n<p>Regardez cette vid\u00e9o o\u00f9 l&rsquo;on\u00a0recouvre un myosotis de r\u00e9sine UV\u00a0pour d\u00e9corer des cr\u00e9oles.<\/p>\n\n\n\n<figure class=\"wp-block-image\"><img decoding=\"async\" src=\"https:\/\/www.perlesandco.com\/images\/pratiques2\/images\/Fiches\/resine\/Comment-resiner-des-fleurs\/resiner-des-feuilles.jpg\" alt=\"R\u00e9siner seulement le v\u00e9g\u00e9tal\" \/><\/figure>\n","protected":false},"excerpt":{"rendered":"<p>Comment mettre des fleurs en r\u00e9sine ? Si vous craquez pour des bijoux avec des vraies fleurs prises dans de la\u00a0r\u00e9sine, cette fiche technique est pour vous. De nombreuses cr\u00e9ations v\u00e9g\u00e9tales sont possibles avec des\u00a0fleurs s\u00e9ch\u00e9es, quelles soient aplaties ou en volume, sous forme de perles, cabochons ou en tubes. Vous pouvez vous servir seulement [&hellip;]<\/p>\n","protected":false},"author":17,"featured_media":0,"parent":0,"menu_order":0,"comment_status":"closed","ping_status":"closed","template":"","meta":{"footnotes":""},"class_list":["post-110","page","type-page","status-publish","hentry"],"_links":{"self":[{"href":"https:\/\/eleves.escl.fr\/wp2\/bijoux\/wp-json\/wp\/v2\/pages\/110","targetHints":{"allow":["GET"]}}],"collection":[{"href":"https:\/\/eleves.escl.fr\/wp2\/bijoux\/wp-json\/wp\/v2\/pages"}],"about":[{"href":"https:\/\/eleves.escl.fr\/wp2\/bijoux\/wp-json\/wp\/v2\/types\/page"}],"author":[{"embeddable":true,"href":"https:\/\/eleves.escl.fr\/wp2\/bijoux\/wp-json\/wp\/v2\/users\/17"}],"replies":[{"embeddable":true,"href":"https:\/\/eleves.escl.fr\/wp2\/bijoux\/wp-json\/wp\/v2\/comments?post=110"}],"version-history":[{"count":4,"href":"https:\/\/eleves.escl.fr\/wp2\/bijoux\/wp-json\/wp\/v2\/pages\/110\/revisions"}],"predecessor-version":[{"id":134,"href":"https:\/\/eleves.escl.fr\/wp2\/bijoux\/wp-json\/wp\/v2\/pages\/110\/revisions\/134"}],"wp:attachment":[{"href":"https:\/\/eleves.escl.fr\/wp2\/bijoux\/wp-json\/wp\/v2\/media?parent=110"}],"curies":[{"name":"wp","href":"https:\/\/api.w.org\/{rel}","templated":true}]}}