{"id":82,"date":"2025-04-08T14:50:53","date_gmt":"2025-04-08T12:50:53","guid":{"rendered":"https:\/\/eleves.escl.fr\/wp2\/bijoux\/?page_id=82"},"modified":"2025-05-20T14:12:49","modified_gmt":"2025-05-20T12:12:49","slug":"bracelet-fin-or-bleu-et-blanc","status":"publish","type":"page","link":"https:\/\/eleves.escl.fr\/wp2\/bijoux\/bracelet-fin-or-bleu-et-blanc\/","title":{"rendered":"Bracelet fin or, bleu et blanc"},"content":{"rendered":"\n<figure class=\"wp-block-image size-full\"><img loading=\"lazy\" decoding=\"async\" width=\"663\" height=\"606\" src=\"https:\/\/eleves.escl.fr\/wp2\/bijoux\/wp-content\/uploads\/sites\/15\/2025\/04\/Capture-decran-1.png\" alt=\"\" class=\"wp-image-84\" srcset=\"https:\/\/eleves.escl.fr\/wp2\/bijoux\/wp-content\/uploads\/sites\/15\/2025\/04\/Capture-decran-1.png 663w, https:\/\/eleves.escl.fr\/wp2\/bijoux\/wp-content\/uploads\/sites\/15\/2025\/04\/Capture-decran-1-300x274.png 300w\" sizes=\"auto, (max-width: 663px) 100vw, 663px\" \/><\/figure>\n\n\n\n<h2 class=\"wp-block-heading\">Mat\u00e9riaux recommand\u00e9s<\/h2>\n\n\n\n<figure class=\"wp-block-image size-full\"><img loading=\"lazy\" decoding=\"async\" width=\"194\" height=\"259\" src=\"https:\/\/eleves.escl.fr\/wp2\/bijoux\/wp-content\/uploads\/sites\/15\/2025\/05\/perles-aventurine.jpg\" alt=\"\" class=\"wp-image-103\" \/><figcaption class=\"wp-element-caption\">perles en aventurine verte<\/figcaption><\/figure>\n\n\n\n<figure class=\"wp-block-image size-large is-resized\"><img loading=\"lazy\" decoding=\"async\" width=\"1024\" height=\"768\" src=\"https:\/\/eleves.escl.fr\/wp2\/bijoux\/wp-content\/uploads\/sites\/15\/2025\/05\/perle-trensparente-1024x768.jpg\" alt=\"\" class=\"wp-image-104\" style=\"width:365px;height:auto\" srcset=\"https:\/\/eleves.escl.fr\/wp2\/bijoux\/wp-content\/uploads\/sites\/15\/2025\/05\/perle-trensparente-1024x768.jpg 1024w, https:\/\/eleves.escl.fr\/wp2\/bijoux\/wp-content\/uploads\/sites\/15\/2025\/05\/perle-trensparente-300x225.jpg 300w, https:\/\/eleves.escl.fr\/wp2\/bijoux\/wp-content\/uploads\/sites\/15\/2025\/05\/perle-trensparente-768x576.jpg 768w, https:\/\/eleves.escl.fr\/wp2\/bijoux\/wp-content\/uploads\/sites\/15\/2025\/05\/perle-trensparente.jpg 1067w\" sizes=\"auto, (max-width: 1024px) 100vw, 1024px\" \/><figcaption class=\"wp-element-caption\">perles transparentes nacr\u00e9s<\/figcaption><\/figure>\n\n\n\n<figure class=\"wp-block-image size-full is-resized\"><img loading=\"lazy\" decoding=\"async\" width=\"1000\" height=\"1000\" src=\"https:\/\/eleves.escl.fr\/wp2\/bijoux\/wp-content\/uploads\/sites\/15\/2025\/05\/71gvUC0IJL._AC_UF10001000_QL80_.jpg\" alt=\"\" class=\"wp-image-105\" style=\"width:373px;height:auto\" srcset=\"https:\/\/eleves.escl.fr\/wp2\/bijoux\/wp-content\/uploads\/sites\/15\/2025\/05\/71gvUC0IJL._AC_UF10001000_QL80_.jpg 1000w, https:\/\/eleves.escl.fr\/wp2\/bijoux\/wp-content\/uploads\/sites\/15\/2025\/05\/71gvUC0IJL._AC_UF10001000_QL80_-300x300.jpg 300w, https:\/\/eleves.escl.fr\/wp2\/bijoux\/wp-content\/uploads\/sites\/15\/2025\/05\/71gvUC0IJL._AC_UF10001000_QL80_-150x150.jpg 150w, https:\/\/eleves.escl.fr\/wp2\/bijoux\/wp-content\/uploads\/sites\/15\/2025\/05\/71gvUC0IJL._AC_UF10001000_QL80_-768x768.jpg 768w\" sizes=\"auto, (max-width: 1000px) 100vw, 1000px\" \/><figcaption class=\"wp-element-caption\">perles dor\u00e9s<\/figcaption><\/figure>\n\n\n\n<figure class=\"wp-block-image size-large is-resized\"><img loading=\"lazy\" decoding=\"async\" width=\"1024\" height=\"1024\" src=\"https:\/\/eleves.escl.fr\/wp2\/bijoux\/wp-content\/uploads\/sites\/15\/2025\/05\/fermoir-or-1024x1024.jpg\" alt=\"\" class=\"wp-image-106\" style=\"width:375px;height:auto\" srcset=\"https:\/\/eleves.escl.fr\/wp2\/bijoux\/wp-content\/uploads\/sites\/15\/2025\/05\/fermoir-or-1024x1024.jpg 1024w, https:\/\/eleves.escl.fr\/wp2\/bijoux\/wp-content\/uploads\/sites\/15\/2025\/05\/fermoir-or-300x300.jpg 300w, https:\/\/eleves.escl.fr\/wp2\/bijoux\/wp-content\/uploads\/sites\/15\/2025\/05\/fermoir-or-150x150.jpg 150w, https:\/\/eleves.escl.fr\/wp2\/bijoux\/wp-content\/uploads\/sites\/15\/2025\/05\/fermoir-or-768x768.jpg 768w, https:\/\/eleves.escl.fr\/wp2\/bijoux\/wp-content\/uploads\/sites\/15\/2025\/05\/fermoir-or-1536x1536.jpg 1536w, https:\/\/eleves.escl.fr\/wp2\/bijoux\/wp-content\/uploads\/sites\/15\/2025\/05\/fermoir-or.jpg 1600w\" sizes=\"auto, (max-width: 1024px) 100vw, 1024px\" \/><figcaption class=\"wp-element-caption\">fermoirs dor\u00e9s<\/figcaption><\/figure>\n\n\n\n<p class=\"has-text-align-left\"><\/p>\n\n\n\n<h2 class=\"wp-block-heading\">Tutoriels<\/h2>\n\n\n\n<ul class=\"wp-block-list\">\n<li>prendre un fil et faire un noeud avec un anneau de fermoir<\/li>\n\n\n\n<li>passer une perle dor\u00e9 sur le fil ,et passer des perles en suivant le mod\u00e8le<\/li>\n\n\n\n<li>prendre un anneau de fermoir et attach\u00e9 l&rsquo;extr\u00e9mit\u00e9<\/li>\n\n\n\n<li>attacher \u00e0 l&rsquo;aide d&rsquo;une pince le fermoir<\/li>\n\n\n\n<li>de l&rsquo;autre cot\u00e9 ouvrez un anneau de la chainette \u00e0 l&rsquo;aide de deux pince et attacher le tout , pour \u00e9viter une d\u00e9formation ouvrez de cot\u00e9<\/li>\n<\/ul>\n","protected":false},"excerpt":{"rendered":"<p>Mat\u00e9riaux recommand\u00e9s Tutoriels<\/p>\n","protected":false},"author":17,"featured_media":0,"parent":0,"menu_order":0,"comment_status":"closed","ping_status":"closed","template":"","meta":{"footnotes":""},"class_list":["post-82","page","type-page","status-publish","hentry"],"_links":{"self":[{"href":"https:\/\/eleves.escl.fr\/wp2\/bijoux\/wp-json\/wp\/v2\/pages\/82","targetHints":{"allow":["GET"]}}],"collection":[{"href":"https:\/\/eleves.escl.fr\/wp2\/bijoux\/wp-json\/wp\/v2\/pages"}],"about":[{"href":"https:\/\/eleves.escl.fr\/wp2\/bijoux\/wp-json\/wp\/v2\/types\/page"}],"author":[{"embeddable":true,"href":"https:\/\/eleves.escl.fr\/wp2\/bijoux\/wp-json\/wp\/v2\/users\/17"}],"replies":[{"embeddable":true,"href":"https:\/\/eleves.escl.fr\/wp2\/bijoux\/wp-json\/wp\/v2\/comments?post=82"}],"version-history":[{"count":5,"href":"https:\/\/eleves.escl.fr\/wp2\/bijoux\/wp-json\/wp\/v2\/pages\/82\/revisions"}],"predecessor-version":[{"id":137,"href":"https:\/\/eleves.escl.fr\/wp2\/bijoux\/wp-json\/wp\/v2\/pages\/82\/revisions\/137"}],"wp:attachment":[{"href":"https:\/\/eleves.escl.fr\/wp2\/bijoux\/wp-json\/wp\/v2\/media?parent=82"}],"curies":[{"name":"wp","href":"https:\/\/api.w.org\/{rel}","templated":true}]}}