{"id":89,"date":"2025-05-06T14:23:56","date_gmt":"2025-05-06T12:23:56","guid":{"rendered":"https:\/\/eleves.escl.fr\/wp2\/bijoux\/?page_id=89"},"modified":"2025-05-20T13:31:58","modified_gmt":"2025-05-20T11:31:58","slug":"bracelet-vague-en-perles","status":"publish","type":"page","link":"https:\/\/eleves.escl.fr\/wp2\/bijoux\/bracelet-vague-en-perles\/","title":{"rendered":"bracelet vague en perles"},"content":{"rendered":"\n<figure class=\"wp-block-image size-full is-resized\"><img loading=\"lazy\" decoding=\"async\" width=\"567\" height=\"632\" src=\"https:\/\/eleves.escl.fr\/wp2\/bijoux\/wp-content\/uploads\/sites\/15\/2025\/03\/Capture-decran-2.png\" alt=\"\" class=\"wp-image-35\" style=\"width:620px;height:auto\" srcset=\"https:\/\/eleves.escl.fr\/wp2\/bijoux\/wp-content\/uploads\/sites\/15\/2025\/03\/Capture-decran-2.png 567w, https:\/\/eleves.escl.fr\/wp2\/bijoux\/wp-content\/uploads\/sites\/15\/2025\/03\/Capture-decran-2-269x300.png 269w\" sizes=\"auto, (max-width: 567px) 100vw, 567px\" \/><\/figure>\n\n\n\n<h2 class=\"wp-block-heading\">Comment faire un bracelet vagues en perles ?<\/h2>\n\n\n\n<p>Cr\u00e9ez un joli bracelet compos\u00e9 de\u00a0<strong>perles de rocailles dor\u00e9es<\/strong>\u00a0et de\u00a0perles rondes en c\u00e9ramique\u00a0roses. Dans ce tutoriel, je vous montre comment cr\u00e9er cet\u00a0<strong>effet vague avec des perles<\/strong>\u00a0de deux tailles diff\u00e9rentes. C&rsquo;est une technique tissage de perles tr\u00e8s simple \u00e0 reproduire. Pour donner cette impression d&rsquo;ondulation, on enfile une grosse perle sur un fil, suivi d&rsquo;une seule perle de rocailles. Sur le deuxi\u00e8me fil, on enfile des perles de rocailles pour suivre le contour de la moiti\u00e9 de la perle. Ce fil est ensuite pass\u00e9 dans la perle de rocaille sous la grosse perle pour cr\u00e9er une continuit\u00e9. On alterne ensuite les fils sur lesquels est plac\u00e9e la grosse perle et les autres perles de rocailles.<\/p>\n\n\n\n<p>Cette technique peut \u00eatre r\u00e9alis\u00e9e avec plein de perles diff\u00e9rentes. Par exemple, on peut aussi choisir des\u00a0perles ovales en c\u00e9ramique\u00a0et des\u00a0petites perles nacr\u00e9es\u00a0afin de cr\u00e9er un tout autre\u00a0<strong>bracelet en perles<\/strong>. Si vous ne souhaitez pas totalement modifier le bracelet, sachez que ces perles en c\u00e9ramique existent aussi dans d&rsquo;autres couleurs. Vous pouvez donc jouer sur la couleur des perles de rocailles et des perles rondes pour personnaliser ce mod\u00e8le de bracelet.<\/p>\n\n\n\n<p>Ce bracelet rose pastel compl\u00e9tera \u00e0 merveille un pull fuchsia. Cette combinaison fonctionne bien pour un look d\u00e9contract\u00e9 et color\u00e9. Pour un effet encore plus chic, vous pouvez choisir un pull doux comme un pull en cachemire dans des tons neutres et chaleureux : du beige ou marron clair, ou m\u00eame du jaune ou orange pastel. Ce bracelet s&rsquo;accorde aussi tr\u00e8s bien avec une robe \u00e0 manches en satin ou avec un effet plumetis. Une petite veste en jean par-dessus la robe compl\u00e9tera votre look jusqu&rsquo;\u00e0 l&rsquo;arriv\u00e9e de l&rsquo;\u00e9t\u00e9.<\/p>\n\n\n\n<p>Ps : Rajoutez un cache perle sur les perles \u00e0 \u00e9craser pour une plus jolie finition.<\/p>\n\n\n\n<h2 class=\"wp-block-heading\">Etapes du tutoriel<\/h2>\n\n\n\n<p>Etape 1<\/p>\n\n\n\n<hr class=\"wp-block-separator has-alpha-channel-opacity\" \/>\n\n\n\n<p>Coupez 1 m\u00e8tre de fil C-LON Fine Weight. Passez le fil sur une aiguille \u00e0 chas fendu ou \u00e0 chas reformable et enfilez une protection pour fil c\u00e2bl\u00e9 au centre du fil. Pliez le fil pour rep\u00e9rer le centre.<\/p>\n\n\n\n<p>Enfilez une perle \u00e0 \u00e9craser sur l&rsquo;une des extr\u00e9mit\u00e9s du fil, puis croisez l&rsquo;autre fil dans la perle \u00e0 \u00e9craser. Aplatissez la perle pour maintenir le fil en place.<\/p>\n\n\n\n<p>Etape 2<\/p>\n\n\n\n<hr class=\"wp-block-separator has-alpha-channel-opacity\" \/>\n\n\n\n<p>Sur un des bouts de fils, enfilez une perle en c\u00e9ramique, puis une perle de rocaille. Sur l&rsquo;autre bout de fil, enfilez sept perles de rocaille.<\/p>\n\n\n\n<p>Repassez le fil avec les sept perles de rocaille dans la perle de rocaille sous la perle en c\u00e9ramique, puis tirez le fil pour former le motif.<\/p>\n\n\n\n<p>Etape 3<\/p>\n\n\n\n<hr class=\"wp-block-separator has-alpha-channel-opacity\" \/>\n\n\n\n<p>Sur le fil avec l&rsquo;aiguille, enfilez \u00e0 nouveau une perle en c\u00e9ramique et une perle de rocaille. Sur l&rsquo;autre fil, enfilez sept perles de rocaille et repassez dans la perle de rocaille sous la perle en c\u00e9ramique. Serrez bien.<\/p>\n\n\n\n<p>R\u00e9p\u00e9tez l\u2019alternance entre enfilage de perles c\u00e9ramique et perles de rocaille, tout en inversant \u00e0 chaque fois l&rsquo;aiguille entre les deux fils pour vous rep\u00e9rer.<\/p>\n\n\n\n<p>Etape 4<\/p>\n\n\n\n<hr class=\"wp-block-separator has-alpha-channel-opacity\" \/>\n\n\n\n<p>Enfilez une perle \u00e0 \u00e9craser sur un des bouts de fil et une protection pour fil c\u00e2bl\u00e9 sur l&rsquo;autre. Passez le deuxi\u00e8me fil dans la perle \u00e0 \u00e9craser. Serrez et aplatissez la perle. Avec une pince pour perles \u00e0 \u00e9craser qui permet de replier la perle \u00e0 \u00e9craser en deux, elle prendra moins de place. Approchez doucement la flamme pour sceller le fil, sans l&rsquo;enflammer. Placez un cache-perle sur la perle \u00e0 \u00e9craser pour cacher les petits bouts.<\/p>\n\n\n\n<p>Fixez le fermoir avec un anneau et un autre petit anneau sur l&rsquo;autre c\u00f4t\u00e9 du bracelet pour finaliser.<\/p>\n\n\n\n<p>Le r\u00e9sultat<\/p>\n\n\n\n<figure class=\"wp-block-image\"><img decoding=\"async\" src=\"https:\/\/www.perlesandco.com\/images_content\/tutoriels\/tutos\/3\/8\/5\/38582\/landscape\/im-bracelet-perles-vagues.jpg\" alt=\"Sch\u00e9ma Bracelet perles en c\u00e9ramique rose tissage vagues\" title=\"Sch\u00e9ma Bracelet perles en c\u00e9ramique rose tissage vagues\" \/><\/figure>\n\n\n\n<figure class=\"wp-block-image\"><img decoding=\"async\" src=\"https:\/\/www.perlesandco.com\/images_content\/tutoriels\/tutos\/2\/0\/4\/20471\/landscape\/im-bracelet-vagues-en-perles-de-rocailles-miyuki-et-perles-nacrees.png\" alt=\"Sch\u00e9ma Bracelet Vagues en perles de rocailles Miyuki et perles nacr\u00e9es\" title=\"Sch\u00e9ma Bracelet Vagues en perles de rocailles Miyuki et perles nacr\u00e9es\" \/><\/figure>\n","protected":false},"excerpt":{"rendered":"<p>Comment faire un bracelet vagues en perles ? Cr\u00e9ez un joli bracelet compos\u00e9 de\u00a0perles de rocailles dor\u00e9es\u00a0et de\u00a0perles rondes en c\u00e9ramique\u00a0roses. Dans ce tutoriel, je vous montre comment cr\u00e9er cet\u00a0effet vague avec des perles\u00a0de deux tailles diff\u00e9rentes. C&rsquo;est une technique tissage de perles tr\u00e8s simple \u00e0 reproduire. Pour donner cette impression d&rsquo;ondulation, on enfile une [&hellip;]<\/p>\n","protected":false},"author":17,"featured_media":0,"parent":0,"menu_order":0,"comment_status":"closed","ping_status":"closed","template":"","meta":{"footnotes":""},"class_list":["post-89","page","type-page","status-publish","hentry"],"_links":{"self":[{"href":"https:\/\/eleves.escl.fr\/wp2\/bijoux\/wp-json\/wp\/v2\/pages\/89","targetHints":{"allow":["GET"]}}],"collection":[{"href":"https:\/\/eleves.escl.fr\/wp2\/bijoux\/wp-json\/wp\/v2\/pages"}],"about":[{"href":"https:\/\/eleves.escl.fr\/wp2\/bijoux\/wp-json\/wp\/v2\/types\/page"}],"author":[{"embeddable":true,"href":"https:\/\/eleves.escl.fr\/wp2\/bijoux\/wp-json\/wp\/v2\/users\/17"}],"replies":[{"embeddable":true,"href":"https:\/\/eleves.escl.fr\/wp2\/bijoux\/wp-json\/wp\/v2\/comments?post=89"}],"version-history":[{"count":4,"href":"https:\/\/eleves.escl.fr\/wp2\/bijoux\/wp-json\/wp\/v2\/pages\/89\/revisions"}],"predecessor-version":[{"id":135,"href":"https:\/\/eleves.escl.fr\/wp2\/bijoux\/wp-json\/wp\/v2\/pages\/89\/revisions\/135"}],"wp:attachment":[{"href":"https:\/\/eleves.escl.fr\/wp2\/bijoux\/wp-json\/wp\/v2\/media?parent=89"}],"curies":[{"name":"wp","href":"https:\/\/api.w.org\/{rel}","templated":true}]}}