{"id":93,"date":"2025-05-06T14:26:29","date_gmt":"2025-05-06T12:26:29","guid":{"rendered":"https:\/\/eleves.escl.fr\/wp2\/bijoux\/?page_id=93"},"modified":"2025-05-17T14:52:27","modified_gmt":"2025-05-17T12:52:27","slug":"collier-perle-avec-fermoir-fleur","status":"publish","type":"page","link":"https:\/\/eleves.escl.fr\/wp2\/bijoux\/collier-perle-avec-fermoir-fleur\/","title":{"rendered":"Collier perle avec fermoir fleur"},"content":{"rendered":"\n<figure class=\"wp-block-image size-full\"><img loading=\"lazy\" decoding=\"async\" width=\"206\" height=\"206\" src=\"https:\/\/eleves.escl.fr\/wp2\/bijoux\/wp-content\/uploads\/sites\/15\/2025\/01\/image-de-fond-1.jpg\" alt=\"\" class=\"wp-image-37\" srcset=\"https:\/\/eleves.escl.fr\/wp2\/bijoux\/wp-content\/uploads\/sites\/15\/2025\/01\/image-de-fond-1.jpg 206w, https:\/\/eleves.escl.fr\/wp2\/bijoux\/wp-content\/uploads\/sites\/15\/2025\/01\/image-de-fond-1-150x150.jpg 150w\" sizes=\"auto, (max-width: 206px) 100vw, 206px\" \/><\/figure>\n\n\n\n<h2 class=\"wp-block-heading\">Etapes du tutoriel<\/h2>\n\n\n\n<p>Etape 1<\/p>\n\n\n\n<hr class=\"wp-block-separator has-alpha-channel-opacity\" \/>\n\n\n\n<figure class=\"wp-block-image\"><img decoding=\"async\" src=\"https:\/\/www.perlesandco.com\/images_content\/tutoriels\/tutos\/3\/8\/6\/38622\/step-163922\/im-bracelets-marins-perles-rocaille.png\" alt=\"Bracelets marins en perles de rocaille : Etape 1\" title=\"Bracelets marins en perles de rocaille : Etape 1\" \/><\/figure>\n\n\n\n<p>Commencez par couper un morceau de fil un peu plus long que votre cou. D\u00e9tendez-le en l&rsquo;\u00e9tirant des deux c\u00f4t\u00e9s, cela \u00e9vitera qu&rsquo;il se casse ou qu&rsquo;il se d\u00e9tende avec le temps. Enfilez les perles de votre choix.\u00a0<\/p>\n\n\n\n<p>Etape 2<\/p>\n\n\n\n<hr class=\"wp-block-separator has-alpha-channel-opacity\" \/>\n\n\n\n<figure class=\"wp-block-image\"><img decoding=\"async\" src=\"https:\/\/www.perlesandco.com\/images_content\/tutoriels\/tutos\/3\/8\/6\/38622\/step-163932\/im-bracelets-marins-perles-rocaille.png\" alt=\"Bracelets marins en perles de rocaille : Etape 2\" title=\"Bracelets marins en perles de rocaille : Etape 2\" \/><\/figure>\n\n\n\n<p>Glissez la breloque de votre choix sur le fil. dans ce cas ci attacher le fermoir fleuri.<\/p>\n\n\n\n<p>Etape 3<\/p>\n\n\n\n<hr class=\"wp-block-separator has-alpha-channel-opacity\" \/>\n\n\n\n<figure class=\"wp-block-image\"><img decoding=\"async\" src=\"https:\/\/www.perlesandco.com\/images_content\/tutoriels\/tutos\/3\/8\/6\/38622\/step-163942\/im-bracelets-marins-perles-rocaille.png\" alt=\"Bracelets marins en perles de rocaille : Etape 3\" title=\"Bracelets marins en perles de rocaille : Etape 3\" \/><\/figure>\n\n\n\n<p>vous pouvez fixer le fermoir avec un n\u0153ud chirurgien. <\/p>\n\n\n\n<p>Etape 4<\/p>\n\n\n\n<hr class=\"wp-block-separator has-alpha-channel-opacity\" \/>\n\n\n\n<figure class=\"wp-block-image\"><img decoding=\"async\" src=\"https:\/\/www.perlesandco.com\/images_content\/tutoriels\/tutos\/3\/8\/6\/38622\/step-163952\/im-bracelets-marins-perles-rocaille.png\" alt=\"Bracelets marins en perles de rocaille : Etape 4\" title=\"Bracelets marins en perles de rocaille : Etape 4\" \/><\/figure>\n\n\n\n<p>D\u00e9posez un point de colle sur le n\u0153ud pour le fixer durablement. Si vous ajoutez une grosse perle, glissez le n\u0153ud \u00e0 l\u2019int\u00e9rieur pour le dissimuler.<\/p>\n\n\n\n<p>Etape 5<\/p>\n\n\n\n<hr class=\"wp-block-separator has-alpha-channel-opacity\" \/>\n\n\n\n<figure class=\"wp-block-image\"><img decoding=\"async\" src=\"https:\/\/www.perlesandco.com\/images_content\/tutoriels\/tutos\/3\/8\/6\/38622\/step-163962\/im-bracelets-marins-perles-rocaille.png\" alt=\"Bracelets marins en perles de rocaille : Etape 5\" title=\"Bracelets marins en perles de rocaille : Etape 5\" \/><\/figure>\n\n\n\n<p>Variez les couleurs pour cr\u00e9er un ensemble de collier ou bracelet uniques. Si vous utilisez une breloque \u00e9toile de mer ou tortue, pensez \u00e0 ajouter un anneau pour qu\u2019elle puisse pendre joliment sur le bracelet.<\/p>\n","protected":false},"excerpt":{"rendered":"<p>Etapes du tutoriel Etape 1 Commencez par couper un morceau de fil un peu plus long que votre cou. D\u00e9tendez-le en l&rsquo;\u00e9tirant des deux c\u00f4t\u00e9s, cela \u00e9vitera qu&rsquo;il se casse ou qu&rsquo;il se d\u00e9tende avec le temps. Enfilez les perles de votre choix.\u00a0 Etape 2 Glissez la breloque de votre choix sur le fil. dans [&hellip;]<\/p>\n","protected":false},"author":17,"featured_media":0,"parent":0,"menu_order":0,"comment_status":"closed","ping_status":"closed","template":"","meta":{"footnotes":""},"class_list":["post-93","page","type-page","status-publish","hentry"],"_links":{"self":[{"href":"https:\/\/eleves.escl.fr\/wp2\/bijoux\/wp-json\/wp\/v2\/pages\/93","targetHints":{"allow":["GET"]}}],"collection":[{"href":"https:\/\/eleves.escl.fr\/wp2\/bijoux\/wp-json\/wp\/v2\/pages"}],"about":[{"href":"https:\/\/eleves.escl.fr\/wp2\/bijoux\/wp-json\/wp\/v2\/types\/page"}],"author":[{"embeddable":true,"href":"https:\/\/eleves.escl.fr\/wp2\/bijoux\/wp-json\/wp\/v2\/users\/17"}],"replies":[{"embeddable":true,"href":"https:\/\/eleves.escl.fr\/wp2\/bijoux\/wp-json\/wp\/v2\/comments?post=93"}],"version-history":[{"count":2,"href":"https:\/\/eleves.escl.fr\/wp2\/bijoux\/wp-json\/wp\/v2\/pages\/93\/revisions"}],"predecessor-version":[{"id":127,"href":"https:\/\/eleves.escl.fr\/wp2\/bijoux\/wp-json\/wp\/v2\/pages\/93\/revisions\/127"}],"wp:attachment":[{"href":"https:\/\/eleves.escl.fr\/wp2\/bijoux\/wp-json\/wp\/v2\/media?parent=93"}],"curies":[{"name":"wp","href":"https:\/\/api.w.org\/{rel}","templated":true}]}}