{"id":96,"date":"2025-05-06T14:28:02","date_gmt":"2025-05-06T12:28:02","guid":{"rendered":"https:\/\/eleves.escl.fr\/wp2\/bijoux\/?page_id=96"},"modified":"2025-05-17T15:01:20","modified_gmt":"2025-05-17T13:01:20","slug":"bracelet-delicat-effet-cristal","status":"publish","type":"page","link":"https:\/\/eleves.escl.fr\/wp2\/bijoux\/bracelet-delicat-effet-cristal\/","title":{"rendered":"bracelet d\u00e9licat effet cristal"},"content":{"rendered":"\n<figure class=\"wp-block-image size-full\"><img loading=\"lazy\" decoding=\"async\" width=\"438\" height=\"363\" src=\"https:\/\/eleves.escl.fr\/wp2\/bijoux\/wp-content\/uploads\/sites\/15\/2025\/01\/Capture-decran-3.png\" alt=\"\" class=\"wp-image-40\" srcset=\"https:\/\/eleves.escl.fr\/wp2\/bijoux\/wp-content\/uploads\/sites\/15\/2025\/01\/Capture-decran-3.png 438w, https:\/\/eleves.escl.fr\/wp2\/bijoux\/wp-content\/uploads\/sites\/15\/2025\/01\/Capture-decran-3-300x249.png 300w\" sizes=\"auto, (max-width: 438px) 100vw, 438px\" \/><\/figure>\n\n\n\n<h2 class=\"wp-block-heading\">Etapes du tutoriel<\/h2>\n\n\n\n<p>Etape 1<\/p>\n\n\n\n<hr class=\"wp-block-separator has-alpha-channel-opacity\" \/>\n\n\n\n<p>Coupez 1,7 m de fil de tissage de la couleur de vos perles. Vous pouvez utiliser du fil de tissage Miyuki beading thread, du fil KO, ou du fireline 0,10 mm. Le fil sera visible alors choisissez bien celui qui se rapprochera le plus de vos perles.<\/p>\n\n\n\n<p>Etape 2<\/p>\n\n\n\n<hr class=\"wp-block-separator has-alpha-channel-opacity\" \/>\n\n\n\n<figure class=\"wp-block-image\"><img decoding=\"async\" src=\"https:\/\/www.perlesandco.com\/images_content\/tutoriels\/tutos\/1\/3\/5\/13531\/step-11011\/im-diy-bracelets-en-perles-miyuki-mini-losanges-ou-marguerites.png\" alt=\"DIY Bracelets en perles miyuki mini losanges ou marguerites : Etape 2\" title=\"DIY Bracelets en perles miyuki mini losanges ou marguerites : Etape 2\" \/><\/figure>\n\n\n\n<p>Enfilez 4 perles, placez-les \u00e0 15 cm du bout de fil et repassez dans la 1\u00e8re perle enfil\u00e9e. Serrez bien le fil.<\/p>\n\n\n\n<p>Etape 3<\/p>\n\n\n\n<hr class=\"wp-block-separator has-alpha-channel-opacity\" \/>\n\n\n\n<figure class=\"wp-block-image\"><img decoding=\"async\" src=\"https:\/\/www.perlesandco.com\/images_content\/tutoriels\/tutos\/1\/3\/5\/13531\/step-11021\/im-diy-bracelets-en-perles-miyuki-mini-losanges-ou-marguerites.png\" alt=\"DIY Bracelets en perles miyuki mini losanges ou marguerites : Etape 3\" title=\"DIY Bracelets en perles miyuki mini losanges ou marguerites : Etape 3\" \/><\/figure>\n\n\n\n<p>Entre chaque espace s\u00e9parant les perles, ajoutez une nouvelle perle.<\/p>\n\n\n\n<p>Etape 4<\/p>\n\n\n\n<hr class=\"wp-block-separator has-alpha-channel-opacity\" \/>\n\n\n\n<figure class=\"wp-block-image\"><img decoding=\"async\" src=\"https:\/\/www.perlesandco.com\/images_content\/tutoriels\/tutos\/1\/3\/5\/13531\/step-11031\/im-diy-bracelets-en-perles-miyuki-mini-losanges-ou-marguerites.png\" alt=\"DIY Bracelets en perles miyuki mini losanges ou marguerites : Etape 4\" title=\"DIY Bracelets en perles miyuki mini losanges ou marguerites : Etape 4\" \/><\/figure>\n\n\n\n<p>Placez-vous de l&rsquo;autre c\u00f4t\u00e9 du bout de fil sur le tissage, dans la deuxi\u00e8me perle enfil\u00e9e \u00e0 l&rsquo;\u00e9tape 3.<\/p>\n\n\n\n<p>Etape 5<\/p>\n\n\n\n<hr class=\"wp-block-separator has-alpha-channel-opacity\" \/>\n\n\n\n<figure class=\"wp-block-image\"><img decoding=\"async\" src=\"https:\/\/www.perlesandco.com\/images_content\/tutoriels\/tutos\/1\/3\/5\/13531\/step-11041\/im-diy-bracelets-en-perles-miyuki-mini-losanges-ou-marguerites.png\" alt=\"DIY Bracelets en perles miyuki mini losanges ou marguerites : Etape 5\" title=\"DIY Bracelets en perles miyuki mini losanges ou marguerites : Etape 5\" \/><\/figure>\n\n\n\n<p>Enfilez une perle dor\u00e9e, passez dans la perle d&rsquo;o\u00f9 sort le fil, mais par l&rsquo;autre c\u00f4t\u00e9. Serrez le tissage.&nbsp;<\/p>\n\n\n\n<p>Etape 6<\/p>\n\n\n\n<hr class=\"wp-block-separator has-alpha-channel-opacity\" \/>\n\n\n\n<figure class=\"wp-block-image\"><img decoding=\"async\" src=\"https:\/\/www.perlesandco.com\/images_content\/tutoriels\/tutos\/1\/3\/5\/13531\/step-11051\/im-diy-bracelets-en-perles-miyuki-mini-losanges-ou-marguerites.png\" alt=\"DIY Bracelets en perles miyuki mini losanges ou marguerites : Etape 6\" title=\"DIY Bracelets en perles miyuki mini losanges ou marguerites : Etape 6\" \/><\/figure>\n\n\n\n<p>Retournez dans la dor\u00e9e sans croiser le fil par-dessus les perles. Faites un deuxi\u00e8me tour puis ajoutez une autre perle rouge que vous fixerez de la m\u00eame fa\u00e7on.<\/p>\n\n\n\n<p>Etape 7<\/p>\n\n\n\n<hr class=\"wp-block-separator has-alpha-channel-opacity\" \/>\n\n\n\n<figure class=\"wp-block-image\"><img decoding=\"async\" src=\"https:\/\/www.perlesandco.com\/images_content\/tutoriels\/tutos\/1\/3\/5\/13531\/step-11061\/im-diy-bracelets-en-perles-miyuki-mini-losanges-ou-marguerites.png\" alt=\"DIY Bracelets en perles miyuki mini losanges ou marguerites : Etape 7\" title=\"DIY Bracelets en perles miyuki mini losanges ou marguerites : Etape 7\" \/><\/figure>\n\n\n\n<p>Enfilez 4 perles et r\u00e9p\u00e9tez l&rsquo;\u00e9tape 2 et 3. Cependant, utilisez la perle rouge fix\u00e9e \u00e0 la fin de l&rsquo;\u00e9tape 6 en guise de perle \u00e0 placer entre la 4\u00e8me et 1\u00e8re perle de la rosace.<\/p>\n\n\n\n<p>Etape 8<\/p>\n\n\n\n<hr class=\"wp-block-separator has-alpha-channel-opacity\" \/>\n\n\n\n<figure class=\"wp-block-image\"><img decoding=\"async\" src=\"https:\/\/www.perlesandco.com\/images_content\/tutoriels\/tutos\/1\/3\/5\/13531\/step-11071\/im-diy-bracelets-en-perles-miyuki-mini-losanges-ou-marguerites.png\" alt=\"DIY Bracelets en perles miyuki mini losanges ou marguerites : Etape 8\" title=\"DIY Bracelets en perles miyuki mini losanges ou marguerites : Etape 8\" \/><\/figure>\n\n\n\n<p>Passez dans les perles pour aller de l&rsquo;autre c\u00f4t\u00e9 de la rosace et r\u00e9p\u00e9tez \u00e0 nouveau les \u00e9tapes 5 et 6 jusqu&rsquo;\u00e0 ce que le bracelet ait la longueur de votre poignet \u2013 1 cm.<\/p>\n\n\n\n<p>Etape 9<\/p>\n\n\n\n<hr class=\"wp-block-separator has-alpha-channel-opacity\" \/>\n\n\n\n<p>Coupez la cha\u00eenette d&rsquo;extension pour r\u00e9cup\u00e9rer un maillon ferm\u00e9 qui vous servira d&rsquo;anneau ferm\u00e9 pour terminer le bracelet sans risque que le fil glisse de l&rsquo;anneau. Fixez le maillon au bracelet comme indiqu\u00e9 dans la vid\u00e9o.<\/p>\n\n\n\n<p>Etape 10<\/p>\n\n\n\n<hr class=\"wp-block-separator has-alpha-channel-opacity\" \/>\n\n\n\n<p>Ouvrez l&rsquo;anneau du fermoir, glissez-y le maillon et refermez-le.<\/p>\n\n\n\n<p>Etape 11<\/p>\n\n\n\n<hr class=\"wp-block-separator has-alpha-channel-opacity\" \/>\n\n\n\n<p>Ajustez la longueur de la cha\u00eenette d&rsquo;extension et accrochez-la de la m\u00eame fa\u00e7on au bracelet.<\/p>\n\n\n\n<p>Le r\u00e9sultat<\/p>\n\n\n\n<figure class=\"wp-block-image\"><img decoding=\"async\" src=\"https:\/\/www.perlesandco.com\/images_content\/tutoriels\/tutos\/1\/3\/5\/13531\/landscape\/im-diy-bracelets-en-perles-miyuki-mini-losanges-ou-marguerites.png\" alt=\"Sch\u00e9ma DIY Bracelets en perles miyuki mini losanges ou marguerites\" title=\"Sch\u00e9ma DIY Bracelets en perles miyuki mini losanges ou marguerites\" \/><\/figure>\n","protected":false},"excerpt":{"rendered":"<p>Etapes du tutoriel Etape 1 Coupez 1,7 m de fil de tissage de la couleur de vos perles. Vous pouvez utiliser du fil de tissage Miyuki beading thread, du fil KO, ou du fireline 0,10 mm. Le fil sera visible alors choisissez bien celui qui se rapprochera le plus de vos perles. Etape 2 Enfilez [&hellip;]<\/p>\n","protected":false},"author":17,"featured_media":0,"parent":0,"menu_order":0,"comment_status":"closed","ping_status":"closed","template":"","meta":{"footnotes":""},"class_list":["post-96","page","type-page","status-publish","hentry"],"_links":{"self":[{"href":"https:\/\/eleves.escl.fr\/wp2\/bijoux\/wp-json\/wp\/v2\/pages\/96","targetHints":{"allow":["GET"]}}],"collection":[{"href":"https:\/\/eleves.escl.fr\/wp2\/bijoux\/wp-json\/wp\/v2\/pages"}],"about":[{"href":"https:\/\/eleves.escl.fr\/wp2\/bijoux\/wp-json\/wp\/v2\/types\/page"}],"author":[{"embeddable":true,"href":"https:\/\/eleves.escl.fr\/wp2\/bijoux\/wp-json\/wp\/v2\/users\/17"}],"replies":[{"embeddable":true,"href":"https:\/\/eleves.escl.fr\/wp2\/bijoux\/wp-json\/wp\/v2\/comments?post=96"}],"version-history":[{"count":2,"href":"https:\/\/eleves.escl.fr\/wp2\/bijoux\/wp-json\/wp\/v2\/pages\/96\/revisions"}],"predecessor-version":[{"id":129,"href":"https:\/\/eleves.escl.fr\/wp2\/bijoux\/wp-json\/wp\/v2\/pages\/96\/revisions\/129"}],"wp:attachment":[{"href":"https:\/\/eleves.escl.fr\/wp2\/bijoux\/wp-json\/wp\/v2\/media?parent=96"}],"curies":[{"name":"wp","href":"https:\/\/api.w.org\/{rel}","templated":true}]}}