{"id":142,"date":"2025-02-11T14:52:19","date_gmt":"2025-02-11T13:52:19","guid":{"rendered":"https:\/\/eleves.escl.fr\/wp2\/contraception\/?page_id=142"},"modified":"2025-03-11T14:09:27","modified_gmt":"2025-03-11T13:09:27","slug":"pilule-lendemain-2","status":"publish","type":"page","link":"https:\/\/eleves.escl.fr\/wp2\/contraception\/pilule-lendemain-2\/","title":{"rendered":"pilule lendemain"},"content":{"rendered":"\n<figure class=\"wp-block-image size-large is-resized\"><img loading=\"lazy\" decoding=\"async\" width=\"853\" height=\"640\" src=\"https:\/\/eleves.escl.fr\/wp2\/contraception\/wp-content\/uploads\/sites\/10\/2025\/02\/pilule-du-lendemain-edited.jpg\" alt=\"\" class=\"wp-image-147\" style=\"width:316px;height:auto\" srcset=\"https:\/\/eleves.escl.fr\/wp2\/contraception\/wp-content\/uploads\/sites\/10\/2025\/02\/pilule-du-lendemain-edited.jpg 853w, https:\/\/eleves.escl.fr\/wp2\/contraception\/wp-content\/uploads\/sites\/10\/2025\/02\/pilule-du-lendemain-edited-300x225.jpg 300w, https:\/\/eleves.escl.fr\/wp2\/contraception\/wp-content\/uploads\/sites\/10\/2025\/02\/pilule-du-lendemain-edited-768x576.jpg 768w\" sizes=\"auto, (max-width: 853px) 100vw, 853px\" \/><\/figure>\n\n\n\n<p class=\"is-style-default\">La pilule du lendemain et moyen de contraception , si il y a eu un rapport non ou mal prot\u00e9ger. Il faut la prendre le plus rapidement apr\u00e8s le rapport pour qu&rsquo;elle soit le plus efficace possible. C&rsquo;est un moyen de contrastions en cas d&rsquo;urgence. <strong>On peut aller la chercher en pharmacie gratuitement jusqu&rsquo;\u00e0 25 ans.  <\/strong><\/p>\n\n\n\n<p class=\"is-style-text-subtitle\"><strong>Quel est le d\u00e9lai pour prendre la pilule du lendemain ?<\/strong><\/p>\n\n\n\n<p>La contraception d&rsquo;urgence doit \u00eatre prise si possible&nbsp;dans les douze heures apr\u00e8s un rapport non ou mal prot\u00e9g\u00e9 mais elle peut \u00eatre prise dans les 3 jours ou 5 jours selon le m\u00e9dicament utilis\u00e9. La contraception d&rsquo;urgence ne constitue pas une m\u00e9thode de contraception r\u00e9guli\u00e8re.<\/p>\n\n\n\n<figure class=\"wp-block-gallery has-nested-images columns-default is-cropped wp-block-gallery-1 is-layout-flex wp-block-gallery-is-layout-flex\">\n<figure class=\"wp-block-image size-large\"><img loading=\"lazy\" decoding=\"async\" width=\"690\" height=\"401\" data-id=\"155\" src=\"https:\/\/eleves.escl.fr\/wp2\/contraception\/wp-content\/uploads\/sites\/10\/2025\/03\/contraception-urgence.jpg\" alt=\"\" class=\"wp-image-155\" srcset=\"https:\/\/eleves.escl.fr\/wp2\/contraception\/wp-content\/uploads\/sites\/10\/2025\/03\/contraception-urgence.jpg 690w, https:\/\/eleves.escl.fr\/wp2\/contraception\/wp-content\/uploads\/sites\/10\/2025\/03\/contraception-urgence-300x174.jpg 300w\" sizes=\"auto, (max-width: 690px) 100vw, 690px\" \/><\/figure>\n<\/figure>\n\n\n\n<p class=\"is-style-text-subtitle\"><strong>Quels sont les effets de la pilule du lendemain sur le corps ?<\/strong><\/p>\n\n\n\n<p>Tr\u00e8s fr\u00e9quents (plus de 10 % des cas) : naus\u00e9es, douleurs abdominales, maux de t\u00eate, vertiges, fatigue, d\u00e9r\u00e8glement hormonal transitoire (r\u00e8gles pr\u00e9coces ou retard\u00e9es, saignements intermittents en dehors des r\u00e8gles, tension des seins). Fr\u00e9quents (1 \u00e0 10 % des cas) : diarrh\u00e9es, vomissements, r\u00e8gles douloureuses.<\/p>\n\n\n\n<p class=\"is-style-text-subtitle\"><strong>Est-ce que la pilule du lendemain est 100% efficace ?<\/strong><\/p>\n\n\n\n<p>M\u00eame prise correctement,&nbsp;la contraception d&rsquo;urgence hormonale n&rsquo;est pas efficace \u00e0 100 %. Pour savoir si la contraception d&rsquo;urgence a \u00e9t\u00e9 efficace, surveillez l&rsquo;apparition des prochaines r\u00e8gles. Cependant, avec la contraception d&rsquo;urgence, la date des r\u00e8gles peut \u00eatre avanc\u00e9e ou retard\u00e9e de quelques jours.<\/p>\n\n\n\n<p><\/p>\n","protected":false},"excerpt":{"rendered":"<p>La pilule du lendemain et moyen de contraception , si il y a eu un rapport non ou mal prot\u00e9ger. Il faut la prendre le plus rapidement apr\u00e8s le rapport pour qu&rsquo;elle soit le plus efficace possible. C&rsquo;est un moyen de contrastions en cas d&rsquo;urgence. On peut aller la chercher en pharmacie gratuitement jusqu&rsquo;\u00e0 25 [&hellip;]<\/p>\n","protected":false},"author":18,"featured_media":0,"parent":0,"menu_order":0,"comment_status":"closed","ping_status":"closed","template":"","meta":{"footnotes":""},"class_list":["post-142","page","type-page","status-publish","hentry"],"_links":{"self":[{"href":"https:\/\/eleves.escl.fr\/wp2\/contraception\/wp-json\/wp\/v2\/pages\/142","targetHints":{"allow":["GET"]}}],"collection":[{"href":"https:\/\/eleves.escl.fr\/wp2\/contraception\/wp-json\/wp\/v2\/pages"}],"about":[{"href":"https:\/\/eleves.escl.fr\/wp2\/contraception\/wp-json\/wp\/v2\/types\/page"}],"author":[{"embeddable":true,"href":"https:\/\/eleves.escl.fr\/wp2\/contraception\/wp-json\/wp\/v2\/users\/18"}],"replies":[{"embeddable":true,"href":"https:\/\/eleves.escl.fr\/wp2\/contraception\/wp-json\/wp\/v2\/comments?post=142"}],"version-history":[{"count":6,"href":"https:\/\/eleves.escl.fr\/wp2\/contraception\/wp-json\/wp\/v2\/pages\/142\/revisions"}],"predecessor-version":[{"id":163,"href":"https:\/\/eleves.escl.fr\/wp2\/contraception\/wp-json\/wp\/v2\/pages\/142\/revisions\/163"}],"wp:attachment":[{"href":"https:\/\/eleves.escl.fr\/wp2\/contraception\/wp-json\/wp\/v2\/media?parent=142"}],"curies":[{"name":"wp","href":"https:\/\/api.w.org\/{rel}","templated":true}]}}