{"id":168,"date":"2025-03-11T14:17:56","date_gmt":"2025-03-11T13:17:56","guid":{"rendered":"https:\/\/eleves.escl.fr\/wp2\/contraception\/?page_id=168"},"modified":"2025-03-25T15:10:20","modified_gmt":"2025-03-25T14:10:20","slug":"ligature-des-trompe","status":"publish","type":"page","link":"https:\/\/eleves.escl.fr\/wp2\/contraception\/ligature-des-trompe\/","title":{"rendered":"ligature des trompe"},"content":{"rendered":"\n<figure class=\"wp-block-gallery has-nested-images columns-default is-cropped wp-block-gallery-1 is-layout-flex wp-block-gallery-is-layout-flex\">\n<figure class=\"wp-block-image size-large\"><img loading=\"lazy\" decoding=\"async\" width=\"840\" height=\"548\" data-id=\"228\" src=\"https:\/\/eleves.escl.fr\/wp2\/contraception\/wp-content\/uploads\/sites\/10\/2025\/03\/visuel_article_ligature_des_trompes.png\" alt=\"\" class=\"wp-image-228\" srcset=\"https:\/\/eleves.escl.fr\/wp2\/contraception\/wp-content\/uploads\/sites\/10\/2025\/03\/visuel_article_ligature_des_trompes.png 840w, https:\/\/eleves.escl.fr\/wp2\/contraception\/wp-content\/uploads\/sites\/10\/2025\/03\/visuel_article_ligature_des_trompes-300x196.png 300w, https:\/\/eleves.escl.fr\/wp2\/contraception\/wp-content\/uploads\/sites\/10\/2025\/03\/visuel_article_ligature_des_trompes-768x501.png 768w\" sizes=\"auto, (max-width: 840px) 100vw, 840px\" \/><\/figure>\n<\/figure>\n\n\n\n<p>Le but d\u2019une m\u00e9thode de contraception est d\u2019\u00e9viter l\u2019ovulation, la f\u00e9condation entre l\u2019ovule et le spermatozo\u00efde ou encore la nidation. Dans le cas pr\u00e9sent, l\u2019id\u00e9e est de ligaturer, c\u2019est-\u00e0-dire de fermer, les trompes de Fallope. Ainsi, l\u2019ovule ne peut pas descendre dans l\u2019ut\u00e9rus apr\u00e8s sa sortie de l\u2019ovaire lors del\u2019ovulation. La rencontre avec le spermatozo\u00efde ne peut avoir lieu et la f\u00e9condation est ainsi \u00e9vit\u00e9e. Si la ligature des trompes est une m\u00e9thode de contraception et permet d\u2019\u00e9viter une grossesse, elle ne prot\u00e8ge pas contre les maladies sexuellement transmissibles. Il est donc n\u00e9cessaire d\u2019utiliser un pr\u00e9servatif en compl\u00e9ment si besoin.<\/p>\n\n\n\n<figure class=\"wp-block-table\"><table class=\"has-fixed-layout\"><tbody><tr><td>avantage <\/td><td>inconv\u00e9nient <\/td><\/tr><tr><td>_ contraception d\u00e9finitive<br>_efficacit\u00e9 \u00e9lev\u00e9e <br>_aucune charge mentale <br>_absence d&rsquo;hormones <br>_r\u00e8gles naturelles <br>_discr\u00e9tion totale <br>_peut r\u00e9duire le risque de certains cancer <\/td><td>_irr\u00e9versiblit\u00e9 <br>_intervention chirugicale <br>_douleur post-op\u00e9ratoires <br>_risque d&rsquo;echec rare <br>_pas de protection contre les IST <br>_ effets secondaire posible  <\/td><\/tr><\/tbody><\/table><\/figure>\n","protected":false},"excerpt":{"rendered":"<p>Le but d\u2019une m\u00e9thode de contraception est d\u2019\u00e9viter l\u2019ovulation, la f\u00e9condation entre l\u2019ovule et le spermatozo\u00efde ou encore la nidation. Dans le cas pr\u00e9sent, l\u2019id\u00e9e est de ligaturer, c\u2019est-\u00e0-dire de fermer, les trompes de Fallope. Ainsi, l\u2019ovule ne peut pas descendre dans l\u2019ut\u00e9rus apr\u00e8s sa sortie de l\u2019ovaire lors del\u2019ovulation. La rencontre avec le spermatozo\u00efde [&hellip;]<\/p>\n","protected":false},"author":18,"featured_media":0,"parent":0,"menu_order":0,"comment_status":"closed","ping_status":"closed","template":"","meta":{"footnotes":""},"class_list":["post-168","page","type-page","status-publish","hentry"],"_links":{"self":[{"href":"https:\/\/eleves.escl.fr\/wp2\/contraception\/wp-json\/wp\/v2\/pages\/168","targetHints":{"allow":["GET"]}}],"collection":[{"href":"https:\/\/eleves.escl.fr\/wp2\/contraception\/wp-json\/wp\/v2\/pages"}],"about":[{"href":"https:\/\/eleves.escl.fr\/wp2\/contraception\/wp-json\/wp\/v2\/types\/page"}],"author":[{"embeddable":true,"href":"https:\/\/eleves.escl.fr\/wp2\/contraception\/wp-json\/wp\/v2\/users\/18"}],"replies":[{"embeddable":true,"href":"https:\/\/eleves.escl.fr\/wp2\/contraception\/wp-json\/wp\/v2\/comments?post=168"}],"version-history":[{"count":3,"href":"https:\/\/eleves.escl.fr\/wp2\/contraception\/wp-json\/wp\/v2\/pages\/168\/revisions"}],"predecessor-version":[{"id":230,"href":"https:\/\/eleves.escl.fr\/wp2\/contraception\/wp-json\/wp\/v2\/pages\/168\/revisions\/230"}],"wp:attachment":[{"href":"https:\/\/eleves.escl.fr\/wp2\/contraception\/wp-json\/wp\/v2\/media?parent=168"}],"curies":[{"name":"wp","href":"https:\/\/api.w.org\/{rel}","templated":true}]}}