{"id":182,"date":"2025-03-11T14:38:52","date_gmt":"2025-03-11T13:38:52","guid":{"rendered":"https:\/\/eleves.escl.fr\/wp2\/contraception\/?page_id=182"},"modified":"2025-03-25T13:44:51","modified_gmt":"2025-03-25T12:44:51","slug":"sterile-en-cuivre","status":"publish","type":"page","link":"https:\/\/eleves.escl.fr\/wp2\/contraception\/sterile-en-cuivre\/","title":{"rendered":"st\u00e9rile en cuivre"},"content":{"rendered":"\n<figure class=\"wp-block-gallery has-nested-images columns-default is-cropped wp-block-gallery-1 is-layout-flex wp-block-gallery-is-layout-flex\">\n<figure class=\"wp-block-image size-large\"><img loading=\"lazy\" decoding=\"async\" width=\"1000\" height=\"712\" data-id=\"190\" src=\"https:\/\/eleves.escl.fr\/wp2\/contraception\/wp-content\/uploads\/sites\/10\/2025\/03\/CliniqueBohler_Contraception_StCrilet.jpg\" alt=\"\" class=\"wp-image-190\" srcset=\"https:\/\/eleves.escl.fr\/wp2\/contraception\/wp-content\/uploads\/sites\/10\/2025\/03\/CliniqueBohler_Contraception_StCrilet.jpg 1000w, https:\/\/eleves.escl.fr\/wp2\/contraception\/wp-content\/uploads\/sites\/10\/2025\/03\/CliniqueBohler_Contraception_StCrilet-300x214.jpg 300w, https:\/\/eleves.escl.fr\/wp2\/contraception\/wp-content\/uploads\/sites\/10\/2025\/03\/CliniqueBohler_Contraception_StCrilet-768x547.jpg 768w\" sizes=\"auto, (max-width: 1000px) 100vw, 1000px\" \/><\/figure>\n<\/figure>\n\n\n\n<p>le DIU au cuivre&nbsp;emp\u00eache la nidation d&rsquo;un ovocyte f\u00e9cond\u00e9 et a aussi un effet spermicide et rend les spermatozo\u00efdes inactifs. Il peut \u00eatre utilis\u00e9 en contraception d&rsquo;urgence. Les r\u00e8gles sont souvent assez importantes ; le DIU au l\u00e9vonorgestrel (hormone de synth\u00e8se proche de la progest\u00e9rone )<\/p>\n\n\n\n<figure class=\"wp-block-table\"><table class=\"has-fixed-layout\"><tbody><tr><td>avantage <\/td><td>inconv\u00e9nients<\/td><\/tr><tr><td>_Sans hormones <br>_Efficacit\u00e9 \u00e9lev\u00e9e (99%)<br>_Longue dur\u00e9e<br>_Retour rapide a la fertilit\u00e9 apr\u00e8s retrait <\/td><td>_R\u00e8gles plus abondantes et douloureuses<br>_Risque de perforation ou d&rsquo;expulsion<br>_Ne prot\u00e8ge pas IST<\/td><\/tr><\/tbody><\/table><\/figure>\n\n\n\n<p>Avec son taux de fiabilit\u00e9 de 99,2%, le dispositif intra ut\u00e9rin (DIU) au cuivre est l\u2019un des moyens de contraception f\u00e9minine les plus efficaces. Le DIU au cuivre doit \u00eatre pos\u00e9 par un m\u00e9decin, un gyn\u00e9cologue ou une sage femme. Ce moyen de contraception pr\u00e9sente de nombreux avantages, mais certaines femmes t\u00e9moignent d\u2019effets secondaires assez p\u00e9nibles, tels que des r\u00e8gles plus abondantes et douloureuses. Le DIU au cuivre est compatible avec la pratique de la symptothermie. Le st\u00e9rile en cuivre dois \u00e9tres changer tout les 5 a 10 ans.<\/p>\n\n\n\n<p><\/p>\n","protected":false},"excerpt":{"rendered":"<p>le DIU au cuivre&nbsp;emp\u00eache la nidation d&rsquo;un ovocyte f\u00e9cond\u00e9 et a aussi un effet spermicide et rend les spermatozo\u00efdes inactifs. Il peut \u00eatre utilis\u00e9 en contraception d&rsquo;urgence. Les r\u00e8gles sont souvent assez importantes ; le DIU au l\u00e9vonorgestrel (hormone de synth\u00e8se proche de la progest\u00e9rone ) avantage inconv\u00e9nients _Sans hormones _Efficacit\u00e9 \u00e9lev\u00e9e (99%)_Longue dur\u00e9e_Retour rapide [&hellip;]<\/p>\n","protected":false},"author":18,"featured_media":0,"parent":0,"menu_order":0,"comment_status":"closed","ping_status":"closed","template":"","meta":{"footnotes":""},"class_list":["post-182","page","type-page","status-publish","hentry"],"_links":{"self":[{"href":"https:\/\/eleves.escl.fr\/wp2\/contraception\/wp-json\/wp\/v2\/pages\/182","targetHints":{"allow":["GET"]}}],"collection":[{"href":"https:\/\/eleves.escl.fr\/wp2\/contraception\/wp-json\/wp\/v2\/pages"}],"about":[{"href":"https:\/\/eleves.escl.fr\/wp2\/contraception\/wp-json\/wp\/v2\/types\/page"}],"author":[{"embeddable":true,"href":"https:\/\/eleves.escl.fr\/wp2\/contraception\/wp-json\/wp\/v2\/users\/18"}],"replies":[{"embeddable":true,"href":"https:\/\/eleves.escl.fr\/wp2\/contraception\/wp-json\/wp\/v2\/comments?post=182"}],"version-history":[{"count":6,"href":"https:\/\/eleves.escl.fr\/wp2\/contraception\/wp-json\/wp\/v2\/pages\/182\/revisions"}],"predecessor-version":[{"id":210,"href":"https:\/\/eleves.escl.fr\/wp2\/contraception\/wp-json\/wp\/v2\/pages\/182\/revisions\/210"}],"wp:attachment":[{"href":"https:\/\/eleves.escl.fr\/wp2\/contraception\/wp-json\/wp\/v2\/media?parent=182"}],"curies":[{"name":"wp","href":"https:\/\/api.w.org\/{rel}","templated":true}]}}