{"id":186,"date":"2025-03-11T14:40:27","date_gmt":"2025-03-11T13:40:27","guid":{"rendered":"https:\/\/eleves.escl.fr\/wp2\/contraception\/?page_id=186"},"modified":"2025-04-08T14:15:38","modified_gmt":"2025-04-08T12:15:38","slug":"sterilet-hormonale","status":"publish","type":"page","link":"https:\/\/eleves.escl.fr\/wp2\/contraception\/sterilet-hormonale\/","title":{"rendered":"st\u00e9rilet hormonale"},"content":{"rendered":"\n<p><\/p>\n\n\n\n<figure class=\"wp-block-gallery has-nested-images columns-default is-cropped wp-block-gallery-1 is-layout-flex wp-block-gallery-is-layout-flex\">\n<figure class=\"wp-block-image size-large\"><img loading=\"lazy\" decoding=\"async\" width=\"1000\" height=\"712\" data-id=\"190\" src=\"https:\/\/eleves.escl.fr\/wp2\/contraception\/wp-content\/uploads\/sites\/10\/2025\/03\/CliniqueBohler_Contraception_StCrilet.jpg\" alt=\"\" class=\"wp-image-190\" srcset=\"https:\/\/eleves.escl.fr\/wp2\/contraception\/wp-content\/uploads\/sites\/10\/2025\/03\/CliniqueBohler_Contraception_StCrilet.jpg 1000w, https:\/\/eleves.escl.fr\/wp2\/contraception\/wp-content\/uploads\/sites\/10\/2025\/03\/CliniqueBohler_Contraception_StCrilet-300x214.jpg 300w, https:\/\/eleves.escl.fr\/wp2\/contraception\/wp-content\/uploads\/sites\/10\/2025\/03\/CliniqueBohler_Contraception_StCrilet-768x547.jpg 768w\" sizes=\"auto, (max-width: 1000px) 100vw, 1000px\" \/><\/figure>\n<\/figure>\n\n\n\n<figure class=\"wp-block-pullquote\"><blockquote><p>c&rsquo;est quoi sa serre?<\/p><\/blockquote><\/figure>\n\n\n\n<p>Le st\u00e9rilet hormonal (aussi appel\u00e9 dispositif intra ut\u00e9rin ou DIU) d\u00e9livre une petite dose de progestatif (du\u00a0levonorgestrel) en continu pour assurer son effet contraceptif en continu pour assurer son effet contraceptif. La pose et le retrait du st\u00e9rilet hormonal doivent \u00eatre effectu\u00e9s par un m\u00e9decin, gyn\u00e9cologue ou sage-femme Il pr\u00e9sente un excellent taux de fiabilit\u00e9, de 99,8%.Toute femme peut utiliser un st\u00e9rilet hormonal, hors contre indications comme une IST, un fibrome, une maladie ou autre. Le st\u00e9rilet hormonal est un moyen de contraception qui pr\u00e9sente certains effets ind\u00e9sirables, notamment caus\u00e9s par les hormones qu\u2019il d\u00e9livre.<\/p>\n\n\n\n<figure class=\"wp-block-pullquote\"><blockquote><p>complication possible\/inconvenant<\/p><\/blockquote><\/figure>\n\n\n\n<p>Il y a des effets secondaires hormonaux. <br>Il y a des modification des r\u00e8gles \u00a0,la progest\u00e9rone atrophie la paroi de l\u2019ut\u00e9rus. L\u2019endom\u00e8tre \u00e9tant plus fin,\u00a0les r\u00e8gles seront peu abondantes,<strong> <\/strong>voire<strong> <\/strong>inexistantes.<br>Il y a aussi des risque d&rsquo;expulsion  prise de poids <strong>,\u00a0<\/strong>qui devrait toutefois s\u2019estomper au bout de quelques mois de l&rsquo;acn\u00e9 peut appara\u00eet Maux de t\u00eate, douleurs abdominales, anxi\u00e9t\u00e9, humeur d\u00e9pressive, vertiges, perte de libido, perte de cheveux\u2026 en peu de temps, des milliers de cas ont \u00e9t\u00e9 notifi\u00e9s aux autorit\u00e9s sanitaires, pendant que les r\u00e9seaux sociaux bruissaient de rumeurs alarmantes.\u00a0Les r\u00e9sultats de l\u2019enqu\u00eate men\u00e9e par l\u2019Ansm, plut\u00f4t rassurants, ont calm\u00e9 le jeu.<\/p>\n\n\n\n<p>Si, apr\u00e8s la pose du\u00a0DIU, quelques d\u00e9sagr\u00e9ments peuvent survenir,<strong>\u00a0<\/strong>en principe, tout rentre vite dans l\u2019ordre.\u00a0Si ce n\u2019est pas le cas, il ne faut pas h\u00e9siter \u00e0 en parler \u00e0 son m\u00e9decin lors d\u2019une consultation m\u00e9dicale.Risque d\u2019expulsion voire de perforation de l\u2019ut\u00e9rus\u00a0(rare)<\/p>\n\n\n\n<p><\/p>\n\n\n\n<figure class=\"wp-block-pullquote\"><blockquote><p>avantage <\/p><\/blockquote><\/figure>\n\n\n\n<ul class=\"wp-block-list\">\n<li>Contraceptif tr\u00e8s fiable (99%)<\/li>\n\n\n\n<li>M\u00e9thode confortable, pratique et sans stress (il n\u2019y aucune action de la part de l\u2019utilisatrice)<\/li>\n\n\n\n<li>Dur\u00e9e d\u2019utilisation longue (3 \u00e0 5 ans)<\/li>\n\n\n\n<li>Effet sur les r\u00e8gles (diminu\u00e9es voire supprim\u00e9es dans\u00a0<a href=\"https:\/\/pubmed.ncbi.nlm.nih.gov\/11927115-bleeding-patterns-and-clinical-performance-of-the-levonorgestrel-releasing-intrauterine-system-mirena-up-to-two-years\/\" target=\"_blank\" rel=\"noreferrer noopener\">20% des cas<\/a>)<\/li>\n\n\n\n<li>Reversible (le dispositif intra ut\u00e9rin est retirable \u00e0 tout moment)<\/li>\n<\/ul>\n\n\n\n<figure class=\"wp-block-pullquote\"><blockquote><p>Comment ce d\u00e9roul\u00e9 la pose et le retraites<\/p><\/blockquote><\/figure>\n\n\n\n<h3 class=\"wp-block-heading\"><strong>La pose<\/strong><\/h3>\n\n\n\n<p>La pose d\u2019un st\u00e9rilet hormonal est tr\u00e8s rapide, elle se fait\u00a0par un m\u00e9decin g\u00e9n\u00e9raliste, un gyn\u00e9cologue ou une sage-femme, en g\u00e9n\u00e9ral apr\u00e8s un premier rendez-vous au cours duquel il\/elle aura v\u00e9rifi\u00e9 :\u00a0<\/p>\n\n\n\n<ul class=\"wp-block-list\">\n<li>Que vous n\u2019avez pas de contre-indication<\/li>\n\n\n\n<li>La forme et le volume de votre ut\u00e9rus, pour vous prescrire le dispositif le plus adapt\u00e9.<\/li>\n<\/ul>\n\n\n\n<p>Le jour de la pose, le professionnel va ins\u00e9rer le st\u00e9rilet dans votre ut\u00e9rus, en g\u00e9n\u00e9ral \u00e0 l\u2019aide d\u2019un sp\u00e9culum pour bien ouvrir le col de l\u2019ut\u00e9rus, puis couper le fil au niveau du col de votre ut\u00e9rus.\u00a0Cela prend 5 minutes\u00a0!\u00a0<\/p>\n\n\n\n<p>Il n\u2019y a pas, sauf cas particulier, d\u2019anesth\u00e9sie locale. Vous pouvez toutefois prendre un m\u00e9dicament de type anti-douleur juste avant, certaines personnes pouvant ressentir quelques crampes lors de la pose. Normalement, la pose d\u2019un st\u00e9rilet, qu\u2019il soit hormonal ou au cuivre, ne doit pas provoquer de douleurs trop importantes. Si vous appr\u00e9hendez cette intervention (qui encore une fois est tr\u00e8s rapide), n\u2019h\u00e9sitez pas \u00e0 en parler \u00e0 votre m\u00e9decin, pour qu\u2019il puisse d\u00e9samorcer votre anxi\u00e9t\u00e9 et faire preuve de douceur au moment de la pose.<\/p>\n\n\n\n<p>La pose doit avoir lieu pendant les r\u00e8gles et jusqu\u2019\u00e0 7 jours apr\u00e8s. Il est possible que vous ayez un peu mal apr\u00e8s la pose du st\u00e9rilet hormonal : en effet, le corps r\u00e9agit \u00e0 ce corps \u00e9tranger et votre ventre peut enfler, avec quelques contractions. Rassurez-vous, ces effets ind\u00e9sirables vont s\u2019estomper au bout de quelques heures ! Si vous pouvez rester tranquille dans les heures qui suivent la pose du dispositif intra ut\u00e9rin, voire le lendemain, avec une petite bouillotte sur le ventre, c\u2019est toujours mieux<\/p>\n\n\n\n<p><strong>Le retrait<\/strong><\/p>\n\n\n\n<p>Le st\u00e9rilet hormonal produit ensuite ses effets\u00a0pendant 3 et 5 ans\u00a0selon les mod\u00e8les. Toutefois, chaque ann\u00e9e, il est n\u00e9cessaire de faire un suivi r\u00e9gulier. G\u00e9n\u00e9ralement, votre m\u00e9decin v\u00e9rifie, quand il checke votre col de l\u2019ut\u00e9rus lors de votre contr\u00f4le annuel, que les fils sont toujours pr\u00e9sents, indiquant que le st\u00e9rilet hormonal est toujours en place.<\/p>\n\n\n\n<p>Et surtout, \u00e9coutez-vous : en cas de sympt\u00f4mes trop g\u00eanants li\u00e9s \u00e0 sa pr\u00e9sence, le st\u00e9rilet hormonal doit \u00eatre retir\u00e9 \u00e0 tout moment ! Vous n\u2019\u00eates pas oblig\u00e9e d\u2019attendre 5 ans pour le faire\u00a0<\/p>\n\n\n\n<p>Le jour o\u00f9 vous souhaitez le retirer, le m\u00e9decin va simplement tirer sur les fils et le faire sortir en quelques instants.La encore, la dur\u00e9e de l\u2019intervention est plut\u00f4t courte et normalement sans douleur !<\/p>\n\n\n\n<p><\/p>\n","protected":false},"excerpt":{"rendered":"<p>c&rsquo;est quoi sa serre? Le st\u00e9rilet hormonal (aussi appel\u00e9 dispositif intra ut\u00e9rin ou DIU) d\u00e9livre une petite dose de progestatif (du\u00a0levonorgestrel) en continu pour assurer son effet contraceptif en continu pour assurer son effet contraceptif. La pose et le retrait du st\u00e9rilet hormonal doivent \u00eatre effectu\u00e9s par un m\u00e9decin, gyn\u00e9cologue ou sage-femme Il pr\u00e9sente un [&hellip;]<\/p>\n","protected":false},"author":18,"featured_media":0,"parent":0,"menu_order":0,"comment_status":"closed","ping_status":"closed","template":"","meta":{"footnotes":""},"class_list":["post-186","page","type-page","status-publish","hentry"],"_links":{"self":[{"href":"https:\/\/eleves.escl.fr\/wp2\/contraception\/wp-json\/wp\/v2\/pages\/186","targetHints":{"allow":["GET"]}}],"collection":[{"href":"https:\/\/eleves.escl.fr\/wp2\/contraception\/wp-json\/wp\/v2\/pages"}],"about":[{"href":"https:\/\/eleves.escl.fr\/wp2\/contraception\/wp-json\/wp\/v2\/types\/page"}],"author":[{"embeddable":true,"href":"https:\/\/eleves.escl.fr\/wp2\/contraception\/wp-json\/wp\/v2\/users\/18"}],"replies":[{"embeddable":true,"href":"https:\/\/eleves.escl.fr\/wp2\/contraception\/wp-json\/wp\/v2\/comments?post=186"}],"version-history":[{"count":3,"href":"https:\/\/eleves.escl.fr\/wp2\/contraception\/wp-json\/wp\/v2\/pages\/186\/revisions"}],"predecessor-version":[{"id":243,"href":"https:\/\/eleves.escl.fr\/wp2\/contraception\/wp-json\/wp\/v2\/pages\/186\/revisions\/243"}],"wp:attachment":[{"href":"https:\/\/eleves.escl.fr\/wp2\/contraception\/wp-json\/wp\/v2\/media?parent=186"}],"curies":[{"name":"wp","href":"https:\/\/api.w.org\/{rel}","templated":true}]}}