{"id":219,"date":"2025-03-25T14:37:37","date_gmt":"2025-03-25T13:37:37","guid":{"rendered":"https:\/\/eleves.escl.fr\/wp2\/contraception\/?page_id=219"},"modified":"2025-03-25T14:54:23","modified_gmt":"2025-03-25T13:54:23","slug":"patche","status":"publish","type":"page","link":"https:\/\/eleves.escl.fr\/wp2\/contraception\/patche\/","title":{"rendered":"patch"},"content":{"rendered":"\n<figure class=\"wp-block-gallery has-nested-images columns-default is-cropped wp-block-gallery-1 is-layout-flex wp-block-gallery-is-layout-flex\">\n<figure class=\"wp-block-image size-large\"><img loading=\"lazy\" decoding=\"async\" width=\"243\" height=\"180\" data-id=\"38\" src=\"https:\/\/eleves.escl.fr\/wp2\/contraception\/wp-content\/uploads\/sites\/10\/2025\/01\/patch-2.jpg\" alt=\"\" class=\"wp-image-38\" \/><figcaption class=\"wp-element-caption\">https:\/\/www.unitysexualhealth.co.uk\/contraception\/what-is-the-patch\/<\/figcaption><\/figure>\n<\/figure>\n\n\n\n<p>Le\u00a0patch\u00a0contraceptif\u00a0d\u00e9livre une association d&rsquo;estrog\u00e8ne\u00a0et de\u00a0progestatif, \u00e9quivalente \u00e0 une pilule minidos\u00e9e \u00e0 20 microgrammes d\u2019estrog\u00e8nes. Ce syst\u00e8me peut \u00eatre utile pour les femmes qui ont tendance \u00e0 oublier leur pilule. On utilise un patch par semaine durant trois semaines (le patch est chang\u00e9 le m\u00eame jour de la semaine), suivies d\u2019une semaine sans patch durant laquelle surviennent les r\u00e8gles. Le patch peut \u00eatre coll\u00e9 sur une fesse, sur le ventre, sur le haut du bras ou sur le torse (dos, \u00e9paule), mais jamais sur ou pr\u00e8s des seins.<\/p>\n\n\n\n<figure class=\"wp-block-table\"><table class=\"has-fixed-layout\"><tbody><tr><td>avantage <\/td><td>inconvenant <\/td><\/tr><tr><td>_efficacit\u00e9 \u00e9lev\u00e9e<br>_Facilit\u00e9 d&rsquo;utilisation <br>_r\u00e9gularit\u00e9 hormonale <br>_am\u00e9lioration des r\u00e8gles<br>_moins d&rsquo;impact digestif <br>_discr\u00e9tion   <\/td><td>_risque de d\u00e9collement <br>_effets secondaires hormonaux <br>_irritation cutan\u00e9e<br>_augmentation du risque de thrombose <br>_visible <br>_efficacit\u00e9 r\u00e9duite sur les femmes pesant plus de 90kg <br>_pas de protection IST <\/td><\/tr><\/tbody><\/table><\/figure>\n","protected":false},"excerpt":{"rendered":"<p>Le\u00a0patch\u00a0contraceptif\u00a0d\u00e9livre une association d&rsquo;estrog\u00e8ne\u00a0et de\u00a0progestatif, \u00e9quivalente \u00e0 une pilule minidos\u00e9e \u00e0 20 microgrammes d\u2019estrog\u00e8nes. Ce syst\u00e8me peut \u00eatre utile pour les femmes qui ont tendance \u00e0 oublier leur pilule. On utilise un patch par semaine durant trois semaines (le patch est chang\u00e9 le m\u00eame jour de la semaine), suivies d\u2019une semaine sans patch durant laquelle [&hellip;]<\/p>\n","protected":false},"author":18,"featured_media":0,"parent":0,"menu_order":0,"comment_status":"closed","ping_status":"closed","template":"","meta":{"footnotes":""},"class_list":["post-219","page","type-page","status-publish","hentry"],"_links":{"self":[{"href":"https:\/\/eleves.escl.fr\/wp2\/contraception\/wp-json\/wp\/v2\/pages\/219","targetHints":{"allow":["GET"]}}],"collection":[{"href":"https:\/\/eleves.escl.fr\/wp2\/contraception\/wp-json\/wp\/v2\/pages"}],"about":[{"href":"https:\/\/eleves.escl.fr\/wp2\/contraception\/wp-json\/wp\/v2\/types\/page"}],"author":[{"embeddable":true,"href":"https:\/\/eleves.escl.fr\/wp2\/contraception\/wp-json\/wp\/v2\/users\/18"}],"replies":[{"embeddable":true,"href":"https:\/\/eleves.escl.fr\/wp2\/contraception\/wp-json\/wp\/v2\/comments?post=219"}],"version-history":[{"count":3,"href":"https:\/\/eleves.escl.fr\/wp2\/contraception\/wp-json\/wp\/v2\/pages\/219\/revisions"}],"predecessor-version":[{"id":227,"href":"https:\/\/eleves.escl.fr\/wp2\/contraception\/wp-json\/wp\/v2\/pages\/219\/revisions\/227"}],"wp:attachment":[{"href":"https:\/\/eleves.escl.fr\/wp2\/contraception\/wp-json\/wp\/v2\/media?parent=219"}],"curies":[{"name":"wp","href":"https:\/\/api.w.org\/{rel}","templated":true}]}}