{"id":258,"date":"2025-05-06T14:01:40","date_gmt":"2025-05-06T12:01:40","guid":{"rendered":"https:\/\/eleves.escl.fr\/wp2\/contraception\/?page_id=258"},"modified":"2025-05-19T18:28:22","modified_gmt":"2025-05-19T16:28:22","slug":"anneau-vaginal-2","status":"publish","type":"page","link":"https:\/\/eleves.escl.fr\/wp2\/contraception\/anneau-vaginal-2\/","title":{"rendered":"anneau vaginal"},"content":{"rendered":"\n<figure class=\"wp-block-pullquote\"><blockquote><p>C&rsquo;est quoi?<\/p><\/blockquote><\/figure>\n\n\n\n<p>Il agit en bloquant l&rsquo; ovulation . Ce dispositif est \u00e0 placer soi-m\u00eame dans le\u00a0<strong>vagin<\/strong>, comme un tampon, le premier jour des r\u00e8gles pour \u00eatre d&#8217;embl\u00e9e efficace, et \u00e0 laisser en place pendant trois semaines. Au d\u00e9but de la quatri\u00e8me semaine, l&rsquo;<strong>anneau<\/strong>\u00a0est retir\u00e9, ce qui provoque l&rsquo;apparition des r\u00e8gles.<\/p>\n\n\n\n<p><\/p>\n\n\n\n<p><\/p>\n","protected":false},"excerpt":{"rendered":"<p>C&rsquo;est quoi? Il agit en bloquant l&rsquo; ovulation . Ce dispositif est \u00e0 placer soi-m\u00eame dans le\u00a0vagin, comme un tampon, le premier jour des r\u00e8gles pour \u00eatre d&#8217;embl\u00e9e efficace, et \u00e0 laisser en place pendant trois semaines. Au d\u00e9but de la quatri\u00e8me semaine, l&rsquo;anneau\u00a0est retir\u00e9, ce qui provoque l&rsquo;apparition des r\u00e8gles.<\/p>\n","protected":false},"author":18,"featured_media":0,"parent":0,"menu_order":0,"comment_status":"closed","ping_status":"closed","template":"","meta":{"footnotes":""},"class_list":["post-258","page","type-page","status-publish","hentry"],"_links":{"self":[{"href":"https:\/\/eleves.escl.fr\/wp2\/contraception\/wp-json\/wp\/v2\/pages\/258","targetHints":{"allow":["GET"]}}],"collection":[{"href":"https:\/\/eleves.escl.fr\/wp2\/contraception\/wp-json\/wp\/v2\/pages"}],"about":[{"href":"https:\/\/eleves.escl.fr\/wp2\/contraception\/wp-json\/wp\/v2\/types\/page"}],"author":[{"embeddable":true,"href":"https:\/\/eleves.escl.fr\/wp2\/contraception\/wp-json\/wp\/v2\/users\/18"}],"replies":[{"embeddable":true,"href":"https:\/\/eleves.escl.fr\/wp2\/contraception\/wp-json\/wp\/v2\/comments?post=258"}],"version-history":[{"count":4,"href":"https:\/\/eleves.escl.fr\/wp2\/contraception\/wp-json\/wp\/v2\/pages\/258\/revisions"}],"predecessor-version":[{"id":279,"href":"https:\/\/eleves.escl.fr\/wp2\/contraception\/wp-json\/wp\/v2\/pages\/258\/revisions\/279"}],"wp:attachment":[{"href":"https:\/\/eleves.escl.fr\/wp2\/contraception\/wp-json\/wp\/v2\/media?parent=258"}],"curies":[{"name":"wp","href":"https:\/\/api.w.org\/{rel}","templated":true}]}}