{"id":261,"date":"2025-05-06T14:03:35","date_gmt":"2025-05-06T12:03:35","guid":{"rendered":"https:\/\/eleves.escl.fr\/wp2\/contraception\/?page_id=261"},"modified":"2025-05-19T22:22:30","modified_gmt":"2025-05-19T20:22:30","slug":"cape-cervicale","status":"publish","type":"page","link":"https:\/\/eleves.escl.fr\/wp2\/contraception\/cape-cervicale\/","title":{"rendered":"cape cervicale"},"content":{"rendered":"\n<p>La cape cervicale\u00a0<strong>est un d\u00f4me tr\u00e8s fin en silicone, r\u00e9utilisable, \u00e0 placer au niveau du col de l&rsquo;ut\u00e9rus avant le rapport sexuel<\/strong>. Elle fait barrage aux spermatozo\u00efdes. Elle doit \u00eatre utilis\u00e9e avec des spermicides et rester en place pendant 8 heures apr\u00e8s le rapport sexuel.<\/p>\n\n\n\n<p><\/p>\n\n\n\n<p><\/p>\n\n\n\n<p><\/p>\n","protected":false},"excerpt":{"rendered":"<p>La cape cervicale\u00a0est un d\u00f4me tr\u00e8s fin en silicone, r\u00e9utilisable, \u00e0 placer au niveau du col de l&rsquo;ut\u00e9rus avant le rapport sexuel. Elle fait barrage aux spermatozo\u00efdes. Elle doit \u00eatre utilis\u00e9e avec des spermicides et rester en place pendant 8 heures apr\u00e8s le rapport sexuel.<\/p>\n","protected":false},"author":18,"featured_media":0,"parent":0,"menu_order":0,"comment_status":"closed","ping_status":"closed","template":"","meta":{"footnotes":""},"class_list":["post-261","page","type-page","status-publish","hentry"],"_links":{"self":[{"href":"https:\/\/eleves.escl.fr\/wp2\/contraception\/wp-json\/wp\/v2\/pages\/261","targetHints":{"allow":["GET"]}}],"collection":[{"href":"https:\/\/eleves.escl.fr\/wp2\/contraception\/wp-json\/wp\/v2\/pages"}],"about":[{"href":"https:\/\/eleves.escl.fr\/wp2\/contraception\/wp-json\/wp\/v2\/types\/page"}],"author":[{"embeddable":true,"href":"https:\/\/eleves.escl.fr\/wp2\/contraception\/wp-json\/wp\/v2\/users\/18"}],"replies":[{"embeddable":true,"href":"https:\/\/eleves.escl.fr\/wp2\/contraception\/wp-json\/wp\/v2\/comments?post=261"}],"version-history":[{"count":2,"href":"https:\/\/eleves.escl.fr\/wp2\/contraception\/wp-json\/wp\/v2\/pages\/261\/revisions"}],"predecessor-version":[{"id":282,"href":"https:\/\/eleves.escl.fr\/wp2\/contraception\/wp-json\/wp\/v2\/pages\/261\/revisions\/282"}],"wp:attachment":[{"href":"https:\/\/eleves.escl.fr\/wp2\/contraception\/wp-json\/wp\/v2\/media?parent=261"}],"curies":[{"name":"wp","href":"https:\/\/api.w.org\/{rel}","templated":true}]}}