{"id":62,"date":"2025-01-28T14:08:52","date_gmt":"2025-01-28T13:08:52","guid":{"rendered":"https:\/\/eleves.escl.fr\/wp2\/contraception\/?page_id=62"},"modified":"2025-03-11T14:05:05","modified_gmt":"2025-03-11T13:05:05","slug":"implant-3","status":"publish","type":"page","link":"https:\/\/eleves.escl.fr\/wp2\/contraception\/implant-3\/","title":{"rendered":"l&rsquo;implant contraceptif"},"content":{"rendered":"\n<figure class=\"wp-block-pullquote\"><blockquote><p>implant<\/p><cite>l&rsquo;implant contraceptif est une m\u00e9thode de contraception alternative \u00e0 la pilule ou au st\u00e9rilet.<br>Un implant est une tige en plastique ins\u00e9r\u00e9 dans le bras, qui va diffuser une hormone progestative appel\u00e9e\u00a0<em>ETONONGESTREL<\/em>. La diffusion de ce progestatif va emp\u00eacher l\u2019ovulation sur une longue dur\u00e9e\u00a0(3 ans). pour que l\u2019implant contraceptif puisse \u00eatre pos\u00e9,\u00a0<strong>il ne faut pas que la patiente pr\u00e9sente de contre-indications<\/strong>, \u00e0 savoir :<br>des\u00a0<strong>ant\u00e9c\u00e9dents d\u2019embolie pulmonaire<\/strong>\u00a0ou de\u00a0<strong>phl\u00e9bite<\/strong>,<br>des\u00a0<strong>probl\u00e8mes h\u00e9patiques graves<\/strong>,<br>des\u00a0<strong>saignements vaginaux d\u2019origine inconnue<\/strong>,<br>ou encore une\u00a0<strong>tumeur r\u00e9active aux hormones sexuelles<\/strong>.<\/cite><\/blockquote><\/figure>\n\n\n\n<p>taux d&rsquo;efficacit\u00e9 -&gt; <strong>\u00a099,9 %<\/strong><\/p>\n\n\n\n<figure class=\"wp-block-pullquote\"><blockquote><p>effets secondaire <\/p><cite><strong>La\u00a0prise de poids<\/strong>\u00a0: ceci est particuli\u00e8rement vrai chez les femmes qui sont d\u00e9j\u00e0 en surpoids. Dans ce cas, il est recommand\u00e9 aux femmes de plus de 80 kg de faire proc\u00e9der \u00e0 un remplacement de l\u2019implant au bout de 2 ans ou au maximum de 2 ans \u00bd.<br><strong>La perturbation des cycles<\/strong>\u00a0<strong>menstruelles<\/strong>\u00a0: avec l\u2019implant contraceptif, les r\u00e8gles peuvent devenir irr\u00e9guli\u00e8res, \u00eatre courtes ou au contraire longues, avec des saignements entre les cycles dus \u00e0 l\u2019affinement de l\u2019endom\u00e8tre. Certaines femmes peuvent avoir de longues p\u00e9riodes sans r\u00e8gles.<br><strong>Des pouss\u00e9es d\u2019acn\u00e9<\/strong>\u00a0peuvent se manifester chez la femme qui porte un implant contraceptif.<\/cite><\/blockquote><\/figure>\n\n\n\n<figure class=\"wp-block-image size-full is-resized\"><img loading=\"lazy\" decoding=\"async\" width=\"195\" height=\"180\" src=\"https:\/\/eleves.escl.fr\/wp2\/contraception\/wp-content\/uploads\/sites\/10\/2025\/01\/implant-2.jpg\" alt=\"\" class=\"wp-image-39\" style=\"width:645px;height:auto\" \/><figcaption class=\"wp-element-caption\">https:\/\/bodytalk.org.au\/contraceptions\/contraceptive-implant\/contraceptive_implant_20160930-01\/<\/figcaption><\/figure>\n","protected":false},"excerpt":{"rendered":"<p>implant l&rsquo;implant contraceptif est une m\u00e9thode de contraception alternative \u00e0 la pilule ou au st\u00e9rilet.Un implant est une tige en plastique ins\u00e9r\u00e9 dans le bras, qui va diffuser une hormone progestative appel\u00e9e\u00a0ETONONGESTREL. La diffusion de ce progestatif va emp\u00eacher l\u2019ovulation sur une longue dur\u00e9e\u00a0(3 ans). pour que l\u2019implant contraceptif puisse \u00eatre pos\u00e9,\u00a0il ne faut pas [&hellip;]<\/p>\n","protected":false},"author":18,"featured_media":0,"parent":0,"menu_order":0,"comment_status":"closed","ping_status":"closed","template":"","meta":{"footnotes":""},"class_list":["post-62","page","type-page","status-publish","hentry"],"_links":{"self":[{"href":"https:\/\/eleves.escl.fr\/wp2\/contraception\/wp-json\/wp\/v2\/pages\/62","targetHints":{"allow":["GET"]}}],"collection":[{"href":"https:\/\/eleves.escl.fr\/wp2\/contraception\/wp-json\/wp\/v2\/pages"}],"about":[{"href":"https:\/\/eleves.escl.fr\/wp2\/contraception\/wp-json\/wp\/v2\/types\/page"}],"author":[{"embeddable":true,"href":"https:\/\/eleves.escl.fr\/wp2\/contraception\/wp-json\/wp\/v2\/users\/18"}],"replies":[{"embeddable":true,"href":"https:\/\/eleves.escl.fr\/wp2\/contraception\/wp-json\/wp\/v2\/comments?post=62"}],"version-history":[{"count":4,"href":"https:\/\/eleves.escl.fr\/wp2\/contraception\/wp-json\/wp\/v2\/pages\/62\/revisions"}],"predecessor-version":[{"id":248,"href":"https:\/\/eleves.escl.fr\/wp2\/contraception\/wp-json\/wp\/v2\/pages\/62\/revisions\/248"}],"wp:attachment":[{"href":"https:\/\/eleves.escl.fr\/wp2\/contraception\/wp-json\/wp\/v2\/media?parent=62"}],"curies":[{"name":"wp","href":"https:\/\/api.w.org\/{rel}","templated":true}]}}