{"id":64,"date":"2025-01-28T14:09:25","date_gmt":"2025-01-28T13:09:25","guid":{"rendered":"https:\/\/eleves.escl.fr\/wp2\/contraception\/?page_id=64"},"modified":"2025-03-11T14:57:00","modified_gmt":"2025-03-11T13:57:00","slug":"prservatif-h","status":"publish","type":"page","link":"https:\/\/eleves.escl.fr\/wp2\/contraception\/prservatif-h\/","title":{"rendered":"pr\u00e9servatifs masculin"},"content":{"rendered":"\n<div class=\"wp-block-group is-nowrap is-layout-flex wp-container-core-group-is-layout-ad2f72ca wp-block-group-is-layout-flex\">\n<figure class=\"wp-block-pullquote\"><blockquote><p>pris en charges ? <\/p><cite>Les pr\u00e9servatifs sont pris en charge \u00e0 100&nbsp;% par l&rsquo;Assurance Maladie depuis le&nbsp;1<sup>er<\/sup>&nbsp;janvier 2023&nbsp;pour les personnes \u00e2g\u00e9es de moins de 26 ans, d\u00e9livr\u00e9s par une pharmacie<sup><a href=\"https:\/\/fr.wikipedia.org\/wiki\/Pr%C3%A9servatif#cite_note-70\">70<\/a><\/sup>.<\/cite><\/blockquote><\/figure>\n\n\n\n<figure class=\"wp-block-image size-full is-resized\"><img loading=\"lazy\" decoding=\"async\" width=\"552\" height=\"466\" src=\"https:\/\/eleves.escl.fr\/wp2\/contraception\/wp-content\/uploads\/sites\/10\/2025\/01\/preservatif-h.png\" alt=\"\" class=\"wp-image-42\" style=\"width:265px;height:auto\" srcset=\"https:\/\/eleves.escl.fr\/wp2\/contraception\/wp-content\/uploads\/sites\/10\/2025\/01\/preservatif-h.png 552w, https:\/\/eleves.escl.fr\/wp2\/contraception\/wp-content\/uploads\/sites\/10\/2025\/01\/preservatif-h-300x253.png 300w\" sizes=\"auto, (max-width: 552px) 100vw, 552px\" \/><figcaption class=\"wp-element-caption\">https:\/\/www.mtvshuga.com\/babi\/news\/ce-que-vous-devez-savoir-sur-la-contraception\/<\/figcaption><\/figure>\n<\/div>\n\n\n\n<div class=\"wp-block-group is-nowrap is-layout-flex wp-container-core-group-is-layout-ad2f72ca wp-block-group-is-layout-flex\">\n<figure class=\"wp-block-image size-full is-resized\"><img loading=\"lazy\" decoding=\"async\" width=\"238\" height=\"180\" src=\"https:\/\/eleves.escl.fr\/wp2\/contraception\/wp-content\/uploads\/sites\/10\/2025\/01\/preservatif-masculin.jpg\" alt=\"\" class=\"wp-image-27\" style=\"width:279px;height:auto\" \/><\/figure>\n\n\n\n<figure class=\"wp-block-pullquote\"><blockquote><p>efficacit\u00e9 <\/p><cite>Bien utilis\u00e9, le pr\u00e9servatif est efficace dans 98% des cas. Malheureusement, mal employ\u00e9, les \u00e9checs s\u2019\u00e9l\u00e8vent \u00e0 15%. Il est donc important d\u2019y recourir pour tous les rapports et \u00e0 tout moment du cycle menstruel de sa partenaire, mais aussi de s\u2019entra\u00eener r\u00e9guli\u00e8rement (surtout au d\u00e9but de la vie sexuelle) pour le mettre et le retirer.<\/cite><\/blockquote><\/figure>\n<\/div>\n\n\n\n<p><\/p>\n","protected":false},"excerpt":{"rendered":"<p>pris en charges ? Les pr\u00e9servatifs sont pris en charge \u00e0 100&nbsp;% par l&rsquo;Assurance Maladie depuis le&nbsp;1er&nbsp;janvier 2023&nbsp;pour les personnes \u00e2g\u00e9es de moins de 26 ans, d\u00e9livr\u00e9s par une pharmacie70. efficacit\u00e9 Bien utilis\u00e9, le pr\u00e9servatif est efficace dans 98% des cas. Malheureusement, mal employ\u00e9, les \u00e9checs s\u2019\u00e9l\u00e8vent \u00e0 15%. Il est donc important d\u2019y recourir [&hellip;]<\/p>\n","protected":false},"author":18,"featured_media":0,"parent":0,"menu_order":0,"comment_status":"closed","ping_status":"closed","template":"","meta":{"footnotes":""},"class_list":["post-64","page","type-page","status-publish","hentry"],"_links":{"self":[{"href":"https:\/\/eleves.escl.fr\/wp2\/contraception\/wp-json\/wp\/v2\/pages\/64","targetHints":{"allow":["GET"]}}],"collection":[{"href":"https:\/\/eleves.escl.fr\/wp2\/contraception\/wp-json\/wp\/v2\/pages"}],"about":[{"href":"https:\/\/eleves.escl.fr\/wp2\/contraception\/wp-json\/wp\/v2\/types\/page"}],"author":[{"embeddable":true,"href":"https:\/\/eleves.escl.fr\/wp2\/contraception\/wp-json\/wp\/v2\/users\/18"}],"replies":[{"embeddable":true,"href":"https:\/\/eleves.escl.fr\/wp2\/contraception\/wp-json\/wp\/v2\/comments?post=64"}],"version-history":[{"count":5,"href":"https:\/\/eleves.escl.fr\/wp2\/contraception\/wp-json\/wp\/v2\/pages\/64\/revisions"}],"predecessor-version":[{"id":198,"href":"https:\/\/eleves.escl.fr\/wp2\/contraception\/wp-json\/wp\/v2\/pages\/64\/revisions\/198"}],"wp:attachment":[{"href":"https:\/\/eleves.escl.fr\/wp2\/contraception\/wp-json\/wp\/v2\/media?parent=64"}],"curies":[{"name":"wp","href":"https:\/\/api.w.org\/{rel}","templated":true}]}}