{"id":17,"date":"2025-01-07T15:09:33","date_gmt":"2025-01-07T14:09:33","guid":{"rendered":"https:\/\/eleves.escl.fr\/wp2\/corps\/?page_id=17"},"modified":"2025-04-01T15:02:10","modified_gmt":"2025-04-01T13:02:10","slug":"le-corps-en-dessins","status":"publish","type":"page","link":"https:\/\/eleves.escl.fr\/wp2\/corps\/","title":{"rendered":"Le corps en dessins"},"content":{"rendered":"\n<div class=\"wp-block-group alignfull has-global-padding is-layout-constrained wp-container-core-group-is-layout-490fa1db wp-block-group-is-layout-constrained\" style=\"padding-top:var(--wp--preset--spacing--50);padding-right:var(--wp--preset--spacing--50);padding-bottom:var(--wp--preset--spacing--50);padding-left:var(--wp--preset--spacing--50)\">\n<div class=\"wp-block-group has-global-padding is-layout-constrained wp-container-core-group-is-layout-650790e1 wp-block-group-is-layout-constrained\">\n<h1 class=\"wp-block-heading has-text-align-center has-x-large-font-size\" style=\"border-width:2px\">L&rsquo;anatomie du corps humain en dessins<\/h1>\n\n\n\n<div style=\"height:36px\" aria-hidden=\"true\" class=\"wp-block-spacer\"><\/div>\n\n\n\n<p class=\"has-text-align-center\">Ici, vous pouvez apprendre \u00e0 dessiner le corps de mani\u00e8re simplifi\u00e9e.<\/p>\n\n\n\n<div style=\"height:68px\" aria-hidden=\"true\" class=\"wp-block-spacer\"><\/div>\n<\/div>\n\n\n\n<figure class=\"wp-block-image alignwide size-full is-style-rounded is-style-rounded--1\"><a href=\"https:\/\/www.clipstudio.net\/comment-dessiner\/archives\/161175\" target=\"_blank\" rel=\" noreferrer noopener\"><img loading=\"lazy\" decoding=\"async\" width=\"1000\" height=\"461\" src=\"https:\/\/eleves.escl.fr\/wp2\/corps\/wp-content\/uploads\/sites\/4\/2025\/04\/0114_003.webp\" alt=\"\" class=\"wp-image-120\" srcset=\"https:\/\/eleves.escl.fr\/wp2\/corps\/wp-content\/uploads\/sites\/4\/2025\/04\/0114_003.webp 1000w, https:\/\/eleves.escl.fr\/wp2\/corps\/wp-content\/uploads\/sites\/4\/2025\/04\/0114_003-300x138.webp 300w, https:\/\/eleves.escl.fr\/wp2\/corps\/wp-content\/uploads\/sites\/4\/2025\/04\/0114_003-768x354.webp 768w\" sizes=\"auto, (max-width: 1000px) 100vw, 1000px\" \/><\/a><\/figure>\n\n\n\n<div style=\"height:116px\" aria-hidden=\"true\" class=\"wp-block-spacer\"><\/div>\n\n\n\n<div class=\"wp-block-columns is-layout-flex wp-container-core-columns-is-layout-28f84493 wp-block-columns-is-layout-flex\">\n<div class=\"wp-block-column is-layout-flow wp-block-column-is-layout-flow\" style=\"flex-basis:100%\">\n<div class=\"wp-block-columns is-layout-flex wp-container-core-columns-is-layout-28f84493 wp-block-columns-is-layout-flex\">\n<div class=\"wp-block-column is-layout-flow wp-block-column-is-layout-flow\" style=\"flex-basis:33.33%\">\n<h2 class=\"wp-block-heading has-large-font-size\"><a href=\"https:\/\/eleves.escl.fr\/wp2\/corps\/la-tete\/\" data-type=\"page\" data-id=\"15\"><strong>La T\u00eate :<\/strong><\/a><\/h2>\n\n\n\n<ul class=\"wp-block-list\">\n<li>Position<\/li>\n\n\n\n<li>Oreilles, Yeux, Nez<\/li>\n\n\n\n<li>Bouche<\/li>\n<\/ul>\n\n\n\n<div style=\"height:8px\" aria-hidden=\"true\" class=\"wp-block-spacer\"><\/div>\n\n\n\n<h2 class=\"wp-block-heading has-large-font-size\"><a href=\"https:\/\/eleves.escl.fr\/wp2\/corps\/le-corps\/\" data-type=\"page\" data-id=\"33\"><strong>Le Corps :<\/strong><\/a><\/h2>\n\n\n\n<ul class=\"wp-block-list\">\n<li>Le haut du corps<\/li>\n\n\n\n<li>Le dos<\/li>\n\n\n\n<li>Les bras<\/li>\n\n\n\n<li>Les Jambes<\/li>\n<\/ul>\n\n\n\n<div style=\"height:9px\" aria-hidden=\"true\" class=\"wp-block-spacer\"><\/div>\n\n\n\n<h2 class=\"wp-block-heading has-large-font-size\"><a href=\"https:\/\/eleves.escl.fr\/wp2\/corps\/la-main-et-le-pied\/\" data-type=\"page\" data-id=\"72\"><strong>La main et Le pied :<\/strong><\/a><\/h2>\n\n\n\n<ul class=\"wp-block-list\">\n<li>La main <\/li>\n\n\n\n<li>Le pied<\/li>\n<\/ul>\n\n\n\n<div style=\"height:10px\" aria-hidden=\"true\" class=\"wp-block-spacer\"><\/div>\n\n\n\n<h2 class=\"wp-block-heading has-large-font-size\"><strong><a href=\"https:\/\/eleves.escl.fr\/wp2\/corps\/exemple\/\" data-type=\"page\" data-id=\"39\">Exemples :<\/a> <\/strong><\/h2>\n<\/div>\n\n\n\n<div class=\"wp-block-column is-layout-flow wp-block-column-is-layout-flow\" style=\"flex-basis:66.66%\">\n$(function() {\n$(&lsquo;.map&rsquo;).maphilight();\n});\n\n\n<img loading=\"lazy\" decoding=\"async\" src=\"https:\/\/eleves.escl.fr\/wp2\/corps\/wp-content\/uploads\/sites\/4\/2025\/03\/image.jpeg\" width=\"390\" height=\"867\" border=\"0\" usemap=\"#map\" \/>\n\n<map name=\"map\">\n<!-- #$-:Image map file created by GIMP Image Map plug-in -->\n<!-- #$-:GIMP Image Map plug-in by Maurits Rijk -->\n<!-- #$-:Please do not edit lines starting with \"#$\" -->\n<!-- #$VERSION:2.3 -->\n<!-- #$AUTHOR:anaelle.corral -->\n<area shape=\"circle\" coords=\"187,110,52\" href=\"http:\/\/eleves.escl.fr\/wp2\/corps\/la-tete\/#tete\" \/>\n<area shape=\"rect\" coords=\"141,185,252,383\" href=\"http:\/\/eleves.escl.fr\/wp2\/corps\/le-corps\/#lehautducorps\" \/>\n<area shape=\"rect\" coords=\"101,192,126,387\" href=\"http:\/\/eleves.escl.fr\/wp2\/corps\/le-corps\/#lebras\" \/>\n<area shape=\"rect\" coords=\"370,737,382,763\" nohref=\"nohref\" \/>\n<area shape=\"rect\" coords=\"257,196,297,387\" href=\"http:\/\/eleves.escl.fr\/wp2\/corps\/le-corps\/#lebras\" \/>\n<area shape=\"poly\" coords=\"141,385,121,662,175,667,176,435,201,430,226,669,276,662,245,384,251,383,243,387\" href=\"http:\/\/eleves.escl.fr\/wp2\/corps\/le-corps\/#lajambe\" \/>\n<area shape=\"rect\" coords=\"90,389,124,434\" href=\"http:\/\/eleves.escl.fr\/wp2\/corps\/la-main-et-le-pied\/#lamain\" \/>\n<area shape=\"rect\" coords=\"259,391,305,436\" href=\"http:\/\/eleves.escl.fr\/wp2\/corps\/la-main-et-le-pied\/#lamain\" \/>\n<area shape=\"rect\" coords=\"102,670,286,706\" href=\"http:\/\/eleves.escl.fr\/wp2\/corps\/la-main-et-le-pied\/#lepied\" \/>\n<\/map>\n<\/div>\n<\/div>\n<\/div>\n<\/div>\n<\/div>\n\n\n\n<div class=\"wp-block-group alignfull has-base-color has-contrast-background-color has-text-color has-background has-global-padding is-layout-constrained wp-container-core-group-is-layout-ef3d885c wp-block-group-is-layout-constrained\" style=\"margin-top:0;margin-bottom:0;padding-top:var(--wp--preset--spacing--60);padding-right:var(--wp--preset--spacing--60);padding-bottom:var(--wp--preset--spacing--60);padding-left:var(--wp--preset--spacing--60)\">\n<div class=\"wp-block-group has-global-padding is-layout-constrained wp-block-group-is-layout-constrained\">\n<p class=\"has-text-align-center has-base-color has-text-color has-heading-font-family has-x-large-font-size\" style=\"line-height:1.2\"><em><br>\u00ab&nbsp;Tracer un corps, c\u2019est bien plus que dessiner des formes&nbsp;: c\u2019est donner vie au mouvement et \u00e0 l\u2019expression.&nbsp;\u00bb\u00bb<\/em><\/p>\n\n\n\n<div style=\"height:var(--wp--preset--spacing--10)\" aria-hidden=\"true\" class=\"wp-block-spacer\"><\/div>\n\n\n\n<div class=\"wp-block-group is-vertical is-content-justification-center is-nowrap is-layout-flex wp-container-core-group-is-layout-2dc08cea wp-block-group-is-layout-flex\">\n\n\n<p class=\"has-text-align-center\" style=\"margin-top:var(--wp--preset--spacing--10);margin-bottom:0\">Charline et Analle<\/p>\n\n\n\n<p>\u00e9l\u00e8ves, 1\u00b0 STD2A<\/p>\n<\/div>\n<\/div>\n<\/div>\n\n\n\n<h2 class=\"wp-block-heading alignwide has-x-large-font-size\" style=\"margin-top:0;margin-bottom:var(--wp--preset--spacing--40);line-height:1\">Observez, Dessinez, Recommencez<\/h2>\n\n\n\n<div class=\"wp-block-group alignfull has-global-padding is-layout-constrained wp-container-core-group-is-layout-d89aad35 wp-block-group-is-layout-constrained\" style=\"margin-top:0;margin-bottom:0;padding-top:var(--wp--preset--spacing--50);padding-right:var(--wp--preset--spacing--50);padding-bottom:var(--wp--preset--spacing--50);padding-left:var(--wp--preset--spacing--50)\">\n<div class=\"wp-block-group alignwide has-global-padding is-layout-constrained wp-block-group-is-layout-constrained\">\n<div class=\"wp-block-query alignwide is-layout-flow wp-block-query-is-layout-flow\"><ul class=\"wp-block-post-template is-layout-flow wp-block-post-template-is-layout-flow\"><li class=\"wp-block-post post-1 post type-post status-publish format-standard hentry category-non-classe\">\n\n<hr class=\"wp-block-separator has-text-color has-contrast-3-color has-alpha-channel-opacity has-contrast-3-background-color has-background alignwide is-style-wide\" \/>\n\n\n\n<div class=\"wp-block-columns alignwide are-vertically-aligned-center is-layout-flex wp-container-core-columns-is-layout-33233fb6 wp-block-columns-is-layout-flex\" style=\"margin-top:var(--wp--preset--spacing--20);margin-bottom:var(--wp--preset--spacing--20)\">\n<div class=\"wp-block-column is-vertically-aligned-center is-layout-flow wp-block-column-is-layout-flow\" style=\"flex-basis:72%\"><h2 style=\"font-size:clamp(0.984rem, 0.984rem + ((1vw - 0.2rem) * 0.86), 1.5rem);line-height:1.1;\" class=\"wp-block-post-title\"><a href=\"https:\/\/eleves.escl.fr\/wp2\/corps\/2024\/12\/10\/bonjour-tout-le-monde\/\" target=\"_self\" >Bonjour tout le monde\u00a0!<\/a><\/h2><\/div>\n\n\n\n<div class=\"wp-block-column is-vertically-aligned-center is-layout-flow wp-block-column-is-layout-flow\" style=\"flex-basis:28%\"><div class=\"wp-block-template-part\">\n\n<div class=\"wp-block-group has-global-padding is-layout-constrained wp-block-group-is-layout-constrained\">\n\t\n\t<div class=\"wp-block-group is-content-justification-left is-layout-flex wp-container-core-group-is-layout-dfe8e91f wp-block-group-is-layout-flex\">\n\t\t<div class=\"wp-block-post-date\"><time datetime=\"2024-12-10T15:00:23+01:00\"><a href=\"https:\/\/eleves.escl.fr\/wp2\/corps\/2024\/12\/10\/bonjour-tout-le-monde\/\">D\u00e9c 10, 2024<\/a><\/time><\/div>\n\n\t\t\n\t\t<p class=\"has-contrast-2-color has-text-color\">\u2014<\/p>\n\t\t\n\n\t\t\n\t\t<p class=\"has-small-font-size has-contrast-2-color has-text-color\">par<\/p>\n\t\t\n\n\t\t<div class=\"wp-block-post-author-name\"><a href=\"https:\/\/eleves.escl.fr\/wp2\/corps\/author\/anoblet\/\" target=\"_self\" class=\"wp-block-post-author-name__link\">anoblet<\/a><\/div>\n\n\t\t<div class=\"taxonomy-category wp-block-post-terms\"><span class=\"wp-block-post-terms__prefix\">dans <\/span><a href=\"https:\/\/eleves.escl.fr\/wp2\/corps\/category\/non-classe\/\" rel=\"tag\">Non class\u00e9<\/a><\/div>\n\n\t<\/div>\n\t\n<\/div>\n\n\n<\/div><\/div>\n<\/div>\n\n<\/li><\/ul>\n\n\n<div style=\"height:var(--wp--preset--spacing--30)\" aria-hidden=\"true\" class=\"wp-block-spacer\"><\/div>\n\n\n\n\n<\/div>\n<\/div>\n<\/div>\n\n\n\n<div class=\"wp-block-group alignfull has-global-padding is-layout-constrained wp-container-core-group-is-layout-d89aad35 wp-block-group-is-layout-constrained\" style=\"margin-top:0;margin-bottom:0;padding-top:var(--wp--preset--spacing--50);padding-right:var(--wp--preset--spacing--50);padding-bottom:var(--wp--preset--spacing--50);padding-left:var(--wp--preset--spacing--50)\">\n<div class=\"wp-block-group alignwide has-base-2-background-color has-background has-global-padding is-layout-constrained wp-container-core-group-is-layout-39412042 wp-block-group-is-layout-constrained\" style=\"border-radius:16px;padding-top:var(--wp--preset--spacing--40);padding-right:var(--wp--preset--spacing--50);padding-bottom:var(--wp--preset--spacing--40);padding-left:var(--wp--preset--spacing--50)\">\n<div style=\"height:0px\" aria-hidden=\"true\" class=\"wp-block-spacer\"><\/div>\n\n\n\n<h2 class=\"wp-block-heading has-text-align-center has-x-large-font-size\"><br><strong>NOTRE PRESENTATION&nbsp;<\/strong>:<\/h2>\n\n\n\n<p class=\"has-text-align-center\"><br>Bonjour, bienvenue sur notre site pour apprendre \u00e0 dessiner le corps humain. Ce site a \u00e9t\u00e9 cr\u00e9\u00e9 par Charline et Ana\u00eblle , deux \u00e9l\u00e8ves en premi\u00e8re STD2A au lyc\u00e9e Saint-Pierre Saint-Paul \u00e0 Langogne dans le cadre d\u2019un projet scolaire durant un cours de langage num\u00e9rique.<\/p>\n\n\n\n<div style=\"height:var(--wp--preset--spacing--10)\" aria-hidden=\"true\" class=\"wp-block-spacer\"><\/div>\n<\/div>\n<\/div>\n\n\n\n<div class=\"wp-block-cover is-light\" style=\"min-height:575px;aspect-ratio:unset;\"><span aria-hidden=\"true\" class=\"wp-block-cover__background has-background-dim\" style=\"background-color:#e8ebf0\"><\/span><img loading=\"lazy\" decoding=\"async\" width=\"236\" height=\"333\" class=\"wp-block-cover__image-background wp-image-159\" alt=\"\" src=\"https:\/\/eleves.escl.fr\/wp2\/corps\/wp-content\/uploads\/sites\/4\/2025\/04\/4c10d7d80b1d26a46ff7695a8208c168.jpg\" data-object-fit=\"cover\" srcset=\"https:\/\/eleves.escl.fr\/wp2\/corps\/wp-content\/uploads\/sites\/4\/2025\/04\/4c10d7d80b1d26a46ff7695a8208c168.jpg 236w, https:\/\/eleves.escl.fr\/wp2\/corps\/wp-content\/uploads\/sites\/4\/2025\/04\/4c10d7d80b1d26a46ff7695a8208c168-213x300.jpg 213w\" sizes=\"auto, (max-width: 236px) 100vw, 236px\" \/><div class=\"wp-block-cover__inner-container has-global-padding is-layout-constrained wp-block-cover-is-layout-constrained\">\n<p class=\"has-text-align-center has-large-font-size\"><\/p>\n<\/div><\/div>\n\n\n\n<!--more-->\n\n\n\n<p><\/p>\n","protected":false},"excerpt":{"rendered":"<p>L&rsquo;anatomie du corps humain en dessins Ici, vous pouvez apprendre \u00e0 dessiner le corps de mani\u00e8re simplifi\u00e9e. La T\u00eate : Le Corps : La main et Le pied : Exemples : $(function() { $(&lsquo;.map&rsquo;).maphilight(); }); \u00ab&nbsp;Tracer un corps, c\u2019est bien plus que dessiner des formes&nbsp;: c\u2019est donner vie au mouvement et \u00e0 l\u2019expression.&nbsp;\u00bb\u00bb Charline et [&hellip;]<\/p>\n","protected":false},"author":8,"featured_media":0,"parent":0,"menu_order":0,"comment_status":"closed","ping_status":"closed","template":"","meta":{"footnotes":""},"class_list":["post-17","page","type-page","status-publish","hentry"],"_links":{"self":[{"href":"https:\/\/eleves.escl.fr\/wp2\/corps\/wp-json\/wp\/v2\/pages\/17","targetHints":{"allow":["GET"]}}],"collection":[{"href":"https:\/\/eleves.escl.fr\/wp2\/corps\/wp-json\/wp\/v2\/pages"}],"about":[{"href":"https:\/\/eleves.escl.fr\/wp2\/corps\/wp-json\/wp\/v2\/types\/page"}],"author":[{"embeddable":true,"href":"https:\/\/eleves.escl.fr\/wp2\/corps\/wp-json\/wp\/v2\/users\/8"}],"replies":[{"embeddable":true,"href":"https:\/\/eleves.escl.fr\/wp2\/corps\/wp-json\/wp\/v2\/comments?post=17"}],"version-history":[{"count":42,"href":"https:\/\/eleves.escl.fr\/wp2\/corps\/wp-json\/wp\/v2\/pages\/17\/revisions"}],"predecessor-version":[{"id":170,"href":"https:\/\/eleves.escl.fr\/wp2\/corps\/wp-json\/wp\/v2\/pages\/17\/revisions\/170"}],"wp:attachment":[{"href":"https:\/\/eleves.escl.fr\/wp2\/corps\/wp-json\/wp\/v2\/media?parent=17"}],"curies":[{"name":"wp","href":"https:\/\/api.w.org\/{rel}","templated":true}]}}