{"id":22,"date":"2026-03-10T13:43:55","date_gmt":"2026-03-10T12:43:55","guid":{"rendered":"https:\/\/eleves.escl.fr\/wp2\/cosfun\/?page_id=22"},"modified":"2026-03-22T13:21:24","modified_gmt":"2026-03-22T12:21:24","slug":"cosfun","status":"publish","type":"page","link":"https:\/\/eleves.escl.fr\/wp2\/cosfun\/","title":{"rendered":"Cosfun"},"content":{"rendered":"\n<div class=\"wp-block-cover alignfull has-custom-content-position is-position-bottom-center\" style=\"margin-top:0;margin-bottom:0;padding-top:var(--wp--preset--spacing--50);padding-right:var(--wp--preset--spacing--50);padding-bottom:var(--wp--preset--spacing--50);padding-left:var(--wp--preset--spacing--50);min-height:840px;aspect-ratio:unset;\"><img loading=\"lazy\" decoding=\"async\" width=\"843\" height=\"887\" class=\"wp-block-cover__image-background wp-image-27 size-full\" alt=\"\" src=\"https:\/\/eleves.escl.fr\/wp2\/cosfun\/wp-content\/uploads\/sites\/27\/2026\/01\/image-ninon-cosplay2.jpg\" data-object-fit=\"cover\" srcset=\"https:\/\/eleves.escl.fr\/wp2\/cosfun\/wp-content\/uploads\/sites\/27\/2026\/01\/image-ninon-cosplay2.jpg 843w, https:\/\/eleves.escl.fr\/wp2\/cosfun\/wp-content\/uploads\/sites\/27\/2026\/01\/image-ninon-cosplay2-285x300.jpg 285w, https:\/\/eleves.escl.fr\/wp2\/cosfun\/wp-content\/uploads\/sites\/27\/2026\/01\/image-ninon-cosplay2-768x808.jpg 768w\" sizes=\"auto, (max-width: 843px) 100vw, 843px\" \/><span aria-hidden=\"true\" class=\"wp-block-cover__background has-background-dim-10 has-background-dim\" style=\"background-color:#8d3f42\"><\/span><div class=\"wp-block-cover__inner-container has-global-padding is-layout-constrained wp-container-core-cover-is-layout-d89aad35 wp-block-cover-is-layout-constrained\">\n<div class=\"wp-block-group alignwide has-global-padding is-content-justification-left is-layout-constrained wp-container-core-group-is-layout-12dd3699 wp-block-group-is-layout-constrained\">\n<h2 class=\"wp-block-heading alignwide\" id=\"we-re-a-studio-in-berlin-with-an-international-practice-in-architecture-urban-planning-and-interior-design-we-believe-in-sharing-knowledge-and-promoting-dialogue-to-increase-the-creative-potential-of-collaboration\" style=\"font-size:clamp(27.894px, 1.743rem + ((1vw - 3.2px) * 1.971), 48px);line-height:1.1\">Le cosplay en plus fun !<\/h2>\n\n\n\n<figure class=\"wp-block-image alignright size-full is-resized\"><img loading=\"lazy\" decoding=\"async\" width=\"373\" height=\"370\" src=\"https:\/\/eleves.escl.fr\/wp2\/cosfun\/wp-content\/uploads\/sites\/27\/2026\/01\/QR-CODE-WIKIPEDIA.png\" alt=\"\" class=\"wp-image-51\" style=\"width:183px;height:auto\" srcset=\"https:\/\/eleves.escl.fr\/wp2\/cosfun\/wp-content\/uploads\/sites\/27\/2026\/01\/QR-CODE-WIKIPEDIA.png 373w, https:\/\/eleves.escl.fr\/wp2\/cosfun\/wp-content\/uploads\/sites\/27\/2026\/01\/QR-CODE-WIKIPEDIA-300x298.png 300w, https:\/\/eleves.escl.fr\/wp2\/cosfun\/wp-content\/uploads\/sites\/27\/2026\/01\/QR-CODE-WIKIPEDIA-150x150.png 150w\" sizes=\"auto, (max-width: 373px) 100vw, 373px\" \/><\/figure>\n\n\n\n<p>Cr\u00e9e par Ninon et Lila<\/p>\n\n\n\n<div class=\"wp-block-buttons is-layout-flex wp-block-buttons-is-layout-flex\">\n<div class=\"wp-block-button\"><a class=\"wp-block-button__link wp-element-button\" href=\"https:\/\/eleves.escl.fr\/wp2\/cosfun\/exemple-de-cosplayeurs-euses\/\">Exemple<\/a><\/div>\n\n\n\n<div class=\"wp-block-button\"><a class=\"wp-block-button__link wp-element-button\" href=\"https:\/\/eleves.escl.fr\/wp2\/cosfun\/metiers-lies-au-cosplay\/\">M\u00e9tiers autour du cosplay<\/a><\/div>\n\n\n\n<div class=\"wp-block-button\"><a class=\"wp-block-button__link wp-element-button\" href=\"https:\/\/eleves.escl.fr\/wp2\/cosfun\/les-b-a-ba-du-cosplay\/\">B.A &#8211; BA  du cosplay<\/a><\/div>\n<\/div>\n<\/div>\n\n\n\n<p class=\"has-text-align-right\">Page wikipedia du cosplay<\/p>\n<\/div><\/div>\n\n\n\n<div class=\"wp-block-group alignfull is-style-section-5 has-global-padding is-layout-constrained wp-block-group-is-layout-constrained is-style-section-5--1\" style=\"margin-top:0;margin-bottom:0;padding-top:var(--wp--preset--spacing--50);padding-bottom:var(--wp--preset--spacing--50)\">\n<div class=\"wp-block-group alignwide has-global-padding is-layout-constrained wp-block-group-is-layout-constrained\">\n<div class=\"wp-block-columns alignwide is-style-text-subtitle is-layout-flex wp-container-core-columns-is-layout-28f84493 wp-block-columns-is-layout-flex\">\n<div class=\"wp-block-column is-vertically-aligned-center is-layout-flow wp-block-column-is-layout-flow\" style=\"flex-basis:50%\">\n<h2 class=\"wp-block-heading\" id=\"definition\"><strong>D\u00e9finition du cosplay<\/strong><\/h2>\n\n\n\n<p class=\"has-medium-font-size\">Le <strong>cosplay<\/strong> (\u30b3\u30b9\u30d7\u30ec, <em>kosupure<\/em>) ou <strong>costumade<\/strong>, est un loisir qui consiste \u00e0 jouer le r\u00f4le d&rsquo;un <a href=\"https:\/\/eleves.escl.fr\/wp2\/cosfun\/page-d-exemple\/\" data-type=\"page\" data-id=\"2\">personnage de fiction<\/a> en imitant son costume, ses cheveux \u2014 \u00e0 l&rsquo;aide d&rsquo;une perruque ou en r\u00e9alisant une coiffure identique \u2014 et son maquillage. On appelle les pratiquants des <em>cosplayers<\/em> (cosplayeur, cosplayeuse en fran\u00e7ais).<\/p>\n\n\n\n<p class=\"has-medium-font-size\">Les th\u00e8mes les plus courants sont les personnages de mangas, de bande dessin\u00e9e, d&rsquo;animation japonaise, de dessins anim\u00e9s, de tokusatsu, de films, de jeux vid\u00e9o et de comics mais viennent \u00e0 inclure \u00e9galement les s\u00e9ries t\u00e9l\u00e9vis\u00e9es et toute sorte de costumes \u00e0 th\u00e8me.<\/p>\n<\/div>\n\n\n\n<div class=\"wp-block-column is-vertically-aligned-center is-layout-flow wp-block-column-is-layout-flow\" style=\"flex-basis:50%\">\n<figure data-wp-context=\"{&quot;imageId&quot;:&quot;69d7ce592e5fc&quot;}\" data-wp-interactive=\"core\/image\" data-wp-key=\"69d7ce592e5fc\" class=\"wp-block-image size-full wp-lightbox-container\"><img loading=\"lazy\" decoding=\"async\" width=\"474\" height=\"635\" data-wp-class--hide=\"state.isContentHidden\" data-wp-class--show=\"state.isContentVisible\" data-wp-init=\"callbacks.setButtonStyles\" data-wp-on--click=\"actions.showLightbox\" data-wp-on--load=\"callbacks.setButtonStyles\" data-wp-on-window--resize=\"callbacks.setButtonStyles\" src=\"https:\/\/eleves.escl.fr\/wp2\/cosfun\/wp-content\/uploads\/sites\/27\/2026\/01\/scaramouche.webp\" alt=\"\" class=\"wp-image-53\" style=\"aspect-ratio:1;object-fit:cover\" srcset=\"https:\/\/eleves.escl.fr\/wp2\/cosfun\/wp-content\/uploads\/sites\/27\/2026\/01\/scaramouche.webp 474w, https:\/\/eleves.escl.fr\/wp2\/cosfun\/wp-content\/uploads\/sites\/27\/2026\/01\/scaramouche-224x300.webp 224w\" sizes=\"auto, (max-width: 474px) 100vw, 474px\" \/><button\n\t\t\tclass=\"lightbox-trigger\"\n\t\t\ttype=\"button\"\n\t\t\taria-haspopup=\"dialog\"\n\t\t\taria-label=\"Agrandir\"\n\t\t\tdata-wp-init=\"callbacks.initTriggerButton\"\n\t\t\tdata-wp-on--click=\"actions.showLightbox\"\n\t\t\tdata-wp-style--right=\"state.imageButtonRight\"\n\t\t\tdata-wp-style--top=\"state.imageButtonTop\"\n\t\t>\n\t\t\t<svg xmlns=\"http:\/\/www.w3.org\/2000\/svg\" width=\"12\" height=\"12\" fill=\"none\" viewBox=\"0 0 12 12\">\n\t\t\t\t<path fill=\"#fff\" d=\"M2 0a2 2 0 0 0-2 2v2h1.5V2a.5.5 0 0 1 .5-.5h2V0H2Zm2 10.5H2a.5.5 0 0 1-.5-.5V8H0v2a2 2 0 0 0 2 2h2v-1.5ZM8 12v-1.5h2a.5.5 0 0 0 .5-.5V8H12v2a2 2 0 0 1-2 2H8Zm2-12a2 2 0 0 1 2 2v2h-1.5V2a.5.5 0 0 0-.5-.5H8V0h2Z\" \/>\n\t\t\t<\/svg>\n\t\t<\/button><figcaption class=\"wp-element-caption\">lien image : <a href=\"https:\/\/au.pinterest.com\/pin\/887631407798689468\/\">https:\/\/au.pinterest.com\/pin\/887631407798689468\/<\/a><\/figcaption><\/figure>\n<\/div>\n<\/div>\n<\/div>\n<\/div>\n\n\n\n<div class=\"wp-block-group alignfull has-global-padding is-layout-constrained wp-block-group-is-layout-constrained\" style=\"margin-top:0;margin-bottom:0\">\n<div class=\"wp-block-group alignwide is-layout-grid wp-container-core-group-is-layout-5fdb10e5 wp-block-group-is-layout-grid\" style=\"padding-top:var(--wp--preset--spacing--50);padding-bottom:var(--wp--preset--spacing--50)\">\n<div class=\"wp-block-group is-vertical is-content-justification-stretch is-nowrap is-layout-flex wp-container-core-group-is-layout-627337ab wp-block-group-is-layout-flex\">\n<figure class=\"wp-block-image size-full\"><img loading=\"lazy\" decoding=\"async\" width=\"1565\" height=\"1037\" src=\"https:\/\/eleves.escl.fr\/wp2\/cosfun\/wp-content\/uploads\/sites\/27\/2026\/01\/cosplay-annee-80-2.jpg\" alt=\"\" class=\"wp-image-57\" style=\"aspect-ratio:3\/4;object-fit:cover\" srcset=\"https:\/\/eleves.escl.fr\/wp2\/cosfun\/wp-content\/uploads\/sites\/27\/2026\/01\/cosplay-annee-80-2.jpg 1565w, https:\/\/eleves.escl.fr\/wp2\/cosfun\/wp-content\/uploads\/sites\/27\/2026\/01\/cosplay-annee-80-2-300x199.jpg 300w, https:\/\/eleves.escl.fr\/wp2\/cosfun\/wp-content\/uploads\/sites\/27\/2026\/01\/cosplay-annee-80-2-1024x679.jpg 1024w, https:\/\/eleves.escl.fr\/wp2\/cosfun\/wp-content\/uploads\/sites\/27\/2026\/01\/cosplay-annee-80-2-768x509.jpg 768w, https:\/\/eleves.escl.fr\/wp2\/cosfun\/wp-content\/uploads\/sites\/27\/2026\/01\/cosplay-annee-80-2-1536x1018.jpg 1536w\" sizes=\"auto, (max-width: 1565px) 100vw, 1565px\" \/><\/figure>\n<\/div>\n\n\n\n<div class=\"wp-block-group wp-container-content-5fd69529 is-vertical is-content-justification-left is-layout-flex wp-container-core-group-is-layout-dd225191 wp-block-group-is-layout-flex\">\n<h2 class=\"wp-block-heading is-style-text-display is-style-text-display--2\" id=\"histoire\">L&rsquo;Histoire<\/h2>\n\n\n\n<p>le cosplay voit le jour au XIX plus pr\u00e9cis\u00e9ment en 1939 . M\u00eame si le cosplay est n\u00e9 aux Etats-Unis, le terme <em>cosplay<\/em> est quant \u00e0 lui japonais. Il s\u2019agit d\u2019un mot-valise associant les mots \u00ab costume \u00bb et \u00ab playing \u00bb. Il s\u2019agit d\u2019un loisir qui consiste \u00e0 reproduire ou \u00e0 porter le costume d\u2019un personnage issu de la pop-culture et d\u2019en adopter l\u2019attitude en imitant ses poses. Le cosplay apparait dans les ann\u00e9es 80 au Japon et prend une dimension historique. De plus en plus de japonais se passionnent pour le cosplay et portent des costumes de h\u00e9ros de manga, d\u2019animes ou encore de jeux-vid\u00e9o. Le cosplay arrive plus tardivement en Europe et plus pr\u00e9cis\u00e9ment en France, en Allemagne et en Italie o\u00f9 le ph\u00e9nom\u00e8ne s\u2019intensifie. Les cosplayeurs europ\u00e9ens offrent une nouvelle dimension au cosplay en cr\u00e9ant eux-m\u00eames leurs costumes et en prenant soin d\u2019\u00eatre le plus fid\u00e8le possible \u00e0 l\u2019\u0153uvre originale. Les premiers concours de cosplay font alors leur apparition dans les salons sp\u00e9cialis\u00e9s BD et manga et les cosplayeurs sont invit\u00e9s sur sc\u00e8ne pour pr\u00e9senter leurs cr\u00e9ations et une performance sc\u00e9nique. Celle-ci peut prendre plusieurs formes tels que la reproduction d\u2019une sc\u00e8ne de l\u2019\u0153uvre originale, la cr\u00e9ation de sc\u00e8nes in\u00e9dites ou encore de sc\u00e8nes parodiques et humoristiques autour des personnages originaux.<\/p>\n\n\n\n<p><strong>lien image :<\/strong> <a href=\"https:\/\/fr.wikipedia.org\/wiki\/Cosplay\">https:\/\/fr.wikipedia.org\/wiki\/Cosplay<\/a><\/p>\n<\/div>\n<\/div>\n<\/div>\n\n\n\n<p class=\"has-text-align-center\" style=\"border-width:4px;border-top-left-radius:6px;border-top-right-radius:6px;border-bottom-left-radius:6px;border-bottom-right-radius:6px;padding-top:0;padding-right:var(--wp--preset--spacing--50);padding-bottom:0;padding-left:var(--wp--preset--spacing--50)\">Le premier \u00e9v\u00e9nement de type cosplay document\u00e9 en Europe est, peut-\u00eatre, un bal masqu\u00e9 organis\u00e9 par l\u2019\u00e9crivain <a href=\"https:\/\/fr.wikipedia.org\/wiki\/Jules_Verne\">Jules Verne<\/a> \u00e0 la fin du XIXe si\u00e8cle. Bien que \u00e7a n&rsquo;ait pas \u00e9t\u00e9 oblig\u00e9, de nombreux participants choisirent de porter des costumes inspir\u00e9s par les personnages des livres du romancier.<\/p>\n\n\n\n<div class=\"wp-block-group alignfull has-global-padding is-layout-constrained wp-container-core-group-is-layout-08655630 wp-block-group-is-layout-constrained\" style=\"margin-top:0;margin-bottom:0;padding-top:var(--wp--preset--spacing--80);padding-bottom:var(--wp--preset--spacing--80)\">\n<div class=\"wp-block-group alignwide is-layout-flow wp-block-group-is-layout-flow\">\n<p class=\"has-text-align-center is-style-text-display is-style-text-display--3\" style=\"font-style:normal;font-weight:400\">Vous avez des questions&nbsp;? <br>N\u2019h\u00e9sitez pas \u00e0 nous contacter.<\/p>\n\n\n\n<div style=\"height:var(--wp--preset--spacing--40)\" aria-hidden=\"true\" class=\"wp-block-spacer\"><\/div>\n\n\n\n<ul class=\"wp-block-social-links has-icon-color is-style-logos-only is-content-justification-center is-layout-flex wp-container-core-social-links-is-layout-a89b3969 wp-block-social-links-is-layout-flex\"><li class=\"wp-social-link wp-social-link-facebook has-contrast-color wp-block-social-link\"><a href=\"#\" class=\"wp-block-social-link-anchor\"><svg width=\"24\" height=\"24\" viewBox=\"0 0 24 24\" version=\"1.1\" xmlns=\"http:\/\/www.w3.org\/2000\/svg\" aria-hidden=\"true\" focusable=\"false\"><path d=\"M12 2C6.5 2 2 6.5 2 12c0 5 3.7 9.1 8.4 9.9v-7H7.9V12h2.5V9.8c0-2.5 1.5-3.9 3.8-3.9 1.1 0 2.2.2 2.2.2v2.5h-1.3c-1.2 0-1.6.8-1.6 1.6V12h2.8l-.4 2.9h-2.3v7C18.3 21.1 22 17 22 12c0-5.5-4.5-10-10-10z\"><\/path><\/svg><span class=\"wp-block-social-link-label screen-reader-text\">Facebook<\/span><\/a><\/li>\n\n<li class=\"wp-social-link wp-social-link-instagram has-contrast-color wp-block-social-link\"><a href=\"#lio_ola57\" class=\"wp-block-social-link-anchor\"><svg width=\"24\" height=\"24\" viewBox=\"0 0 24 24\" version=\"1.1\" xmlns=\"http:\/\/www.w3.org\/2000\/svg\" aria-hidden=\"true\" focusable=\"false\"><path d=\"M12,4.622c2.403,0,2.688,0.009,3.637,0.052c0.877,0.04,1.354,0.187,1.671,0.31c0.42,0.163,0.72,0.358,1.035,0.673 c0.315,0.315,0.51,0.615,0.673,1.035c0.123,0.317,0.27,0.794,0.31,1.671c0.043,0.949,0.052,1.234,0.052,3.637 s-0.009,2.688-0.052,3.637c-0.04,0.877-0.187,1.354-0.31,1.671c-0.163,0.42-0.358,0.72-0.673,1.035 c-0.315,0.315-0.615,0.51-1.035,0.673c-0.317,0.123-0.794,0.27-1.671,0.31c-0.949,0.043-1.233,0.052-3.637,0.052 s-2.688-0.009-3.637-0.052c-0.877-0.04-1.354-0.187-1.671-0.31c-0.42-0.163-0.72-0.358-1.035-0.673 c-0.315-0.315-0.51-0.615-0.673-1.035c-0.123-0.317-0.27-0.794-0.31-1.671C4.631,14.688,4.622,14.403,4.622,12 s0.009-2.688,0.052-3.637c0.04-0.877,0.187-1.354,0.31-1.671c0.163-0.42,0.358-0.72,0.673-1.035 c0.315-0.315,0.615-0.51,1.035-0.673c0.317-0.123,0.794-0.27,1.671-0.31C9.312,4.631,9.597,4.622,12,4.622 M12,3 C9.556,3,9.249,3.01,8.289,3.054C7.331,3.098,6.677,3.25,6.105,3.472C5.513,3.702,5.011,4.01,4.511,4.511 c-0.5,0.5-0.808,1.002-1.038,1.594C3.25,6.677,3.098,7.331,3.054,8.289C3.01,9.249,3,9.556,3,12c0,2.444,0.01,2.751,0.054,3.711 c0.044,0.958,0.196,1.612,0.418,2.185c0.23,0.592,0.538,1.094,1.038,1.594c0.5,0.5,1.002,0.808,1.594,1.038 c0.572,0.222,1.227,0.375,2.185,0.418C9.249,20.99,9.556,21,12,21s2.751-0.01,3.711-0.054c0.958-0.044,1.612-0.196,2.185-0.418 c0.592-0.23,1.094-0.538,1.594-1.038c0.5-0.5,0.808-1.002,1.038-1.594c0.222-0.572,0.375-1.227,0.418-2.185 C20.99,14.751,21,14.444,21,12s-0.01-2.751-0.054-3.711c-0.044-0.958-0.196-1.612-0.418-2.185c-0.23-0.592-0.538-1.094-1.038-1.594 c-0.5-0.5-1.002-0.808-1.594-1.038c-0.572-0.222-1.227-0.375-2.185-0.418C14.751,3.01,14.444,3,12,3L12,3z M12,7.378 c-2.552,0-4.622,2.069-4.622,4.622S9.448,16.622,12,16.622s4.622-2.069,4.622-4.622S14.552,7.378,12,7.378z M12,15 c-1.657,0-3-1.343-3-3s1.343-3,3-3s3,1.343,3,3S13.657,15,12,15z M16.804,6.116c-0.596,0-1.08,0.484-1.08,1.08 s0.484,1.08,1.08,1.08c0.596,0,1.08-0.484,1.08-1.08S17.401,6.116,16.804,6.116z\"><\/path><\/svg><span class=\"wp-block-social-link-label screen-reader-text\">Instagram<\/span><\/a><\/li>\n\n<li class=\"wp-social-link wp-social-link-pinterest has-contrast-color wp-block-social-link\"><a href=\"https:\/\/@Lio_ola\" class=\"wp-block-social-link-anchor\"><svg width=\"24\" height=\"24\" viewBox=\"0 0 24 24\" version=\"1.1\" xmlns=\"http:\/\/www.w3.org\/2000\/svg\" aria-hidden=\"true\" focusable=\"false\"><path d=\"M12.289,2C6.617,2,3.606,5.648,3.606,9.622c0,1.846,1.025,4.146,2.666,4.878c0.25,0.111,0.381,0.063,0.439-0.169 c0.044-0.175,0.267-1.029,0.365-1.428c0.032-0.128,0.017-0.237-0.091-0.362C6.445,11.911,6.01,10.75,6.01,9.668 c0-2.777,2.194-5.464,5.933-5.464c3.23,0,5.49,2.108,5.49,5.122c0,3.407-1.794,5.768-4.13,5.768c-1.291,0-2.257-1.021-1.948-2.277 c0.372-1.495,1.089-3.112,1.089-4.191c0-0.967-0.542-1.775-1.663-1.775c-1.319,0-2.379,1.309-2.379,3.059 c0,1.115,0.394,1.869,0.394,1.869s-1.302,5.279-1.54,6.261c-0.405,1.666,0.053,4.368,0.094,4.604 c0.021,0.126,0.167,0.169,0.25,0.063c0.129-0.165,1.699-2.419,2.142-4.051c0.158-0.59,0.817-2.995,0.817-2.995 c0.43,0.784,1.681,1.446,3.013,1.446c3.963,0,6.822-3.494,6.822-7.833C20.394,5.112,16.849,2,12.289,2\"><\/path><\/svg><span class=\"wp-block-social-link-label screen-reader-text\">Pinterest<\/span><\/a><\/li><\/ul>\n<\/div>\n<\/div>\n","protected":false},"excerpt":{"rendered":"<p>D\u00e9finition du cosplay Le cosplay (\u30b3\u30b9\u30d7\u30ec, kosupure) ou costumade, est un loisir qui consiste \u00e0 jouer le r\u00f4le d&rsquo;un personnage de fiction en imitant son costume, ses cheveux \u2014 \u00e0 l&rsquo;aide d&rsquo;une perruque ou en r\u00e9alisant une coiffure identique \u2014 et son maquillage. On appelle les pratiquants des cosplayers (cosplayeur, cosplayeuse en fran\u00e7ais). Les th\u00e8mes [&hellip;]<\/p>\n","protected":false},"author":45,"featured_media":0,"parent":0,"menu_order":0,"comment_status":"closed","ping_status":"closed","template":"","meta":{"footnotes":""},"class_list":["post-22","page","type-page","status-publish","hentry"],"_links":{"self":[{"href":"https:\/\/eleves.escl.fr\/wp2\/cosfun\/wp-json\/wp\/v2\/pages\/22","targetHints":{"allow":["GET"]}}],"collection":[{"href":"https:\/\/eleves.escl.fr\/wp2\/cosfun\/wp-json\/wp\/v2\/pages"}],"about":[{"href":"https:\/\/eleves.escl.fr\/wp2\/cosfun\/wp-json\/wp\/v2\/types\/page"}],"author":[{"embeddable":true,"href":"https:\/\/eleves.escl.fr\/wp2\/cosfun\/wp-json\/wp\/v2\/users\/45"}],"replies":[{"embeddable":true,"href":"https:\/\/eleves.escl.fr\/wp2\/cosfun\/wp-json\/wp\/v2\/comments?post=22"}],"version-history":[{"count":14,"href":"https:\/\/eleves.escl.fr\/wp2\/cosfun\/wp-json\/wp\/v2\/pages\/22\/revisions"}],"predecessor-version":[{"id":181,"href":"https:\/\/eleves.escl.fr\/wp2\/cosfun\/wp-json\/wp\/v2\/pages\/22\/revisions\/181"}],"wp:attachment":[{"href":"https:\/\/eleves.escl.fr\/wp2\/cosfun\/wp-json\/wp\/v2\/media?parent=22"}],"curies":[{"name":"wp","href":"https:\/\/api.w.org\/{rel}","templated":true}]}}