{"id":66,"date":"2026-03-10T13:59:20","date_gmt":"2026-03-10T12:59:20","guid":{"rendered":"https:\/\/eleves.escl.fr\/wp2\/cosfun\/?page_id=66"},"modified":"2026-03-22T13:20:20","modified_gmt":"2026-03-22T12:20:20","slug":"metiers-lies-au-cosplay","status":"publish","type":"page","link":"https:\/\/eleves.escl.fr\/wp2\/cosfun\/metiers-lies-au-cosplay\/","title":{"rendered":"M\u00e9tiers li\u00e9s au cosplay"},"content":{"rendered":"\n<div class=\"wp-block-cover alignfull has-accent-1-color has-text-color has-link-color wp-elements-de86e29c61b9941c72fff15ba8313f1f\" style=\"margin-top:0;margin-bottom:0;padding-top:200px;padding-right:var(--wp--preset--spacing--50);padding-bottom:200px;padding-left:var(--wp--preset--spacing--50);min-height:100vh;aspect-ratio:unset;\"><img loading=\"lazy\" decoding=\"async\" width=\"1024\" height=\"681\" class=\"wp-block-cover__image-background wp-image-67 size-large\" alt=\"\" src=\"https:\/\/eleves.escl.fr\/wp2\/cosfun\/wp-content\/uploads\/sites\/27\/2026\/02\/visual-kei-2006-1024x681.jpg\" data-object-fit=\"cover\" srcset=\"https:\/\/eleves.escl.fr\/wp2\/cosfun\/wp-content\/uploads\/sites\/27\/2026\/02\/visual-kei-2006-1024x681.jpg 1024w, https:\/\/eleves.escl.fr\/wp2\/cosfun\/wp-content\/uploads\/sites\/27\/2026\/02\/visual-kei-2006-300x199.jpg 300w, https:\/\/eleves.escl.fr\/wp2\/cosfun\/wp-content\/uploads\/sites\/27\/2026\/02\/visual-kei-2006-768x511.jpg 768w, https:\/\/eleves.escl.fr\/wp2\/cosfun\/wp-content\/uploads\/sites\/27\/2026\/02\/visual-kei-2006-1536x1021.jpg 1536w, https:\/\/eleves.escl.fr\/wp2\/cosfun\/wp-content\/uploads\/sites\/27\/2026\/02\/visual-kei-2006-2048x1362.jpg 2048w\" sizes=\"auto, (max-width: 1024px) 100vw, 1024px\" \/><span aria-hidden=\"true\" class=\"wp-block-cover__background has-background-dim-10 has-background-dim\" style=\"background-color:#7c707b\"><\/span><div class=\"wp-block-cover__inner-container has-global-padding is-layout-constrained wp-container-core-cover-is-layout-d47c59a2 wp-block-cover-is-layout-constrained\">\n<div class=\"wp-block-group is-vertical is-content-justification-center is-layout-flex wp-container-core-group-is-layout-ce155fab wp-block-group-is-layout-flex\">\n<h2 data-wp-context---core-fit-text=\"core\/fit-text::{&quot;fontSize&quot;:&quot;&quot;}\" data-wp-init---core-fit-text=\"core\/fit-text::callbacks.init\" data-wp-interactive data-wp-style--font-size=\"core\/fit-text::context.fontSize\" class=\"wp-block-heading has-fit-text\">m\u00e9tiers li\u00e9s au cosplay<\/h2>\n<\/div>\n\n\n\n<p class=\"has-text-align-center\">contrairement au croyances populaires, on peut vivre du cosplay !<\/p>\n\n\n\n<div class=\"wp-block-buttons is-content-justification-center is-layout-flex wp-container-core-buttons-is-layout-a89b3969 wp-block-buttons-is-layout-flex\">\n<div class=\"wp-block-button is-style-fill\"><a class=\"wp-block-button__link has-contrast-color has-accent-1-background-color has-text-color has-background has-link-color has-border-color has-accent-1-border-color wp-element-button\" href=\"https:\/\/eleves.escl.fr\/wp2\/cosfun\/exemple-de-cosplayeurs-euses\/\">exemple<\/a><\/div>\n<\/div>\n<\/div><\/div>\n\n\n\n<div class=\"wp-block-columns alignwide is-style-text-display is-layout-flex wp-container-core-columns-is-layout-28f84493 wp-block-columns-is-layout-flex\">\n<div class=\"wp-block-column is-vertically-aligned-center is-layout-flow wp-block-column-is-layout-flow\" style=\"border-width:4px;border-top-left-radius:6px;border-top-right-radius:6px;border-bottom-left-radius:6px;border-bottom-right-radius:6px\">\n<h2 class=\"wp-block-heading has-text-align-center is-style-text-display is-style-text-display--1\">cosplayeur <\/h2>\n\n\n\n<p class=\"has-medium-font-size\" style=\"padding-right:var(--wp--preset--spacing--20);padding-left:var(--wp--preset--spacing--20)\">Un cosplayeur est une personalit\u00e9 publique. Il g\u00e9n\u00e8re des revenues a partir des r\u00e9seaux sociaux, de placement de produit ou en gagnant des concours. Certains cosplayeurs devienne \u00ab\u00a0mascotte\u00a0\u00bb de marques ou jeux-vid\u00e9os.<\/p>\n\n\n\n<p class=\"has-text-align-right\" style=\"padding-right:var(--wp--preset--spacing--20);padding-left:var(--wp--preset--spacing--20)\">lien image: <a href=\"http:\/\/instagram.com\" data-type=\"link\" data-id=\"instagram.com\">instagram.com<\/a><\/p>\n<\/div>\n\n\n\n<div class=\"wp-block-column is-layout-flow wp-block-column-is-layout-flow\">\n<figure class=\"wp-block-image size-full is-resized\"><img loading=\"lazy\" decoding=\"async\" width=\"622\" height=\"1018\" src=\"https:\/\/eleves.escl.fr\/wp2\/cosfun\/wp-content\/uploads\/sites\/27\/2026\/02\/aremi-cosplay.jpeg\" alt=\"\" class=\"wp-image-82\" style=\"aspect-ratio:0.6110055834188657;width:407px;height:auto\" srcset=\"https:\/\/eleves.escl.fr\/wp2\/cosfun\/wp-content\/uploads\/sites\/27\/2026\/02\/aremi-cosplay.jpeg 622w, https:\/\/eleves.escl.fr\/wp2\/cosfun\/wp-content\/uploads\/sites\/27\/2026\/02\/aremi-cosplay-183x300.jpeg 183w\" sizes=\"auto, (max-width: 622px) 100vw, 622px\" \/><\/figure>\n<\/div>\n<\/div>\n\n\n\n<div class=\"wp-block-columns alignwide is-layout-flex wp-container-core-columns-is-layout-28f84493 wp-block-columns-is-layout-flex\">\n<div class=\"wp-block-column is-layout-flow wp-block-column-is-layout-flow\">\n<figure class=\"wp-block-image alignleft size-full is-resized\"><img loading=\"lazy\" decoding=\"async\" width=\"791\" height=\"983\" src=\"https:\/\/eleves.escl.fr\/wp2\/cosfun\/wp-content\/uploads\/sites\/27\/2026\/02\/insta-ym-1.jpeg\" alt=\"\" class=\"wp-image-83\" style=\"aspect-ratio:0.8046723843638651;width:435px;height:auto\" srcset=\"https:\/\/eleves.escl.fr\/wp2\/cosfun\/wp-content\/uploads\/sites\/27\/2026\/02\/insta-ym-1.jpeg 791w, https:\/\/eleves.escl.fr\/wp2\/cosfun\/wp-content\/uploads\/sites\/27\/2026\/02\/insta-ym-1-241x300.jpeg 241w, https:\/\/eleves.escl.fr\/wp2\/cosfun\/wp-content\/uploads\/sites\/27\/2026\/02\/insta-ym-1-768x954.jpeg 768w\" sizes=\"auto, (max-width: 791px) 100vw, 791px\" \/><\/figure>\n<\/div>\n\n\n\n<div class=\"wp-block-column has-small-font-size has-global-padding is-content-justification-center is-layout-constrained wp-container-core-column-is-layout-e5f64717 wp-block-column-is-layout-constrained\" style=\"border-width:4px;border-top-left-radius:7px;border-top-right-radius:7px;border-bottom-left-radius:7px;border-bottom-right-radius:7px\">\n<h2 class=\"wp-block-heading alignwide has-text-align-center is-style-text-display is-style-text-display--2\" style=\"margin-top:var(--wp--preset--spacing--50);margin-bottom:var(--wp--preset--spacing--50)\">wigmaker<\/h2>\n\n\n\n<p class=\"has-text-align-center has-medium-font-size\">un wigmaker va designer et construire des perruques. Dans notre cas un wigmaker sp\u00e9cialis\u00e9 dans le cosplay va devoir construire des perruques complexes.<\/p>\n\n\n\n<p class=\"has-text-align-left\" style=\"padding-top:0;padding-right:var(--wp--preset--spacing--20);padding-bottom:0;padding-left:var(--wp--preset--spacing--20)\">lien image: <a href=\"http:\/\/instagram.com\" data-type=\"link\" data-id=\"instagram.com\">instagram.com<\/a><\/p>\n<\/div>\n<\/div>\n\n\n\n<div class=\"wp-block-columns alignwide is-layout-flex wp-container-core-columns-is-layout-28f84493 wp-block-columns-is-layout-flex\">\n<div class=\"wp-block-column is-layout-flow wp-block-column-is-layout-flow\" style=\"border-width:4px;border-top-left-radius:6px;border-top-right-radius:6px;border-bottom-left-radius:6px;border-bottom-right-radius:6px\">\n<h2 class=\"wp-block-heading has-text-align-center\" style=\"margin-top:var(--wp--preset--spacing--50);margin-bottom:var(--wp--preset--spacing--50)\">couturier<\/h2>\n\n\n\n<p class=\"has-text-align-center has-medium-font-size\">Le <strong>couturier<\/strong> en cosplay cr\u00e9e des <strong>costumes et accessoires personnalis\u00e9s<\/strong>, offrant une <strong>qualit\u00e9 sup\u00e9rieure<\/strong> et une <strong>originalit\u00e9<\/strong> appr\u00e9ci\u00e9e par les passionn\u00e9s, ce qui peut \u00eatre tr\u00e8s <strong>lucratif<\/strong>.<\/p>\n\n\n\n<p class=\"has-text-align-right\" style=\"padding-right:var(--wp--preset--spacing--20);padding-left:var(--wp--preset--spacing--20)\">lien image : <a href=\"http:\/\/artofit.org\" data-type=\"link\" data-id=\"artofit.org\">artofit.org<\/a><\/p>\n<\/div>\n\n\n\n<div class=\"wp-block-column is-layout-flow wp-block-column-is-layout-flow\">\n<figure class=\"wp-block-image size-full is-resized\"><img loading=\"lazy\" decoding=\"async\" width=\"474\" height=\"758\" src=\"https:\/\/eleves.escl.fr\/wp2\/cosfun\/wp-content\/uploads\/sites\/27\/2026\/02\/couture-1.webp\" alt=\"\" class=\"wp-image-86\" style=\"aspect-ratio:0.6253256772044987;width:360px;height:auto\" srcset=\"https:\/\/eleves.escl.fr\/wp2\/cosfun\/wp-content\/uploads\/sites\/27\/2026\/02\/couture-1.webp 474w, https:\/\/eleves.escl.fr\/wp2\/cosfun\/wp-content\/uploads\/sites\/27\/2026\/02\/couture-1-188x300.webp 188w\" sizes=\"auto, (max-width: 474px) 100vw, 474px\" \/><\/figure>\n<\/div>\n<\/div>\n\n\n\n<div class=\"wp-block-columns alignfull is-layout-flex wp-container-core-columns-is-layout-28f84493 wp-block-columns-is-layout-flex\">\n<div class=\"wp-block-column is-layout-flow wp-block-column-is-layout-flow\">\n<figure class=\"wp-block-image alignright size-full\"><img loading=\"lazy\" decoding=\"async\" width=\"474\" height=\"354\" src=\"https:\/\/eleves.escl.fr\/wp2\/cosfun\/wp-content\/uploads\/sites\/27\/2026\/03\/phptographe-3.webp\" alt=\"\" class=\"wp-image-99\" srcset=\"https:\/\/eleves.escl.fr\/wp2\/cosfun\/wp-content\/uploads\/sites\/27\/2026\/03\/phptographe-3.webp 474w, https:\/\/eleves.escl.fr\/wp2\/cosfun\/wp-content\/uploads\/sites\/27\/2026\/03\/phptographe-3-300x224.webp 300w\" sizes=\"auto, (max-width: 474px) 100vw, 474px\" \/><\/figure>\n<\/div>\n\n\n\n<div class=\"wp-block-column is-layout-flow wp-container-core-column-is-layout-b108c007 wp-block-column-is-layout-flow\" style=\"border-width:4px;border-top-left-radius:6px;border-top-right-radius:6px;border-bottom-left-radius:6px;border-bottom-right-radius:6px;padding-right:0;padding-left:0\">\n<p class=\"has-text-align-center has-large-font-size\" style=\"margin-top:var(--wp--preset--spacing--50);margin-bottom:var(--wp--preset--spacing--50)\"><strong>photographe<\/strong><\/p>\n\n\n\n<p style=\"padding-top:0;padding-right:var(--wp--preset--spacing--20);padding-bottom:0;padding-left:var(--wp--preset--spacing--20)\">les photographes sont tr\u00e8s pr\u00e9sents dans le cosplay, ils prennent en photos les cosplayers, leurs font de la visibilit\u00e9 et mettent en avant leur travaux.<\/p>\n\n\n\n<p class=\"has-text-align-right\" style=\"padding-right:var(--wp--preset--spacing--20);padding-left:var(--wp--preset--spacing--20)\">lien image : <a href=\"http:\/\/pinterest.com\" data-type=\"link\" data-id=\"pinterest.com\">pinterest.com<\/a><\/p>\n<\/div>\n<\/div>\n\n\n\n<p><\/p>\n\n\n\n<p><\/p>\n","protected":false},"excerpt":{"rendered":"<p>cosplayeur Un cosplayeur est une personalit\u00e9 publique. Il g\u00e9n\u00e8re des revenues a partir des r\u00e9seaux sociaux, de placement de produit ou en gagnant des concours. Certains cosplayeurs devienne \u00ab\u00a0mascotte\u00a0\u00bb de marques ou jeux-vid\u00e9os. lien image: instagram.com wigmaker un wigmaker va designer et construire des perruques. Dans notre cas un wigmaker sp\u00e9cialis\u00e9 dans le cosplay va [&hellip;]<\/p>\n","protected":false},"author":45,"featured_media":0,"parent":0,"menu_order":0,"comment_status":"closed","ping_status":"closed","template":"","meta":{"footnotes":""},"class_list":["post-66","page","type-page","status-publish","hentry"],"_links":{"self":[{"href":"https:\/\/eleves.escl.fr\/wp2\/cosfun\/wp-json\/wp\/v2\/pages\/66","targetHints":{"allow":["GET"]}}],"collection":[{"href":"https:\/\/eleves.escl.fr\/wp2\/cosfun\/wp-json\/wp\/v2\/pages"}],"about":[{"href":"https:\/\/eleves.escl.fr\/wp2\/cosfun\/wp-json\/wp\/v2\/types\/page"}],"author":[{"embeddable":true,"href":"https:\/\/eleves.escl.fr\/wp2\/cosfun\/wp-json\/wp\/v2\/users\/45"}],"replies":[{"embeddable":true,"href":"https:\/\/eleves.escl.fr\/wp2\/cosfun\/wp-json\/wp\/v2\/comments?post=66"}],"version-history":[{"count":8,"href":"https:\/\/eleves.escl.fr\/wp2\/cosfun\/wp-json\/wp\/v2\/pages\/66\/revisions"}],"predecessor-version":[{"id":180,"href":"https:\/\/eleves.escl.fr\/wp2\/cosfun\/wp-json\/wp\/v2\/pages\/66\/revisions\/180"}],"wp:attachment":[{"href":"https:\/\/eleves.escl.fr\/wp2\/cosfun\/wp-json\/wp\/v2\/media?parent=66"}],"curies":[{"name":"wp","href":"https:\/\/api.w.org\/{rel}","templated":true}]}}