{"id":16,"date":"2026-01-06T14:30:48","date_gmt":"2026-01-06T13:30:48","guid":{"rendered":"https:\/\/eleves.escl.fr\/wp2\/crevettes\/?page_id=16"},"modified":"2026-01-20T15:04:56","modified_gmt":"2026-01-20T14:04:56","slug":"page-2","status":"publish","type":"page","link":"https:\/\/eleves.escl.fr\/wp2\/crevettes\/page-2\/","title":{"rendered":"Shrimpina"},"content":{"rendered":"\n<p>Vous avez trouv\u00e9:<\/p>\n\n\n\n<div class=\"wp-block-columns is-layout-flex wp-container-core-columns-is-layout-28f84493 wp-block-columns-is-layout-flex\">\n<div class=\"wp-block-column is-layout-flow wp-block-column-is-layout-flow\" style=\"flex-basis:66.66%\">\n<h2 class=\"wp-block-heading\"><strong>SHRIMPINA !<\/strong><\/h2>\n<\/div>\n\n\n\n<div class=\"wp-block-column is-layout-flow wp-block-column-is-layout-flow\" style=\"flex-basis:33.33%\"><\/div>\n<\/div>\n\n\n\n<div class=\"wp-block-columns is-layout-flex wp-container-core-columns-is-layout-28f84493 wp-block-columns-is-layout-flex\">\n<div class=\"wp-block-column is-layout-flow wp-block-column-is-layout-flow\" style=\"flex-basis:66.66%\">\n<figure class=\"wp-block-image size-large\"><img loading=\"lazy\" decoding=\"async\" width=\"1024\" height=\"1024\" src=\"https:\/\/eleves.escl.fr\/wp2\/crevettes\/wp-content\/uploads\/sites\/20\/2025\/12\/shrimpina-1024x1024.png\" alt=\"\" class=\"wp-image-7\" srcset=\"https:\/\/eleves.escl.fr\/wp2\/crevettes\/wp-content\/uploads\/sites\/20\/2025\/12\/shrimpina-1024x1024.png 1024w, https:\/\/eleves.escl.fr\/wp2\/crevettes\/wp-content\/uploads\/sites\/20\/2025\/12\/shrimpina-300x300.png 300w, https:\/\/eleves.escl.fr\/wp2\/crevettes\/wp-content\/uploads\/sites\/20\/2025\/12\/shrimpina-150x150.png 150w, https:\/\/eleves.escl.fr\/wp2\/crevettes\/wp-content\/uploads\/sites\/20\/2025\/12\/shrimpina-768x768.png 768w, https:\/\/eleves.escl.fr\/wp2\/crevettes\/wp-content\/uploads\/sites\/20\/2025\/12\/shrimpina-1536x1536.png 1536w, https:\/\/eleves.escl.fr\/wp2\/crevettes\/wp-content\/uploads\/sites\/20\/2025\/12\/shrimpina-2048x2048.png 2048w\" sizes=\"auto, (max-width: 1024px) 100vw, 1024px\" \/><\/figure>\n<\/div>\n\n\n\n<div class=\"wp-block-column is-layout-flow wp-block-column-is-layout-flow\" style=\"flex-basis:33.33%\">\n<p>Shrimpina est une petite crevette femelle, elle fait partit d&rsquo;un club de shrimptease, son ex \u00e9tait addict au jeu vid\u00e9o, elle l&rsquo;a quitt\u00e9 pour Shrimp Pom Pom.<\/p>\n<\/div>\n<\/div>\n\n\n\n<p>Image cr\u00e9\u00e9e par Ninon Farigoule, travaillant pour ce site, donc pas de probl\u00e8me de droits d&rsquo;auteur<\/p>\n","protected":false},"excerpt":{"rendered":"<p>Vous avez trouv\u00e9: SHRIMPINA ! Shrimpina est une petite crevette femelle, elle fait partit d&rsquo;un club de shrimptease, son ex \u00e9tait addict au jeu vid\u00e9o, elle l&rsquo;a quitt\u00e9 pour Shrimp Pom Pom. Image cr\u00e9\u00e9e par Ninon Farigoule, travaillant pour ce site, donc pas de probl\u00e8me de droits d&rsquo;auteur<\/p>\n","protected":false},"author":37,"featured_media":0,"parent":0,"menu_order":0,"comment_status":"closed","ping_status":"closed","template":"","meta":{"footnotes":""},"class_list":["post-16","page","type-page","status-publish","hentry"],"_links":{"self":[{"href":"https:\/\/eleves.escl.fr\/wp2\/crevettes\/wp-json\/wp\/v2\/pages\/16","targetHints":{"allow":["GET"]}}],"collection":[{"href":"https:\/\/eleves.escl.fr\/wp2\/crevettes\/wp-json\/wp\/v2\/pages"}],"about":[{"href":"https:\/\/eleves.escl.fr\/wp2\/crevettes\/wp-json\/wp\/v2\/types\/page"}],"author":[{"embeddable":true,"href":"https:\/\/eleves.escl.fr\/wp2\/crevettes\/wp-json\/wp\/v2\/users\/37"}],"replies":[{"embeddable":true,"href":"https:\/\/eleves.escl.fr\/wp2\/crevettes\/wp-json\/wp\/v2\/comments?post=16"}],"version-history":[{"count":8,"href":"https:\/\/eleves.escl.fr\/wp2\/crevettes\/wp-json\/wp\/v2\/pages\/16\/revisions"}],"predecessor-version":[{"id":111,"href":"https:\/\/eleves.escl.fr\/wp2\/crevettes\/wp-json\/wp\/v2\/pages\/16\/revisions\/111"}],"wp:attachment":[{"href":"https:\/\/eleves.escl.fr\/wp2\/crevettes\/wp-json\/wp\/v2\/media?parent=16"}],"curies":[{"name":"wp","href":"https:\/\/api.w.org\/{rel}","templated":true}]}}