{"id":27,"date":"2026-01-06T14:57:52","date_gmt":"2026-01-06T13:57:52","guid":{"rendered":"https:\/\/eleves.escl.fr\/wp2\/crevettes\/?page_id=27"},"modified":"2026-01-20T15:07:45","modified_gmt":"2026-01-20T14:07:45","slug":"shrimp-pom-pom","status":"publish","type":"page","link":"https:\/\/eleves.escl.fr\/wp2\/crevettes\/shrimp-pom-pom\/","title":{"rendered":"Shrimp Pom Pom"},"content":{"rendered":"\n<p>Vous avez trouv\u00e9:<\/p>\n\n\n\n<h2 class=\"wp-block-heading\">Shrimp Pom Pom !<\/h2>\n\n\n\n<div class=\"wp-block-columns is-layout-flex wp-container-core-columns-is-layout-28f84493 wp-block-columns-is-layout-flex\">\n<div class=\"wp-block-column is-layout-flow wp-block-column-is-layout-flow\" style=\"flex-basis:33.33%\">\n<figure class=\"wp-block-image size-large\"><img loading=\"lazy\" decoding=\"async\" width=\"1024\" height=\"1024\" src=\"https:\/\/eleves.escl.fr\/wp2\/crevettes\/wp-content\/uploads\/sites\/20\/2025\/12\/pompomgirl-1024x1024.png\" alt=\"\" class=\"wp-image-12\" srcset=\"https:\/\/eleves.escl.fr\/wp2\/crevettes\/wp-content\/uploads\/sites\/20\/2025\/12\/pompomgirl-1024x1024.png 1024w, https:\/\/eleves.escl.fr\/wp2\/crevettes\/wp-content\/uploads\/sites\/20\/2025\/12\/pompomgirl-300x300.png 300w, https:\/\/eleves.escl.fr\/wp2\/crevettes\/wp-content\/uploads\/sites\/20\/2025\/12\/pompomgirl-150x150.png 150w, https:\/\/eleves.escl.fr\/wp2\/crevettes\/wp-content\/uploads\/sites\/20\/2025\/12\/pompomgirl-768x768.png 768w, https:\/\/eleves.escl.fr\/wp2\/crevettes\/wp-content\/uploads\/sites\/20\/2025\/12\/pompomgirl-1536x1536.png 1536w, https:\/\/eleves.escl.fr\/wp2\/crevettes\/wp-content\/uploads\/sites\/20\/2025\/12\/pompomgirl-2048x2048.png 2048w\" sizes=\"auto, (max-width: 1024px) 100vw, 1024px\" \/><\/figure>\n<\/div>\n\n\n\n<div class=\"wp-block-column is-layout-flow wp-block-column-is-layout-flow\" style=\"flex-basis:66.66%\">\n<p><strong>Description:<\/strong><\/p>\n\n\n\n<p>Shrimp Pom Pom, de son vrai nom Georgia Gabriella Marcella Maddalena Francesca Marcellina Clarissa Giordani, est pom pom girl du plus grand stade de Shridditch de l&rsquo;Oc\u00e9an Indien.<\/p>\n<\/div>\n<\/div>\n\n\n\n<p data-wp-context---core-fit-text=\"core\/fit-text::{&quot;fontSize&quot;:&quot;&quot;}\" data-wp-init---core-fit-text=\"core\/fit-text::callbacks.init\" data-wp-interactive data-wp-style--font-size=\"core\/fit-text::context.fontSize\" class=\"has-fit-text\">Image cr\u00e9\u00e9e par Ninon Farigoule, travaillant pour ce site, donc pas de probl\u00e8me de droits d&rsquo;auteur<\/p>\n","protected":false},"excerpt":{"rendered":"<p>Vous avez trouv\u00e9: Shrimp Pom Pom ! Description: Shrimp Pom Pom, de son vrai nom Georgia Gabriella Marcella Maddalena Francesca Marcellina Clarissa Giordani, est pom pom girl du plus grand stade de Shridditch de l&rsquo;Oc\u00e9an Indien. Image cr\u00e9\u00e9e par Ninon Farigoule, travaillant pour ce site, donc pas de probl\u00e8me de droits d&rsquo;auteur<\/p>\n","protected":false},"author":37,"featured_media":0,"parent":0,"menu_order":0,"comment_status":"closed","ping_status":"closed","template":"","meta":{"footnotes":""},"class_list":["post-27","page","type-page","status-publish","hentry"],"_links":{"self":[{"href":"https:\/\/eleves.escl.fr\/wp2\/crevettes\/wp-json\/wp\/v2\/pages\/27","targetHints":{"allow":["GET"]}}],"collection":[{"href":"https:\/\/eleves.escl.fr\/wp2\/crevettes\/wp-json\/wp\/v2\/pages"}],"about":[{"href":"https:\/\/eleves.escl.fr\/wp2\/crevettes\/wp-json\/wp\/v2\/types\/page"}],"author":[{"embeddable":true,"href":"https:\/\/eleves.escl.fr\/wp2\/crevettes\/wp-json\/wp\/v2\/users\/37"}],"replies":[{"embeddable":true,"href":"https:\/\/eleves.escl.fr\/wp2\/crevettes\/wp-json\/wp\/v2\/comments?post=27"}],"version-history":[{"count":5,"href":"https:\/\/eleves.escl.fr\/wp2\/crevettes\/wp-json\/wp\/v2\/pages\/27\/revisions"}],"predecessor-version":[{"id":174,"href":"https:\/\/eleves.escl.fr\/wp2\/crevettes\/wp-json\/wp\/v2\/pages\/27\/revisions\/174"}],"wp:attachment":[{"href":"https:\/\/eleves.escl.fr\/wp2\/crevettes\/wp-json\/wp\/v2\/media?parent=27"}],"curies":[{"name":"wp","href":"https:\/\/api.w.org\/{rel}","templated":true}]}}