{"id":30,"date":"2026-01-06T14:53:58","date_gmt":"2026-01-06T13:53:58","guid":{"rendered":"https:\/\/eleves.escl.fr\/wp2\/crevettes\/?page_id=30"},"modified":"2026-01-06T14:53:58","modified_gmt":"2026-01-06T13:53:58","slug":"adventure-shrimp","status":"publish","type":"page","link":"https:\/\/eleves.escl.fr\/wp2\/crevettes\/adventure-shrimp\/","title":{"rendered":"Adventure Shrimp"},"content":{"rendered":"\n<p><\/p>\n\n\n\n<div class=\"wp-block-columns is-layout-flex wp-container-core-columns-is-layout-28f84493 wp-block-columns-is-layout-flex\">\n<div class=\"wp-block-column is-layout-flow wp-block-column-is-layout-flow\" style=\"flex-basis:66.66%\">\n<figure class=\"wp-block-image size-full\"><img loading=\"lazy\" decoding=\"async\" width=\"1000\" height=\"563\" src=\"https:\/\/eleves.escl.fr\/wp2\/crevettes\/wp-content\/uploads\/sites\/20\/2026\/01\/S1e16_Children_of_the_Sea.webp\" alt=\"\" class=\"wp-image-32\" srcset=\"https:\/\/eleves.escl.fr\/wp2\/crevettes\/wp-content\/uploads\/sites\/20\/2026\/01\/S1e16_Children_of_the_Sea.webp 1000w, https:\/\/eleves.escl.fr\/wp2\/crevettes\/wp-content\/uploads\/sites\/20\/2026\/01\/S1e16_Children_of_the_Sea-300x169.webp 300w, https:\/\/eleves.escl.fr\/wp2\/crevettes\/wp-content\/uploads\/sites\/20\/2026\/01\/S1e16_Children_of_the_Sea-768x432.webp 768w\" sizes=\"auto, (max-width: 1000px) 100vw, 1000px\" \/><\/figure>\n<\/div>\n\n\n\n<div class=\"wp-block-column is-layout-flow wp-block-column-is-layout-flow\" style=\"flex-basis:33.33%\">\n<p>Ces crevettes apparaissent dans l&rsquo;\u00e9pisode 16 de la saison 1 de la s\u00e9rie anim\u00e9e Adventure time : Ocean of fear.<\/p>\n<\/div>\n<\/div>\n\n\n\n<p><\/p>\n","protected":false},"excerpt":{"rendered":"<p>Ces crevettes apparaissent dans l&rsquo;\u00e9pisode 16 de la saison 1 de la s\u00e9rie anim\u00e9e Adventure time : Ocean of fear.<\/p>\n","protected":false},"author":34,"featured_media":0,"parent":0,"menu_order":0,"comment_status":"closed","ping_status":"closed","template":"","meta":{"footnotes":""},"class_list":["post-30","page","type-page","status-publish","hentry"],"_links":{"self":[{"href":"https:\/\/eleves.escl.fr\/wp2\/crevettes\/wp-json\/wp\/v2\/pages\/30","targetHints":{"allow":["GET"]}}],"collection":[{"href":"https:\/\/eleves.escl.fr\/wp2\/crevettes\/wp-json\/wp\/v2\/pages"}],"about":[{"href":"https:\/\/eleves.escl.fr\/wp2\/crevettes\/wp-json\/wp\/v2\/types\/page"}],"author":[{"embeddable":true,"href":"https:\/\/eleves.escl.fr\/wp2\/crevettes\/wp-json\/wp\/v2\/users\/34"}],"replies":[{"embeddable":true,"href":"https:\/\/eleves.escl.fr\/wp2\/crevettes\/wp-json\/wp\/v2\/comments?post=30"}],"version-history":[{"count":2,"href":"https:\/\/eleves.escl.fr\/wp2\/crevettes\/wp-json\/wp\/v2\/pages\/30\/revisions"}],"predecessor-version":[{"id":35,"href":"https:\/\/eleves.escl.fr\/wp2\/crevettes\/wp-json\/wp\/v2\/pages\/30\/revisions\/35"}],"wp:attachment":[{"href":"https:\/\/eleves.escl.fr\/wp2\/crevettes\/wp-json\/wp\/v2\/media?parent=30"}],"curies":[{"name":"wp","href":"https:\/\/api.w.org\/{rel}","templated":true}]}}