{"id":49,"date":"2026-01-06T15:06:48","date_gmt":"2026-01-06T14:06:48","guid":{"rendered":"https:\/\/eleves.escl.fr\/wp2\/crevettes\/?page_id=49"},"modified":"2026-01-20T15:06:15","modified_gmt":"2026-01-20T14:06:15","slug":"shrimp-gentleman","status":"publish","type":"page","link":"https:\/\/eleves.escl.fr\/wp2\/crevettes\/shrimp-gentleman\/","title":{"rendered":"Shrimp Gentleman"},"content":{"rendered":"\n<p>Vous avez trouv\u00e9:<\/p>\n\n\n\n<h2 class=\"wp-block-heading\">Shrimp Gentleman !<\/h2>\n\n\n\n<div class=\"wp-block-columns is-layout-flex wp-container-core-columns-is-layout-28f84493 wp-block-columns-is-layout-flex\">\n<div class=\"wp-block-column is-layout-flow wp-block-column-is-layout-flow\" style=\"flex-basis:33.33%\">\n<p class=\"has-text-align-right\">Shrimp Gentleman est, d&rsquo;o\u00f9 le nom, un Gentleman, ayant toujours son regard charmeur. Mais ne vous laissez pas avoir ! Shrimp Gentleman n&rsquo;h\u00e9siterait pas une seconde pour vous vendre si cela a un profit pour lui !<\/p>\n<\/div>\n\n\n\n<div class=\"wp-block-column is-layout-flow wp-block-column-is-layout-flow\" style=\"flex-basis:66.66%\">\n<figure class=\"wp-block-image size-large\"><img loading=\"lazy\" decoding=\"async\" width=\"1024\" height=\"1024\" src=\"https:\/\/eleves.escl.fr\/wp2\/crevettes\/wp-content\/uploads\/sites\/20\/2025\/12\/chapelier-1024x1024.png\" alt=\"\" class=\"wp-image-8\" srcset=\"https:\/\/eleves.escl.fr\/wp2\/crevettes\/wp-content\/uploads\/sites\/20\/2025\/12\/chapelier-1024x1024.png 1024w, https:\/\/eleves.escl.fr\/wp2\/crevettes\/wp-content\/uploads\/sites\/20\/2025\/12\/chapelier-300x300.png 300w, https:\/\/eleves.escl.fr\/wp2\/crevettes\/wp-content\/uploads\/sites\/20\/2025\/12\/chapelier-150x150.png 150w, https:\/\/eleves.escl.fr\/wp2\/crevettes\/wp-content\/uploads\/sites\/20\/2025\/12\/chapelier-768x768.png 768w, https:\/\/eleves.escl.fr\/wp2\/crevettes\/wp-content\/uploads\/sites\/20\/2025\/12\/chapelier-1536x1536.png 1536w, https:\/\/eleves.escl.fr\/wp2\/crevettes\/wp-content\/uploads\/sites\/20\/2025\/12\/chapelier-2048x2048.png 2048w\" sizes=\"auto, (max-width: 1024px) 100vw, 1024px\" \/><\/figure>\n<\/div>\n<\/div>\n\n\n\n<p>Image cr\u00e9\u00e9e par Ninon Farigoule, travaillant pour ce site, donc pas de probl\u00e8me de droits d&rsquo;auteur<\/p>\n","protected":false},"excerpt":{"rendered":"<p>Vous avez trouv\u00e9: Shrimp Gentleman ! Shrimp Gentleman est, d&rsquo;o\u00f9 le nom, un Gentleman, ayant toujours son regard charmeur. Mais ne vous laissez pas avoir ! Shrimp Gentleman n&rsquo;h\u00e9siterait pas une seconde pour vous vendre si cela a un profit pour lui ! Image cr\u00e9\u00e9e par Ninon Farigoule, travaillant pour ce site, donc pas de [&hellip;]<\/p>\n","protected":false},"author":37,"featured_media":0,"parent":0,"menu_order":0,"comment_status":"closed","ping_status":"closed","template":"","meta":{"footnotes":""},"class_list":["post-49","page","type-page","status-publish","hentry"],"_links":{"self":[{"href":"https:\/\/eleves.escl.fr\/wp2\/crevettes\/wp-json\/wp\/v2\/pages\/49","targetHints":{"allow":["GET"]}}],"collection":[{"href":"https:\/\/eleves.escl.fr\/wp2\/crevettes\/wp-json\/wp\/v2\/pages"}],"about":[{"href":"https:\/\/eleves.escl.fr\/wp2\/crevettes\/wp-json\/wp\/v2\/types\/page"}],"author":[{"embeddable":true,"href":"https:\/\/eleves.escl.fr\/wp2\/crevettes\/wp-json\/wp\/v2\/users\/37"}],"replies":[{"embeddable":true,"href":"https:\/\/eleves.escl.fr\/wp2\/crevettes\/wp-json\/wp\/v2\/comments?post=49"}],"version-history":[{"count":3,"href":"https:\/\/eleves.escl.fr\/wp2\/crevettes\/wp-json\/wp\/v2\/pages\/49\/revisions"}],"predecessor-version":[{"id":113,"href":"https:\/\/eleves.escl.fr\/wp2\/crevettes\/wp-json\/wp\/v2\/pages\/49\/revisions\/113"}],"wp:attachment":[{"href":"https:\/\/eleves.escl.fr\/wp2\/crevettes\/wp-json\/wp\/v2\/media?parent=49"}],"curies":[{"name":"wp","href":"https:\/\/api.w.org\/{rel}","templated":true}]}}