{"id":100,"date":"2026-01-27T13:36:06","date_gmt":"2026-01-27T12:36:06","guid":{"rendered":"https:\/\/eleves.escl.fr\/wp2\/crochet\/?page_id=100"},"modified":"2026-03-10T14:37:57","modified_gmt":"2026-03-10T13:37:57","slug":"laine","status":"publish","type":"page","link":"https:\/\/eleves.escl.fr\/wp2\/crochet\/toto\/laine\/","title":{"rendered":"Laine"},"content":{"rendered":"\n<p>Il existe plusieurs type de laine pour diff\u00e9rent projet<\/p>\n\n\n\n<div class=\"wp-block-group has-global-padding is-layout-constrained wp-block-group-is-layout-constrained\">\n<div class=\"wp-block-media-text is-stacked-on-mobile\"><figure class=\"wp-block-media-text__media\"><img loading=\"lazy\" decoding=\"async\" width=\"1024\" height=\"576\" src=\"https:\/\/eleves.escl.fr\/wp2\/crochet\/wp-content\/uploads\/sites\/25\/2026\/03\/laines-differences-1024x576.jpg\" alt=\"\" class=\"wp-image-194 size-full\" srcset=\"https:\/\/eleves.escl.fr\/wp2\/crochet\/wp-content\/uploads\/sites\/25\/2026\/03\/laines-differences-1024x576.jpg 1024w, https:\/\/eleves.escl.fr\/wp2\/crochet\/wp-content\/uploads\/sites\/25\/2026\/03\/laines-differences-300x169.jpg 300w, https:\/\/eleves.escl.fr\/wp2\/crochet\/wp-content\/uploads\/sites\/25\/2026\/03\/laines-differences-768x432.jpg 768w, https:\/\/eleves.escl.fr\/wp2\/crochet\/wp-content\/uploads\/sites\/25\/2026\/03\/laines-differences-1536x864.jpg 1536w, https:\/\/eleves.escl.fr\/wp2\/crochet\/wp-content\/uploads\/sites\/25\/2026\/03\/laines-differences.jpg 1920w\" sizes=\"auto, (max-width: 1024px) 100vw, 1024px\" \/><\/figure><div class=\"wp-block-media-text__content\"><nav class=\"is-responsive items-justified-center is-vertical wp-block-navigation is-content-justification-center is-layout-flex wp-container-core-navigation-is-layout-734eb2c2 wp-block-navigation-is-layout-flex\" aria-label=\"Menu 2\" \n\t\t data-wp-interactive=\"core\/navigation\" data-wp-context='{\"overlayOpenedBy\":{\"click\":false,\"hover\":false,\"focus\":false},\"type\":\"overlay\",\"roleAttribute\":\"\",\"ariaLabel\":\"Menu\"}'><button aria-haspopup=\"dialog\" aria-label=\"Ouvrir le menu\" class=\"wp-block-navigation__responsive-container-open\" \n\t\t\t\tdata-wp-on--click=\"actions.openMenuOnClick\"\n\t\t\t\tdata-wp-on--keydown=\"actions.handleMenuKeydown\"\n\t\t\t><svg width=\"24\" height=\"24\" xmlns=\"http:\/\/www.w3.org\/2000\/svg\" viewBox=\"0 0 24 24\"><path d=\"M5 5v1.5h14V5H5z\"><\/path><path d=\"M5 12.8h14v-1.5H5v1.5z\"><\/path><path d=\"M5 19h14v-1.5H5V19z\"><\/path><\/svg><\/button>\n\t\t\t\t<div class=\"wp-block-navigation__responsive-container\"  id=\"modal-1\" \n\t\t\t\tdata-wp-class--has-modal-open=\"state.isMenuOpen\"\n\t\t\t\tdata-wp-class--is-menu-open=\"state.isMenuOpen\"\n\t\t\t\tdata-wp-watch=\"callbacks.initMenu\"\n\t\t\t\tdata-wp-on--keydown=\"actions.handleMenuKeydown\"\n\t\t\t\tdata-wp-on--focusout=\"actions.handleMenuFocusout\"\n\t\t\t\ttabindex=\"-1\"\n\t\t\t>\n\t\t\t\t\t<div class=\"wp-block-navigation__responsive-close\" tabindex=\"-1\">\n\t\t\t\t\t\t<div class=\"wp-block-navigation__responsive-dialog\" \n\t\t\t\tdata-wp-bind--aria-modal=\"state.ariaModal\"\n\t\t\t\tdata-wp-bind--aria-label=\"state.ariaLabel\"\n\t\t\t\tdata-wp-bind--role=\"state.roleAttribute\"\n\t\t\t>\n\t\t\t\t\t\t\t<button aria-label=\"Fermer le menu\" class=\"wp-block-navigation__responsive-container-close\" \n\t\t\t\tdata-wp-on--click=\"actions.closeMenuOnClick\"\n\t\t\t><svg xmlns=\"http:\/\/www.w3.org\/2000\/svg\" viewBox=\"0 0 24 24\" width=\"24\" height=\"24\" aria-hidden=\"true\" focusable=\"false\"><path d=\"m13.06 12 6.47-6.47-1.06-1.06L12 10.94 5.53 4.47 4.47 5.53 10.94 12l-6.47 6.47 1.06 1.06L12 13.06l6.47 6.47 1.06-1.06L13.06 12Z\"><\/path><\/svg><\/button>\n\t\t\t\t\t\t\t<div class=\"wp-block-navigation__responsive-container-content\" \n\t\t\t\tdata-wp-watch=\"callbacks.focusFirstElement\"\n\t\t\t id=\"modal-1-content\">\n\t\t\t\t\t\t\t\t<ul class=\"wp-block-navigation__container is-responsive items-justified-center is-vertical wp-block-navigation\"><li class=\" wp-block-navigation-item wp-block-navigation-link\"><a class=\"wp-block-navigation-item__content\"  href=\"https:\/\/eleves.escl.fr\/wp2\/crochet\/toto\/laine\/coton\/\"><span class=\"wp-block-navigation-item__label\">Coton<\/span><\/a><\/li><li class=\" wp-block-navigation-item wp-block-navigation-link\"><a class=\"wp-block-navigation-item__content\"  href=\"https:\/\/eleves.escl.fr\/wp2\/crochet\/toto\/laine\/acrylique\/\"><span class=\"wp-block-navigation-item__label\">Acrylique<\/span><\/a><\/li><li class=\" wp-block-navigation-item wp-block-navigation-link\"><a class=\"wp-block-navigation-item__content\"  href=\"https:\/\/eleves.escl.fr\/wp2\/crochet\/toto\/laine\/polyamide\/\"><span class=\"wp-block-navigation-item__label\">Polyamide<\/span><\/a><\/li><\/ul>\n\t\t\t\t\t\t\t<\/div>\n\t\t\t\t\t\t<\/div>\n\t\t\t\t\t<\/div>\n\t\t\t\t<\/div><\/nav><\/div><\/div>\n<\/div>\n\n\n\n<p class=\"has-accent-4-color has-text-color has-link-color wp-elements-4b16a7c7eefbb113ce3b5ea5354e3a51\"><a href=\"https:\/\/eleves.escl.fr\/wp2\/crochet\/\" data-type=\"page\" data-id=\"79\">pr\u00e9c\u00e9dent<\/a><\/p>\n","protected":false},"excerpt":{"rendered":"<p>Il existe plusieurs type de laine pour diff\u00e9rent projet pr\u00e9c\u00e9dent<\/p>\n","protected":false},"author":43,"featured_media":0,"parent":79,"menu_order":0,"comment_status":"closed","ping_status":"closed","template":"","meta":{"footnotes":""},"class_list":["post-100","page","type-page","status-publish","hentry"],"_links":{"self":[{"href":"https:\/\/eleves.escl.fr\/wp2\/crochet\/wp-json\/wp\/v2\/pages\/100","targetHints":{"allow":["GET"]}}],"collection":[{"href":"https:\/\/eleves.escl.fr\/wp2\/crochet\/wp-json\/wp\/v2\/pages"}],"about":[{"href":"https:\/\/eleves.escl.fr\/wp2\/crochet\/wp-json\/wp\/v2\/types\/page"}],"author":[{"embeddable":true,"href":"https:\/\/eleves.escl.fr\/wp2\/crochet\/wp-json\/wp\/v2\/users\/43"}],"replies":[{"embeddable":true,"href":"https:\/\/eleves.escl.fr\/wp2\/crochet\/wp-json\/wp\/v2\/comments?post=100"}],"version-history":[{"count":6,"href":"https:\/\/eleves.escl.fr\/wp2\/crochet\/wp-json\/wp\/v2\/pages\/100\/revisions"}],"predecessor-version":[{"id":203,"href":"https:\/\/eleves.escl.fr\/wp2\/crochet\/wp-json\/wp\/v2\/pages\/100\/revisions\/203"}],"up":[{"embeddable":true,"href":"https:\/\/eleves.escl.fr\/wp2\/crochet\/wp-json\/wp\/v2\/pages\/79"}],"wp:attachment":[{"href":"https:\/\/eleves.escl.fr\/wp2\/crochet\/wp-json\/wp\/v2\/media?parent=100"}],"curies":[{"name":"wp","href":"https:\/\/api.w.org\/{rel}","templated":true}]}}