{"id":102,"date":"2026-01-27T13:38:23","date_gmt":"2026-01-27T12:38:23","guid":{"rendered":"https:\/\/eleves.escl.fr\/wp2\/crochet\/?page_id=102"},"modified":"2026-03-10T14:42:03","modified_gmt":"2026-03-10T13:42:03","slug":"coton","status":"publish","type":"page","link":"https:\/\/eleves.escl.fr\/wp2\/crochet\/toto\/laine\/coton\/","title":{"rendered":"Coton"},"content":{"rendered":"\n<div class=\"wp-block-group is-nowrap is-layout-flex wp-container-core-group-is-layout-6c531013 wp-block-group-is-layout-flex\">\n<p>Le coton permet de faire des v\u00eatements. Cependant elle ne tient pas chaud donc on ne l&rsquo;utilise pas pour les v\u00eatements d&rsquo;hivers.<\/p>\n<\/div>\n\n\n\n<p>On peut aussi utilis\u00e9 le coton pour faire des peluches au crochet. \u00c7a s&rsquo;appelle les amigurimis.<\/p>\n\n\n\n<p>Il existe diff\u00e9rent type de pelotte en coton, des pelottes simples, des pelottes cake, des \u00e9chevettes pour broderie&#8230;<\/p>\n\n\n\n<p style=\"border-top-left-radius:0px;border-top-right-radius:0px;border-bottom-left-radius:0px;border-bottom-right-radius:0px\">Les sites o\u00f9 trouver diff\u00e9rente pelotte en coton sont <a href=\"https:\/\/hobbii.fr\/\" target=\"_blank\" rel=\"noreferrer noopener\">Hobbii<\/a>, <a href=\"https:\/\/www.laines-du-monde.com\/\" target=\"_blank\" rel=\"noreferrer noopener\">Laine du monde<\/a><\/p>\n\n\n\n<p class=\"has-accent-4-color has-text-color has-link-color has-medium-font-size wp-elements-07eabd003abaf842d2c36d61dbfb6642\"><a href=\"https:\/\/eleves.escl.fr\/wp2\/crochet\/toto\/laine\/\" data-type=\"page\" data-id=\"100\">pr\u00e9c\u00e9dent<\/a><\/p>\n","protected":false},"excerpt":{"rendered":"<p>Le coton permet de faire des v\u00eatements. Cependant elle ne tient pas chaud donc on ne l&rsquo;utilise pas pour les v\u00eatements d&rsquo;hivers. On peut aussi utilis\u00e9 le coton pour faire des peluches au crochet. \u00c7a s&rsquo;appelle les amigurimis. Il existe diff\u00e9rent type de pelotte en coton, des pelottes simples, des pelottes cake, des \u00e9chevettes pour [&hellip;]<\/p>\n","protected":false},"author":43,"featured_media":0,"parent":100,"menu_order":0,"comment_status":"closed","ping_status":"closed","template":"","meta":{"footnotes":""},"class_list":["post-102","page","type-page","status-publish","hentry"],"_links":{"self":[{"href":"https:\/\/eleves.escl.fr\/wp2\/crochet\/wp-json\/wp\/v2\/pages\/102","targetHints":{"allow":["GET"]}}],"collection":[{"href":"https:\/\/eleves.escl.fr\/wp2\/crochet\/wp-json\/wp\/v2\/pages"}],"about":[{"href":"https:\/\/eleves.escl.fr\/wp2\/crochet\/wp-json\/wp\/v2\/types\/page"}],"author":[{"embeddable":true,"href":"https:\/\/eleves.escl.fr\/wp2\/crochet\/wp-json\/wp\/v2\/users\/43"}],"replies":[{"embeddable":true,"href":"https:\/\/eleves.escl.fr\/wp2\/crochet\/wp-json\/wp\/v2\/comments?post=102"}],"version-history":[{"count":6,"href":"https:\/\/eleves.escl.fr\/wp2\/crochet\/wp-json\/wp\/v2\/pages\/102\/revisions"}],"predecessor-version":[{"id":204,"href":"https:\/\/eleves.escl.fr\/wp2\/crochet\/wp-json\/wp\/v2\/pages\/102\/revisions\/204"}],"up":[{"embeddable":true,"href":"https:\/\/eleves.escl.fr\/wp2\/crochet\/wp-json\/wp\/v2\/pages\/100"}],"wp:attachment":[{"href":"https:\/\/eleves.escl.fr\/wp2\/crochet\/wp-json\/wp\/v2\/media?parent=102"}],"curies":[{"name":"wp","href":"https:\/\/api.w.org\/{rel}","templated":true}]}}