{"id":164,"date":"2026-02-10T14:18:06","date_gmt":"2026-02-10T13:18:06","guid":{"rendered":"https:\/\/eleves.escl.fr\/wp2\/crochet\/?page_id=164"},"modified":"2026-02-10T14:21:30","modified_gmt":"2026-02-10T13:21:30","slug":"polyamide","status":"publish","type":"page","link":"https:\/\/eleves.escl.fr\/wp2\/crochet\/toto\/laine\/polyamide\/","title":{"rendered":"Polyamide"},"content":{"rendered":"\n<p>Le polyamide ou aussi appel\u00e9 nylon est une mati\u00e8re permettant de faire des collants, de la lingerie, des v\u00eatements de sport&#8230;.<\/p>\n\n\n\n<p>Cependant le polyamide est une mati\u00e8re peut \u00e9cologique car elle est tr\u00e8s \u00e9nergivore lors de sa production.<\/p>\n\n\n\n<p>On peut trouv\u00e9 de la laine en polyamide chez <a href=\"https:\/\/hobbii.fr\/\" data-type=\"link\" data-id=\"https:\/\/hobbii.fr\/\" target=\"_blank\" rel=\"noreferrer noopener\">hobbii<\/a>.<\/p>\n\n\n\n<p class=\"is-style-default has-accent-4-color has-text-color has-link-color wp-elements-127560ffc8c8671047da430af8960594\"><a href=\"https:\/\/eleves.escl.fr\/wp2\/crochet\/toto\/laine\/\" data-type=\"page\" data-id=\"100\">pr\u00e9c\u00e9dent<\/a><\/p>\n","protected":false},"excerpt":{"rendered":"<p>Le polyamide ou aussi appel\u00e9 nylon est une mati\u00e8re permettant de faire des collants, de la lingerie, des v\u00eatements de sport&#8230;. Cependant le polyamide est une mati\u00e8re peut \u00e9cologique car elle est tr\u00e8s \u00e9nergivore lors de sa production. On peut trouv\u00e9 de la laine en polyamide chez hobbii. pr\u00e9c\u00e9dent<\/p>\n","protected":false},"author":43,"featured_media":0,"parent":100,"menu_order":0,"comment_status":"closed","ping_status":"closed","template":"","meta":{"footnotes":""},"class_list":["post-164","page","type-page","status-publish","hentry"],"_links":{"self":[{"href":"https:\/\/eleves.escl.fr\/wp2\/crochet\/wp-json\/wp\/v2\/pages\/164","targetHints":{"allow":["GET"]}}],"collection":[{"href":"https:\/\/eleves.escl.fr\/wp2\/crochet\/wp-json\/wp\/v2\/pages"}],"about":[{"href":"https:\/\/eleves.escl.fr\/wp2\/crochet\/wp-json\/wp\/v2\/types\/page"}],"author":[{"embeddable":true,"href":"https:\/\/eleves.escl.fr\/wp2\/crochet\/wp-json\/wp\/v2\/users\/43"}],"replies":[{"embeddable":true,"href":"https:\/\/eleves.escl.fr\/wp2\/crochet\/wp-json\/wp\/v2\/comments?post=164"}],"version-history":[{"count":3,"href":"https:\/\/eleves.escl.fr\/wp2\/crochet\/wp-json\/wp\/v2\/pages\/164\/revisions"}],"predecessor-version":[{"id":171,"href":"https:\/\/eleves.escl.fr\/wp2\/crochet\/wp-json\/wp\/v2\/pages\/164\/revisions\/171"}],"up":[{"embeddable":true,"href":"https:\/\/eleves.escl.fr\/wp2\/crochet\/wp-json\/wp\/v2\/pages\/100"}],"wp:attachment":[{"href":"https:\/\/eleves.escl.fr\/wp2\/crochet\/wp-json\/wp\/v2\/media?parent=164"}],"curies":[{"name":"wp","href":"https:\/\/api.w.org\/{rel}","templated":true}]}}