{"id":183,"date":"2026-03-10T14:04:15","date_gmt":"2026-03-10T13:04:15","guid":{"rendered":"https:\/\/eleves.escl.fr\/wp2\/crochet\/?page_id=183"},"modified":"2026-03-10T14:06:58","modified_gmt":"2026-03-10T13:06:58","slug":"abreviation","status":"publish","type":"page","link":"https:\/\/eleves.escl.fr\/wp2\/crochet\/toto\/abreviation\/","title":{"rendered":"Abr\u00e9viation"},"content":{"rendered":"\n<p>Un patron de crochet \u00e9crit comporte certaine abr\u00e9viation.<\/p>\n\n\n\n<p>Voici le vocabulaire fran\u00e7ais:<\/p>\n\n\n\n<ul class=\"wp-block-list\">\n<li>ms signifie maille serr\u00e9<\/li>\n\n\n\n<li>mc signifie maille coul\u00e9<\/li>\n\n\n\n<li>ml signifie maille en l&rsquo;air<\/li>\n\n\n\n<li>aug signifie augmentation<\/li>\n\n\n\n<li>dim signifie diminution<\/li>\n\n\n\n<li>db signifie demi bride<\/li>\n\n\n\n<li>br signifie bride<\/li>\n\n\n\n<li>dbr signifie double bride<\/li>\n<\/ul>\n\n\n\n<p>Voici le vocabulaire anglais:<\/p>\n\n\n\n<ul class=\"wp-block-list\">\n<li>mr signifie magic ring soit cercle magique<\/li>\n\n\n\n<li>sc signifie single crochet soit maille serr\u00e9<\/li>\n\n\n\n<li>sl st signifie slip stitch soit maille coul\u00e9e<\/li>\n\n\n\n<li>ch signifie chain soit maille en l&rsquo;air<\/li>\n\n\n\n<li>inc signifie increase soit augmentation<\/li>\n\n\n\n<li>dec signifie decrease soit diminution<\/li>\n\n\n\n<li>hdc signifie half double crochet soit demi bride<\/li>\n\n\n\n<li>dc signifie double crochet soit bride<\/li>\n\n\n\n<li>tr signifie treble soit double bride<\/li>\n<\/ul>\n\n\n\n<p class=\"has-accent-4-color has-text-color has-link-color wp-elements-07b7ce567fdc478a343db080cfbc079c\"><a href=\"https:\/\/eleves.escl.fr\/wp2\/crochet\/\" data-type=\"page\" data-id=\"79\">Pr\u00e9c\u00e9dent<\/a><\/p>\n","protected":false},"excerpt":{"rendered":"<p>Un patron de crochet \u00e9crit comporte certaine abr\u00e9viation. Voici le vocabulaire fran\u00e7ais: Voici le vocabulaire anglais: Pr\u00e9c\u00e9dent<\/p>\n","protected":false},"author":43,"featured_media":0,"parent":79,"menu_order":0,"comment_status":"closed","ping_status":"closed","template":"","meta":{"footnotes":""},"class_list":["post-183","page","type-page","status-publish","hentry"],"_links":{"self":[{"href":"https:\/\/eleves.escl.fr\/wp2\/crochet\/wp-json\/wp\/v2\/pages\/183","targetHints":{"allow":["GET"]}}],"collection":[{"href":"https:\/\/eleves.escl.fr\/wp2\/crochet\/wp-json\/wp\/v2\/pages"}],"about":[{"href":"https:\/\/eleves.escl.fr\/wp2\/crochet\/wp-json\/wp\/v2\/types\/page"}],"author":[{"embeddable":true,"href":"https:\/\/eleves.escl.fr\/wp2\/crochet\/wp-json\/wp\/v2\/users\/43"}],"replies":[{"embeddable":true,"href":"https:\/\/eleves.escl.fr\/wp2\/crochet\/wp-json\/wp\/v2\/comments?post=183"}],"version-history":[{"count":2,"href":"https:\/\/eleves.escl.fr\/wp2\/crochet\/wp-json\/wp\/v2\/pages\/183\/revisions"}],"predecessor-version":[{"id":188,"href":"https:\/\/eleves.escl.fr\/wp2\/crochet\/wp-json\/wp\/v2\/pages\/183\/revisions\/188"}],"up":[{"embeddable":true,"href":"https:\/\/eleves.escl.fr\/wp2\/crochet\/wp-json\/wp\/v2\/pages\/79"}],"wp:attachment":[{"href":"https:\/\/eleves.escl.fr\/wp2\/crochet\/wp-json\/wp\/v2\/media?parent=183"}],"curies":[{"name":"wp","href":"https:\/\/api.w.org\/{rel}","templated":true}]}}