{"id":14,"date":"2026-01-13T14:04:58","date_gmt":"2026-01-13T13:04:58","guid":{"rendered":"https:\/\/eleves.escl.fr\/wp2\/cs\/?page_id=14"},"modified":"2026-03-24T14:17:49","modified_gmt":"2026-03-24T13:17:49","slug":"pantalons","status":"publish","type":"page","link":"https:\/\/eleves.escl.fr\/wp2\/cs\/comment-shabiller\/pantalons\/","title":{"rendered":"Nos choix de pantalons"},"content":{"rendered":"\n<figure class=\"wp-block-pullquote\"><blockquote><p>\u00ab\u00a0On ne meurt pas d&rsquo;un trou \u00e0 son&nbsp;pantalon, sauf si l&rsquo;on est scaphandrier.\u00a0\u00bb<\/p><cite>lalanguefrancaise.com<\/cite><\/blockquote><\/figure>\n\n\n\n<div class=\"wp-block-columns is-style-section-1 is-layout-flex wp-container-core-columns-is-layout-28f84493 wp-block-columns-is-layout-flex is-style-section-1--1\">\n<div class=\"wp-block-column is-layout-flow wp-block-column-is-layout-flow\">\n<figure class=\"wp-block-image size-large\"><img decoding=\"async\" src=\"https:\/\/cdn.media.amplience.net\/i\/carhartt_wip\/I036323_01_01-OF-01?%24OF%24=&amp;fmt=auto&amp;w=640&amp;qlt=default\" alt=\"\" \/><\/figure>\n<\/div>\n\n\n\n<div class=\"wp-block-column is-layout-flow wp-block-column-is-layout-flow\">\n<figure class=\"wp-block-image size-large\"><img decoding=\"async\" src=\"https:\/\/cdn.media.amplience.net\/i\/carhartt_wip\/I036323_01_01-OF-02?%24OF%24=&amp;fmt=auto&amp;w=640&amp;qlt=default\" alt=\"\" \/><\/figure>\n<\/div>\n\n\n\n<div class=\"wp-block-column is-layout-flow wp-block-column-is-layout-flow\">\n<figure class=\"wp-block-image size-large\"><img decoding=\"async\" src=\"https:\/\/cdn.media.amplience.net\/i\/carhartt_wip\/I036323_01_01-OF-03?%24OF%24=&amp;fmt=auto&amp;w=640&amp;qlt=default\" alt=\"\" \/><\/figure>\n<\/div>\n<\/div>\n\n\n\n<figure class=\"wp-block-video\"><video controls src=\"https:\/\/cdn.static.amplience.net\/carhartt_wip\/_vid\/i036323_01_01-mv-01\/806a56a9-b009-4f2d-b47a-0e901e89abcc\/video\/bbf68388-f2db-4646-ab5e-4efed81db4c9.webm\"><\/video><\/figure>\n\n\n\n<p class=\"has-text-align-center is-style-text-subtitle has-x-large-font-size is-style-text-subtitle--2\">Jean baggy solide de qualit\u00e9, diff\u00e9rence couleurs + est ch\u00e8re<\/p>\n\n\n\n<p class=\"is-style-text-annotation is-style-text-annotation--3\">W&rsquo; Brandon Double Knee Pant<\/p>\n\n\n\n<p class=\"is-style-text-annotation is-style-text-annotation--4\"><strong>109,00&nbsp;\u20ac<\/strong><\/p>\n\n\n\n<p class=\"is-style-text-annotation is-style-text-annotation--5\"><a href=\"https:\/\/www.carhartt-wip.com\/fr-fr\/p\/w-brandon-double-knee-pant-blue-rigid-371\" data-type=\"link\" data-id=\"https:\/\/www.carhartt-wip.com\/fr-fr\/p\/w-brandon-double-knee-pant-blue-rigid-371\">Site: Carhartt<\/a><\/p>\n\n\n\n<p>______________________________________________________<\/p>\n\n\n\n<div class=\"wp-block-columns is-layout-flex wp-container-core-columns-is-layout-28f84493 wp-block-columns-is-layout-flex\">\n<div class=\"wp-block-column is-layout-flow wp-block-column-is-layout-flow\">\n<figure class=\"wp-block-image size-large\"><img decoding=\"async\" src=\"https:\/\/media.weekday.com\/assets\/003\/a6\/09\/a609094845da5b330aceaf71b1bc6646d9fba25a_xxl-1.jpg?imwidth=768\" alt=\"\" \/><\/figure>\n<\/div>\n\n\n\n<div class=\"wp-block-column is-layout-flow wp-block-column-is-layout-flow\">\n<figure class=\"wp-block-image size-large\"><img decoding=\"async\" src=\"https:\/\/media.weekday.com\/assets\/003\/ab\/81\/ab816ca50f59493e161be0e93d014eb2f3b9baf8_xxl-1.jpg?imwidth=768\" alt=\"\" \/><\/figure>\n<\/div>\n\n\n\n<div class=\"wp-block-column is-layout-flow wp-block-column-is-layout-flow\">\n<figure class=\"wp-block-image size-large\"><img decoding=\"async\" src=\"https:\/\/media.weekday.com\/assets\/003\/79\/d9\/79d93d8dac6be002876b66b7454134ea44c4fea1_xxl-1.jpg?imwidth=768\" alt=\"\" \/><\/figure>\n<\/div>\n<\/div>\n\n\n\n<figure class=\"wp-block-image size-large\"><img decoding=\"async\" src=\"https:\/\/media.weekday.com\/assets\/003\/2d\/46\/2d46518bbb6d9d916486087265c55ca67b5de3d3_xxl-1.jpg?imwidth=768\" alt=\"\" \/><\/figure>\n\n\n\n<p class=\"has-text-align-center has-x-large-font-size\">Jean baggy coupe original rapport qualit\u00e9\/prix<\/p>\n\n\n\n<p class=\"is-style-text-annotation is-style-text-annotation--6\">Dunno Loose Barrel Leg Jeans<\/p>\n\n\n\n<p class=\"is-style-text-annotation is-style-text-annotation--7\">59,99 <strong>\u20ac<\/strong><\/p>\n\n\n\n<p class=\"is-style-text-annotation is-style-text-annotation--8\"><a href=\"https:\/\/www.weekday.com\/fr-fr\/p\/men\/jeans\/cheap-monday\/dunno-unisex-low-rise-loose-barrel-leg-jeans-black-rinse-black-1291038001\/\" data-type=\"link\" data-id=\"https:\/\/www.weekday.com\/fr-fr\/p\/men\/jeans\/cheap-monday\/dunno-unisex-low-rise-loose-barrel-leg-jeans-black-rinse-black-1291038001\/\">Site: Weekday<\/a><\/p>\n\n\n\n<p>______________________________________________________<\/p>\n\n\n\n<div class=\"wp-block-columns is-layout-flex wp-container-core-columns-is-layout-28f84493 wp-block-columns-is-layout-flex\">\n<div class=\"wp-block-column is-layout-flow wp-block-column-is-layout-flow\">\n<figure class=\"wp-block-image size-large\"><img decoding=\"async\" src=\"https:\/\/static.bershka.net\/assets\/public\/66bd\/fa43\/cd2b481294dd\/cf40d201aba7\/00878710829-b\/00878710829-b.jpg?ts=1768224483780&amp;w=850\" alt=\"\" \/><\/figure>\n<\/div>\n\n\n\n<div class=\"wp-block-column is-layout-flow wp-block-column-is-layout-flow\">\n<figure class=\"wp-block-image size-large\"><img decoding=\"async\" src=\"https:\/\/static.bershka.net\/assets\/public\/88bf\/201d\/df3247598a30\/64ff8a5714dc\/00878710829-a2d\/00878710829-a2d.jpg?ts=1768391621845&amp;w=850\" alt=\"\" \/><\/figure>\n<\/div>\n\n\n\n<div class=\"wp-block-column is-layout-flow wp-block-column-is-layout-flow\">\n<figure class=\"wp-block-image size-large\"><img decoding=\"async\" src=\"https:\/\/static.bershka.net\/assets\/public\/c1c9\/8b54\/c1ef45d99d6d\/63f5d6f4f31b\/00878710829-a1t\/00878710829-a1t.jpg?ts=1768391621688&amp;w=850\" alt=\"\" \/><\/figure>\n<\/div>\n<\/div>\n\n\n\n<figure class=\"wp-block-image size-large\"><img decoding=\"async\" src=\"https:\/\/static.bershka.net\/assets\/public\/2f89\/1fb4\/cfd64c1d8a8f\/3dba364cb460\/00878710829-p\/00878710829-p.jpg?ts=1768391621417&amp;w=1920\" alt=\"\" \/><\/figure>\n\n\n\n<p class=\"has-text-align-center is-style-text-subtitle is-style-text-subtitle--9\">Pantalon Barrel Fit Imprim\u00e9 Bas<\/p>\n\n\n\n<p class=\"is-style-text-annotation is-style-text-annotation--10\">Pantalon Barrel Fit Imprim\u00e9 Bas<\/p>\n\n\n\n<p class=\"is-style-text-annotation is-style-text-annotation--11\">49,99<a href=\"https:\/\/www.bershka.com\/fr\/pantalon-barrel-fit-imprim%C3%A9-bas-c0p205750048.html?colorId=829\" data-type=\"link\" data-id=\"https:\/\/www.bershka.com\/fr\/pantalon-barrel-fit-imprim%C3%A9-bas-c0p205750048.html?colorId=829\"> <\/a><strong>\u20ac<\/strong><\/p>\n\n\n\n<p class=\"is-style-text-annotation is-style-text-annotation--12\"><a href=\"https:\/\/www.bershka.com\/fr\/pantalon-barrel-fit-imprim%C3%A9-bas-c0p205750048.html?colorId=829\" data-type=\"link\" data-id=\"https:\/\/www.bershka.com\/fr\/pantalon-barrel-fit-imprim%C3%A9-bas-c0p205750048.html?colorId=829\">Site: Bershka<\/a><\/p>\n\n\n\n<p>______________________________________________________<\/p>\n\n\n\n<div class=\"wp-block-columns is-layout-flex wp-container-core-columns-is-layout-28f84493 wp-block-columns-is-layout-flex\">\n<div class=\"wp-block-column is-layout-flow wp-block-column-is-layout-flow\">\n<figure class=\"wp-block-image size-large\"><img decoding=\"async\" src=\"https:\/\/static.bershka.net\/assets\/public\/ecde\/5ebe\/3c404c14b1bc\/52784fab5241\/05353352400-a4o\/05353352400-a4o.jpg?ts=1752748677503&amp;w=850\" alt=\"\" \/><\/figure>\n<\/div>\n\n\n\n<div class=\"wp-block-column is-layout-flow wp-block-column-is-layout-flow\">\n<figure class=\"wp-block-image size-large\"><img decoding=\"async\" src=\"https:\/\/static.bershka.net\/assets\/public\/3be3\/d554\/7d2346ea8f2d\/f4677f47a421\/05353352400-b\/05353352400-b.jpg?ts=1752748677396&amp;w=1920\" alt=\"\" \/><\/figure>\n<\/div>\n\n\n\n<div class=\"wp-block-column is-layout-flow wp-block-column-is-layout-flow\">\n<figure class=\"wp-block-image size-large\"><img decoding=\"async\" src=\"https:\/\/static.bershka.net\/assets\/public\/6049\/b2ea\/d3cf431a93ea\/0ec6e1afd2ce\/05353352400-a2d\/05353352400-a2d.jpg?ts=1762520064414&amp;w=1920\" alt=\"\" \/><\/figure>\n<\/div>\n<\/div>\n\n\n\n<figure class=\"wp-block-image size-large\"><img decoding=\"async\" src=\"https:\/\/static.bershka.net\/assets\/public\/96f7\/5455\/959b4ff98da1\/9ac1dc9caaa9\/05353352400-p\/05353352400-p.jpg?ts=1762520064407&amp;w=1920\" alt=\"\" \/><\/figure>\n\n\n\n<p class=\"has-text-align-center is-style-text-subtitle is-style-text-subtitle--13\">Jean Baggy pas cher<\/p>\n\n\n\n<p class=\"is-style-text-annotation is-style-text-annotation--14\">Jeans Super Baggy Fit<\/p>\n\n\n\n<p class=\"is-style-text-annotation is-style-text-annotation--15\">32,19 <strong>\u20ac<\/strong><\/p>\n\n\n\n<p class=\"is-style-text-annotation is-style-text-annotation--16\"><a href=\"https:\/\/www.bershka.com\/fr\/jeans-super-baggy-fit-c0p209139032.html?colorId=400\" data-type=\"link\" data-id=\"https:\/\/www.bershka.com\/fr\/jeans-super-baggy-fit-c0p209139032.html?colorId=400\">Site: Bershka<\/a><\/p>\n\n\n\n<p>______________________________________________________<\/p>\n\n\n\n<div class=\"wp-block-columns is-layout-flex wp-container-core-columns-is-layout-28f84493 wp-block-columns-is-layout-flex\">\n<div class=\"wp-block-column is-layout-flow wp-block-column-is-layout-flow\">\n<figure class=\"wp-block-image size-large\"><img decoding=\"async\" src=\"https:\/\/image.uniqlo.com\/UQ\/ST3\/eu\/imagesgoods\/471809\/sub\/eugoods_471809_sub14_3x4.jpg\" alt=\"\" \/><\/figure>\n<\/div>\n\n\n\n<div class=\"wp-block-column is-layout-flow wp-block-column-is-layout-flow\">\n<figure class=\"wp-block-image size-large\"><img decoding=\"async\" src=\"https:\/\/image.uniqlo.com\/UQ\/ST3\/eu\/imagesgoods\/471809\/sub\/eugoods_471809_sub3_3x4.jpg\" alt=\"\" \/><\/figure>\n<\/div>\n\n\n\n<div class=\"wp-block-column is-layout-flow wp-block-column-is-layout-flow\">\n<figure class=\"wp-block-image size-large\"><img decoding=\"async\" src=\"https:\/\/image.uniqlo.com\/UQ\/ST3\/eu\/imagesgoods\/471809\/sub\/eugoods_471809_sub13_3x4.jpg\" alt=\"\" \/><\/figure>\n<\/div>\n<\/div>\n\n\n\n<figure class=\"wp-block-image size-large\"><img loading=\"lazy\" decoding=\"async\" width=\"768\" height=\"1024\" src=\"https:\/\/eleves.escl.fr\/wp2\/cs\/wp-content\/uploads\/sites\/28\/2026\/03\/image-768x1024.png\" alt=\"\" class=\"wp-image-130\" srcset=\"https:\/\/eleves.escl.fr\/wp2\/cs\/wp-content\/uploads\/sites\/28\/2026\/03\/image-768x1024.png 768w, https:\/\/eleves.escl.fr\/wp2\/cs\/wp-content\/uploads\/sites\/28\/2026\/03\/image-225x300.png 225w, https:\/\/eleves.escl.fr\/wp2\/cs\/wp-content\/uploads\/sites\/28\/2026\/03\/image-1152x1536.png 1152w, https:\/\/eleves.escl.fr\/wp2\/cs\/wp-content\/uploads\/sites\/28\/2026\/03\/image.png 1500w\" sizes=\"auto, (max-width: 768px) 100vw, 768px\" \/><\/figure>\n\n\n\n<p class=\"has-text-align-center is-style-text-subtitle is-style-text-subtitle--17\">Jean Basique mais avec un meilleure qualit\u00e9 prix<\/p>\n\n\n\n<p class=\"is-style-text-annotation is-style-text-annotation--18\">Jogging large<\/p>\n\n\n\n<p class=\"is-style-text-annotation is-style-text-annotation--19\">39,90 <strong>\u20ac<\/strong> <\/p>\n\n\n\n<p class=\"is-style-text-annotation is-style-text-annotation--20\">Site: <a href=\"https:\/\/www.uniqlo.com\/fr\/fr\/products\/E471809-000\/00?colorDisplayCode=69&amp;sizeDisplayCode=004\">Uniqlo<\/a><\/p>\n\n\n\n<p>______________________________________________________<\/p>\n\n\n\n<div class=\"wp-block-columns is-layout-flex wp-container-core-columns-is-layout-28f84493 wp-block-columns-is-layout-flex\">\n<div class=\"wp-block-column is-layout-flow wp-block-column-is-layout-flow\">\n<figure class=\"wp-block-image size-large\"><img decoding=\"async\" src=\"https:\/\/static.bershka.net\/assets\/public\/1f9f\/905b\/349c4515b28b\/5eaee5e444b7\/05491190818-a3o\/05491190818-a3o.jpg?ts=1768917743911&amp;w=850\" alt=\"\" \/><\/figure>\n<\/div>\n\n\n\n<div class=\"wp-block-column is-layout-flow wp-block-column-is-layout-flow\">\n<figure class=\"wp-block-image size-large\"><img decoding=\"async\" src=\"https:\/\/static.bershka.net\/assets\/public\/7a99\/d378\/98bd486eafea\/fe5fa0601955\/05491190818-a2d\/05491190818-a2d.jpg?ts=1768917744147&amp;w=850\" alt=\"\" \/><\/figure>\n<\/div>\n\n\n\n<div class=\"wp-block-column is-layout-flow wp-block-column-is-layout-flow\">\n<figure class=\"wp-block-image size-large\"><img decoding=\"async\" src=\"https:\/\/static.bershka.net\/assets\/public\/70d5\/913d\/6cda492abce2\/3c2dcb2e6d00\/05491190818-a4o\/05491190818-a4o.jpg?ts=1750145864846&amp;w=1920\" alt=\"\" \/><\/figure>\n<\/div>\n<\/div>\n\n\n\n<figure class=\"wp-block-image size-large\"><img loading=\"lazy\" decoding=\"async\" width=\"799\" height=\"1024\" src=\"https:\/\/eleves.escl.fr\/wp2\/cs\/wp-content\/uploads\/sites\/28\/2026\/03\/image-1-799x1024.png\" alt=\"\" class=\"wp-image-134\" srcset=\"https:\/\/eleves.escl.fr\/wp2\/cs\/wp-content\/uploads\/sites\/28\/2026\/03\/image-1-799x1024.png 799w, https:\/\/eleves.escl.fr\/wp2\/cs\/wp-content\/uploads\/sites\/28\/2026\/03\/image-1-234x300.png 234w, https:\/\/eleves.escl.fr\/wp2\/cs\/wp-content\/uploads\/sites\/28\/2026\/03\/image-1-768x985.png 768w, https:\/\/eleves.escl.fr\/wp2\/cs\/wp-content\/uploads\/sites\/28\/2026\/03\/image-1.png 850w\" sizes=\"auto, (max-width: 799px) 100vw, 799px\" \/><\/figure>\n\n\n\n<p class=\"has-text-align-center is-style-text-subtitle is-style-text-subtitle--21\">Jogging Basique Multi Couleurs<\/p>\n\n\n\n<p class=\"is-style-text-annotation is-style-text-annotation--22\">Pantalon ballon<\/p>\n\n\n\n<p class=\"is-style-text-annotation is-style-text-annotation--23\">29,99&nbsp;\u20ac<\/p>\n\n\n\n<p class=\"is-style-text-annotation is-style-text-annotation--24\">Site: <a href=\"https:\/\/www.bershka.com\/fr\/pantalon-ballon-c0p209138915.html?colorId=818\">Bershka<\/a><\/p>\n\n\n\n<p>______________________________________________________<\/p>\n\n\n\n<div class=\"wp-block-columns is-layout-flex wp-container-core-columns-is-layout-28f84493 wp-block-columns-is-layout-flex\">\n<div class=\"wp-block-column is-layout-flow wp-block-column-is-layout-flow\">\n<figure class=\"wp-block-image size-large\"><img decoding=\"async\" src=\"https:\/\/assets.adidas.com\/images\/h_2000,f_auto,q_auto,fl_lossy,c_fill,g_auto\/3e94e76d855e45cb9e11067ebb637263_9366\/Pantalon_de_survetement_baggy_spacer_Adicolor_Gris_JX1505_21_model.jpg\" alt=\"\" \/><\/figure>\n<\/div>\n\n\n\n<div class=\"wp-block-column is-layout-flow wp-block-column-is-layout-flow\">\n<figure class=\"wp-block-image size-large\"><img decoding=\"async\" src=\"https:\/\/assets.adidas.com\/images\/h_2000,f_auto,q_auto,fl_lossy,c_fill,g_auto\/fa185015a3ed418da269f0017ddd24d2_9366\/Pantalon_de_survetement_baggy_spacer_Adicolor_Gris_JX1505_01_laydown.jpg\" alt=\"\" \/><\/figure>\n<\/div>\n\n\n\n<div class=\"wp-block-column is-layout-flow wp-block-column-is-layout-flow\">\n<figure class=\"wp-block-image size-large\"><img decoding=\"async\" src=\"https:\/\/assets.adidas.com\/images\/h_2000,f_auto,q_auto,fl_lossy,c_fill,g_auto\/aa735de0085f4f03bae91c8204aa8579_9366\/Pantalon_de_survetement_baggy_spacer_Adicolor_Gris_JX1505_23_hover_model.jpg\" alt=\"\" \/><\/figure>\n<\/div>\n<\/div>\n\n\n\n<figure class=\"wp-block-image size-large\"><img loading=\"lazy\" decoding=\"async\" width=\"1024\" height=\"1024\" src=\"https:\/\/eleves.escl.fr\/wp2\/cs\/wp-content\/uploads\/sites\/28\/2026\/03\/image-2-1024x1024.png\" alt=\"\" class=\"wp-image-138\" srcset=\"https:\/\/eleves.escl.fr\/wp2\/cs\/wp-content\/uploads\/sites\/28\/2026\/03\/image-2-1024x1024.png 1024w, https:\/\/eleves.escl.fr\/wp2\/cs\/wp-content\/uploads\/sites\/28\/2026\/03\/image-2-300x300.png 300w, https:\/\/eleves.escl.fr\/wp2\/cs\/wp-content\/uploads\/sites\/28\/2026\/03\/image-2-150x150.png 150w, https:\/\/eleves.escl.fr\/wp2\/cs\/wp-content\/uploads\/sites\/28\/2026\/03\/image-2-768x768.png 768w, https:\/\/eleves.escl.fr\/wp2\/cs\/wp-content\/uploads\/sites\/28\/2026\/03\/image-2-1536x1536.png 1536w, https:\/\/eleves.escl.fr\/wp2\/cs\/wp-content\/uploads\/sites\/28\/2026\/03\/image-2.png 2000w\" sizes=\"auto, (max-width: 1024px) 100vw, 1024px\" \/><\/figure>\n\n\n\n<p class=\"has-text-align-center is-style-text-subtitle is-style-text-subtitle--25\">Interessant Jogging Adidas<\/p>\n\n\n\n<p class=\"is-style-text-annotation is-style-text-annotation--26\">Pantalon de surv\u00eatement baggy spacer Adicolor<\/p>\n\n\n\n<p class=\"is-style-text-annotation is-style-text-annotation--27\">80 \u20ac<\/p>\n\n\n\n<p class=\"is-style-text-annotation is-style-text-annotation--28\">Site: <a href=\"https:\/\/www.adidas.fr\/pantalon-de-survetement-baggy-spacer-adicolor\/JX1505.html\">Adidas<\/a><\/p>\n\n\n\n<p>______________________________________________________<\/p>\n\n\n\n<p class=\"is-style-text-annotation is-style-text-annotation--29\"><a href=\"https:\/\/fr.wikipedia.org\/wiki\/Pantalon\">Pour savoir plus de choses sur les pantalons, cliquez<\/a><\/p>\n","protected":false},"excerpt":{"rendered":"<p>\u00ab\u00a0On ne meurt pas d&rsquo;un trou \u00e0 son&nbsp;pantalon, sauf si l&rsquo;on est scaphandrier.\u00a0\u00bb lalanguefrancaise.com Jean baggy solide de qualit\u00e9, diff\u00e9rence couleurs + est ch\u00e8re W&rsquo; Brandon Double Knee Pant 109,00&nbsp;\u20ac Site: Carhartt ______________________________________________________ Jean baggy coupe original rapport qualit\u00e9\/prix Dunno Loose Barrel Leg Jeans 59,99 \u20ac Site: Weekday ______________________________________________________ Pantalon Barrel Fit Imprim\u00e9 Bas Pantalon [&hellip;]<\/p>\n","protected":false},"author":41,"featured_media":0,"parent":7,"menu_order":0,"comment_status":"closed","ping_status":"closed","template":"","meta":{"footnotes":""},"class_list":["post-14","page","type-page","status-publish","hentry"],"_links":{"self":[{"href":"https:\/\/eleves.escl.fr\/wp2\/cs\/wp-json\/wp\/v2\/pages\/14","targetHints":{"allow":["GET"]}}],"collection":[{"href":"https:\/\/eleves.escl.fr\/wp2\/cs\/wp-json\/wp\/v2\/pages"}],"about":[{"href":"https:\/\/eleves.escl.fr\/wp2\/cs\/wp-json\/wp\/v2\/types\/page"}],"author":[{"embeddable":true,"href":"https:\/\/eleves.escl.fr\/wp2\/cs\/wp-json\/wp\/v2\/users\/41"}],"replies":[{"embeddable":true,"href":"https:\/\/eleves.escl.fr\/wp2\/cs\/wp-json\/wp\/v2\/comments?post=14"}],"version-history":[{"count":30,"href":"https:\/\/eleves.escl.fr\/wp2\/cs\/wp-json\/wp\/v2\/pages\/14\/revisions"}],"predecessor-version":[{"id":297,"href":"https:\/\/eleves.escl.fr\/wp2\/cs\/wp-json\/wp\/v2\/pages\/14\/revisions\/297"}],"up":[{"embeddable":true,"href":"https:\/\/eleves.escl.fr\/wp2\/cs\/wp-json\/wp\/v2\/pages\/7"}],"wp:attachment":[{"href":"https:\/\/eleves.escl.fr\/wp2\/cs\/wp-json\/wp\/v2\/media?parent=14"}],"curies":[{"name":"wp","href":"https:\/\/api.w.org\/{rel}","templated":true}]}}