{"id":31,"date":"2026-01-13T14:36:09","date_gmt":"2026-01-13T13:36:09","guid":{"rendered":"https:\/\/eleves.escl.fr\/wp2\/cs\/?page_id=31"},"modified":"2026-03-24T14:20:09","modified_gmt":"2026-03-24T13:20:09","slug":"t-shirt","status":"publish","type":"page","link":"https:\/\/eleves.escl.fr\/wp2\/cs\/t-shirt\/","title":{"rendered":"Nos choix de t-shirts"},"content":{"rendered":"\n<figure class=\"wp-block-pullquote\"><blockquote><p>\u00ab\u00a0Le&nbsp;c\u0153ur&nbsp;ne bat pas de la m\u00eame&nbsp;fa\u00e7on sous un&nbsp;t-shirt.\u00a0\u00bb<\/p><cite>dicocitations.com<\/cite><\/blockquote><\/figure>\n\n\n\n<div class=\"wp-block-columns is-layout-flex wp-container-core-columns-is-layout-28f84493 wp-block-columns-is-layout-flex\">\n<div class=\"wp-block-column is-layout-flow wp-block-column-is-layout-flow\">\n<figure class=\"wp-block-image size-large\"><img decoding=\"async\" src=\"https:\/\/www.vicinityclo.de\/cdn\/shop\/files\/flatsactivewear_0018_ColorFill4copy7.jpg?v=1755245744&amp;width=990\" alt=\"\" \/><\/figure>\n<\/div>\n\n\n\n<div class=\"wp-block-column is-layout-flow wp-block-column-is-layout-flow\">\n<figure class=\"wp-block-image size-large\"><img decoding=\"async\" src=\"https:\/\/www.vicinityclo.de\/cdn\/shop\/files\/Untitled-1-Recovered_0028_ColorFill3copy41.jpg?v=1763979040&amp;width=2288\" alt=\"\" \/><\/figure>\n<\/div>\n\n\n\n<div class=\"wp-block-column is-layout-flow wp-block-column-is-layout-flow\">\n<figure class=\"wp-block-image size-large\"><img decoding=\"async\" src=\"https:\/\/www.vicinityclo.de\/cdn\/shop\/files\/2-GRAFFITI-POLO-BLACK1.jpg?v=1763477096&amp;width=990\" alt=\"\" \/><\/figure>\n<\/div>\n<\/div>\n\n\n\n<figure class=\"wp-block-image size-large\"><img loading=\"lazy\" decoding=\"async\" width=\"819\" height=\"1024\" src=\"https:\/\/eleves.escl.fr\/wp2\/cs\/wp-content\/uploads\/sites\/28\/2026\/03\/image-5-819x1024.png\" alt=\"\" class=\"wp-image-156\" srcset=\"https:\/\/eleves.escl.fr\/wp2\/cs\/wp-content\/uploads\/sites\/28\/2026\/03\/image-5-819x1024.png 819w, https:\/\/eleves.escl.fr\/wp2\/cs\/wp-content\/uploads\/sites\/28\/2026\/03\/image-5-240x300.png 240w, https:\/\/eleves.escl.fr\/wp2\/cs\/wp-content\/uploads\/sites\/28\/2026\/03\/image-5-768x960.png 768w, https:\/\/eleves.escl.fr\/wp2\/cs\/wp-content\/uploads\/sites\/28\/2026\/03\/image-5.png 990w\" sizes=\"auto, (max-width: 819px) 100vw, 819px\" \/><\/figure>\n\n\n\n<p class=\"has-text-align-center is-style-text-subtitle is-style-text-subtitle--1\">T Shirt Retro Mais Cher<\/p>\n\n\n\n<p class=\"is-style-text-annotation is-style-text-annotation--2\">T-Shirts <a href=\"https:\/\/www.vicinityclo.de\/collections\/t-shirts\">Vicinity<\/a><\/p>\n\n\n\n<p class=\"is-style-text-annotation is-style-text-annotation--3\">39,99 &#8211; 54,99\u20ac<\/p>\n\n\n\n<p>______________________________________________________<\/p>\n\n\n\n<div class=\"wp-block-columns is-layout-flex wp-container-core-columns-is-layout-28f84493 wp-block-columns-is-layout-flex\">\n<div class=\"wp-block-column is-layout-flow wp-block-column-is-layout-flow\">\n<figure class=\"wp-block-image size-large\"><img decoding=\"async\" src=\"https:\/\/www.vicinityclo.de\/cdn\/shop\/files\/26.jpg?v=1719407659&amp;width=990\" alt=\"\" \/><\/figure>\n<\/div>\n\n\n\n<div class=\"wp-block-column is-layout-flow wp-block-column-is-layout-flow\">\n<figure class=\"wp-block-image size-large\"><img decoding=\"async\" src=\"https:\/\/www.vicinityclo.de\/cdn\/shop\/files\/FRONT-ECOM_9958a1c8-b5ea-4401-a5f3-a354b5260505.jpg?v=1763982989&amp;width=2368\" alt=\"\" \/><\/figure>\n<\/div>\n\n\n\n<div class=\"wp-block-column is-layout-flow wp-block-column-is-layout-flow\">\n<figure class=\"wp-block-image size-large\"><img decoding=\"async\" src=\"https:\/\/www.vicinityclo.de\/cdn\/shop\/files\/12_-Mesh-Jersey-Pixel-Camo-1.jpg?v=1763397487&amp;width=1567\" alt=\"\" \/><\/figure>\n<\/div>\n<\/div>\n\n\n\n<figure class=\"wp-block-image size-large\"><img loading=\"lazy\" decoding=\"async\" width=\"819\" height=\"1024\" src=\"https:\/\/eleves.escl.fr\/wp2\/cs\/wp-content\/uploads\/sites\/28\/2026\/03\/image-7-819x1024.png\" alt=\"\" class=\"wp-image-166\" srcset=\"https:\/\/eleves.escl.fr\/wp2\/cs\/wp-content\/uploads\/sites\/28\/2026\/03\/image-7-819x1024.png 819w, https:\/\/eleves.escl.fr\/wp2\/cs\/wp-content\/uploads\/sites\/28\/2026\/03\/image-7-240x300.png 240w, https:\/\/eleves.escl.fr\/wp2\/cs\/wp-content\/uploads\/sites\/28\/2026\/03\/image-7-768x960.png 768w, https:\/\/eleves.escl.fr\/wp2\/cs\/wp-content\/uploads\/sites\/28\/2026\/03\/image-7-1229x1536.png 1229w, https:\/\/eleves.escl.fr\/wp2\/cs\/wp-content\/uploads\/sites\/28\/2026\/03\/image-7.png 1487w\" sizes=\"auto, (max-width: 819px) 100vw, 819px\" \/><\/figure>\n\n\n\n<p class=\"has-text-align-center is-style-text-subtitle is-style-text-subtitle--4\">Jersey \u00e9t\u00e9 cher mais de qualit\u00e9<\/p>\n\n\n\n<p class=\"is-style-text-annotation is-style-text-annotation--5\">Site: <a href=\"https:\/\/www.vicinityclo.de\/collections\/jerseys\">Vicinity<\/a><\/p>\n\n\n\n<p class=\"is-style-text-annotation is-style-text-annotation--6\">39,99 &#8211; 49,99 \u20ac<\/p>\n\n\n\n<p>______________________________________________________<\/p>\n\n\n\n<div class=\"wp-block-columns is-layout-flex wp-container-core-columns-is-layout-28f84493 wp-block-columns-is-layout-flex\">\n<div class=\"wp-block-column is-layout-flow wp-block-column-is-layout-flow\">\n<figure class=\"wp-block-image size-large\"><img decoding=\"async\" src=\"https:\/\/static.bershka.net\/assets\/public\/d1b9\/5d35\/44aa49b08846\/9f420326f6ff\/01013071800-a4o\/01013071800-a4o.jpg?ts=1765871772921&amp;w=1920\" alt=\"\" \/><\/figure>\n<\/div>\n\n\n\n<div class=\"wp-block-column is-layout-flow wp-block-column-is-layout-flow\">\n<figure class=\"wp-block-image size-large\"><img decoding=\"async\" src=\"https:\/\/static.bershka.net\/assets\/public\/607b\/19ad\/0725454eb02b\/d089594cfbaf\/01013071800-a3o\/01013071800-a3o.jpg?ts=1768466043162&amp;w=1920\" alt=\"\" \/><\/figure>\n<\/div>\n\n\n\n<div class=\"wp-block-column is-layout-flow wp-block-column-is-layout-flow\">\n<figure class=\"wp-block-image size-large\"><img decoding=\"async\" src=\"https:\/\/static.bershka.net\/assets\/public\/cbec\/95fe\/44f74bdc8dbf\/3b9bee603054\/01013071800-b\/01013071800-b.jpg?ts=1765871772763&amp;w=1920\" alt=\"\" \/><\/figure>\n<\/div>\n<\/div>\n\n\n\n<figure class=\"wp-block-image size-large\"><img loading=\"lazy\" decoding=\"async\" width=\"799\" height=\"1024\" src=\"https:\/\/eleves.escl.fr\/wp2\/cs\/wp-content\/uploads\/sites\/28\/2026\/03\/image-8-799x1024.png\" alt=\"\" class=\"wp-image-174\" srcset=\"https:\/\/eleves.escl.fr\/wp2\/cs\/wp-content\/uploads\/sites\/28\/2026\/03\/image-8-799x1024.png 799w, https:\/\/eleves.escl.fr\/wp2\/cs\/wp-content\/uploads\/sites\/28\/2026\/03\/image-8-234x300.png 234w, https:\/\/eleves.escl.fr\/wp2\/cs\/wp-content\/uploads\/sites\/28\/2026\/03\/image-8-768x985.png 768w, https:\/\/eleves.escl.fr\/wp2\/cs\/wp-content\/uploads\/sites\/28\/2026\/03\/image-8-1198x1536.png 1198w, https:\/\/eleves.escl.fr\/wp2\/cs\/wp-content\/uploads\/sites\/28\/2026\/03\/image-8-1597x2048.png 1597w, https:\/\/eleves.escl.fr\/wp2\/cs\/wp-content\/uploads\/sites\/28\/2026\/03\/image-8.png 1920w\" sizes=\"auto, (max-width: 799px) 100vw, 799px\" \/><\/figure>\n\n\n\n<p class=\"has-text-align-center is-style-text-subtitle is-style-text-subtitle--7\">T Shirt A Motifs Pas Cher<\/p>\n\n\n\n<p class=\"is-style-text-annotation is-style-text-annotation--8\">T-shirt \u00e0 manches courtes Boxy fit imprim\u00e9<\/p>\n\n\n\n<p class=\"is-style-text-annotation is-style-text-annotation--9\">Site: <a href=\"https:\/\/www.bershka.com\/fr\/t-shirt-%C3%A0-manches-courtes-boxy-fit-imprim%C3%A9-c0p207575890.html?colorId=800%2Bt%2Bshirt%2Bpas%2Bchere%2Bmotif%2Bstreet\">Bershka<\/a><\/p>\n\n\n\n<p class=\"is-style-text-annotation is-style-text-annotation--10\">15,99 \u20ac<\/p>\n\n\n\n<p>______________________________________________________<\/p>\n\n\n\n<div class=\"wp-block-columns is-layout-flex wp-container-core-columns-is-layout-28f84493 wp-block-columns-is-layout-flex\">\n<div class=\"wp-block-column is-layout-flow wp-block-column-is-layout-flow\">\n<figure class=\"wp-block-image size-large\"><img decoding=\"async\" src=\"https:\/\/static.pullandbear.net\/assets\/public\/d82c\/b152\/383d44d995c3\/fabd93dbda3c\/03230508800-A6M\/03230508800-A6M.jpg?ts=1765811116862&amp;w=776&amp;f=auto\" alt=\"\" \/><\/figure>\n<\/div>\n\n\n\n<div class=\"wp-block-column is-layout-flow wp-block-column-is-layout-flow\">\n<figure class=\"wp-block-image size-large\"><img decoding=\"async\" src=\"https:\/\/static.pullandbear.net\/assets\/public\/4df0\/08cb\/86de4ddcbc27\/3f21d261eaaa\/03230508800-A3M\/03230508800-A3M.jpg?ts=1768822679898&amp;w=776&amp;f=auto\" alt=\"\" \/><\/figure>\n<\/div>\n\n\n\n<div class=\"wp-block-column is-layout-flow wp-block-column-is-layout-flow\">\n<figure class=\"wp-block-image size-large\"><img decoding=\"async\" src=\"https:\/\/static.pullandbear.net\/assets\/public\/0e0b\/769d\/0d6647a793f1\/a7ddccde40ec\/03230508800-A20M\/03230508800-A20M.jpg?ts=1765811119084&amp;w=776&amp;f=auto\" alt=\"\" \/><\/figure>\n<\/div>\n<\/div>\n\n\n\n<figure class=\"wp-block-image size-large\"><img loading=\"lazy\" decoding=\"async\" width=\"683\" height=\"1024\" src=\"https:\/\/eleves.escl.fr\/wp2\/cs\/wp-content\/uploads\/sites\/28\/2026\/03\/image-10-683x1024.png\" alt=\"\" class=\"wp-image-183\" srcset=\"https:\/\/eleves.escl.fr\/wp2\/cs\/wp-content\/uploads\/sites\/28\/2026\/03\/image-10-683x1024.png 683w, https:\/\/eleves.escl.fr\/wp2\/cs\/wp-content\/uploads\/sites\/28\/2026\/03\/image-10-200x300.png 200w, https:\/\/eleves.escl.fr\/wp2\/cs\/wp-content\/uploads\/sites\/28\/2026\/03\/image-10-768x1152.png 768w, https:\/\/eleves.escl.fr\/wp2\/cs\/wp-content\/uploads\/sites\/28\/2026\/03\/image-10.png 850w\" sizes=\"auto, (max-width: 683px) 100vw, 683px\" \/><\/figure>\n\n\n\n<p class=\"has-text-align-center is-style-text-subtitle is-style-text-subtitle--11\">T Shirt a motifs de la rue<\/p>\n\n\n\n<p class=\"is-style-text-annotation is-style-text-annotation--12\">T-shirt graphique STWD<\/p>\n\n\n\n<p class=\"is-style-text-annotation is-style-text-annotation--13\">Site: <a href=\"https:\/\/www.pullandbear.com\/fr\/tshirt-graphique-stwd-l03230508?cS=800&amp;pelement=723021839\">Pull&amp;Bear<\/a><\/p>\n\n\n\n<p class=\"is-style-text-annotation is-style-text-annotation--14\">17,99&nbsp;\u20ac&nbsp;<\/p>\n\n\n\n<p>______________________________________________________<\/p>\n\n\n\n<div class=\"wp-block-columns is-layout-flex wp-container-core-columns-is-layout-28f84493 wp-block-columns-is-layout-flex\">\n<div class=\"wp-block-column is-layout-flow wp-block-column-is-layout-flow\">\n<figure class=\"wp-block-image size-large\"><img decoding=\"async\" src=\"https:\/\/static.pullandbear.net\/assets\/public\/95eb\/3264\/57434ce9b57d\/d7eb71ecdb78\/07152558711-A6M\/07152558711-A6M.jpg?ts=1764089400137&amp;w=776&amp;f=auto\" alt=\"\" \/><\/figure>\n<\/div>\n\n\n\n<div class=\"wp-block-column is-layout-flow wp-block-column-is-layout-flow\">\n<figure class=\"wp-block-image size-large\"><img decoding=\"async\" src=\"https:\/\/static.pullandbear.net\/assets\/public\/6066\/52d2\/cd55482686a9\/8ba70d6b6d29\/07152558711-A8M\/07152558711-A8M.jpg?ts=1764089399502&amp;w=776&amp;f=auto\" alt=\"\" \/><\/figure>\n<\/div>\n\n\n\n<div class=\"wp-block-column is-layout-flow wp-block-column-is-layout-flow\">\n<figure class=\"wp-block-image size-large\"><img decoding=\"async\" src=\"https:\/\/static.pullandbear.net\/assets\/public\/4de5\/b894\/564b47a8ad1b\/1584608a2eea\/07152558711-A20M\/07152558711-A20M.jpg?ts=1764089397851&amp;w=776&amp;f=auto\" alt=\"\" \/><\/figure>\n<\/div>\n<\/div>\n\n\n\n<figure class=\"wp-block-image size-large\"><img loading=\"lazy\" decoding=\"async\" width=\"683\" height=\"1024\" src=\"https:\/\/eleves.escl.fr\/wp2\/cs\/wp-content\/uploads\/sites\/28\/2026\/03\/image-12-683x1024.png\" alt=\"\" class=\"wp-image-191\" srcset=\"https:\/\/eleves.escl.fr\/wp2\/cs\/wp-content\/uploads\/sites\/28\/2026\/03\/image-12-683x1024.png 683w, https:\/\/eleves.escl.fr\/wp2\/cs\/wp-content\/uploads\/sites\/28\/2026\/03\/image-12-200x300.png 200w, https:\/\/eleves.escl.fr\/wp2\/cs\/wp-content\/uploads\/sites\/28\/2026\/03\/image-12-768x1152.png 768w, https:\/\/eleves.escl.fr\/wp2\/cs\/wp-content\/uploads\/sites\/28\/2026\/03\/image-12.png 850w\" sizes=\"auto, (max-width: 683px) 100vw, 683px\" \/><\/figure>\n\n\n\n<p class=\"has-text-align-center is-style-text-subtitle is-style-text-subtitle--15\">T Shirt A Manches Doubles<\/p>\n\n\n\n<p class=\"is-style-text-annotation is-style-text-annotation--16\">T-shirt double manche graphique<\/p>\n\n\n\n<p class=\"is-style-text-annotation is-style-text-annotation--17\">Site: <a href=\"https:\/\/www.pullandbear.com\/fr\/tshirt-double-manche-graphique-l07152558?cS=711&amp;pelement=721444955\">Pull&amp;Bear<\/a><\/p>\n\n\n\n<p class=\"is-style-text-annotation is-style-text-annotation--18\">22,99&nbsp;\u20ac<\/p>\n\n\n\n<p>______________________________________________________<\/p>\n\n\n\n<div class=\"wp-block-columns is-layout-flex wp-container-core-columns-is-layout-28f84493 wp-block-columns-is-layout-flex\">\n<div class=\"wp-block-column is-layout-flow wp-block-column-is-layout-flow\">\n<figure class=\"wp-block-image size-large\"><img decoding=\"async\" src=\"https:\/\/image.uniqlo.com\/UQ\/ST3\/WesternCommon\/imagesgoods\/465185\/sub\/goods_465185_sub14_3x4.jpg\" alt=\"\" \/><\/figure>\n<\/div>\n\n\n\n<div class=\"wp-block-column is-layout-flow wp-block-column-is-layout-flow\">\n<figure class=\"wp-block-image size-large\"><img decoding=\"async\" src=\"https:\/\/image.uniqlo.com\/UQ\/ST3\/WesternCommon\/imagesgoods\/465185\/sub\/goods_465185_sub13_3x4.jpg\" alt=\"\" \/><\/figure>\n<\/div>\n\n\n\n<div class=\"wp-block-column is-layout-flow wp-block-column-is-layout-flow\">\n<figure class=\"wp-block-image size-large\"><img decoding=\"async\" src=\"https:\/\/image.uniqlo.com\/UQ\/ST3\/eu\/imagesgoods\/465185\/item\/eugoods_02_465185_3x4.jpg\" alt=\"\" \/><\/figure>\n<\/div>\n<\/div>\n\n\n\n<figure class=\"wp-block-image size-large\"><img loading=\"lazy\" decoding=\"async\" width=\"768\" height=\"1024\" src=\"https:\/\/eleves.escl.fr\/wp2\/cs\/wp-content\/uploads\/sites\/28\/2026\/03\/image-13-768x1024.png\" alt=\"\" class=\"wp-image-195\" srcset=\"https:\/\/eleves.escl.fr\/wp2\/cs\/wp-content\/uploads\/sites\/28\/2026\/03\/image-13-768x1024.png 768w, https:\/\/eleves.escl.fr\/wp2\/cs\/wp-content\/uploads\/sites\/28\/2026\/03\/image-13-225x300.png 225w, https:\/\/eleves.escl.fr\/wp2\/cs\/wp-content\/uploads\/sites\/28\/2026\/03\/image-13-1152x1536.png 1152w, https:\/\/eleves.escl.fr\/wp2\/cs\/wp-content\/uploads\/sites\/28\/2026\/03\/image-13.png 1500w\" sizes=\"auto, (max-width: 768px) 100vw, 768px\" \/><\/figure>\n\n\n\n<p class=\"has-text-align-center is-style-text-subtitle is-style-text-subtitle--19\">T Shirt Avec Un Rapport Qualit\u00e9-Prix (++)<\/p>\n\n\n\n<p class=\"is-style-text-annotation is-style-text-annotation--20\">T-shirt oversize AIRism en coton<\/p>\n\n\n\n<p class=\"is-style-text-annotation is-style-text-annotation--21\">Site: <a href=\"https:\/\/www.uniqlo.com\/fr\/fr\/products\/E465185-000\/00?colorDisplayCode=02&amp;sizeDisplayCode=004\">Uniqlo<\/a><\/p>\n\n\n\n<p class=\"is-style-text-annotation is-style-text-annotation--22\">19,90 \u20ac<\/p>\n\n\n\n<p>______________________________________________________<\/p>\n\n\n\n<p class=\"is-style-text-annotation is-style-text-annotation--23\"><a href=\"https:\/\/fr.wikipedia.org\/wiki\/Tee-shirt\">Pour en savoir plus sur les t-shirts cliquez<\/a><\/p>\n\n\n\n<p><\/p>\n","protected":false},"excerpt":{"rendered":"<p>\u00ab\u00a0Le&nbsp;c\u0153ur&nbsp;ne bat pas de la m\u00eame&nbsp;fa\u00e7on sous un&nbsp;t-shirt.\u00a0\u00bb dicocitations.com T Shirt Retro Mais Cher T-Shirts Vicinity 39,99 &#8211; 54,99\u20ac ______________________________________________________ Jersey \u00e9t\u00e9 cher mais de qualit\u00e9 Site: Vicinity 39,99 &#8211; 49,99 \u20ac ______________________________________________________ T Shirt A Motifs Pas Cher T-shirt \u00e0 manches courtes Boxy fit imprim\u00e9 Site: Bershka 15,99 \u20ac ______________________________________________________ T Shirt a motifs [&hellip;]<\/p>\n","protected":false},"author":41,"featured_media":0,"parent":0,"menu_order":0,"comment_status":"closed","ping_status":"closed","template":"","meta":{"footnotes":""},"class_list":["post-31","page","type-page","status-publish","hentry"],"_links":{"self":[{"href":"https:\/\/eleves.escl.fr\/wp2\/cs\/wp-json\/wp\/v2\/pages\/31","targetHints":{"allow":["GET"]}}],"collection":[{"href":"https:\/\/eleves.escl.fr\/wp2\/cs\/wp-json\/wp\/v2\/pages"}],"about":[{"href":"https:\/\/eleves.escl.fr\/wp2\/cs\/wp-json\/wp\/v2\/types\/page"}],"author":[{"embeddable":true,"href":"https:\/\/eleves.escl.fr\/wp2\/cs\/wp-json\/wp\/v2\/users\/41"}],"replies":[{"embeddable":true,"href":"https:\/\/eleves.escl.fr\/wp2\/cs\/wp-json\/wp\/v2\/comments?post=31"}],"version-history":[{"count":15,"href":"https:\/\/eleves.escl.fr\/wp2\/cs\/wp-json\/wp\/v2\/pages\/31\/revisions"}],"predecessor-version":[{"id":300,"href":"https:\/\/eleves.escl.fr\/wp2\/cs\/wp-json\/wp\/v2\/pages\/31\/revisions\/300"}],"wp:attachment":[{"href":"https:\/\/eleves.escl.fr\/wp2\/cs\/wp-json\/wp\/v2\/media?parent=31"}],"curies":[{"name":"wp","href":"https:\/\/api.w.org\/{rel}","templated":true}]}}