{"id":33,"date":"2026-01-13T14:36:24","date_gmt":"2026-01-13T13:36:24","guid":{"rendered":"https:\/\/eleves.escl.fr\/wp2\/cs\/?page_id=33"},"modified":"2026-03-24T14:21:50","modified_gmt":"2026-03-24T13:21:50","slug":"zip","status":"publish","type":"page","link":"https:\/\/eleves.escl.fr\/wp2\/cs\/zip\/","title":{"rendered":"Nos choix de zips"},"content":{"rendered":"\n<figure class=\"wp-block-pullquote\"><blockquote><p>\u00ab\u00a0La vie est comme une fermeture \u00e9claire, il faut l&rsquo;ouvrir pour d\u00e9couvrir ton futur.\u00a0\u00bb<\/p><cite>Etienne Roche<\/cite><\/blockquote><\/figure>\n\n\n\n<div class=\"wp-block-columns is-layout-flex wp-container-core-columns-is-layout-28f84493 wp-block-columns-is-layout-flex\">\n<div class=\"wp-block-column is-layout-flow wp-block-column-is-layout-flow\">\n<figure class=\"wp-block-image size-large\"><img decoding=\"async\" src=\"https:\/\/media.weekday.com\/assets\/003\/9e\/96\/9e96d647d21862186f9737877743a839754c6e0b_xxl-1.jpg?imwidth=768\" alt=\"\" \/><\/figure>\n<\/div>\n\n\n\n<div class=\"wp-block-column is-layout-flow wp-block-column-is-layout-flow\">\n<figure class=\"wp-block-image size-large\"><img decoding=\"async\" src=\"https:\/\/media.weekday.com\/assets\/003\/77\/36\/773689c4ad739faa049f2d5f7fb95a62cbe801d3_xxl-1.jpg?imwidth=768\" alt=\"\" \/><\/figure>\n<\/div>\n\n\n\n<div class=\"wp-block-column is-layout-flow wp-block-column-is-layout-flow\">\n<figure class=\"wp-block-image size-large\"><img decoding=\"async\" src=\"https:\/\/media.weekday.com\/assets\/003\/90\/31\/903197472771f83c3bf77f933d087d8d9d1e302a_xxl-1.jpg?imwidth=1600\" alt=\"\" \/><\/figure>\n<\/div>\n<\/div>\n\n\n\n<figure class=\"wp-block-image size-large\"><img loading=\"lazy\" decoding=\"async\" width=\"683\" height=\"1024\" src=\"https:\/\/eleves.escl.fr\/wp2\/cs\/wp-content\/uploads\/sites\/28\/2026\/03\/image-15-683x1024.png\" alt=\"\" class=\"wp-image-208\" srcset=\"https:\/\/eleves.escl.fr\/wp2\/cs\/wp-content\/uploads\/sites\/28\/2026\/03\/image-15-683x1024.png 683w, https:\/\/eleves.escl.fr\/wp2\/cs\/wp-content\/uploads\/sites\/28\/2026\/03\/image-15-200x300.png 200w, https:\/\/eleves.escl.fr\/wp2\/cs\/wp-content\/uploads\/sites\/28\/2026\/03\/image-15-768x1152.png 768w, https:\/\/eleves.escl.fr\/wp2\/cs\/wp-content\/uploads\/sites\/28\/2026\/03\/image-15-1024x1536.png 1024w, https:\/\/eleves.escl.fr\/wp2\/cs\/wp-content\/uploads\/sites\/28\/2026\/03\/image-15-1365x2048.png 1365w, https:\/\/eleves.escl.fr\/wp2\/cs\/wp-content\/uploads\/sites\/28\/2026\/03\/image-15-scaled.png 1707w\" sizes=\"auto, (max-width: 683px) 100vw, 683px\" \/><\/figure>\n\n\n\n<p class=\"has-text-align-center is-style-text-subtitle is-style-text-subtitle--1\">Bon Rapport qualit\u00e9 prix<\/p>\n\n\n\n<p class=\"is-style-text-annotation is-style-text-annotation--2\">SWEAT \u00c0 CAPUCHE ZIPP\u00c9 EN SCUBA SIMON<\/p>\n\n\n\n<p class=\"is-style-text-annotation is-style-text-annotation--3\">59.99 EUR<\/p>\n\n\n\n<p class=\"is-style-text-annotation is-style-text-annotation--4\">Site: <a href=\"https:\/\/www.weekday.com\/fr-fr\/p\/men\/hoodies\/scuba\/simon-scuba-zip-hoodie-grey-melange-002\/\">Weekday<\/a><\/p>\n\n\n\n<p>______________________________________________________<\/p>\n\n\n\n<div class=\"wp-block-columns is-layout-flex wp-container-core-columns-is-layout-28f84493 wp-block-columns-is-layout-flex\">\n<div class=\"wp-block-column is-layout-flow wp-block-column-is-layout-flow\">\n<figure class=\"wp-block-gallery has-nested-images columns-default is-cropped wp-block-gallery-5 is-layout-flex wp-block-gallery-is-layout-flex\">\n<figure class=\"wp-block-image size-large\"><img loading=\"lazy\" decoding=\"async\" width=\"683\" height=\"1024\" data-id=\"216\" src=\"https:\/\/eleves.escl.fr\/wp2\/cs\/wp-content\/uploads\/sites\/28\/2026\/03\/IMG_6642-683x1024.jpeg\" alt=\"\" class=\"wp-image-216\" srcset=\"https:\/\/eleves.escl.fr\/wp2\/cs\/wp-content\/uploads\/sites\/28\/2026\/03\/IMG_6642-683x1024.jpeg 683w, https:\/\/eleves.escl.fr\/wp2\/cs\/wp-content\/uploads\/sites\/28\/2026\/03\/IMG_6642-200x300.jpeg 200w, https:\/\/eleves.escl.fr\/wp2\/cs\/wp-content\/uploads\/sites\/28\/2026\/03\/IMG_6642-768x1151.jpeg 768w, https:\/\/eleves.escl.fr\/wp2\/cs\/wp-content\/uploads\/sites\/28\/2026\/03\/IMG_6642-1025x1536.jpeg 1025w, https:\/\/eleves.escl.fr\/wp2\/cs\/wp-content\/uploads\/sites\/28\/2026\/03\/IMG_6642.jpeg 1260w\" sizes=\"auto, (max-width: 683px) 100vw, 683px\" \/><\/figure>\n<\/figure>\n<\/div>\n\n\n\n<div class=\"wp-block-column is-layout-flow wp-block-column-is-layout-flow\">\n<figure class=\"wp-block-image size-large\"><img loading=\"lazy\" decoding=\"async\" width=\"683\" height=\"1024\" src=\"https:\/\/eleves.escl.fr\/wp2\/cs\/wp-content\/uploads\/sites\/28\/2026\/03\/IMG_6645-683x1024.jpeg\" alt=\"\" class=\"wp-image-218\" srcset=\"https:\/\/eleves.escl.fr\/wp2\/cs\/wp-content\/uploads\/sites\/28\/2026\/03\/IMG_6645-683x1024.jpeg 683w, https:\/\/eleves.escl.fr\/wp2\/cs\/wp-content\/uploads\/sites\/28\/2026\/03\/IMG_6645-200x300.jpeg 200w, https:\/\/eleves.escl.fr\/wp2\/cs\/wp-content\/uploads\/sites\/28\/2026\/03\/IMG_6645-768x1152.jpeg 768w, https:\/\/eleves.escl.fr\/wp2\/cs\/wp-content\/uploads\/sites\/28\/2026\/03\/IMG_6645-1024x1536.jpeg 1024w, https:\/\/eleves.escl.fr\/wp2\/cs\/wp-content\/uploads\/sites\/28\/2026\/03\/IMG_6645.jpeg 1260w\" sizes=\"auto, (max-width: 683px) 100vw, 683px\" \/><\/figure>\n<\/div>\n\n\n\n<div class=\"wp-block-column is-layout-flow wp-block-column-is-layout-flow\">\n<figure class=\"wp-block-image size-large\"><img loading=\"lazy\" decoding=\"async\" width=\"683\" height=\"1024\" src=\"https:\/\/eleves.escl.fr\/wp2\/cs\/wp-content\/uploads\/sites\/28\/2026\/03\/IMG_6644-1-683x1024.jpeg\" alt=\"\" class=\"wp-image-217\" srcset=\"https:\/\/eleves.escl.fr\/wp2\/cs\/wp-content\/uploads\/sites\/28\/2026\/03\/IMG_6644-1-683x1024.jpeg 683w, https:\/\/eleves.escl.fr\/wp2\/cs\/wp-content\/uploads\/sites\/28\/2026\/03\/IMG_6644-1-200x300.jpeg 200w, https:\/\/eleves.escl.fr\/wp2\/cs\/wp-content\/uploads\/sites\/28\/2026\/03\/IMG_6644-1-768x1151.jpeg 768w, https:\/\/eleves.escl.fr\/wp2\/cs\/wp-content\/uploads\/sites\/28\/2026\/03\/IMG_6644-1-1025x1536.jpeg 1025w, https:\/\/eleves.escl.fr\/wp2\/cs\/wp-content\/uploads\/sites\/28\/2026\/03\/IMG_6644-1.jpeg 1260w\" sizes=\"auto, (max-width: 683px) 100vw, 683px\" \/><\/figure>\n<\/div>\n<\/div>\n\n\n\n<figure class=\"wp-block-image size-large\"><img loading=\"lazy\" decoding=\"async\" width=\"683\" height=\"1024\" src=\"https:\/\/eleves.escl.fr\/wp2\/cs\/wp-content\/uploads\/sites\/28\/2026\/03\/image-683x1024.jpeg\" alt=\"\" class=\"wp-image-219\" srcset=\"https:\/\/eleves.escl.fr\/wp2\/cs\/wp-content\/uploads\/sites\/28\/2026\/03\/image-683x1024.jpeg 683w, https:\/\/eleves.escl.fr\/wp2\/cs\/wp-content\/uploads\/sites\/28\/2026\/03\/image-200x300.jpeg 200w, https:\/\/eleves.escl.fr\/wp2\/cs\/wp-content\/uploads\/sites\/28\/2026\/03\/image-768x1152.jpeg 768w, https:\/\/eleves.escl.fr\/wp2\/cs\/wp-content\/uploads\/sites\/28\/2026\/03\/image-1024x1536.jpeg 1024w, https:\/\/eleves.escl.fr\/wp2\/cs\/wp-content\/uploads\/sites\/28\/2026\/03\/image-1366x2048.jpeg 1366w, https:\/\/eleves.escl.fr\/wp2\/cs\/wp-content\/uploads\/sites\/28\/2026\/03\/image-scaled.jpeg 1707w\" sizes=\"auto, (max-width: 683px) 100vw, 683px\" \/><\/figure>\n\n\n\n<p class=\"has-text-align-center is-style-text-subtitle is-style-text-subtitle--6\">Style Zip +<\/p>\n\n\n\n<p class=\"is-style-text-annotation is-style-text-annotation--7\">SWEAT \u00c0 CAPUCHE ZIPP\u00c9 PATCHWORK D\u00c9LAV\u00c9<\/p>\n\n\n\n<p class=\"is-style-text-annotation is-style-text-annotation--8\">42 EUR<\/p>\n\n\n\n<p class=\"is-style-text-annotation is-style-text-annotation--9\">Site: <a href=\"https:\/\/www.weekday.com\/fr-fr\/p\/men\/hoodies\/zip\/washed-patchwork-zip-hoodie-washed-dark-blue-1319431001\/\">Weekday<\/a><\/p>\n\n\n\n<p>______________________________________________________<\/p>\n\n\n\n<div class=\"wp-block-columns is-layout-flex wp-container-core-columns-is-layout-28f84493 wp-block-columns-is-layout-flex\">\n<div class=\"wp-block-column is-layout-flow wp-block-column-is-layout-flow\">\n<figure class=\"wp-block-gallery has-nested-images columns-default is-cropped wp-block-gallery-10 is-layout-flex wp-block-gallery-is-layout-flex\">\n<figure class=\"wp-block-image size-large\"><img loading=\"lazy\" decoding=\"async\" width=\"819\" height=\"1024\" data-id=\"220\" src=\"https:\/\/eleves.escl.fr\/wp2\/cs\/wp-content\/uploads\/sites\/28\/2026\/03\/IMG_6646-819x1024.jpeg\" alt=\"\" class=\"wp-image-220\" srcset=\"https:\/\/eleves.escl.fr\/wp2\/cs\/wp-content\/uploads\/sites\/28\/2026\/03\/IMG_6646-819x1024.jpeg 819w, https:\/\/eleves.escl.fr\/wp2\/cs\/wp-content\/uploads\/sites\/28\/2026\/03\/IMG_6646-240x300.jpeg 240w, https:\/\/eleves.escl.fr\/wp2\/cs\/wp-content\/uploads\/sites\/28\/2026\/03\/IMG_6646-768x960.jpeg 768w, https:\/\/eleves.escl.fr\/wp2\/cs\/wp-content\/uploads\/sites\/28\/2026\/03\/IMG_6646.jpeg 1000w\" sizes=\"auto, (max-width: 819px) 100vw, 819px\" \/><\/figure>\n<\/figure>\n<\/div>\n\n\n\n<div class=\"wp-block-column is-layout-flow wp-block-column-is-layout-flow\">\n<figure class=\"wp-block-gallery has-nested-images columns-default is-cropped wp-block-gallery-11 is-layout-flex wp-block-gallery-is-layout-flex\">\n<figure class=\"wp-block-image size-large\"><img loading=\"lazy\" decoding=\"async\" width=\"819\" height=\"1024\" data-id=\"221\" src=\"https:\/\/eleves.escl.fr\/wp2\/cs\/wp-content\/uploads\/sites\/28\/2026\/03\/IMG_6647-819x1024.jpeg\" alt=\"\" class=\"wp-image-221\" srcset=\"https:\/\/eleves.escl.fr\/wp2\/cs\/wp-content\/uploads\/sites\/28\/2026\/03\/IMG_6647-819x1024.jpeg 819w, https:\/\/eleves.escl.fr\/wp2\/cs\/wp-content\/uploads\/sites\/28\/2026\/03\/IMG_6647-240x300.jpeg 240w, https:\/\/eleves.escl.fr\/wp2\/cs\/wp-content\/uploads\/sites\/28\/2026\/03\/IMG_6647-768x960.jpeg 768w, https:\/\/eleves.escl.fr\/wp2\/cs\/wp-content\/uploads\/sites\/28\/2026\/03\/IMG_6647.jpeg 1000w\" sizes=\"auto, (max-width: 819px) 100vw, 819px\" \/><\/figure>\n<\/figure>\n<\/div>\n\n\n\n<div class=\"wp-block-column is-layout-flow wp-block-column-is-layout-flow\">\n<figure class=\"wp-block-gallery has-nested-images columns-default is-cropped wp-block-gallery-12 is-layout-flex wp-block-gallery-is-layout-flex\">\n<figure class=\"wp-block-image size-large\"><img loading=\"lazy\" decoding=\"async\" width=\"819\" height=\"1024\" data-id=\"222\" src=\"https:\/\/eleves.escl.fr\/wp2\/cs\/wp-content\/uploads\/sites\/28\/2026\/03\/IMG_6648-819x1024.jpeg\" alt=\"\" class=\"wp-image-222\" srcset=\"https:\/\/eleves.escl.fr\/wp2\/cs\/wp-content\/uploads\/sites\/28\/2026\/03\/IMG_6648-819x1024.jpeg 819w, https:\/\/eleves.escl.fr\/wp2\/cs\/wp-content\/uploads\/sites\/28\/2026\/03\/IMG_6648-240x300.jpeg 240w, https:\/\/eleves.escl.fr\/wp2\/cs\/wp-content\/uploads\/sites\/28\/2026\/03\/IMG_6648-768x960.jpeg 768w, https:\/\/eleves.escl.fr\/wp2\/cs\/wp-content\/uploads\/sites\/28\/2026\/03\/IMG_6648.jpeg 1000w\" sizes=\"auto, (max-width: 819px) 100vw, 819px\" \/><\/figure>\n<\/figure>\n<\/div>\n<\/div>\n\n\n\n<figure class=\"wp-block-image size-large\"><img loading=\"lazy\" decoding=\"async\" width=\"819\" height=\"1024\" src=\"https:\/\/eleves.escl.fr\/wp2\/cs\/wp-content\/uploads\/sites\/28\/2026\/03\/image-1-819x1024.jpeg\" alt=\"\" class=\"wp-image-223\" srcset=\"https:\/\/eleves.escl.fr\/wp2\/cs\/wp-content\/uploads\/sites\/28\/2026\/03\/image-1-819x1024.jpeg 819w, https:\/\/eleves.escl.fr\/wp2\/cs\/wp-content\/uploads\/sites\/28\/2026\/03\/image-1-240x300.jpeg 240w, https:\/\/eleves.escl.fr\/wp2\/cs\/wp-content\/uploads\/sites\/28\/2026\/03\/image-1-768x960.jpeg 768w, https:\/\/eleves.escl.fr\/wp2\/cs\/wp-content\/uploads\/sites\/28\/2026\/03\/image-1.jpeg 1000w\" sizes=\"auto, (max-width: 819px) 100vw, 819px\" \/><\/figure>\n\n\n\n<p class=\"has-text-align-center is-style-text-subtitle is-style-text-subtitle--13\">Pull prix\/couleur texture avec motifs<\/p>\n\n\n\n<p class=\"is-style-text-annotation is-style-text-annotation--14\">AMARYLLIS FLUFF KNIT<\/p>\n\n\n\n<p class=\"is-style-text-annotation is-style-text-annotation--15\">89,90 \u20ac<\/p>\n\n\n\n<p class=\"is-style-text-annotation is-style-text-annotation--16\">Site: <a href=\"https:\/\/amosesclothing.com\/products\/amaryllis-fluff-knit\">Amoses Clothing<\/a><\/p>\n\n\n\n<p>______________________________________________________<\/p>\n\n\n\n<div class=\"wp-block-columns is-layout-flex wp-container-core-columns-is-layout-28f84493 wp-block-columns-is-layout-flex\">\n<div class=\"wp-block-column is-layout-flow wp-block-column-is-layout-flow\">\n<figure class=\"wp-block-gallery has-nested-images columns-default is-cropped wp-block-gallery-17 is-layout-flex wp-block-gallery-is-layout-flex\">\n<figure class=\"wp-block-image size-large\"><img loading=\"lazy\" decoding=\"async\" width=\"819\" height=\"1024\" data-id=\"226\" src=\"https:\/\/eleves.escl.fr\/wp2\/cs\/wp-content\/uploads\/sites\/28\/2026\/03\/IMG_6650-819x1024.jpeg\" alt=\"\" class=\"wp-image-226\" srcset=\"https:\/\/eleves.escl.fr\/wp2\/cs\/wp-content\/uploads\/sites\/28\/2026\/03\/IMG_6650-819x1024.jpeg 819w, https:\/\/eleves.escl.fr\/wp2\/cs\/wp-content\/uploads\/sites\/28\/2026\/03\/IMG_6650-240x300.jpeg 240w, https:\/\/eleves.escl.fr\/wp2\/cs\/wp-content\/uploads\/sites\/28\/2026\/03\/IMG_6650-768x960.jpeg 768w, https:\/\/eleves.escl.fr\/wp2\/cs\/wp-content\/uploads\/sites\/28\/2026\/03\/IMG_6650.jpeg 1000w\" sizes=\"auto, (max-width: 819px) 100vw, 819px\" \/><\/figure>\n<\/figure>\n<\/div>\n\n\n\n<div class=\"wp-block-column is-layout-flow wp-block-column-is-layout-flow\">\n<figure class=\"wp-block-gallery has-nested-images columns-default is-cropped wp-block-gallery-18 is-layout-flex wp-block-gallery-is-layout-flex\">\n<figure class=\"wp-block-image size-large\"><img loading=\"lazy\" decoding=\"async\" width=\"819\" height=\"1024\" data-id=\"227\" src=\"https:\/\/eleves.escl.fr\/wp2\/cs\/wp-content\/uploads\/sites\/28\/2026\/03\/IMG_6649-819x1024.jpeg\" alt=\"\" class=\"wp-image-227\" srcset=\"https:\/\/eleves.escl.fr\/wp2\/cs\/wp-content\/uploads\/sites\/28\/2026\/03\/IMG_6649-819x1024.jpeg 819w, https:\/\/eleves.escl.fr\/wp2\/cs\/wp-content\/uploads\/sites\/28\/2026\/03\/IMG_6649-240x300.jpeg 240w, https:\/\/eleves.escl.fr\/wp2\/cs\/wp-content\/uploads\/sites\/28\/2026\/03\/IMG_6649-768x960.jpeg 768w, https:\/\/eleves.escl.fr\/wp2\/cs\/wp-content\/uploads\/sites\/28\/2026\/03\/IMG_6649.jpeg 1000w\" sizes=\"auto, (max-width: 819px) 100vw, 819px\" \/><\/figure>\n<\/figure>\n<\/div>\n\n\n\n<div class=\"wp-block-column is-layout-flow wp-block-column-is-layout-flow\">\n<figure class=\"wp-block-gallery has-nested-images columns-default is-cropped wp-block-gallery-19 is-layout-flex wp-block-gallery-is-layout-flex\">\n<figure class=\"wp-block-image size-large\"><img loading=\"lazy\" decoding=\"async\" width=\"819\" height=\"1024\" data-id=\"228\" src=\"https:\/\/eleves.escl.fr\/wp2\/cs\/wp-content\/uploads\/sites\/28\/2026\/03\/IMG_6651-819x1024.jpeg\" alt=\"\" class=\"wp-image-228\" srcset=\"https:\/\/eleves.escl.fr\/wp2\/cs\/wp-content\/uploads\/sites\/28\/2026\/03\/IMG_6651-819x1024.jpeg 819w, https:\/\/eleves.escl.fr\/wp2\/cs\/wp-content\/uploads\/sites\/28\/2026\/03\/IMG_6651-240x300.jpeg 240w, https:\/\/eleves.escl.fr\/wp2\/cs\/wp-content\/uploads\/sites\/28\/2026\/03\/IMG_6651-768x960.jpeg 768w, https:\/\/eleves.escl.fr\/wp2\/cs\/wp-content\/uploads\/sites\/28\/2026\/03\/IMG_6651.jpeg 1000w\" sizes=\"auto, (max-width: 819px) 100vw, 819px\" \/><\/figure>\n<\/figure>\n<\/div>\n<\/div>\n\n\n\n<figure class=\"wp-block-image size-large\"><img loading=\"lazy\" decoding=\"async\" width=\"819\" height=\"1024\" src=\"https:\/\/eleves.escl.fr\/wp2\/cs\/wp-content\/uploads\/sites\/28\/2026\/03\/image-2-819x1024.jpeg\" alt=\"\" class=\"wp-image-229\" srcset=\"https:\/\/eleves.escl.fr\/wp2\/cs\/wp-content\/uploads\/sites\/28\/2026\/03\/image-2-819x1024.jpeg 819w, https:\/\/eleves.escl.fr\/wp2\/cs\/wp-content\/uploads\/sites\/28\/2026\/03\/image-2-240x300.jpeg 240w, https:\/\/eleves.escl.fr\/wp2\/cs\/wp-content\/uploads\/sites\/28\/2026\/03\/image-2-768x960.jpeg 768w, https:\/\/eleves.escl.fr\/wp2\/cs\/wp-content\/uploads\/sites\/28\/2026\/03\/image-2.jpeg 1000w\" sizes=\"auto, (max-width: 819px) 100vw, 819px\" \/><\/figure>\n\n\n\n<p class=\"has-text-align-center is-style-text-subtitle is-style-text-subtitle--20\">Zip magnifique avec bonne couleur\/motif et texture<\/p>\n\n\n\n<p class=\"is-style-text-annotation is-style-text-annotation--21\">FROST ZIP-HOODIE<\/p>\n\n\n\n<p class=\"is-style-text-annotation is-style-text-annotation--22\">94,90 \u20ac<\/p>\n\n\n\n<p class=\"is-style-text-annotation is-style-text-annotation--23\">Site: <a href=\"https:\/\/amosesclothing.com\/products\/frost-zip-hoodie\">Amoses Clothing<\/a><\/p>\n\n\n\n<p>______________________________________________________<\/p>\n\n\n\n<div class=\"wp-block-columns is-layout-flex wp-container-core-columns-is-layout-28f84493 wp-block-columns-is-layout-flex\">\n<div class=\"wp-block-column is-layout-flow wp-block-column-is-layout-flow\">\n<figure class=\"wp-block-image size-large\"><img loading=\"lazy\" decoding=\"async\" width=\"768\" height=\"1024\" src=\"https:\/\/eleves.escl.fr\/wp2\/cs\/wp-content\/uploads\/sites\/28\/2026\/03\/IMG_6654-768x1024.jpeg\" alt=\"\" class=\"wp-image-232\" srcset=\"https:\/\/eleves.escl.fr\/wp2\/cs\/wp-content\/uploads\/sites\/28\/2026\/03\/IMG_6654-768x1024.jpeg 768w, https:\/\/eleves.escl.fr\/wp2\/cs\/wp-content\/uploads\/sites\/28\/2026\/03\/IMG_6654-225x300.jpeg 225w, https:\/\/eleves.escl.fr\/wp2\/cs\/wp-content\/uploads\/sites\/28\/2026\/03\/IMG_6654-1152x1536.jpeg 1152w, https:\/\/eleves.escl.fr\/wp2\/cs\/wp-content\/uploads\/sites\/28\/2026\/03\/IMG_6654.jpeg 1500w\" sizes=\"auto, (max-width: 768px) 100vw, 768px\" \/><\/figure>\n<\/div>\n\n\n\n<div class=\"wp-block-column is-layout-flow wp-block-column-is-layout-flow\">\n<figure class=\"wp-block-gallery has-nested-images columns-default is-cropped wp-block-gallery-24 is-layout-flex wp-block-gallery-is-layout-flex\">\n<figure class=\"wp-block-image size-large\"><img loading=\"lazy\" decoding=\"async\" width=\"768\" height=\"1024\" data-id=\"233\" src=\"https:\/\/eleves.escl.fr\/wp2\/cs\/wp-content\/uploads\/sites\/28\/2026\/03\/IMG_6656-768x1024.jpeg\" alt=\"\" class=\"wp-image-233\" srcset=\"https:\/\/eleves.escl.fr\/wp2\/cs\/wp-content\/uploads\/sites\/28\/2026\/03\/IMG_6656-768x1024.jpeg 768w, https:\/\/eleves.escl.fr\/wp2\/cs\/wp-content\/uploads\/sites\/28\/2026\/03\/IMG_6656-225x300.jpeg 225w, https:\/\/eleves.escl.fr\/wp2\/cs\/wp-content\/uploads\/sites\/28\/2026\/03\/IMG_6656-1152x1536.jpeg 1152w, https:\/\/eleves.escl.fr\/wp2\/cs\/wp-content\/uploads\/sites\/28\/2026\/03\/IMG_6656.jpeg 1500w\" sizes=\"auto, (max-width: 768px) 100vw, 768px\" \/><\/figure>\n<\/figure>\n<\/div>\n\n\n\n<div class=\"wp-block-column is-layout-flow wp-block-column-is-layout-flow\">\n<figure class=\"wp-block-image size-large\"><img loading=\"lazy\" decoding=\"async\" width=\"768\" height=\"1024\" src=\"https:\/\/eleves.escl.fr\/wp2\/cs\/wp-content\/uploads\/sites\/28\/2026\/03\/IMG_6655-768x1024.jpeg\" alt=\"\" class=\"wp-image-235\" srcset=\"https:\/\/eleves.escl.fr\/wp2\/cs\/wp-content\/uploads\/sites\/28\/2026\/03\/IMG_6655-768x1024.jpeg 768w, https:\/\/eleves.escl.fr\/wp2\/cs\/wp-content\/uploads\/sites\/28\/2026\/03\/IMG_6655-225x300.jpeg 225w, https:\/\/eleves.escl.fr\/wp2\/cs\/wp-content\/uploads\/sites\/28\/2026\/03\/IMG_6655-1152x1536.jpeg 1152w, https:\/\/eleves.escl.fr\/wp2\/cs\/wp-content\/uploads\/sites\/28\/2026\/03\/IMG_6655.jpeg 1500w\" sizes=\"auto, (max-width: 768px) 100vw, 768px\" \/><\/figure>\n<\/div>\n<\/div>\n\n\n\n<hr class=\"wp-block-separator has-alpha-channel-opacity\" \/>\n\n\n\n<figure class=\"wp-block-image size-large\"><img loading=\"lazy\" decoding=\"async\" width=\"765\" height=\"1024\" src=\"https:\/\/eleves.escl.fr\/wp2\/cs\/wp-content\/uploads\/sites\/28\/2026\/03\/IMG_6657-1-765x1024.jpeg\" alt=\"\" class=\"wp-image-237\" srcset=\"https:\/\/eleves.escl.fr\/wp2\/cs\/wp-content\/uploads\/sites\/28\/2026\/03\/IMG_6657-1-765x1024.jpeg 765w, https:\/\/eleves.escl.fr\/wp2\/cs\/wp-content\/uploads\/sites\/28\/2026\/03\/IMG_6657-1-224x300.jpeg 224w, https:\/\/eleves.escl.fr\/wp2\/cs\/wp-content\/uploads\/sites\/28\/2026\/03\/IMG_6657-1-768x1028.jpeg 768w, https:\/\/eleves.escl.fr\/wp2\/cs\/wp-content\/uploads\/sites\/28\/2026\/03\/IMG_6657-1.jpeg 905w\" sizes=\"auto, (max-width: 765px) 100vw, 765px\" \/><\/figure>\n\n\n\n<p class=\"has-text-align-center is-style-text-subtitle is-style-text-subtitle--25\">Rapport calit\u00e9 prix couleurs texture coupe ++ simple mais efficace Uniqlo<\/p>\n\n\n\n<p class=\"is-style-text-annotation is-style-text-annotation--26\">Pull 100% laine<\/p>\n\n\n\n<p class=\"is-style-text-annotation is-style-text-annotation--27\">39,90 \u20ac<\/p>\n\n\n\n<p class=\"is-style-text-annotation is-style-text-annotation--28\">Site: <a href=\"https:\/\/www.uniqlo.com\/fr\/fr\/products\/E460940-000\/00?colorDisplayCode=77&amp;sizeDisplayCode=004\">Uniqlo<\/a><\/p>\n\n\n\n<p>______________________________________________________<\/p>\n\n\n\n<p class=\"is-style-text-annotation is-style-text-annotation--29\"><a href=\"https:\/\/fr.wikipedia.org\/wiki\/Zip\">Pour en savoir plus sur les zips, cliquez<\/a><\/p>\n\n\n\n<p><\/p>\n","protected":false},"excerpt":{"rendered":"<p>\u00ab\u00a0La vie est comme une fermeture \u00e9claire, il faut l&rsquo;ouvrir pour d\u00e9couvrir ton futur.\u00a0\u00bb Etienne Roche Bon Rapport qualit\u00e9 prix SWEAT \u00c0 CAPUCHE ZIPP\u00c9 EN SCUBA SIMON 59.99 EUR Site: Weekday ______________________________________________________ Style Zip + SWEAT \u00c0 CAPUCHE ZIPP\u00c9 PATCHWORK D\u00c9LAV\u00c9 42 EUR Site: Weekday ______________________________________________________ Pull prix\/couleur texture avec motifs AMARYLLIS FLUFF KNIT 89,90 [&hellip;]<\/p>\n","protected":false},"author":41,"featured_media":0,"parent":0,"menu_order":0,"comment_status":"closed","ping_status":"closed","template":"","meta":{"footnotes":""},"class_list":["post-33","page","type-page","status-publish","hentry"],"_links":{"self":[{"href":"https:\/\/eleves.escl.fr\/wp2\/cs\/wp-json\/wp\/v2\/pages\/33","targetHints":{"allow":["GET"]}}],"collection":[{"href":"https:\/\/eleves.escl.fr\/wp2\/cs\/wp-json\/wp\/v2\/pages"}],"about":[{"href":"https:\/\/eleves.escl.fr\/wp2\/cs\/wp-json\/wp\/v2\/types\/page"}],"author":[{"embeddable":true,"href":"https:\/\/eleves.escl.fr\/wp2\/cs\/wp-json\/wp\/v2\/users\/41"}],"replies":[{"embeddable":true,"href":"https:\/\/eleves.escl.fr\/wp2\/cs\/wp-json\/wp\/v2\/comments?post=33"}],"version-history":[{"count":17,"href":"https:\/\/eleves.escl.fr\/wp2\/cs\/wp-json\/wp\/v2\/pages\/33\/revisions"}],"predecessor-version":[{"id":301,"href":"https:\/\/eleves.escl.fr\/wp2\/cs\/wp-json\/wp\/v2\/pages\/33\/revisions\/301"}],"wp:attachment":[{"href":"https:\/\/eleves.escl.fr\/wp2\/cs\/wp-json\/wp\/v2\/media?parent=33"}],"curies":[{"name":"wp","href":"https:\/\/api.w.org\/{rel}","templated":true}]}}