{"id":39,"date":"2026-01-13T14:40:43","date_gmt":"2026-01-13T13:40:43","guid":{"rendered":"https:\/\/eleves.escl.fr\/wp2\/cs\/?page_id=39"},"modified":"2026-03-24T14:18:55","modified_gmt":"2026-03-24T13:18:55","slug":"jacket","status":"publish","type":"page","link":"https:\/\/eleves.escl.fr\/wp2\/cs\/jacket\/","title":{"rendered":"Nos choix de jackets"},"content":{"rendered":"\n<figure class=\"wp-block-pullquote\"><blockquote><p>\u00ab\u00a0Les&nbsp;sp\u00e9culations&nbsp;purement&nbsp;intellectuelles d\u00e9pouillent l&rsquo;univers&nbsp;de son&nbsp;manteau&nbsp;sacr\u00e9.\u00a0\u00bb<\/p><cite>dicocitations.com<\/cite><\/blockquote><\/figure>\n\n\n\n<div class=\"wp-block-columns is-layout-flex wp-container-core-columns-is-layout-28f84493 wp-block-columns-is-layout-flex\">\n<div class=\"wp-block-column is-layout-flow wp-block-column-is-layout-flow\">\n<figure class=\"wp-block-image size-large\"><img decoding=\"async\" src=\"https:\/\/static.bershka.net\/assets\/public\/735c\/4b9e\/45a54bc89e01\/dc10bbcf0848\/06822677800-a1t\/06822677800-a1t.jpg?ts=1765539096130&amp;w=850\" alt=\"\" \/><\/figure>\n<\/div>\n\n\n\n<div class=\"wp-block-column is-layout-flow wp-block-column-is-layout-flow\">\n<figure class=\"wp-block-image size-large\"><img decoding=\"async\" src=\"https:\/\/static.bershka.net\/assets\/public\/2062\/b158\/4172496bad18\/4bb66a7fb302\/06822677800-a4o\/06822677800-a4o.jpg?ts=1762953080061&amp;w=850\" alt=\"\" \/><\/figure>\n<\/div>\n\n\n\n<div class=\"wp-block-column is-layout-flow wp-block-column-is-layout-flow\">\n<figure class=\"wp-block-image size-large\"><img decoding=\"async\" src=\"https:\/\/static.bershka.net\/assets\/public\/8df4\/eb99\/7849466e9a5e\/83e165d5fa54\/06822677800-p\/06822677800-p.jpg?ts=1765539095804&amp;w=850\" alt=\"\" \/><\/figure>\n<\/div>\n<\/div>\n\n\n\n<figure class=\"wp-block-image size-large\"><img loading=\"lazy\" decoding=\"async\" width=\"799\" height=\"1024\" src=\"https:\/\/eleves.escl.fr\/wp2\/cs\/wp-content\/uploads\/sites\/28\/2026\/03\/image-4-799x1024.png\" alt=\"\" class=\"wp-image-154\" srcset=\"https:\/\/eleves.escl.fr\/wp2\/cs\/wp-content\/uploads\/sites\/28\/2026\/03\/image-4-799x1024.png 799w, https:\/\/eleves.escl.fr\/wp2\/cs\/wp-content\/uploads\/sites\/28\/2026\/03\/image-4-234x300.png 234w, https:\/\/eleves.escl.fr\/wp2\/cs\/wp-content\/uploads\/sites\/28\/2026\/03\/image-4-768x985.png 768w, https:\/\/eleves.escl.fr\/wp2\/cs\/wp-content\/uploads\/sites\/28\/2026\/03\/image-4.png 850w\" sizes=\"auto, (max-width: 799px) 100vw, 799px\" \/><\/figure>\n\n\n\n<p class=\"has-text-align-center is-style-text-subtitle is-style-text-subtitle--1\">Veste pas ch\u00e8re et magnifique<\/p>\n\n\n\n<p class=\"is-style-text-annotation is-style-text-annotation--2\">Veste en drap de laine manches similicuir<\/p>\n\n\n\n<p class=\"is-style-text-annotation is-style-text-annotation--3\">59,99&nbsp;\u20ac<\/p>\n\n\n\n<p class=\"is-style-text-annotation is-style-text-annotation--4\">site: <a href=\"https:\/\/www.bershka.com\/fr\/veste-en-drap-de-laine-manches-similicuir-c0p204067126.html?colorId=800\">Bershka<\/a><\/p>\n\n\n\n<p>______________________________________________________<\/p>\n\n\n\n<p><\/p>\n\n\n\n<div class=\"wp-block-columns is-layout-flex wp-container-core-columns-is-layout-28f84493 wp-block-columns-is-layout-flex\">\n<div class=\"wp-block-column is-layout-flow wp-block-column-is-layout-flow\">\n<figure class=\"wp-block-image size-large\"><img decoding=\"async\" src=\"https:\/\/media.weekday.com\/assets\/003\/09\/80\/0980f3ab89b8f8ac844bc3b514b115fd77168559_xxl-1.jpg?imwidth=1600\" alt=\"\" \/><\/figure>\n<\/div>\n\n\n\n<div class=\"wp-block-column is-layout-flow wp-block-column-is-layout-flow\">\n<figure class=\"wp-block-image size-large\"><img decoding=\"async\" src=\"https:\/\/media.weekday.com\/assets\/003\/54\/4b\/544b1c7fdaacf14c41056c54ce8c502c06b62d0e_xxl-1.jpg?imwidth=1600\" alt=\"\" \/><\/figure>\n<\/div>\n\n\n\n<div class=\"wp-block-column is-layout-flow wp-block-column-is-layout-flow\">\n<figure class=\"wp-block-image size-large\"><img decoding=\"async\" src=\"https:\/\/media.weekday.com\/assets\/003\/7b\/97\/7b973407c58014eed8ea8995d7738f3cdfeb670a_xxl-1.jpg?imwidth=1600\" alt=\"\" \/><\/figure>\n<\/div>\n<\/div>\n\n\n\n<figure class=\"wp-block-image size-large\"><img loading=\"lazy\" decoding=\"async\" width=\"683\" height=\"1024\" src=\"https:\/\/eleves.escl.fr\/wp2\/cs\/wp-content\/uploads\/sites\/28\/2026\/03\/image-6-683x1024.png\" alt=\"\" class=\"wp-image-163\" srcset=\"https:\/\/eleves.escl.fr\/wp2\/cs\/wp-content\/uploads\/sites\/28\/2026\/03\/image-6-683x1024.png 683w, https:\/\/eleves.escl.fr\/wp2\/cs\/wp-content\/uploads\/sites\/28\/2026\/03\/image-6-200x300.png 200w, https:\/\/eleves.escl.fr\/wp2\/cs\/wp-content\/uploads\/sites\/28\/2026\/03\/image-6-768x1152.png 768w, https:\/\/eleves.escl.fr\/wp2\/cs\/wp-content\/uploads\/sites\/28\/2026\/03\/image-6-1024x1536.png 1024w, https:\/\/eleves.escl.fr\/wp2\/cs\/wp-content\/uploads\/sites\/28\/2026\/03\/image-6-1365x2048.png 1365w, https:\/\/eleves.escl.fr\/wp2\/cs\/wp-content\/uploads\/sites\/28\/2026\/03\/image-6-scaled.png 1707w\" sizes=\"auto, (max-width: 683px) 100vw, 683px\" \/><\/figure>\n\n\n\n<p class=\"has-text-align-center is-style-text-subtitle is-style-text-subtitle--5\">Veste en jean, beau motif, rapport qualit\u00e9 prix: bon<\/p>\n\n\n\n<p class=\"is-style-text-annotation is-style-text-annotation--6\">VESTE EN JEAN LADY GAGA<\/p>\n\n\n\n<p class=\"is-style-text-annotation is-style-text-annotation--7\">69.99 EUR<\/p>\n\n\n\n<p class=\"is-style-text-annotation is-style-text-annotation--8\">Site: <a href=\"https:\/\/www.weekday.com\/fr-fr\/p\/men\/jackets-and-coats\/denim-jackets\/gaga-denim-jacket-black-1316975001\/\">Weekday<\/a><\/p>\n\n\n\n<p>______________________________________________________<\/p>\n\n\n\n<p><\/p>\n\n\n\n<div class=\"wp-block-columns is-layout-flex wp-container-core-columns-is-layout-28f84493 wp-block-columns-is-layout-flex\">\n<div class=\"wp-block-column is-layout-flow wp-block-column-is-layout-flow\">\n<figure class=\"wp-block-image size-large\"><img decoding=\"async\" src=\"https:\/\/amosesclothing.com\/cdn\/shop\/files\/PHANTOMJACKETB_2d03fd79-c466-4a2a-a638-554cae0c4b4f.jpg?v=1733784233&amp;width=1000\" alt=\"\" \/><\/figure>\n<\/div>\n\n\n\n<div class=\"wp-block-column is-layout-flow wp-block-column-is-layout-flow\">\n<figure class=\"wp-block-image size-large\"><img decoding=\"async\" src=\"https:\/\/amosesclothing.com\/cdn\/shop\/files\/PHANTOMJACKETL_28efb609-059a-4375-9cbc-7df116e31455.jpg?v=1733745105&amp;width=1000\" alt=\"\" \/><\/figure>\n<\/div>\n\n\n\n<div class=\"wp-block-column is-layout-flow wp-block-column-is-layout-flow\">\n<figure class=\"wp-block-image size-large\"><img decoding=\"async\" src=\"https:\/\/amosesclothing.com\/cdn\/shop\/files\/PHANTOMJACKET_4d675fa9-351c-4d3d-974a-ec1885ba74a9.jpg?v=1733784232&amp;width=1000\" alt=\"\" \/><\/figure>\n<\/div>\n<\/div>\n\n\n\n<figure class=\"wp-block-image size-full\"><img loading=\"lazy\" decoding=\"async\" width=\"1000\" height=\"1000\" src=\"https:\/\/eleves.escl.fr\/wp2\/cs\/wp-content\/uploads\/sites\/28\/2026\/03\/image-9.png\" alt=\"\" class=\"wp-image-176\" srcset=\"https:\/\/eleves.escl.fr\/wp2\/cs\/wp-content\/uploads\/sites\/28\/2026\/03\/image-9.png 1000w, https:\/\/eleves.escl.fr\/wp2\/cs\/wp-content\/uploads\/sites\/28\/2026\/03\/image-9-300x300.png 300w, https:\/\/eleves.escl.fr\/wp2\/cs\/wp-content\/uploads\/sites\/28\/2026\/03\/image-9-150x150.png 150w, https:\/\/eleves.escl.fr\/wp2\/cs\/wp-content\/uploads\/sites\/28\/2026\/03\/image-9-768x768.png 768w\" sizes=\"auto, (max-width: 1000px) 100vw, 1000px\" \/><\/figure>\n\n\n\n<p class=\"has-text-align-center is-style-text-subtitle is-style-text-subtitle--9\">Veste magnifique, ch\u00e8re, qualit\u00e9 <\/p>\n\n\n\n<p class=\"is-style-text-annotation is-style-text-annotation--10\">PHANTOM JACKET<\/p>\n\n\n\n<p class=\"is-style-text-annotation is-style-text-annotation--11\">\u20ac99,90 Prix normal\u20ac159,90<\/p>\n\n\n\n<p class=\"is-style-text-annotation is-style-text-annotation--12\">Site:<a href=\"https:\/\/amosesclothing.com\/products\/phantom-jacket\"> Amoses<\/a><\/p>\n\n\n\n<p>______________________________________________________<\/p>\n\n\n\n<p><\/p>\n\n\n\n<div class=\"wp-block-columns is-layout-flex wp-container-core-columns-is-layout-28f84493 wp-block-columns-is-layout-flex\">\n<div class=\"wp-block-column is-layout-flow wp-block-column-is-layout-flow\">\n<figure class=\"wp-block-image size-large\"><img decoding=\"async\" src=\"https:\/\/image.hm.com\/assets\/hm\/41\/a3\/41a3ac2461faf7aee8c5cdbc7c8d52ba9f43a95c.jpg?imwidth=2160\" alt=\"\" \/><\/figure>\n<\/div>\n\n\n\n<div class=\"wp-block-column is-layout-flow wp-block-column-is-layout-flow\">\n<figure class=\"wp-block-image size-large\"><img decoding=\"async\" src=\"https:\/\/image.hm.com\/assets\/hm\/e5\/99\/e5996f2e238c3c9a39d95d3286d2427b2b36ba46.jpg?imwidth=2160\" alt=\"\" \/><\/figure>\n<\/div>\n\n\n\n<div class=\"wp-block-column is-layout-flow wp-block-column-is-layout-flow\">\n<figure class=\"wp-block-image size-large\"><img decoding=\"async\" src=\"https:\/\/image.hm.com\/assets\/hm\/ad\/a5\/ada5d6bf81f31d5f9c282a259d097f12cc11c54e.jpg?imwidth=2160\" alt=\"\" \/><\/figure>\n<\/div>\n<\/div>\n\n\n\n<figure class=\"wp-block-image size-large\"><img loading=\"lazy\" decoding=\"async\" width=\"683\" height=\"1024\" src=\"https:\/\/eleves.escl.fr\/wp2\/cs\/wp-content\/uploads\/sites\/28\/2026\/03\/image-11-683x1024.png\" alt=\"\" class=\"wp-image-188\" srcset=\"https:\/\/eleves.escl.fr\/wp2\/cs\/wp-content\/uploads\/sites\/28\/2026\/03\/image-11-683x1024.png 683w, https:\/\/eleves.escl.fr\/wp2\/cs\/wp-content\/uploads\/sites\/28\/2026\/03\/image-11-200x300.png 200w, https:\/\/eleves.escl.fr\/wp2\/cs\/wp-content\/uploads\/sites\/28\/2026\/03\/image-11-768x1152.png 768w, https:\/\/eleves.escl.fr\/wp2\/cs\/wp-content\/uploads\/sites\/28\/2026\/03\/image-11-1024x1536.png 1024w, https:\/\/eleves.escl.fr\/wp2\/cs\/wp-content\/uploads\/sites\/28\/2026\/03\/image-11-1366x2048.png 1366w, https:\/\/eleves.escl.fr\/wp2\/cs\/wp-content\/uploads\/sites\/28\/2026\/03\/image-11-scaled.png 1707w\" sizes=\"auto, (max-width: 683px) 100vw, 683px\" \/><\/figure>\n\n\n\n<p class=\"has-text-align-center is-style-text-subtitle is-style-text-subtitle--13\">Belle, veste original et basique, ch\u00e8re pour la qualit\u00e9<\/p>\n\n\n\n<p class=\"is-style-text-annotation is-style-text-annotation--14\">Veste \u00e0 col droit<\/p>\n\n\n\n<p class=\"is-style-text-annotation is-style-text-annotation--15\">69,99 \u20ac<\/p>\n\n\n\n<p class=\"is-style-text-annotation is-style-text-annotation--16\">Site:<a href=\"https:\/\/www2.hm.com\/fr_fr\/productpage.1317987001.html\"> H&amp;M<\/a><\/p>\n\n\n\n<p>______________________________________________________<\/p>\n\n\n\n<p><\/p>\n\n\n\n<div class=\"wp-block-columns is-layout-flex wp-container-core-columns-is-layout-28f84493 wp-block-columns-is-layout-flex\">\n<div class=\"wp-block-column is-layout-flow wp-block-column-is-layout-flow\">\n<figure class=\"wp-block-image size-large\"><img decoding=\"async\" src=\"https:\/\/image.uniqlo.com\/UQ\/ST3\/eu\/imagesgoods\/481347\/item\/eugoods_69_481347_3x4.jpg?width=400\" alt=\"\" \/><\/figure>\n<\/div>\n\n\n\n<div class=\"wp-block-column is-layout-flow wp-block-column-is-layout-flow\">\n<figure class=\"wp-block-image size-large\"><img decoding=\"async\" src=\"https:\/\/image.uniqlo.com\/UQ\/ST3\/WesternCommon\/imagesgoods\/481347\/sub\/goods_481347_sub13_3x4.jpg?width=400\" alt=\"\" \/><\/figure>\n<\/div>\n\n\n\n<div class=\"wp-block-column is-layout-flow wp-block-column-is-layout-flow\">\n<figure class=\"wp-block-image size-large\"><img decoding=\"async\" src=\"https:\/\/image.uniqlo.com\/UQ\/ST3\/eu\/imagesgoods\/481347\/sub\/eugoods_481347_sub7_3x4.jpg?width=400\" alt=\"\" \/><\/figure>\n<\/div>\n<\/div>\n\n\n\n<figure class=\"wp-block-image size-large\"><img loading=\"lazy\" decoding=\"async\" width=\"768\" height=\"1024\" src=\"https:\/\/eleves.escl.fr\/wp2\/cs\/wp-content\/uploads\/sites\/28\/2026\/03\/image-14-768x1024.png\" alt=\"\" class=\"wp-image-198\" srcset=\"https:\/\/eleves.escl.fr\/wp2\/cs\/wp-content\/uploads\/sites\/28\/2026\/03\/image-14-768x1024.png 768w, https:\/\/eleves.escl.fr\/wp2\/cs\/wp-content\/uploads\/sites\/28\/2026\/03\/image-14-225x300.png 225w, https:\/\/eleves.escl.fr\/wp2\/cs\/wp-content\/uploads\/sites\/28\/2026\/03\/image-14-1152x1536.png 1152w, https:\/\/eleves.escl.fr\/wp2\/cs\/wp-content\/uploads\/sites\/28\/2026\/03\/image-14.png 1500w\" sizes=\"auto, (max-width: 768px) 100vw, 768px\" \/><\/figure>\n\n\n\n<p class=\"has-text-align-center\">Basique mais parfait, rapport qualit\u00e9 prix incroyable<\/p>\n\n\n\n<p class=\"is-style-text-annotation is-style-text-annotation--17\">Veste utilitaire PUFFERTECH<\/p>\n\n\n\n<p class=\"is-style-text-annotation is-style-text-annotation--18\">49,90 \u20ac<\/p>\n\n\n\n<p class=\"is-style-text-annotation is-style-text-annotation--19\">Site:<a href=\"https:\/\/www.uniqlo.com\/fr\/fr\/products\/E481347-000\/00?colorDisplayCode=69&amp;sizeDisplayCode=004\"> Uniqlo<\/a><\/p>\n\n\n\n<p>______________________________________________________<\/p>\n\n\n\n<p class=\"is-style-text-annotation is-style-text-annotation--20\"><a href=\"https:\/\/fr.wikipedia.org\/wiki\/Veste\">Pour en savoir plus sur les jackets, cliquez<\/a><\/p>\n","protected":false},"excerpt":{"rendered":"<p>\u00ab\u00a0Les&nbsp;sp\u00e9culations&nbsp;purement&nbsp;intellectuelles d\u00e9pouillent l&rsquo;univers&nbsp;de son&nbsp;manteau&nbsp;sacr\u00e9.\u00a0\u00bb dicocitations.com Veste pas ch\u00e8re et magnifique Veste en drap de laine manches similicuir 59,99&nbsp;\u20ac site: Bershka ______________________________________________________ Veste en jean, beau motif, rapport qualit\u00e9 prix: bon VESTE EN JEAN LADY GAGA 69.99 EUR Site: Weekday ______________________________________________________ Veste magnifique, ch\u00e8re, qualit\u00e9 PHANTOM JACKET \u20ac99,90 Prix normal\u20ac159,90 Site: Amoses ______________________________________________________ Belle, veste original [&hellip;]<\/p>\n","protected":false},"author":41,"featured_media":0,"parent":0,"menu_order":0,"comment_status":"closed","ping_status":"closed","template":"","meta":{"footnotes":""},"class_list":["post-39","page","type-page","status-publish","hentry"],"_links":{"self":[{"href":"https:\/\/eleves.escl.fr\/wp2\/cs\/wp-json\/wp\/v2\/pages\/39","targetHints":{"allow":["GET"]}}],"collection":[{"href":"https:\/\/eleves.escl.fr\/wp2\/cs\/wp-json\/wp\/v2\/pages"}],"about":[{"href":"https:\/\/eleves.escl.fr\/wp2\/cs\/wp-json\/wp\/v2\/types\/page"}],"author":[{"embeddable":true,"href":"https:\/\/eleves.escl.fr\/wp2\/cs\/wp-json\/wp\/v2\/users\/41"}],"replies":[{"embeddable":true,"href":"https:\/\/eleves.escl.fr\/wp2\/cs\/wp-json\/wp\/v2\/comments?post=39"}],"version-history":[{"count":20,"href":"https:\/\/eleves.escl.fr\/wp2\/cs\/wp-json\/wp\/v2\/pages\/39\/revisions"}],"predecessor-version":[{"id":298,"href":"https:\/\/eleves.escl.fr\/wp2\/cs\/wp-json\/wp\/v2\/pages\/39\/revisions\/298"}],"wp:attachment":[{"href":"https:\/\/eleves.escl.fr\/wp2\/cs\/wp-json\/wp\/v2\/media?parent=39"}],"curies":[{"name":"wp","href":"https:\/\/api.w.org\/{rel}","templated":true}]}}