{"id":100,"date":"2025-01-21T14:37:11","date_gmt":"2025-01-21T13:37:11","guid":{"rendered":"https:\/\/eleves.escl.fr\/wp2\/cuisine\/?page_id=100"},"modified":"2025-04-29T14:38:59","modified_gmt":"2025-04-29T12:38:59","slug":"caraibes","status":"publish","type":"page","link":"https:\/\/eleves.escl.fr\/wp2\/cuisine\/page-d-exemple\/caraibes\/","title":{"rendered":"Cara\u00efbes"},"content":{"rendered":"\n<div class=\"wp-block-group alignfull has-global-padding is-layout-constrained wp-container-core-group-is-layout-490fa1db wp-block-group-is-layout-constrained\" style=\"padding-top:var(--wp--preset--spacing--50);padding-right:var(--wp--preset--spacing--50);padding-bottom:var(--wp--preset--spacing--50);padding-left:var(--wp--preset--spacing--50)\">\n<div class=\"wp-block-group has-global-padding is-layout-constrained wp-container-core-group-is-layout-650790e1 wp-block-group-is-layout-constrained\">\n<h1 class=\"wp-block-heading has-text-align-center has-x-large-font-size\">Poulet cr\u00e9ole au lait de coco<\/h1>\n\n\n\n<div style=\"height:1.25rem\" aria-hidden=\"true\" class=\"wp-block-spacer\"><\/div>\n\n\n\n<p class=\"has-text-align-center\"><\/p>\n\n\n\n<div style=\"height:1.25rem\" aria-hidden=\"true\" class=\"wp-block-spacer\"><\/div>\n<\/div>\n\n\n\n<div style=\"height:var(--wp--preset--spacing--30)\" aria-hidden=\"true\" class=\"wp-block-spacer\"><\/div>\n\n\n\n<figure class=\"wp-block-image alignwide size-full is-style-rounded is-style-rounded--1\"><img loading=\"lazy\" decoding=\"async\" width=\"2118\" height=\"1415\" src=\"https:\/\/eleves.escl.fr\/wp2\/cuisine\/wp-content\/uploads\/sites\/13\/2025\/03\/poulet.webp\" alt=\"\" class=\"wp-image-235\" srcset=\"https:\/\/eleves.escl.fr\/wp2\/cuisine\/wp-content\/uploads\/sites\/13\/2025\/03\/poulet.webp 2118w, https:\/\/eleves.escl.fr\/wp2\/cuisine\/wp-content\/uploads\/sites\/13\/2025\/03\/poulet-300x200.webp 300w, https:\/\/eleves.escl.fr\/wp2\/cuisine\/wp-content\/uploads\/sites\/13\/2025\/03\/poulet-1024x684.webp 1024w, https:\/\/eleves.escl.fr\/wp2\/cuisine\/wp-content\/uploads\/sites\/13\/2025\/03\/poulet-768x513.webp 768w, https:\/\/eleves.escl.fr\/wp2\/cuisine\/wp-content\/uploads\/sites\/13\/2025\/03\/poulet-1536x1026.webp 1536w, https:\/\/eleves.escl.fr\/wp2\/cuisine\/wp-content\/uploads\/sites\/13\/2025\/03\/poulet-2048x1368.webp 2048w\" sizes=\"auto, (max-width: 2118px) 100vw, 2118px\" \/><\/figure>\n<\/div>\n\n\n\n<div class=\"wp-block-group alignfull has-global-padding is-layout-constrained wp-container-core-group-is-layout-d89aad35 wp-block-group-is-layout-constrained\" style=\"margin-top:0;margin-bottom:0;padding-top:var(--wp--preset--spacing--50);padding-right:var(--wp--preset--spacing--50);padding-bottom:var(--wp--preset--spacing--50);padding-left:var(--wp--preset--spacing--50)\"><\/div>\n\n\n\n<div class=\"wp-block-group alignfull has-global-padding is-layout-constrained wp-container-core-group-is-layout-d89aad35 wp-block-group-is-layout-constrained\" style=\"margin-top:0;margin-bottom:0;padding-top:var(--wp--preset--spacing--50);padding-right:var(--wp--preset--spacing--50);padding-bottom:var(--wp--preset--spacing--50);padding-left:var(--wp--preset--spacing--50)\">\n<h2 class=\"wp-block-heading alignwide has-x-large-font-size\" style=\"margin-top:0;margin-bottom:var(--wp--preset--spacing--40);line-height:1\">                       Ingr\u00e9dients<\/h2>\n\n\n\n<ul class=\"wp-block-list\">\n<li>6 cg <a href=\"https:\/\/madame.lefigaro.fr\/recettes\/ingredients\/poulet-0\">morceaux de poulet<\/a><\/li>\n\n\n\n<li>2 oignons<\/li>\n\n\n\n<li>2 gousses d&rsquo;ail<\/li>\n\n\n\n<li>2 tomates<\/li>\n\n\n\n<li>1 cs de curry en poudre<\/li>\n\n\n\n<li>1 pinc\u00e9e de safran<\/li>\n\n\n\n<li>25 cl de vin blanc sec<\/li>\n\n\n\n<li>25 cl de bouillon de volaille<\/li>\n\n\n\n<li>35 cl de lait de noix de coco<\/li>\n<\/ul>\n<\/div>\n\n\n\n<p><strong>Pr\u00e9paration de la recette<\/strong><\/p>\n\n\n\n<ol class=\"wp-block-list\">\n<li>Pr\u00e9paration du poulet Epluchez les oignons et l&rsquo;ail. Emincez les oignons et \u00e9crasez l&rsquo;ail. Concassez les tomates.<\/li>\n\n\n\n<li>Cuisson Dans une cocotte faites dorer les morceaux de poulet avec un peu d&rsquo;huile. Ajoutez les oignons, l&rsquo;ail et faites revenir 5 mn en remuant.<br>Ajoutez les tomates et faites cuire 10 mn \u00e0 feu moyen en remuant.<br>Ajoutez le curry, le safran, le vin et le bouillon de volaille. Portez \u00e0 \u00e9bullition, baissez le feu, et laissez cuire 30 \u00e0 40 mn \u00e0 feu doux.<br>Ajoutez le lait de coco et faites cuire 5 mn \u00e0 feu doux.<\/li>\n<\/ol>\n\n\n\n<h2 class=\"wp-block-heading\"><\/h2>\n\n\n\n<p><\/p>\n","protected":false},"excerpt":{"rendered":"<p>Poulet cr\u00e9ole au lait de coco Ingr\u00e9dients Pr\u00e9paration de la recette<\/p>\n","protected":false},"author":12,"featured_media":0,"parent":2,"menu_order":0,"comment_status":"closed","ping_status":"closed","template":"","meta":{"footnotes":""},"class_list":["post-100","page","type-page","status-publish","hentry"],"_links":{"self":[{"href":"https:\/\/eleves.escl.fr\/wp2\/cuisine\/wp-json\/wp\/v2\/pages\/100","targetHints":{"allow":["GET"]}}],"collection":[{"href":"https:\/\/eleves.escl.fr\/wp2\/cuisine\/wp-json\/wp\/v2\/pages"}],"about":[{"href":"https:\/\/eleves.escl.fr\/wp2\/cuisine\/wp-json\/wp\/v2\/types\/page"}],"author":[{"embeddable":true,"href":"https:\/\/eleves.escl.fr\/wp2\/cuisine\/wp-json\/wp\/v2\/users\/12"}],"replies":[{"embeddable":true,"href":"https:\/\/eleves.escl.fr\/wp2\/cuisine\/wp-json\/wp\/v2\/comments?post=100"}],"version-history":[{"count":3,"href":"https:\/\/eleves.escl.fr\/wp2\/cuisine\/wp-json\/wp\/v2\/pages\/100\/revisions"}],"predecessor-version":[{"id":432,"href":"https:\/\/eleves.escl.fr\/wp2\/cuisine\/wp-json\/wp\/v2\/pages\/100\/revisions\/432"}],"up":[{"embeddable":true,"href":"https:\/\/eleves.escl.fr\/wp2\/cuisine\/wp-json\/wp\/v2\/pages\/2"}],"wp:attachment":[{"href":"https:\/\/eleves.escl.fr\/wp2\/cuisine\/wp-json\/wp\/v2\/media?parent=100"}],"curies":[{"name":"wp","href":"https:\/\/api.w.org\/{rel}","templated":true}]}}