{"id":114,"date":"2025-01-21T15:01:50","date_gmt":"2025-01-21T14:01:50","guid":{"rendered":"https:\/\/eleves.escl.fr\/wp2\/cuisine\/?page_id=114"},"modified":"2025-03-04T14:46:00","modified_gmt":"2025-03-04T13:46:00","slug":"etats-unis","status":"publish","type":"page","link":"https:\/\/eleves.escl.fr\/wp2\/cuisine\/page-d-exemple\/etats-unis\/","title":{"rendered":"Etats unis"},"content":{"rendered":"\n<div class=\"wp-block-group alignfull has-global-padding is-layout-constrained wp-container-core-group-is-layout-490fa1db wp-block-group-is-layout-constrained\" style=\"padding-top:var(--wp--preset--spacing--50);padding-right:var(--wp--preset--spacing--50);padding-bottom:var(--wp--preset--spacing--50);padding-left:var(--wp--preset--spacing--50)\">\n<div class=\"wp-block-group has-global-padding is-layout-constrained wp-container-core-group-is-layout-650790e1 wp-block-group-is-layout-constrained\">\n<h1 class=\"wp-block-heading has-text-align-center has-x-large-font-size\">cheeseburger <\/h1>\n\n\n\n<div style=\"height:1.25rem\" aria-hidden=\"true\" class=\"wp-block-spacer\"><\/div>\n\n\n\n<p class=\"has-text-align-center\"><\/p>\n\n\n\n<div style=\"height:1.25rem\" aria-hidden=\"true\" class=\"wp-block-spacer\"><\/div>\n<\/div>\n\n\n\n<div style=\"height:var(--wp--preset--spacing--30)\" aria-hidden=\"true\" class=\"wp-block-spacer\"><\/div>\n\n\n\n<figure class=\"wp-block-image alignwide size-full is-style-rounded is-style-rounded--1\"><img loading=\"lazy\" decoding=\"async\" width=\"1000\" height=\"667\" src=\"https:\/\/eleves.escl.fr\/wp2\/cuisine\/wp-content\/uploads\/sites\/13\/2025\/03\/cheesburgeur.jpg\" alt=\"\" class=\"wp-image-250\" srcset=\"https:\/\/eleves.escl.fr\/wp2\/cuisine\/wp-content\/uploads\/sites\/13\/2025\/03\/cheesburgeur.jpg 1000w, https:\/\/eleves.escl.fr\/wp2\/cuisine\/wp-content\/uploads\/sites\/13\/2025\/03\/cheesburgeur-300x200.jpg 300w, https:\/\/eleves.escl.fr\/wp2\/cuisine\/wp-content\/uploads\/sites\/13\/2025\/03\/cheesburgeur-768x512.jpg 768w\" sizes=\"auto, (max-width: 1000px) 100vw, 1000px\" \/><\/figure>\n<\/div>\n\n\n\n<p><strong>ingr\u00e9dients<\/strong><\/p>\n\n\n\n<p>4 pains \u00e0 burgers boulangers<\/p>\n\n\n\n<p>400 g de viande hach\u00e9e<\/p>\n\n\n\n<p>1 \u0153uf<\/p>\n\n\n\n<p>1 \u00e9chalote<\/p>\n\n\n\n<p>4 tranches de cheddar<\/p>\n\n\n\n<p>3 tomates <\/p>\n\n\n\n<p>1 oignon rouge<\/p>\n\n\n\n<p>4 feuilles de laitue<\/p>\n\n\n\n<p>1 cuill\u00e8re \u00e0 caf\u00e9 de moutarde<\/p>\n\n\n\n<p>3 cuill\u00e8res \u00e0 soupe de mayonnaise<\/p>\n\n\n\n<p>1 cuill\u00e8re \u00e0 caf\u00e9 de ketchup<\/p>\n\n\n\n<p>Piment d&rsquo;Espelette<\/p>\n\n\n\n<p>Sel,<\/p>\n\n\n\n<p> poivre du moulin<\/p>\n\n\n\n<p><\/p>\n\n\n\n<p><strong>pr\u00e9paration<\/strong><\/p>\n\n\n\n<p>Pr\u00e9chauffer le four \u00e0 180\u00b0C.<\/p>\n\n\n\n<p>Hacher l&rsquo;\u00e9chalote et la m\u00e9langer \u00e0 la viande hach\u00e9e.<\/p>\n\n\n\n<p>Ajouter l&rsquo;\u0153uf et assaisonner avec le sel et au poivre du moulin. M\u00e9langer \u00e0 nouveau \u00e0 la main et former 4 palets ovales de la taille des pains \u00e0 burger.<\/p>\n\n\n\n<figure class=\"wp-block-image\"><img decoding=\"async\" src=\"https:\/\/adserver.toutlevin.com\/www\/delivery\/lg.php?bannerid=0&amp;campaignid=0&amp;zoneid=1&amp;cb=072302d958\" alt=\"\" \/><\/figure>\n\n\n\n<p>Les faire cuire dans une po\u00eale bien chaude avec un peu d&rsquo;huile neutre type huile de tournesol ou d&rsquo;arachide.<\/p>\n\n\n\n<p>Dans un bol, m\u00e9langer la mayonnaise, la moutarde, le ketchup et le piment d&rsquo;Espelette.<\/p>\n\n\n\n<p>D\u00e9tailler l&rsquo;oignon rouge en fines lamelles et r\u00e9server.<\/p>\n\n\n\n<p>Trancher les tomates horizontalement et nettoyer les feuilles de laitue.<\/p>\n\n\n\n<p>D\u00e9poser une tranche de cheddar sur chaque fond de pain \u00e0 burger et les toaster au four 7 minutes \u00e0 180\u00b0C, les chapeaux \u00e9galement.<\/p>\n\n\n\n<p>Une fois les pains l\u00e9g\u00e8rement grill\u00e9s, commencer le montage :<\/p>\n\n\n\n<p>D\u00e9poser sur le cheddar fondu les steaks cuits et selon les go\u00fbts de chacun, ajouter une cuill\u00e8re de sauce pr\u00e9alablement pr\u00e9par\u00e9e.<\/p>\n\n\n\n<p>Ajouter quelques lamelles d&rsquo;oignon rouge, une feuille de laitue et 2 tranches de tomates.<\/p>\n\n\n\n<p>Refermer avec le chapeau toast\u00e9.<\/p>\n\n\n\n<p>Soupoudrer de piment d&rsquo;Espelette.<\/p>\n\n\n\n<p><\/p>\n","protected":false},"excerpt":{"rendered":"<p>cheeseburger ingr\u00e9dients 4 pains \u00e0 burgers boulangers 400 g de viande hach\u00e9e 1 \u0153uf 1 \u00e9chalote 4 tranches de cheddar 3 tomates 1 oignon rouge 4 feuilles de laitue 1 cuill\u00e8re \u00e0 caf\u00e9 de moutarde 3 cuill\u00e8res \u00e0 soupe de mayonnaise 1 cuill\u00e8re \u00e0 caf\u00e9 de ketchup Piment d&rsquo;Espelette Sel, poivre du moulin pr\u00e9paration Pr\u00e9chauffer [&hellip;]<\/p>\n","protected":false},"author":12,"featured_media":0,"parent":2,"menu_order":0,"comment_status":"closed","ping_status":"closed","template":"","meta":{"footnotes":""},"class_list":["post-114","page","type-page","status-publish","hentry"],"_links":{"self":[{"href":"https:\/\/eleves.escl.fr\/wp2\/cuisine\/wp-json\/wp\/v2\/pages\/114","targetHints":{"allow":["GET"]}}],"collection":[{"href":"https:\/\/eleves.escl.fr\/wp2\/cuisine\/wp-json\/wp\/v2\/pages"}],"about":[{"href":"https:\/\/eleves.escl.fr\/wp2\/cuisine\/wp-json\/wp\/v2\/types\/page"}],"author":[{"embeddable":true,"href":"https:\/\/eleves.escl.fr\/wp2\/cuisine\/wp-json\/wp\/v2\/users\/12"}],"replies":[{"embeddable":true,"href":"https:\/\/eleves.escl.fr\/wp2\/cuisine\/wp-json\/wp\/v2\/comments?post=114"}],"version-history":[{"count":2,"href":"https:\/\/eleves.escl.fr\/wp2\/cuisine\/wp-json\/wp\/v2\/pages\/114\/revisions"}],"predecessor-version":[{"id":254,"href":"https:\/\/eleves.escl.fr\/wp2\/cuisine\/wp-json\/wp\/v2\/pages\/114\/revisions\/254"}],"up":[{"embeddable":true,"href":"https:\/\/eleves.escl.fr\/wp2\/cuisine\/wp-json\/wp\/v2\/pages\/2"}],"wp:attachment":[{"href":"https:\/\/eleves.escl.fr\/wp2\/cuisine\/wp-json\/wp\/v2\/media?parent=114"}],"curies":[{"name":"wp","href":"https:\/\/api.w.org\/{rel}","templated":true}]}}