{"id":118,"date":"2025-01-21T15:03:06","date_gmt":"2025-01-21T14:03:06","guid":{"rendered":"https:\/\/eleves.escl.fr\/wp2\/cuisine\/?page_id=118"},"modified":"2025-03-04T14:55:45","modified_gmt":"2025-03-04T13:55:45","slug":"mexique","status":"publish","type":"page","link":"https:\/\/eleves.escl.fr\/wp2\/cuisine\/page-d-exemple\/mexique\/","title":{"rendered":"Mexique"},"content":{"rendered":"\n<div class=\"wp-block-group alignfull has-global-padding is-layout-constrained wp-container-core-group-is-layout-490fa1db wp-block-group-is-layout-constrained\" style=\"padding-top:var(--wp--preset--spacing--50);padding-right:var(--wp--preset--spacing--50);padding-bottom:var(--wp--preset--spacing--50);padding-left:var(--wp--preset--spacing--50)\">\n<div class=\"wp-block-group has-global-padding is-layout-constrained wp-container-core-group-is-layout-650790e1 wp-block-group-is-layout-constrained\">\n<h1 class=\"wp-block-heading has-text-align-center has-x-large-font-size\">tacos <\/h1>\n\n\n\n<div style=\"height:1.25rem\" aria-hidden=\"true\" class=\"wp-block-spacer\"><\/div>\n\n\n\n<p class=\"has-text-align-center\"><\/p>\n\n\n\n<div style=\"height:1.25rem\" aria-hidden=\"true\" class=\"wp-block-spacer\"><\/div>\n<\/div>\n\n\n\n<div style=\"height:var(--wp--preset--spacing--30)\" aria-hidden=\"true\" class=\"wp-block-spacer\"><\/div>\n\n\n\n<figure class=\"wp-block-image alignwide size-full is-style-rounded is-style-rounded--1\"><img loading=\"lazy\" decoding=\"async\" width=\"1024\" height=\"768\" src=\"https:\/\/eleves.escl.fr\/wp2\/cuisine\/wp-content\/uploads\/sites\/13\/2025\/03\/tacos.jpg\" alt=\"\" class=\"wp-image-255\" srcset=\"https:\/\/eleves.escl.fr\/wp2\/cuisine\/wp-content\/uploads\/sites\/13\/2025\/03\/tacos.jpg 1024w, https:\/\/eleves.escl.fr\/wp2\/cuisine\/wp-content\/uploads\/sites\/13\/2025\/03\/tacos-300x225.jpg 300w, https:\/\/eleves.escl.fr\/wp2\/cuisine\/wp-content\/uploads\/sites\/13\/2025\/03\/tacos-768x576.jpg 768w\" sizes=\"auto, (max-width: 1024px) 100vw, 1024px\" \/><\/figure>\n<\/div>\n\n\n\n<div class=\"wp-block-group alignfull has-global-padding is-layout-constrained wp-container-core-group-is-layout-d89aad35 wp-block-group-is-layout-constrained\" style=\"margin-top:0;margin-bottom:0;padding-top:var(--wp--preset--spacing--50);padding-right:var(--wp--preset--spacing--50);padding-bottom:var(--wp--preset--spacing--50);padding-left:var(--wp--preset--spacing--50)\">\n<h2 class=\"wp-block-heading alignwide has-x-large-font-size\" style=\"margin-top:0;margin-bottom:var(--wp--preset--spacing--40);line-height:1\"><\/h2>\n\n\n\n<h2 class=\"wp-block-heading\">ingredients <\/h2>\n\n\n\n<p><\/p>\n\n\n\n<p>Cheddar ou Monterey Jack canadiens r\u00e2p\u00e9s<\/p>\n\n\n\n<p>1 lb (450 g) de b\u0153uf hach\u00e9 maigre<\/p>\n\n\n\n<p>1 oignon moyen hach\u00e9<\/p>\n\n\n\n<p>1 gousse d&rsquo;ail hach\u00e9e<\/p>\n\n\n\n<p>1 c. \u00e0 soupe (15 ml) de poudre de chili<\/p>\n\n\n\n<p>1 c. \u00e0 th\u00e9 (5 ml) d&rsquo;origan s\u00e9ch\u00e9<\/p>\n\n\n\n<p>1\/2 c. \u00e0 th\u00e9 (2 ml) de cumin en poudre (facultatif)<\/p>\n\n\n\n<p>1\/4 c. \u00e0 th\u00e9 (1 ml) de flocons de piment fort<\/p>\n\n\n\n<p>1 tasse (250 ml) de lait canadien<\/p>\n\n\n\n<p>1\/3 tasse (80 ml) de p\u00e2te de tomate<\/p>\n\n\n\n<p>Set et poivre au go\u00fbt<\/p>\n\n\n\n<p>12 coquilles \u00e0 tacos<\/p>\n\n\n\n<p>Garnitures pour tacos au boeuf<\/p>\n\n\n\n<p>Laitue en morceaux<\/p>\n\n\n\n<p>Tomate coup\u00e9e en d\u00e9s<\/p>\n\n\n\n<p>Poivron vert coup\u00e9 en d\u00e9s<\/p>\n\n\n\n<p>Salsa<\/p>\n\n\n\n<p>Cr\u00e8me sure canadienne<\/p>\n<\/div>\n\n\n\n<h3 class=\"wp-block-heading\" id=\"ingr\">Ingr\u00e9dients<\/h3>\n\n\n\n<ul class=\"wp-block-list\">\n<li>1 lb (450 g) de b\u0153uf hach\u00e9 maigre<\/li>\n\n\n\n<li>1 oignon moyen hach\u00e9<\/li>\n\n\n\n<li>1 gousse d&rsquo;ail hach\u00e9e<\/li>\n\n\n\n<li>1 c. \u00e0 soupe (15 ml) de poudre de chili<\/li>\n\n\n\n<li>1 c. \u00e0 th\u00e9 (5 ml) d&rsquo;origan s\u00e9ch\u00e9<\/li>\n\n\n\n<li>1\/2 c. \u00e0 th\u00e9 (2 ml) de cumin en poudre (facultatif)<\/li>\n\n\n\n<li>1\/4 c. \u00e0 th\u00e9 (1 ml) de flocons de piment fort<\/li>\n\n\n\n<li>1 tasse (250 ml) de lait canadien<\/li>\n\n\n\n<li>1\/3 tasse (80 ml) de p\u00e2te de tomate<\/li>\n\n\n\n<li>Set et poivre au go\u00fbt<\/li>\n\n\n\n<li>12 coquilles \u00e0 tacos<\/li>\n\n\n\n<li>Garnitures pour tacos au boeuf<\/li>\n\n\n\n<li>Laitue en morceaux<\/li>\n\n\n\n<li>Tomate coup\u00e9e en d\u00e9s<\/li>\n\n\n\n<li>Poivron vert coup\u00e9 en d\u00e9s<\/li>\n\n\n\n<li>Salsa<\/li>\n\n\n\n<li>Cr\u00e8me sure canadienne<\/li>\n\n\n\n<li>Cheddar ou Monterey Jack canadiens r\u00e2p\u00e9s<\/li>\n<\/ul>\n\n\n\n<p><\/p>\n\n\n\n<p><\/p>\n\n\n\n<h3 class=\"wp-block-heading\"><\/h3>\n\n\n\n<h2 class=\"wp-block-heading\" id=\"prep\">Pr\u00e9paration<\/h2>\n\n\n\n<p>Pr\u00e9chauffer le four \u00e0 400 \u00b0F (200 \u00b0C).<\/p>\n\n\n\n<p>Dans une grande po\u00eale antiadh\u00e9sive, faire brunir le b\u0153uf hach\u00e9 \u00e0 feu moyen. \u00c9goutter le gras. Ajouter l&rsquo;oignon, l&rsquo;ail, la poudre de chili, l&rsquo;origan, le cumin et les flocons de piment fort; cuire jusqu&rsquo;\u00e0 tendret\u00e9, environ 5 minutes.<\/p>\n\n\n\n<p>Incorporer le lait et la p\u00e2te de tomates, et bien m\u00e9langer; laisser mijoter de 5 \u00e0 10 minutes, ou jusqu&rsquo;\u00e0 ce que la plupart du liquide soit absorb\u00e9. Assaisonner de sel et poivre. D\u00e9poser dans une assiette de service.<\/p>\n\n\n\n<p>Entre-temps, faire chauffer au four les coquilles \u00e0 tacos, \u00e0 l&rsquo;envers, sur une plaque \u00e0 biscuits, de 3 \u00e0 5 minutes. Pour servir, r\u00e9partir la pr\u00e9paration au b\u0153uf dans chaque coquille et parsemer de vos garnitures pr\u00e9f\u00e9r\u00e9es.<\/p>\n\n\n\n<p><\/p>\n","protected":false},"excerpt":{"rendered":"<p>tacos ingredients Cheddar ou Monterey Jack canadiens r\u00e2p\u00e9s 1 lb (450 g) de b\u0153uf hach\u00e9 maigre 1 oignon moyen hach\u00e9 1 gousse d&rsquo;ail hach\u00e9e 1 c. \u00e0 soupe (15 ml) de poudre de chili 1 c. \u00e0 th\u00e9 (5 ml) d&rsquo;origan s\u00e9ch\u00e9 1\/2 c. \u00e0 th\u00e9 (2 ml) de cumin en poudre (facultatif) 1\/4 c. [&hellip;]<\/p>\n","protected":false},"author":12,"featured_media":0,"parent":2,"menu_order":0,"comment_status":"closed","ping_status":"closed","template":"","meta":{"footnotes":""},"class_list":["post-118","page","type-page","status-publish","hentry"],"_links":{"self":[{"href":"https:\/\/eleves.escl.fr\/wp2\/cuisine\/wp-json\/wp\/v2\/pages\/118","targetHints":{"allow":["GET"]}}],"collection":[{"href":"https:\/\/eleves.escl.fr\/wp2\/cuisine\/wp-json\/wp\/v2\/pages"}],"about":[{"href":"https:\/\/eleves.escl.fr\/wp2\/cuisine\/wp-json\/wp\/v2\/types\/page"}],"author":[{"embeddable":true,"href":"https:\/\/eleves.escl.fr\/wp2\/cuisine\/wp-json\/wp\/v2\/users\/12"}],"replies":[{"embeddable":true,"href":"https:\/\/eleves.escl.fr\/wp2\/cuisine\/wp-json\/wp\/v2\/comments?post=118"}],"version-history":[{"count":4,"href":"https:\/\/eleves.escl.fr\/wp2\/cuisine\/wp-json\/wp\/v2\/pages\/118\/revisions"}],"predecessor-version":[{"id":261,"href":"https:\/\/eleves.escl.fr\/wp2\/cuisine\/wp-json\/wp\/v2\/pages\/118\/revisions\/261"}],"up":[{"embeddable":true,"href":"https:\/\/eleves.escl.fr\/wp2\/cuisine\/wp-json\/wp\/v2\/pages\/2"}],"wp:attachment":[{"href":"https:\/\/eleves.escl.fr\/wp2\/cuisine\/wp-json\/wp\/v2\/media?parent=118"}],"curies":[{"name":"wp","href":"https:\/\/api.w.org\/{rel}","templated":true}]}}