{"id":128,"date":"2025-01-21T15:05:26","date_gmt":"2025-01-21T14:05:26","guid":{"rendered":"https:\/\/eleves.escl.fr\/wp2\/cuisine\/?page_id=128"},"modified":"2025-04-29T14:50:33","modified_gmt":"2025-04-29T12:50:33","slug":"argentine","status":"publish","type":"page","link":"https:\/\/eleves.escl.fr\/wp2\/cuisine\/amerique-du-sud\/argentine\/","title":{"rendered":"Argentine"},"content":{"rendered":"\n<div class=\"wp-block-group alignfull has-global-padding is-layout-constrained wp-container-core-group-is-layout-490fa1db wp-block-group-is-layout-constrained\" style=\"padding-top:var(--wp--preset--spacing--50);padding-right:var(--wp--preset--spacing--50);padding-bottom:var(--wp--preset--spacing--50);padding-left:var(--wp--preset--spacing--50)\">\n<div class=\"wp-block-group has-global-padding is-layout-constrained wp-container-core-group-is-layout-650790e1 wp-block-group-is-layout-constrained\">\n<h1 class=\"wp-block-heading has-text-align-center has-x-large-font-size\">empanadas <\/h1>\n\n\n\n<div style=\"height:1.25rem\" aria-hidden=\"true\" class=\"wp-block-spacer\"><\/div>\n\n\n\n<p class=\"has-text-align-center\"><\/p>\n\n\n\n<div style=\"height:1.25rem\" aria-hidden=\"true\" class=\"wp-block-spacer\"><\/div>\n<\/div>\n\n\n\n<div style=\"height:var(--wp--preset--spacing--30)\" aria-hidden=\"true\" class=\"wp-block-spacer\"><\/div>\n\n\n\n<figure class=\"wp-block-image alignwide size-full is-style-rounded is-style-rounded--1\"><img loading=\"lazy\" decoding=\"async\" width=\"500\" height=\"500\" src=\"https:\/\/eleves.escl.fr\/wp2\/cuisine\/wp-content\/uploads\/sites\/13\/2025\/03\/empanadas.webp\" alt=\"\" class=\"wp-image-267\" srcset=\"https:\/\/eleves.escl.fr\/wp2\/cuisine\/wp-content\/uploads\/sites\/13\/2025\/03\/empanadas.webp 500w, https:\/\/eleves.escl.fr\/wp2\/cuisine\/wp-content\/uploads\/sites\/13\/2025\/03\/empanadas-300x300.webp 300w, https:\/\/eleves.escl.fr\/wp2\/cuisine\/wp-content\/uploads\/sites\/13\/2025\/03\/empanadas-150x150.webp 150w\" sizes=\"auto, (max-width: 500px) 100vw, 500px\" \/><\/figure>\n<\/div>\n\n\n\n<div class=\"wp-block-group alignfull has-global-padding is-layout-constrained wp-container-core-group-is-layout-d89aad35 wp-block-group-is-layout-constrained\" style=\"margin-top:0;margin-bottom:0;padding-top:var(--wp--preset--spacing--50);padding-right:var(--wp--preset--spacing--50);padding-bottom:var(--wp--preset--spacing--50);padding-left:var(--wp--preset--spacing--50)\">\n<h2 class=\"wp-block-heading alignwide has-x-large-font-size\" style=\"margin-top:0;margin-bottom:var(--wp--preset--spacing--40);line-height:1\"><\/h2>\n\n\n\n<p><strong>ingredients <\/strong><\/p>\n\n\n\n<p>P\u00e2te(s) bris\u00e9e(s) 2 rouleau<\/p>\n\n\n\n<p>Blanc(s) de poulet 450 g<\/p>\n\n\n\n<p>Oignon(s) 2<\/p>\n\n\n\n<p>Poivron(s) rouge(s) 1<\/p>\n\n\n\n<p>Tomate(s) 3<\/p>\n\n\n\n<p>Ma\u00efs 4 c. \u00e0 soupe<\/p>\n\n\n\n<p>Ail 1 gousse(s)<\/p>\n\n\n\n<p>Paprika 1 c. \u00e0 caf\u00e9<\/p>\n\n\n\n<p>Piment 0,5 c. \u00e0 caf\u00e9<\/p>\n\n\n\n<p>Huile d&rsquo;olive 2 c. \u00e0 soupe<\/p>\n\n\n\n<p>Jaune(s) d&rsquo;\u0153uf(s)<\/p>\n<\/div>\n\n\n\n<h3 class=\"wp-block-heading\"><\/h3>\n\n\n\n<p>Pr\u00e9chauffez le four th.6 (180\u00b0)<\/p>\n\n\n\n<p>Pr\u00e9parez la farce des empanadas au poulet<\/p>\n\n\n\n<p>Si vous pouvez, faite cuire \u00e0 l&rsquo;eau ou \u00e0 la vapeur un \u00e9pi de ma\u00efs frais ou congel\u00e9 puis \u00e9grainez-le. Sinon, utilisez une petite bo\u00eete de ma\u00efs en conserve.<\/p>\n\n\n\n<p>Pelez et \u00e9mincez l&rsquo;oignon.<\/p>\n\n\n\n<p>\u00c9mondez les tomates apr\u00e8s les avoir \u00e9bouillant\u00e9es rapidement ou bien utilisez avec un p\u00e8le-tomates.<\/p>\n\n\n\n<p>Servez-vous \u00e9galement avec du p\u00e8le-tomates pour ne retirer que la peau \u00e0 la surface du poivron.<\/p>\n\n\n\n<p>D\u00e9taillez la tomate et le poivron en petits d\u00e9s.<\/p>\n\n\n\n<p> Faites chauffer 2 cuill\u00e8res d&rsquo;huile dans une sauteuse ou une po\u00eale.<\/p>\n\n\n\n<p> Faites revenir \u00e0 l&rsquo;oignon \u00e0 feu vif quelques minutes puis ajutez le poivron et le poulet \u00e9minc\u00e9.<\/p>\n\n\n\n<p> Continuez la cuisson \u00e0 feu vif 4-5 minutes.<\/p>\n\n\n\n<p> Ajoutez le paprika, le piment, l&rsquo;ail \u00e9cras\u00e9 ou pass\u00e9 au presse-ail. Salez et poivrez.<\/p>\n\n\n\n<p> Remuez bien \u00e0 feu vif avant d&rsquo;ajouter la tomate. Baissez le feu et faites r\u00e9duire pendant environ 10 minutes.<\/p>\n\n\n\n<p>Incorporez les grains de ma\u00efs \u00e0 la fin juste el temps de les r\u00e9chauffer.<\/p>\n\n\n\n<p> Assemblez les empanadas au poulet<\/p>\n\n\n\n<p> D\u00e9roulez les feuilles de p\u00e2te bris\u00e9e sur un plan de travail l\u00e9g\u00e8rement farin\u00e9. D\u00e9taillez des cercles d&rsquo;environ 15 cm de diam\u00e8tre avec un emporte-pi\u00e8ce ou l&#8217;empreinte d&rsquo;un bol.<\/p>\n\n\n\n<p>Placez sur la moiti\u00e9 du cercle une petite quantit\u00e9 de farce et humidifiez la bordure.<\/p>\n\n\n\n<p> Refermez chaque empanadas au poulet en rabattant la p\u00e2te en demi-lune en prenant soin de bien pincer les bords pour sceller le chausson herm\u00e9tiquement.<\/p>\n\n\n\n<p> Recouvrez la plaque du four avec du papier sulfuris\u00e9. \u00c9tape 21 Disposez les empanadas au poulet avant de les dorer avec le m\u00e9lange oeuf-lait.<\/p>\n\n\n\n<p>Enfournez pour 15 \u00e0 25 minutes selon votre four et la taille de vos empanadas.<\/p>\n\n\n\n<p><a href=\"https:\/\/boutique.cuisineaz.com\/?code=SIEDIVCAZRECETTES&amp;utm_medium=sites-editos&amp;utm_source=caz-fr&amp;utm_campaign=abo-caz&amp;utm_content=recettes-caz\" target=\"_blank\" rel=\"noreferrer noopener\"><\/a><\/p>\n\n\n\n<h2 class=\"wp-block-heading\"><\/h2>\n\n\n\n<p><\/p>\n","protected":false},"excerpt":{"rendered":"<p>empanadas ingredients P\u00e2te(s) bris\u00e9e(s) 2 rouleau Blanc(s) de poulet 450 g Oignon(s) 2 Poivron(s) rouge(s) 1 Tomate(s) 3 Ma\u00efs 4 c. \u00e0 soupe Ail 1 gousse(s) Paprika 1 c. \u00e0 caf\u00e9 Piment 0,5 c. \u00e0 caf\u00e9 Huile d&rsquo;olive 2 c. \u00e0 soupe Jaune(s) d&rsquo;\u0153uf(s) Pr\u00e9chauffez le four th.6 (180\u00b0) Pr\u00e9parez la farce des empanadas au [&hellip;]<\/p>\n","protected":false},"author":12,"featured_media":0,"parent":27,"menu_order":0,"comment_status":"closed","ping_status":"closed","template":"","meta":{"footnotes":""},"class_list":["post-128","page","type-page","status-publish","hentry"],"_links":{"self":[{"href":"https:\/\/eleves.escl.fr\/wp2\/cuisine\/wp-json\/wp\/v2\/pages\/128","targetHints":{"allow":["GET"]}}],"collection":[{"href":"https:\/\/eleves.escl.fr\/wp2\/cuisine\/wp-json\/wp\/v2\/pages"}],"about":[{"href":"https:\/\/eleves.escl.fr\/wp2\/cuisine\/wp-json\/wp\/v2\/types\/page"}],"author":[{"embeddable":true,"href":"https:\/\/eleves.escl.fr\/wp2\/cuisine\/wp-json\/wp\/v2\/users\/12"}],"replies":[{"embeddable":true,"href":"https:\/\/eleves.escl.fr\/wp2\/cuisine\/wp-json\/wp\/v2\/comments?post=128"}],"version-history":[{"count":6,"href":"https:\/\/eleves.escl.fr\/wp2\/cuisine\/wp-json\/wp\/v2\/pages\/128\/revisions"}],"predecessor-version":[{"id":425,"href":"https:\/\/eleves.escl.fr\/wp2\/cuisine\/wp-json\/wp\/v2\/pages\/128\/revisions\/425"}],"up":[{"embeddable":true,"href":"https:\/\/eleves.escl.fr\/wp2\/cuisine\/wp-json\/wp\/v2\/pages\/27"}],"wp:attachment":[{"href":"https:\/\/eleves.escl.fr\/wp2\/cuisine\/wp-json\/wp\/v2\/media?parent=128"}],"curies":[{"name":"wp","href":"https:\/\/api.w.org\/{rel}","templated":true}]}}